{"id":58787,"date":"2016-11-21T07:09:36","date_gmt":"2016-11-21T06:09:36","guid":{"rendered":"https:\/\/www.inoxforniture.it\/barre-nervuree-inox-aisi-304-longueur-3-m\/"},"modified":"2026-02-16T08:47:59","modified_gmt":"2026-02-16T07:47:59","slug":"barre-nervuree-inox-aisi-304-longueur-3-m","status":"publish","type":"product","link":"https:\/\/www.inoxforniture.it\/fr\/barre-nervuree-inox-aisi-304-longueur-3-m\/","title":{"rendered":"BARRE NERVUR\u00c9E INOX AISI 304 &#8211; LONGUEUR 3 M"},"content":{"rendered":"<h1><span style=\"font-size: large;\">BARRE NERVUR\u00c9E INOX conforme au D.M. 17.01.2018 \u00ab\u00a0Normes techniques pour la construction\u00a0\u00bb &#8211; B450C<\/span><\/h1>\n<p>L&rsquo;avantage fondamental de l&rsquo;utilisation des barres nervur\u00e9es inox comme armature dans le b\u00e9ton arm\u00e9 est l&rsquo;\u00e9limination d\u00e9finitive du probl\u00e8me de la rouille. En effet, m\u00eame en pr\u00e9sence de fissures dans le b\u00e9ton, l&rsquo;inox conserve sa section r\u00e9sistante intacte, garantissant la durabilit\u00e9 des structures dans le temps. <\/p>\n<p><strong>La solution d\u00e9finitive contre la corrosion<\/strong><\/p>\n<p>\u2022 une excellente r\u00e9sistance \u00e0 la corrosion<br \/>\n\u2022 une dur\u00e9e de vie proche de 100 ans<br \/>\n\u2022 une r\u00e9sistance m\u00e9canique \u00e9lev\u00e9e, si n\u00e9cessaire, par rapport \u00e0 l&rsquo;acier au carbone<br \/>\n\u2022 aucune cons\u00e9quence, contrairement aux ronds zingu\u00e9s ou \u00e9poxy, aux dommages m\u00e9caniques et aux abrasions dues aux manipulations et au fa\u00e7onnage<br \/>\n\u2022 un co\u00fbt comp\u00e9titif calcul\u00e9 sur le cycle de vie complet d&rsquo;une structure<br \/>\n\u2022 une ductilit\u00e9 \u00e9lev\u00e9e<br \/>\n\u2022 la possibilit\u00e9 de stockage longue dur\u00e9e sans alt\u00e9ration des caract\u00e9ristiques<br \/>\n\u2022 une faible perm\u00e9abilit\u00e9 magn\u00e9tique<br \/>\n\u2022 une meilleure r\u00e9sistance au feu que l&rsquo;acier au carbone<br \/>\n\u2022 une excellente capacit\u00e9 d&rsquo;absorption d&rsquo;\u00e9nergie lors des \u00e9v\u00e9nements sismiques<br \/>\n\u2022 aucun probl\u00e8me de couplage avec l&rsquo;acier au carbone<\/p>\n<p><strong>La solution id\u00e9ale au probl\u00e8me de d\u00e9gradation du b\u00e9ton arm\u00e9, assure la s\u00e9curit\u00e9 des structures et la qualit\u00e9 des choix de conception et de construction.<\/strong><\/p>\n","protected":false},"excerpt":{"rendered":"<p>&#8211; Excellente r\u00e9sistance \u00e0 la corrosion &#8211; R\u00e9sistance m\u00e9canique \u00e9lev\u00e9e par rapport \u00e0 l&rsquo;acier au carbone &#8211; Meilleure r\u00e9sistance au feu que l&rsquo;acier au carbone &#8211; Excellente capacit\u00e9 d&rsquo;absorption d&rsquo;\u00e9nergie lors des \u00e9v\u00e9nements sismiques. &#8211; Conforme au D.M. 17.01.2018 \u00ab\u00a0Normes techniques pour la construction\u00a0\u00bb &#8211; B450C <\/p>\n<p><strong>CHOISISSEZ LE DIAM\u00c8TRE CI-DESSOUS<\/strong><\/p>\n","protected":false},"featured_media":58788,"template":"","meta":{"_acf_changed":false},"product_brand":[],"product_cat":[4092],"product_tag":[4364,4362,4360,4363,4365,4361],"class_list":{"0":"post-58787","1":"product","2":"type-product","3":"status-publish","4":"has-post-thumbnail","6":"product_cat-tubes-et-barres","7":"product_tag-beton-arme","8":"product_tag-fer-a-beton","9":"product_tag-fer-rond-nervure","10":"product_tag-fers-a-beton","11":"product_tag-prefabriques-en-beton","12":"product_tag-prix-fer-rond-nervure","13":"pa_marchio-inox-forniture","14":"pa_prodotto-o-10-mm","15":"pa_prodotto-o-12-mm","16":"pa_prodotto-o-16-mm","17":"pa_prodotto-o-6-mm","18":"pa_prodotto-o-8-mm","20":"first","21":"instock","22":"taxable","23":"shipping-taxable","24":"purchasable","25":"product-type-variable"},"acf":[],"yoast_head":"<!-- This site is optimized with the Yoast SEO plugin v27.3 - https:\/\/yoast.com\/product\/yoast-seo-wordpress\/ -->\n<title>Inox Forniture - BARRES RONDES NERVUR\u00c9ES EN ACIER INOXYDABLE<\/title>\n<meta name=\"description\" content=\"Achetez en ligne des barres rondes nervur\u00e9es en acier inoxydable AISI 304. Fournies en barres de 3 m. Sur demande, nous pouvons fournir des barres de 6 m.\" \/>\n<meta name=\"robots\" content=\"index, follow, max-snippet:-1, max-image-preview:large, max-video-preview:-1\" \/>\n<link rel=\"canonical\" href=\"https:\/\/www.inoxforniture.it\/fr\/barre-nervuree-inox-aisi-304-longueur-3-m\/\" \/>\n<meta property=\"og:locale\" content=\"fr_FR\" \/>\n<meta property=\"og:type\" content=\"article\" \/>\n<meta property=\"og:title\" content=\"Inox Forniture - BARRES RONDES NERVUR\u00c9ES EN ACIER INOXYDABLE\" \/>\n<meta property=\"og:description\" content=\"Achetez en ligne des barres rondes nervur\u00e9es en acier inoxydable AISI 304. Fournies en barres de 3 m. Sur demande, nous pouvons fournir des barres de 6 m.\" \/>\n<meta property=\"og:url\" content=\"https:\/\/www.inoxforniture.it\/fr\/barre-nervuree-inox-aisi-304-longueur-3-m\/\" \/>\n<meta property=\"og:site_name\" content=\"Inox Forniture\" \/>\n<meta property=\"article:publisher\" content=\"https:\/\/www.facebook.com\/Inox.Forniture\" \/>\n<meta property=\"article:modified_time\" content=\"2026-02-16T07:47:59+00:00\" \/>\n<meta property=\"og:image\" content=\"https:\/\/www.inoxforniture.it\/wp-content\/uploads\/2016\/11\/4250000_1_1.jpg\" \/>\n\t<meta property=\"og:image:width\" content=\"480\" \/>\n\t<meta property=\"og:image:height\" content=\"480\" \/>\n\t<meta property=\"og:image:type\" content=\"image\/jpeg\" \/>\n<meta name=\"twitter:card\" content=\"summary_large_image\" \/>\n<meta name=\"twitter:site\" content=\"@InoxForniture\" \/>\n<meta name=\"twitter:label1\" content=\"Dur\u00e9e de lecture estim\u00e9e\" \/>\n\t<meta name=\"twitter:data1\" content=\"1 minute\" \/>\n<script type=\"application\/ld+json\" class=\"yoast-schema-graph\">{\"@context\":\"https:\\\/\\\/schema.org\",\"@graph\":[{\"@type\":\"WebPage\",\"@id\":\"https:\\\/\\\/www.inoxforniture.it\\\/fr\\\/barre-nervuree-inox-aisi-304-longueur-3-m\\\/\",\"url\":\"https:\\\/\\\/www.inoxforniture.it\\\/fr\\\/barre-nervuree-inox-aisi-304-longueur-3-m\\\/\",\"name\":\"Inox Forniture - BARRES RONDES NERVUR\u00c9ES EN ACIER INOXYDABLE\",\"isPartOf\":{\"@id\":\"https:\\\/\\\/www.inoxforniture.it\\\/#website\"},\"primaryImageOfPage\":{\"@id\":\"https:\\\/\\\/www.inoxforniture.it\\\/fr\\\/barre-nervuree-inox-aisi-304-longueur-3-m\\\/#primaryimage\"},\"image\":{\"@id\":\"https:\\\/\\\/www.inoxforniture.it\\\/fr\\\/barre-nervuree-inox-aisi-304-longueur-3-m\\\/#primaryimage\"},\"thumbnailUrl\":\"https:\\\/\\\/www.inoxforniture.it\\\/wp-content\\\/uploads\\\/2016\\\/11\\\/4250000_1_1.jpg\",\"datePublished\":\"2016-11-21T06:09:36+00:00\",\"dateModified\":\"2026-02-16T07:47:59+00:00\",\"description\":\"Achetez en ligne des barres rondes nervur\u00e9es en acier inoxydable AISI 304. Fournies en barres de 3 m. Sur demande, nous pouvons fournir des barres de 6 m.\",\"breadcrumb\":{\"@id\":\"https:\\\/\\\/www.inoxforniture.it\\\/fr\\\/barre-nervuree-inox-aisi-304-longueur-3-m\\\/#breadcrumb\"},\"inLanguage\":\"fr-FR\",\"potentialAction\":[{\"@type\":\"ReadAction\",\"target\":[\"https:\\\/\\\/www.inoxforniture.it\\\/fr\\\/barre-nervuree-inox-aisi-304-longueur-3-m\\\/\"]}]},{\"@type\":\"ImageObject\",\"inLanguage\":\"fr-FR\",\"@id\":\"https:\\\/\\\/www.inoxforniture.it\\\/fr\\\/barre-nervuree-inox-aisi-304-longueur-3-m\\\/#primaryimage\",\"url\":\"https:\\\/\\\/www.inoxforniture.it\\\/wp-content\\\/uploads\\\/2016\\\/11\\\/4250000_1_1.jpg\",\"contentUrl\":\"https:\\\/\\\/www.inoxforniture.it\\\/wp-content\\\/uploads\\\/2016\\\/11\\\/4250000_1_1.jpg\",\"width\":480,\"height\":480,\"caption\":\"BARRE NERVUR\u00c9E INOX AISI 304 - LONGUEUR 3 M-0\"},{\"@type\":\"BreadcrumbList\",\"@id\":\"https:\\\/\\\/www.inoxforniture.it\\\/fr\\\/barre-nervuree-inox-aisi-304-longueur-3-m\\\/#breadcrumb\",\"itemListElement\":[{\"@type\":\"ListItem\",\"position\":1,\"name\":\"Accueil\",\"item\":\"https:\\\/\\\/www.inoxforniture.it\\\/\"},{\"@type\":\"ListItem\",\"position\":2,\"name\":\"Boutique\",\"item\":\"https:\\\/\\\/www.inoxforniture.it\\\/fr\\\/boutique\\\/\"},{\"@type\":\"ListItem\",\"position\":3,\"name\":\"Tubes et Barres\",\"item\":\"https:\\\/\\\/www.inoxforniture.it\\\/fr\\\/tubes-et-barres\\\/\"},{\"@type\":\"ListItem\",\"position\":4,\"name\":\"BARRE NERVUR\u00c9E INOX AISI 304 &#8211; LONGUEUR 3 M\"}]},{\"@type\":\"WebSite\",\"@id\":\"https:\\\/\\\/www.inoxforniture.it\\\/#website\",\"url\":\"https:\\\/\\\/www.inoxforniture.it\\\/\",\"name\":\"Inox Forniture\",\"description\":\"\",\"publisher\":{\"@id\":\"https:\\\/\\\/www.inoxforniture.it\\\/#organization\"},\"potentialAction\":[{\"@type\":\"SearchAction\",\"target\":{\"@type\":\"EntryPoint\",\"urlTemplate\":\"https:\\\/\\\/www.inoxforniture.it\\\/?s={search_term_string}\"},\"query-input\":{\"@type\":\"PropertyValueSpecification\",\"valueRequired\":true,\"valueName\":\"search_term_string\"}}],\"inLanguage\":\"fr-FR\"},{\"@type\":\"Organization\",\"@id\":\"https:\\\/\\\/www.inoxforniture.it\\\/#organization\",\"name\":\"Inox Forniture srl\",\"url\":\"https:\\\/\\\/www.inoxforniture.it\\\/\",\"logo\":{\"@type\":\"ImageObject\",\"inLanguage\":\"fr-FR\",\"@id\":\"https:\\\/\\\/www.inoxforniture.it\\\/#\\\/schema\\\/logo\\\/image\\\/\",\"url\":\"https:\\\/\\\/www.inoxforniture.it\\\/wp-content\\\/uploads\\\/2021\\\/01\\\/logo_inox.png\",\"contentUrl\":\"https:\\\/\\\/www.inoxforniture.it\\\/wp-content\\\/uploads\\\/2021\\\/01\\\/logo_inox.png\",\"width\":230,\"height\":44,\"caption\":\"Inox Forniture srl\"},\"image\":{\"@id\":\"https:\\\/\\\/www.inoxforniture.it\\\/#\\\/schema\\\/logo\\\/image\\\/\"},\"sameAs\":[\"https:\\\/\\\/www.facebook.com\\\/Inox.Forniture\",\"https:\\\/\\\/x.com\\\/InoxForniture\"]}]}<\/script>\n<!-- \/ Yoast SEO plugin. -->","yoast_head_json":{"title":"Inox Forniture - BARRES RONDES NERVUR\u00c9ES EN ACIER INOXYDABLE","description":"Achetez en ligne des barres rondes nervur\u00e9es en acier inoxydable AISI 304. Fournies en barres de 3 m. Sur demande, nous pouvons fournir des barres de 6 m.","robots":{"index":"index","follow":"follow","max-snippet":"max-snippet:-1","max-image-preview":"max-image-preview:large","max-video-preview":"max-video-preview:-1"},"canonical":"https:\/\/www.inoxforniture.it\/fr\/barre-nervuree-inox-aisi-304-longueur-3-m\/","og_locale":"fr_FR","og_type":"article","og_title":"Inox Forniture - BARRES RONDES NERVUR\u00c9ES EN ACIER INOXYDABLE","og_description":"Achetez en ligne des barres rondes nervur\u00e9es en acier inoxydable AISI 304. Fournies en barres de 3 m. Sur demande, nous pouvons fournir des barres de 6 m.","og_url":"https:\/\/www.inoxforniture.it\/fr\/barre-nervuree-inox-aisi-304-longueur-3-m\/","og_site_name":"Inox Forniture","article_publisher":"https:\/\/www.facebook.com\/Inox.Forniture","article_modified_time":"2026-02-16T07:47:59+00:00","og_image":[{"width":480,"height":480,"url":"https:\/\/www.inoxforniture.it\/wp-content\/uploads\/2016\/11\/4250000_1_1.jpg","type":"image\/jpeg"}],"twitter_card":"summary_large_image","twitter_site":"@InoxForniture","twitter_misc":{"Dur\u00e9e de lecture estim\u00e9e":"1 minute"},"schema":{"@context":"https:\/\/schema.org","@graph":[{"@type":"WebPage","@id":"https:\/\/www.inoxforniture.it\/fr\/barre-nervuree-inox-aisi-304-longueur-3-m\/","url":"https:\/\/www.inoxforniture.it\/fr\/barre-nervuree-inox-aisi-304-longueur-3-m\/","name":"Inox Forniture - BARRES RONDES NERVUR\u00c9ES EN ACIER INOXYDABLE","isPartOf":{"@id":"https:\/\/www.inoxforniture.it\/#website"},"primaryImageOfPage":{"@id":"https:\/\/www.inoxforniture.it\/fr\/barre-nervuree-inox-aisi-304-longueur-3-m\/#primaryimage"},"image":{"@id":"https:\/\/www.inoxforniture.it\/fr\/barre-nervuree-inox-aisi-304-longueur-3-m\/#primaryimage"},"thumbnailUrl":"https:\/\/www.inoxforniture.it\/wp-content\/uploads\/2016\/11\/4250000_1_1.jpg","datePublished":"2016-11-21T06:09:36+00:00","dateModified":"2026-02-16T07:47:59+00:00","description":"Achetez en ligne des barres rondes nervur\u00e9es en acier inoxydable AISI 304. Fournies en barres de 3 m. Sur demande, nous pouvons fournir des barres de 6 m.","breadcrumb":{"@id":"https:\/\/www.inoxforniture.it\/fr\/barre-nervuree-inox-aisi-304-longueur-3-m\/#breadcrumb"},"inLanguage":"fr-FR","potentialAction":[{"@type":"ReadAction","target":["https:\/\/www.inoxforniture.it\/fr\/barre-nervuree-inox-aisi-304-longueur-3-m\/"]}]},{"@type":"ImageObject","inLanguage":"fr-FR","@id":"https:\/\/www.inoxforniture.it\/fr\/barre-nervuree-inox-aisi-304-longueur-3-m\/#primaryimage","url":"https:\/\/www.inoxforniture.it\/wp-content\/uploads\/2016\/11\/4250000_1_1.jpg","contentUrl":"https:\/\/www.inoxforniture.it\/wp-content\/uploads\/2016\/11\/4250000_1_1.jpg","width":480,"height":480,"caption":"BARRE NERVUR\u00c9E INOX AISI 304 - LONGUEUR 3 M-0"},{"@type":"BreadcrumbList","@id":"https:\/\/www.inoxforniture.it\/fr\/barre-nervuree-inox-aisi-304-longueur-3-m\/#breadcrumb","itemListElement":[{"@type":"ListItem","position":1,"name":"Accueil","item":"https:\/\/www.inoxforniture.it\/"},{"@type":"ListItem","position":2,"name":"Boutique","item":"https:\/\/www.inoxforniture.it\/fr\/boutique\/"},{"@type":"ListItem","position":3,"name":"Tubes et Barres","item":"https:\/\/www.inoxforniture.it\/fr\/tubes-et-barres\/"},{"@type":"ListItem","position":4,"name":"BARRE NERVUR\u00c9E INOX AISI 304 &#8211; LONGUEUR 3 M"}]},{"@type":"WebSite","@id":"https:\/\/www.inoxforniture.it\/#website","url":"https:\/\/www.inoxforniture.it\/","name":"Inox Forniture","description":"","publisher":{"@id":"https:\/\/www.inoxforniture.it\/#organization"},"potentialAction":[{"@type":"SearchAction","target":{"@type":"EntryPoint","urlTemplate":"https:\/\/www.inoxforniture.it\/?s={search_term_string}"},"query-input":{"@type":"PropertyValueSpecification","valueRequired":true,"valueName":"search_term_string"}}],"inLanguage":"fr-FR"},{"@type":"Organization","@id":"https:\/\/www.inoxforniture.it\/#organization","name":"Inox Forniture srl","url":"https:\/\/www.inoxforniture.it\/","logo":{"@type":"ImageObject","inLanguage":"fr-FR","@id":"https:\/\/www.inoxforniture.it\/#\/schema\/logo\/image\/","url":"https:\/\/www.inoxforniture.it\/wp-content\/uploads\/2021\/01\/logo_inox.png","contentUrl":"https:\/\/www.inoxforniture.it\/wp-content\/uploads\/2021\/01\/logo_inox.png","width":230,"height":44,"caption":"Inox Forniture srl"},"image":{"@id":"https:\/\/www.inoxforniture.it\/#\/schema\/logo\/image\/"},"sameAs":["https:\/\/www.facebook.com\/Inox.Forniture","https:\/\/x.com\/InoxForniture"]}]}},"df_price":5.44,"df_sale_price":"","df_regular_price":5.44,"df_image_link":"https:\/\/www.inoxforniture.it\/wp-content\/uploads\/2016\/11\/4250000_1_1-300x300.jpg","tiered_pricing_type":"fixed","tiered_pricing_fixed_rules":[],"tiered_pricing_product_settings":{"layout":"default","base_unit_name":{"singular":null,"plural":null},"default_variation":null},"tiered_pricing_minimum_quantity":null,"tiered_pricing_roles_data":{"privato":{"product_id":58787,"role":"privato","pricing_type":"flat","regular_price":null,"sale_price":null,"discount":null,"discount_type":"sale_price","tiered_pricing_type":"fixed","percentage_rules":[],"fixed_rules":[],"minimum":null},"azienda":{"product_id":58787,"role":"azienda","pricing_type":"flat","regular_price":null,"sale_price":null,"discount":null,"discount_type":"sale_price","tiered_pricing_type":"fixed","percentage_rules":[],"fixed_rules":[],"minimum":null},"azienda_premium":{"product_id":58787,"role":"azienda_premium","pricing_type":"flat","regular_price":null,"sale_price":null,"discount":null,"discount_type":"sale_price","tiered_pricing_type":"fixed","percentage_rules":[],"fixed_rules":[],"minimum":null}},"tiered_pricing_percentage_rules":[],"tiered_pricing_maximum_quantity":null,"tiered_pricing_quantity_step":null,"_links":{"self":[{"href":"https:\/\/www.inoxforniture.it\/fr\/wp-json\/wp\/v2\/product\/58787","targetHints":{"allow":["GET"]}}],"collection":[{"href":"https:\/\/www.inoxforniture.it\/fr\/wp-json\/wp\/v2\/product"}],"about":[{"href":"https:\/\/www.inoxforniture.it\/fr\/wp-json\/wp\/v2\/types\/product"}],"wp:featuredmedia":[{"embeddable":true,"href":"https:\/\/www.inoxforniture.it\/fr\/wp-json\/wp\/v2\/media\/58788"}],"wp:attachment":[{"href":"https:\/\/www.inoxforniture.it\/fr\/wp-json\/wp\/v2\/media?parent=58787"}],"wp:term":[{"taxonomy":"product_brand","embeddable":true,"href":"https:\/\/www.inoxforniture.it\/fr\/wp-json\/wp\/v2\/product_brand?post=58787"},{"taxonomy":"product_cat","embeddable":true,"href":"https:\/\/www.inoxforniture.it\/fr\/wp-json\/wp\/v2\/product_cat?post=58787"},{"taxonomy":"product_tag","embeddable":true,"href":"https:\/\/www.inoxforniture.it\/fr\/wp-json\/wp\/v2\/product_tag?post=58787"}],"curies":[{"name":"wp","href":"https:\/\/api.w.org\/{rel}","templated":true}]}}