{"id":58756,"date":"2015-02-09T13:20:56","date_gmt":"2015-02-09T12:20:56","guid":{"rendered":"https:\/\/www.inoxforniture.it\/tubes-ronds-inox-aisi-304-brosses-longueur-3-m\/"},"modified":"2026-04-23T16:57:53","modified_gmt":"2026-04-23T14:57:53","slug":"tubes-ronds-inox-aisi-304-brosses-longueur-3-m","status":"publish","type":"product","link":"https:\/\/www.inoxforniture.it\/fr\/tubes-ronds-inox-aisi-304-brosses-longueur-3-m\/","title":{"rendered":"TUBES RONDS INOX AISI 304 BROSS\u00c9S &#8211; LONGUEUR 3 M"},"content":{"rendered":"<p>Tube rond en acier inoxydable AISI 304 finition bross\u00e9e en barres de 3 m.<br \/>\nLe tube d&rsquo;ameublement est fourni emball\u00e9 individuellement pour garantir la finition de surface.<br \/>\nSur demande, nous pouvons le fournir en barres de 6 m.<\/p>\n<p>Tableau du poids th\u00e9orique des tubes ronds en acier inoxydable AISI 304 et AISI 316.<\/p>\n<p>Le poids est exprim\u00e9 en kg\/m.<\/p>\n<p><img fetchpriority=\"high\" decoding=\"async\" class=\" size-full wp-image-3624\" title=\"Tableau des poids th\u00e9oriques des tubes ronds en acier inoxydable\" src=\"https:\/\/www.inoxforniture.it\/wp-content\/uploads\/2014\/10\/Tab_3120000.jpg\" alt=\"Tableau des poids th\u00e9oriques des tubes ronds en acier inoxydable AISI 304 et AISI 316\" width=\"750\" height=\"1452\"><\/p>\n","protected":false},"excerpt":{"rendered":"<p>&#8211; Tube rond en acier inoxydable AISI 304 BROSS\u00c9.<br \/>\n&#8211; Fourni en barres de 3,0 m.<\/p>\n<p><strong>CHOISISSEZ LE DIAM\u00c8TRE EXT\u00c9RIEUR ET L&rsquo;\u00c9PAISSEUR CI-DESSOUS<\/strong><br \/>\nUne fois le choix effectu\u00e9, le prix et la disponibilit\u00e9 seront visibles<\/p>\n","protected":false},"featured_media":58757,"template":"","meta":{"_acf_changed":false},"product_brand":[],"product_cat":[4092],"product_tag":[4327,4320,4325,4321,4326,4328,4322,4324,4323],"class_list":{"0":"post-58756","1":"product","2":"type-product","3":"status-publish","4":"has-post-thumbnail","6":"product_cat-tubes-et-barres","7":"product_tag-main-courante-aisi-304","8":"product_tag-main-courante-inox","9":"product_tag-tube-aisi-304","10":"product_tag-tube-inox","11":"product_tag-tube-inox-brosse","12":"product_tag-tube-rond-brosse","13":"product_tag-tubes-inox","14":"product_tag-tubulaire-inox","15":"product_tag-tubulaires-inox","16":"pa_marchio-inox-forniture","17":"pa_prodotto-o-12-x15-brosse","18":"pa_prodotto-o-16-x15-brosse","19":"pa_prodotto-o-25-x20-brosse","20":"pa_prodotto-o-337x20-brosse","21":"pa_prodotto-o-424x20-brosse","23":"first","24":"instock","25":"taxable","26":"shipping-taxable","27":"purchasable","28":"product-type-variable"},"acf":[],"yoast_head":"<!-- This site is optimized with the Yoast SEO plugin v27.3 - https:\/\/yoast.com\/product\/yoast-seo-wordpress\/ -->\n<title>Inox Forniture - TUBE ROND BROSS\u00c9 EN ACIER INOXYDABLE AISI 304<\/title>\n<meta name=\"description\" content=\"Achetez en ligne des tubes ronds BROSS\u00c9S en inox AISI 304. Les barres ont une longueur de 3 m\u00e8tres. Sur demande, nous pouvons fournir des barres de 6 m.\" \/>\n<meta name=\"robots\" content=\"index, follow, max-snippet:-1, max-image-preview:large, max-video-preview:-1\" \/>\n<link rel=\"canonical\" href=\"https:\/\/www.inoxforniture.it\/fr\/tubes-ronds-inox-aisi-304-brosses-longueur-3-m\/\" \/>\n<meta property=\"og:locale\" content=\"fr_FR\" \/>\n<meta property=\"og:type\" content=\"article\" \/>\n<meta property=\"og:title\" content=\"Inox Forniture - TUBE ROND BROSS\u00c9 EN ACIER INOXYDABLE AISI 304\" \/>\n<meta property=\"og:description\" content=\"Achetez en ligne des tubes ronds BROSS\u00c9S en inox AISI 304. Les barres ont une longueur de 3 m\u00e8tres. Sur demande, nous pouvons fournir des barres de 6 m.\" \/>\n<meta property=\"og:url\" content=\"https:\/\/www.inoxforniture.it\/fr\/tubes-ronds-inox-aisi-304-brosses-longueur-3-m\/\" \/>\n<meta property=\"og:site_name\" content=\"Inox Forniture\" \/>\n<meta property=\"article:publisher\" content=\"https:\/\/www.facebook.com\/Inox.Forniture\" \/>\n<meta property=\"article:modified_time\" content=\"2026-04-23T14:57:53+00:00\" \/>\n<meta property=\"og:image\" content=\"https:\/\/www.inoxforniture.it\/wp-content\/uploads\/2015\/02\/3120000-s_1.jpg\" \/>\n\t<meta property=\"og:image:width\" content=\"480\" \/>\n\t<meta property=\"og:image:height\" content=\"480\" \/>\n\t<meta property=\"og:image:type\" content=\"image\/jpeg\" \/>\n<meta name=\"twitter:card\" content=\"summary_large_image\" \/>\n<meta name=\"twitter:site\" content=\"@InoxForniture\" \/>\n<script type=\"application\/ld+json\" class=\"yoast-schema-graph\">{\"@context\":\"https:\\\/\\\/schema.org\",\"@graph\":[{\"@type\":\"WebPage\",\"@id\":\"https:\\\/\\\/www.inoxforniture.it\\\/fr\\\/tubes-ronds-inox-aisi-304-brosses-longueur-3-m\\\/\",\"url\":\"https:\\\/\\\/www.inoxforniture.it\\\/fr\\\/tubes-ronds-inox-aisi-304-brosses-longueur-3-m\\\/\",\"name\":\"Inox Forniture - TUBE ROND BROSS\u00c9 EN ACIER INOXYDABLE AISI 304\",\"isPartOf\":{\"@id\":\"https:\\\/\\\/www.inoxforniture.it\\\/#website\"},\"primaryImageOfPage\":{\"@id\":\"https:\\\/\\\/www.inoxforniture.it\\\/fr\\\/tubes-ronds-inox-aisi-304-brosses-longueur-3-m\\\/#primaryimage\"},\"image\":{\"@id\":\"https:\\\/\\\/www.inoxforniture.it\\\/fr\\\/tubes-ronds-inox-aisi-304-brosses-longueur-3-m\\\/#primaryimage\"},\"thumbnailUrl\":\"https:\\\/\\\/www.inoxforniture.it\\\/wp-content\\\/uploads\\\/2015\\\/02\\\/3120000-s_1.jpg\",\"datePublished\":\"2015-02-09T12:20:56+00:00\",\"dateModified\":\"2026-04-23T14:57:53+00:00\",\"description\":\"Achetez en ligne des tubes ronds BROSS\u00c9S en inox AISI 304. Les barres ont une longueur de 3 m\u00e8tres. Sur demande, nous pouvons fournir des barres de 6 m.\",\"breadcrumb\":{\"@id\":\"https:\\\/\\\/www.inoxforniture.it\\\/fr\\\/tubes-ronds-inox-aisi-304-brosses-longueur-3-m\\\/#breadcrumb\"},\"inLanguage\":\"fr-FR\",\"potentialAction\":[{\"@type\":\"ReadAction\",\"target\":[\"https:\\\/\\\/www.inoxforniture.it\\\/fr\\\/tubes-ronds-inox-aisi-304-brosses-longueur-3-m\\\/\"]}]},{\"@type\":\"ImageObject\",\"inLanguage\":\"fr-FR\",\"@id\":\"https:\\\/\\\/www.inoxforniture.it\\\/fr\\\/tubes-ronds-inox-aisi-304-brosses-longueur-3-m\\\/#primaryimage\",\"url\":\"https:\\\/\\\/www.inoxforniture.it\\\/wp-content\\\/uploads\\\/2015\\\/02\\\/3120000-s_1.jpg\",\"contentUrl\":\"https:\\\/\\\/www.inoxforniture.it\\\/wp-content\\\/uploads\\\/2015\\\/02\\\/3120000-s_1.jpg\",\"width\":480,\"height\":480,\"caption\":\"TUBES RONDS INOX AISI 304 BROSS\u00c9S POUR AMEUBLEMENT - LONGUEUR 3 M-0\"},{\"@type\":\"BreadcrumbList\",\"@id\":\"https:\\\/\\\/www.inoxforniture.it\\\/fr\\\/tubes-ronds-inox-aisi-304-brosses-longueur-3-m\\\/#breadcrumb\",\"itemListElement\":[{\"@type\":\"ListItem\",\"position\":1,\"name\":\"Accueil\",\"item\":\"https:\\\/\\\/www.inoxforniture.it\\\/\"},{\"@type\":\"ListItem\",\"position\":2,\"name\":\"Boutique\",\"item\":\"https:\\\/\\\/www.inoxforniture.it\\\/fr\\\/boutique\\\/\"},{\"@type\":\"ListItem\",\"position\":3,\"name\":\"Tubes et Barres\",\"item\":\"https:\\\/\\\/www.inoxforniture.it\\\/fr\\\/tubes-et-barres\\\/\"},{\"@type\":\"ListItem\",\"position\":4,\"name\":\"TUBES RONDS INOX AISI 304 BROSS\u00c9S &#8211; LONGUEUR 3 M\"}]},{\"@type\":\"WebSite\",\"@id\":\"https:\\\/\\\/www.inoxforniture.it\\\/#website\",\"url\":\"https:\\\/\\\/www.inoxforniture.it\\\/\",\"name\":\"Inox Forniture\",\"description\":\"\",\"publisher\":{\"@id\":\"https:\\\/\\\/www.inoxforniture.it\\\/#organization\"},\"potentialAction\":[{\"@type\":\"SearchAction\",\"target\":{\"@type\":\"EntryPoint\",\"urlTemplate\":\"https:\\\/\\\/www.inoxforniture.it\\\/?s={search_term_string}\"},\"query-input\":{\"@type\":\"PropertyValueSpecification\",\"valueRequired\":true,\"valueName\":\"search_term_string\"}}],\"inLanguage\":\"fr-FR\"},{\"@type\":\"Organization\",\"@id\":\"https:\\\/\\\/www.inoxforniture.it\\\/#organization\",\"name\":\"Inox Forniture srl\",\"url\":\"https:\\\/\\\/www.inoxforniture.it\\\/\",\"logo\":{\"@type\":\"ImageObject\",\"inLanguage\":\"fr-FR\",\"@id\":\"https:\\\/\\\/www.inoxforniture.it\\\/#\\\/schema\\\/logo\\\/image\\\/\",\"url\":\"https:\\\/\\\/www.inoxforniture.it\\\/wp-content\\\/uploads\\\/2021\\\/01\\\/logo_inox.png\",\"contentUrl\":\"https:\\\/\\\/www.inoxforniture.it\\\/wp-content\\\/uploads\\\/2021\\\/01\\\/logo_inox.png\",\"width\":230,\"height\":44,\"caption\":\"Inox Forniture srl\"},\"image\":{\"@id\":\"https:\\\/\\\/www.inoxforniture.it\\\/#\\\/schema\\\/logo\\\/image\\\/\"},\"sameAs\":[\"https:\\\/\\\/www.facebook.com\\\/Inox.Forniture\",\"https:\\\/\\\/x.com\\\/InoxForniture\"]}]}<\/script>\n<!-- \/ Yoast SEO plugin. -->","yoast_head_json":{"title":"Inox Forniture - TUBE ROND BROSS\u00c9 EN ACIER INOXYDABLE AISI 304","description":"Achetez en ligne des tubes ronds BROSS\u00c9S en inox AISI 304. Les barres ont une longueur de 3 m\u00e8tres. Sur demande, nous pouvons fournir des barres de 6 m.","robots":{"index":"index","follow":"follow","max-snippet":"max-snippet:-1","max-image-preview":"max-image-preview:large","max-video-preview":"max-video-preview:-1"},"canonical":"https:\/\/www.inoxforniture.it\/fr\/tubes-ronds-inox-aisi-304-brosses-longueur-3-m\/","og_locale":"fr_FR","og_type":"article","og_title":"Inox Forniture - TUBE ROND BROSS\u00c9 EN ACIER INOXYDABLE AISI 304","og_description":"Achetez en ligne des tubes ronds BROSS\u00c9S en inox AISI 304. Les barres ont une longueur de 3 m\u00e8tres. Sur demande, nous pouvons fournir des barres de 6 m.","og_url":"https:\/\/www.inoxforniture.it\/fr\/tubes-ronds-inox-aisi-304-brosses-longueur-3-m\/","og_site_name":"Inox Forniture","article_publisher":"https:\/\/www.facebook.com\/Inox.Forniture","article_modified_time":"2026-04-23T14:57:53+00:00","og_image":[{"width":480,"height":480,"url":"https:\/\/www.inoxforniture.it\/wp-content\/uploads\/2015\/02\/3120000-s_1.jpg","type":"image\/jpeg"}],"twitter_card":"summary_large_image","twitter_site":"@InoxForniture","schema":{"@context":"https:\/\/schema.org","@graph":[{"@type":"WebPage","@id":"https:\/\/www.inoxforniture.it\/fr\/tubes-ronds-inox-aisi-304-brosses-longueur-3-m\/","url":"https:\/\/www.inoxforniture.it\/fr\/tubes-ronds-inox-aisi-304-brosses-longueur-3-m\/","name":"Inox Forniture - TUBE ROND BROSS\u00c9 EN ACIER INOXYDABLE AISI 304","isPartOf":{"@id":"https:\/\/www.inoxforniture.it\/#website"},"primaryImageOfPage":{"@id":"https:\/\/www.inoxforniture.it\/fr\/tubes-ronds-inox-aisi-304-brosses-longueur-3-m\/#primaryimage"},"image":{"@id":"https:\/\/www.inoxforniture.it\/fr\/tubes-ronds-inox-aisi-304-brosses-longueur-3-m\/#primaryimage"},"thumbnailUrl":"https:\/\/www.inoxforniture.it\/wp-content\/uploads\/2015\/02\/3120000-s_1.jpg","datePublished":"2015-02-09T12:20:56+00:00","dateModified":"2026-04-23T14:57:53+00:00","description":"Achetez en ligne des tubes ronds BROSS\u00c9S en inox AISI 304. Les barres ont une longueur de 3 m\u00e8tres. Sur demande, nous pouvons fournir des barres de 6 m.","breadcrumb":{"@id":"https:\/\/www.inoxforniture.it\/fr\/tubes-ronds-inox-aisi-304-brosses-longueur-3-m\/#breadcrumb"},"inLanguage":"fr-FR","potentialAction":[{"@type":"ReadAction","target":["https:\/\/www.inoxforniture.it\/fr\/tubes-ronds-inox-aisi-304-brosses-longueur-3-m\/"]}]},{"@type":"ImageObject","inLanguage":"fr-FR","@id":"https:\/\/www.inoxforniture.it\/fr\/tubes-ronds-inox-aisi-304-brosses-longueur-3-m\/#primaryimage","url":"https:\/\/www.inoxforniture.it\/wp-content\/uploads\/2015\/02\/3120000-s_1.jpg","contentUrl":"https:\/\/www.inoxforniture.it\/wp-content\/uploads\/2015\/02\/3120000-s_1.jpg","width":480,"height":480,"caption":"TUBES RONDS INOX AISI 304 BROSS\u00c9S POUR AMEUBLEMENT - LONGUEUR 3 M-0"},{"@type":"BreadcrumbList","@id":"https:\/\/www.inoxforniture.it\/fr\/tubes-ronds-inox-aisi-304-brosses-longueur-3-m\/#breadcrumb","itemListElement":[{"@type":"ListItem","position":1,"name":"Accueil","item":"https:\/\/www.inoxforniture.it\/"},{"@type":"ListItem","position":2,"name":"Boutique","item":"https:\/\/www.inoxforniture.it\/fr\/boutique\/"},{"@type":"ListItem","position":3,"name":"Tubes et Barres","item":"https:\/\/www.inoxforniture.it\/fr\/tubes-et-barres\/"},{"@type":"ListItem","position":4,"name":"TUBES RONDS INOX AISI 304 BROSS\u00c9S &#8211; LONGUEUR 3 M"}]},{"@type":"WebSite","@id":"https:\/\/www.inoxforniture.it\/#website","url":"https:\/\/www.inoxforniture.it\/","name":"Inox Forniture","description":"","publisher":{"@id":"https:\/\/www.inoxforniture.it\/#organization"},"potentialAction":[{"@type":"SearchAction","target":{"@type":"EntryPoint","urlTemplate":"https:\/\/www.inoxforniture.it\/?s={search_term_string}"},"query-input":{"@type":"PropertyValueSpecification","valueRequired":true,"valueName":"search_term_string"}}],"inLanguage":"fr-FR"},{"@type":"Organization","@id":"https:\/\/www.inoxforniture.it\/#organization","name":"Inox Forniture srl","url":"https:\/\/www.inoxforniture.it\/","logo":{"@type":"ImageObject","inLanguage":"fr-FR","@id":"https:\/\/www.inoxforniture.it\/#\/schema\/logo\/image\/","url":"https:\/\/www.inoxforniture.it\/wp-content\/uploads\/2021\/01\/logo_inox.png","contentUrl":"https:\/\/www.inoxforniture.it\/wp-content\/uploads\/2021\/01\/logo_inox.png","width":230,"height":44,"caption":"Inox Forniture srl"},"image":{"@id":"https:\/\/www.inoxforniture.it\/#\/schema\/logo\/image\/"},"sameAs":["https:\/\/www.facebook.com\/Inox.Forniture","https:\/\/x.com\/InoxForniture"]}]}},"df_price":18.66,"df_sale_price":"","df_regular_price":18.66,"df_image_link":"https:\/\/www.inoxforniture.it\/wp-content\/uploads\/2015\/02\/3120000-s_1-300x300.jpg","tiered_pricing_type":"fixed","tiered_pricing_fixed_rules":[],"tiered_pricing_product_settings":{"layout":"default","base_unit_name":{"singular":null,"plural":null},"default_variation":null},"tiered_pricing_minimum_quantity":null,"tiered_pricing_roles_data":{"privato":{"product_id":58756,"role":"privato","pricing_type":"flat","regular_price":null,"sale_price":null,"discount":null,"discount_type":"sale_price","tiered_pricing_type":"fixed","percentage_rules":[],"fixed_rules":[],"minimum":null},"azienda":{"product_id":58756,"role":"azienda","pricing_type":"flat","regular_price":null,"sale_price":null,"discount":null,"discount_type":"sale_price","tiered_pricing_type":"fixed","percentage_rules":[],"fixed_rules":[],"minimum":null},"azienda_premium":{"product_id":58756,"role":"azienda_premium","pricing_type":"flat","regular_price":null,"sale_price":null,"discount":null,"discount_type":"sale_price","tiered_pricing_type":"fixed","percentage_rules":[],"fixed_rules":[],"minimum":null}},"tiered_pricing_percentage_rules":[],"tiered_pricing_maximum_quantity":null,"tiered_pricing_quantity_step":null,"_links":{"self":[{"href":"https:\/\/www.inoxforniture.it\/fr\/wp-json\/wp\/v2\/product\/58756","targetHints":{"allow":["GET"]}}],"collection":[{"href":"https:\/\/www.inoxforniture.it\/fr\/wp-json\/wp\/v2\/product"}],"about":[{"href":"https:\/\/www.inoxforniture.it\/fr\/wp-json\/wp\/v2\/types\/product"}],"wp:featuredmedia":[{"embeddable":true,"href":"https:\/\/www.inoxforniture.it\/fr\/wp-json\/wp\/v2\/media\/58757"}],"wp:attachment":[{"href":"https:\/\/www.inoxforniture.it\/fr\/wp-json\/wp\/v2\/media?parent=58756"}],"wp:term":[{"taxonomy":"product_brand","embeddable":true,"href":"https:\/\/www.inoxforniture.it\/fr\/wp-json\/wp\/v2\/product_brand?post=58756"},{"taxonomy":"product_cat","embeddable":true,"href":"https:\/\/www.inoxforniture.it\/fr\/wp-json\/wp\/v2\/product_cat?post=58756"},{"taxonomy":"product_tag","embeddable":true,"href":"https:\/\/www.inoxforniture.it\/fr\/wp-json\/wp\/v2\/product_tag?post=58756"}],"curies":[{"name":"wp","href":"https:\/\/api.w.org\/{rel}","templated":true}]}}