{"id":58624,"date":"2018-02-07T16:17:21","date_gmt":"2018-02-07T16:17:21","guid":{"rendered":"https:\/\/www.inoxforniture.it\/outil-hydraulique-manuel-de-sertissage-de-cables-50-kn\/"},"modified":"2026-01-27T15:39:27","modified_gmt":"2026-01-27T14:39:27","slug":"outil-hydraulique-manuel-de-sertissage-de-cables-50-kn","status":"publish","type":"product","link":"https:\/\/www.inoxforniture.it\/fr\/outil-hydraulique-manuel-de-sertissage-de-cables-50-kn\/","title":{"rendered":"OUTIL HYDRAULIQUE MANUEL DE SERTISSAGE DE C\u00c2BLES 50 kN"},"content":{"rendered":"<p>Outil hydraulique manuel 50 kN pour le sertissage des accessoires de c\u00e2ble.<br \/>\nAdapt\u00e9 \u00e0 un usage professionnel et intensif.<br \/>\nMallette incluse, matrices \u00e0 acheter s\u00e9par\u00e9ment.<br \/>\nMatrices disponibles pour <a href=\"https:\/\/www.inoxforniture.it\/fr\/matrice-pour-cable-o-4-5-mm-pour-outil-hydraulique-manuel\/\">c\u00e2ble de 4-5 mm<\/a>, pour <a href=\"https:\/\/www.inoxforniture.it\/fr\/matrice-pour-cable-o-6-mm-pour-outil-hydraulique-manuel\/\">c\u00e2ble de 6 mm<\/a> et pour <a href=\"https:\/\/www.inoxforniture.it\/fr\/matrice-pour-cable-o-8-mm-pour-outil-hydraulique-manuel\/\">c\u00e2ble de 8 mm<\/a>.<br \/>\nVous pouvez trouver le c\u00e2ble et tous les accessoires \u00e0 sertir \u00e0 ce <a href=\"https:\/\/www.inoxforniture.it\/fr\/accessoires-pour-cables-et-chaines\/\">lien<\/a>. <\/p>\n","protected":false},"excerpt":{"rendered":"<p>Outil hydraulique manuel 50 kN pour le sertissage des accessoires de c\u00e2ble.<br \/>\nAdapt\u00e9 \u00e0 un usage professionnel et intensif.<br \/>\nMallette incluse, matrices \u00e0 acheter s\u00e9par\u00e9ment.<\/p>\n","protected":false},"featured_media":58625,"template":"","meta":{"_acf_changed":false},"product_brand":[],"product_cat":[4111],"product_tag":[],"class_list":{"0":"post-58624","1":"product","2":"type-product","3":"status-publish","4":"has-post-thumbnail","6":"product_cat-machines-et-outils","7":"pa_marchio-intercable","9":"first","10":"instock","11":"taxable","12":"shipping-taxable","13":"purchasable","14":"product-type-simple"},"acf":[],"yoast_head":"<!-- This site is optimized with the Yoast SEO plugin v27.3 - https:\/\/yoast.com\/product\/yoast-seo-wordpress\/ -->\n<title>Inox Forniture - Outil pour le sertissage des accessoires en acier inoxydable<\/title>\n<meta name=\"description\" content=\"Outil professionnel pour usage intensif. Convient au sertissage des accessoires en acier inoxydable pour c\u00e2bles. Sertit les c\u00e2bles jusqu&#039;\u00e0 8 mm.\" \/>\n<meta name=\"robots\" content=\"index, follow, max-snippet:-1, max-image-preview:large, max-video-preview:-1\" \/>\n<link rel=\"canonical\" href=\"https:\/\/www.inoxforniture.it\/fr\/outil-hydraulique-manuel-de-sertissage-de-cables-50-kn\/\" \/>\n<meta property=\"og:locale\" content=\"fr_FR\" \/>\n<meta property=\"og:type\" content=\"article\" \/>\n<meta property=\"og:title\" content=\"Inox Forniture - Outil pour le sertissage des accessoires en acier inoxydable\" \/>\n<meta property=\"og:description\" content=\"Outil professionnel pour usage intensif. Convient au sertissage des accessoires en acier inoxydable pour c\u00e2bles. Sertit les c\u00e2bles jusqu&#039;\u00e0 8 mm.\" \/>\n<meta property=\"og:url\" content=\"https:\/\/www.inoxforniture.it\/fr\/outil-hydraulique-manuel-de-sertissage-de-cables-50-kn\/\" \/>\n<meta property=\"og:site_name\" content=\"Inox Forniture\" \/>\n<meta property=\"article:publisher\" content=\"https:\/\/www.facebook.com\/Inox.Forniture\" \/>\n<meta property=\"article:modified_time\" content=\"2026-01-27T14:39:27+00:00\" \/>\n<meta property=\"og:image\" content=\"https:\/\/www.inoxforniture.it\/wp-content\/uploads\/2018\/02\/g510001_1.jpg\" \/>\n\t<meta property=\"og:image:width\" content=\"480\" \/>\n\t<meta property=\"og:image:height\" content=\"480\" \/>\n\t<meta property=\"og:image:type\" content=\"image\/jpeg\" \/>\n<meta name=\"twitter:card\" content=\"summary_large_image\" \/>\n<meta name=\"twitter:site\" content=\"@InoxForniture\" \/>\n<meta name=\"twitter:label1\" content=\"Dur\u00e9e de lecture estim\u00e9e\" \/>\n\t<meta name=\"twitter:data1\" content=\"1 minute\" \/>\n<script type=\"application\/ld+json\" class=\"yoast-schema-graph\">{\"@context\":\"https:\\\/\\\/schema.org\",\"@graph\":[{\"@type\":\"WebPage\",\"@id\":\"https:\\\/\\\/www.inoxforniture.it\\\/fr\\\/outil-hydraulique-manuel-de-sertissage-de-cables-50-kn\\\/\",\"url\":\"https:\\\/\\\/www.inoxforniture.it\\\/fr\\\/outil-hydraulique-manuel-de-sertissage-de-cables-50-kn\\\/\",\"name\":\"Inox Forniture - Outil pour le sertissage des accessoires en acier inoxydable\",\"isPartOf\":{\"@id\":\"https:\\\/\\\/www.inoxforniture.it\\\/#website\"},\"primaryImageOfPage\":{\"@id\":\"https:\\\/\\\/www.inoxforniture.it\\\/fr\\\/outil-hydraulique-manuel-de-sertissage-de-cables-50-kn\\\/#primaryimage\"},\"image\":{\"@id\":\"https:\\\/\\\/www.inoxforniture.it\\\/fr\\\/outil-hydraulique-manuel-de-sertissage-de-cables-50-kn\\\/#primaryimage\"},\"thumbnailUrl\":\"https:\\\/\\\/www.inoxforniture.it\\\/wp-content\\\/uploads\\\/2018\\\/02\\\/g510001_1.jpg\",\"datePublished\":\"2018-02-07T16:17:21+00:00\",\"dateModified\":\"2026-01-27T14:39:27+00:00\",\"description\":\"Outil professionnel pour usage intensif. Convient au sertissage des accessoires en acier inoxydable pour c\u00e2bles. Sertit les c\u00e2bles jusqu'\u00e0 8 mm.\",\"breadcrumb\":{\"@id\":\"https:\\\/\\\/www.inoxforniture.it\\\/fr\\\/outil-hydraulique-manuel-de-sertissage-de-cables-50-kn\\\/#breadcrumb\"},\"inLanguage\":\"fr-FR\",\"potentialAction\":[{\"@type\":\"ReadAction\",\"target\":[\"https:\\\/\\\/www.inoxforniture.it\\\/fr\\\/outil-hydraulique-manuel-de-sertissage-de-cables-50-kn\\\/\"]}]},{\"@type\":\"ImageObject\",\"inLanguage\":\"fr-FR\",\"@id\":\"https:\\\/\\\/www.inoxforniture.it\\\/fr\\\/outil-hydraulique-manuel-de-sertissage-de-cables-50-kn\\\/#primaryimage\",\"url\":\"https:\\\/\\\/www.inoxforniture.it\\\/wp-content\\\/uploads\\\/2018\\\/02\\\/g510001_1.jpg\",\"contentUrl\":\"https:\\\/\\\/www.inoxforniture.it\\\/wp-content\\\/uploads\\\/2018\\\/02\\\/g510001_1.jpg\",\"width\":480,\"height\":480,\"caption\":\"OUTIL HYDRAULIQUE MANUEL DE SERTISSAGE DE C\u00c2BLES 50 kN-0\"},{\"@type\":\"BreadcrumbList\",\"@id\":\"https:\\\/\\\/www.inoxforniture.it\\\/fr\\\/outil-hydraulique-manuel-de-sertissage-de-cables-50-kn\\\/#breadcrumb\",\"itemListElement\":[{\"@type\":\"ListItem\",\"position\":1,\"name\":\"Accueil\",\"item\":\"https:\\\/\\\/www.inoxforniture.it\\\/\"},{\"@type\":\"ListItem\",\"position\":2,\"name\":\"Boutique\",\"item\":\"https:\\\/\\\/www.inoxforniture.it\\\/fr\\\/boutique\\\/\"},{\"@type\":\"ListItem\",\"position\":3,\"name\":\"Macchine e materiali\",\"item\":\"https:\\\/\\\/www.inoxforniture.it\\\/macchine-e-materiali\\\/\"},{\"@type\":\"ListItem\",\"position\":4,\"name\":\"Macchine ed utensili\",\"item\":\"https:\\\/\\\/www.inoxforniture.it\\\/macchine-ed-utensili\\\/\"},{\"@type\":\"ListItem\",\"position\":5,\"name\":\"OUTIL HYDRAULIQUE MANUEL DE SERTISSAGE DE C\u00c2BLES 50 kN\"}]},{\"@type\":\"WebSite\",\"@id\":\"https:\\\/\\\/www.inoxforniture.it\\\/#website\",\"url\":\"https:\\\/\\\/www.inoxforniture.it\\\/\",\"name\":\"Inox Forniture\",\"description\":\"\",\"publisher\":{\"@id\":\"https:\\\/\\\/www.inoxforniture.it\\\/#organization\"},\"potentialAction\":[{\"@type\":\"SearchAction\",\"target\":{\"@type\":\"EntryPoint\",\"urlTemplate\":\"https:\\\/\\\/www.inoxforniture.it\\\/?s={search_term_string}\"},\"query-input\":{\"@type\":\"PropertyValueSpecification\",\"valueRequired\":true,\"valueName\":\"search_term_string\"}}],\"inLanguage\":\"fr-FR\"},{\"@type\":\"Organization\",\"@id\":\"https:\\\/\\\/www.inoxforniture.it\\\/#organization\",\"name\":\"Inox Forniture srl\",\"url\":\"https:\\\/\\\/www.inoxforniture.it\\\/\",\"logo\":{\"@type\":\"ImageObject\",\"inLanguage\":\"fr-FR\",\"@id\":\"https:\\\/\\\/www.inoxforniture.it\\\/#\\\/schema\\\/logo\\\/image\\\/\",\"url\":\"https:\\\/\\\/www.inoxforniture.it\\\/wp-content\\\/uploads\\\/2021\\\/01\\\/logo_inox.png\",\"contentUrl\":\"https:\\\/\\\/www.inoxforniture.it\\\/wp-content\\\/uploads\\\/2021\\\/01\\\/logo_inox.png\",\"width\":230,\"height\":44,\"caption\":\"Inox Forniture srl\"},\"image\":{\"@id\":\"https:\\\/\\\/www.inoxforniture.it\\\/#\\\/schema\\\/logo\\\/image\\\/\"},\"sameAs\":[\"https:\\\/\\\/www.facebook.com\\\/Inox.Forniture\",\"https:\\\/\\\/x.com\\\/InoxForniture\"]}]}<\/script>\n<!-- \/ Yoast SEO plugin. -->","yoast_head_json":{"title":"Inox Forniture - Outil pour le sertissage des accessoires en acier inoxydable","description":"Outil professionnel pour usage intensif. Convient au sertissage des accessoires en acier inoxydable pour c\u00e2bles. Sertit les c\u00e2bles jusqu'\u00e0 8 mm.","robots":{"index":"index","follow":"follow","max-snippet":"max-snippet:-1","max-image-preview":"max-image-preview:large","max-video-preview":"max-video-preview:-1"},"canonical":"https:\/\/www.inoxforniture.it\/fr\/outil-hydraulique-manuel-de-sertissage-de-cables-50-kn\/","og_locale":"fr_FR","og_type":"article","og_title":"Inox Forniture - Outil pour le sertissage des accessoires en acier inoxydable","og_description":"Outil professionnel pour usage intensif. Convient au sertissage des accessoires en acier inoxydable pour c\u00e2bles. Sertit les c\u00e2bles jusqu'\u00e0 8 mm.","og_url":"https:\/\/www.inoxforniture.it\/fr\/outil-hydraulique-manuel-de-sertissage-de-cables-50-kn\/","og_site_name":"Inox Forniture","article_publisher":"https:\/\/www.facebook.com\/Inox.Forniture","article_modified_time":"2026-01-27T14:39:27+00:00","og_image":[{"width":480,"height":480,"url":"https:\/\/www.inoxforniture.it\/wp-content\/uploads\/2018\/02\/g510001_1.jpg","type":"image\/jpeg"}],"twitter_card":"summary_large_image","twitter_site":"@InoxForniture","twitter_misc":{"Dur\u00e9e de lecture estim\u00e9e":"1 minute"},"schema":{"@context":"https:\/\/schema.org","@graph":[{"@type":"WebPage","@id":"https:\/\/www.inoxforniture.it\/fr\/outil-hydraulique-manuel-de-sertissage-de-cables-50-kn\/","url":"https:\/\/www.inoxforniture.it\/fr\/outil-hydraulique-manuel-de-sertissage-de-cables-50-kn\/","name":"Inox Forniture - Outil pour le sertissage des accessoires en acier inoxydable","isPartOf":{"@id":"https:\/\/www.inoxforniture.it\/#website"},"primaryImageOfPage":{"@id":"https:\/\/www.inoxforniture.it\/fr\/outil-hydraulique-manuel-de-sertissage-de-cables-50-kn\/#primaryimage"},"image":{"@id":"https:\/\/www.inoxforniture.it\/fr\/outil-hydraulique-manuel-de-sertissage-de-cables-50-kn\/#primaryimage"},"thumbnailUrl":"https:\/\/www.inoxforniture.it\/wp-content\/uploads\/2018\/02\/g510001_1.jpg","datePublished":"2018-02-07T16:17:21+00:00","dateModified":"2026-01-27T14:39:27+00:00","description":"Outil professionnel pour usage intensif. Convient au sertissage des accessoires en acier inoxydable pour c\u00e2bles. Sertit les c\u00e2bles jusqu'\u00e0 8 mm.","breadcrumb":{"@id":"https:\/\/www.inoxforniture.it\/fr\/outil-hydraulique-manuel-de-sertissage-de-cables-50-kn\/#breadcrumb"},"inLanguage":"fr-FR","potentialAction":[{"@type":"ReadAction","target":["https:\/\/www.inoxforniture.it\/fr\/outil-hydraulique-manuel-de-sertissage-de-cables-50-kn\/"]}]},{"@type":"ImageObject","inLanguage":"fr-FR","@id":"https:\/\/www.inoxforniture.it\/fr\/outil-hydraulique-manuel-de-sertissage-de-cables-50-kn\/#primaryimage","url":"https:\/\/www.inoxforniture.it\/wp-content\/uploads\/2018\/02\/g510001_1.jpg","contentUrl":"https:\/\/www.inoxforniture.it\/wp-content\/uploads\/2018\/02\/g510001_1.jpg","width":480,"height":480,"caption":"OUTIL HYDRAULIQUE MANUEL DE SERTISSAGE DE C\u00c2BLES 50 kN-0"},{"@type":"BreadcrumbList","@id":"https:\/\/www.inoxforniture.it\/fr\/outil-hydraulique-manuel-de-sertissage-de-cables-50-kn\/#breadcrumb","itemListElement":[{"@type":"ListItem","position":1,"name":"Accueil","item":"https:\/\/www.inoxforniture.it\/"},{"@type":"ListItem","position":2,"name":"Boutique","item":"https:\/\/www.inoxforniture.it\/fr\/boutique\/"},{"@type":"ListItem","position":3,"name":"Macchine e materiali","item":"https:\/\/www.inoxforniture.it\/macchine-e-materiali\/"},{"@type":"ListItem","position":4,"name":"Macchine ed utensili","item":"https:\/\/www.inoxforniture.it\/macchine-ed-utensili\/"},{"@type":"ListItem","position":5,"name":"OUTIL HYDRAULIQUE MANUEL DE SERTISSAGE DE C\u00c2BLES 50 kN"}]},{"@type":"WebSite","@id":"https:\/\/www.inoxforniture.it\/#website","url":"https:\/\/www.inoxforniture.it\/","name":"Inox Forniture","description":"","publisher":{"@id":"https:\/\/www.inoxforniture.it\/#organization"},"potentialAction":[{"@type":"SearchAction","target":{"@type":"EntryPoint","urlTemplate":"https:\/\/www.inoxforniture.it\/?s={search_term_string}"},"query-input":{"@type":"PropertyValueSpecification","valueRequired":true,"valueName":"search_term_string"}}],"inLanguage":"fr-FR"},{"@type":"Organization","@id":"https:\/\/www.inoxforniture.it\/#organization","name":"Inox Forniture srl","url":"https:\/\/www.inoxforniture.it\/","logo":{"@type":"ImageObject","inLanguage":"fr-FR","@id":"https:\/\/www.inoxforniture.it\/#\/schema\/logo\/image\/","url":"https:\/\/www.inoxforniture.it\/wp-content\/uploads\/2021\/01\/logo_inox.png","contentUrl":"https:\/\/www.inoxforniture.it\/wp-content\/uploads\/2021\/01\/logo_inox.png","width":230,"height":44,"caption":"Inox Forniture srl"},"image":{"@id":"https:\/\/www.inoxforniture.it\/#\/schema\/logo\/image\/"},"sameAs":["https:\/\/www.facebook.com\/Inox.Forniture","https:\/\/x.com\/InoxForniture"]}]}},"df_price":792,"df_sale_price":"","df_regular_price":792,"df_image_link":"https:\/\/www.inoxforniture.it\/wp-content\/uploads\/2018\/02\/g510001_1-300x300.jpg","tiered_pricing_type":"fixed","tiered_pricing_fixed_rules":{"2":633.6,"4":554.4,"6":514.8},"tiered_pricing_product_settings":{"layout":"default","base_unit_name":{"singular":null,"plural":null},"default_variation":null},"tiered_pricing_minimum_quantity":null,"tiered_pricing_roles_data":{"privato":{"product_id":58624,"role":"privato","pricing_type":"flat","regular_price":null,"sale_price":null,"discount":null,"discount_type":"sale_price","tiered_pricing_type":"fixed","percentage_rules":[],"fixed_rules":{"2":"633.6000","4":"554.4000","6":"514.8000"},"minimum":null},"azienda":{"product_id":58624,"role":"azienda","pricing_type":"flat","regular_price":633.6,"sale_price":null,"discount":null,"discount_type":"sale_price","tiered_pricing_type":"fixed","percentage_rules":[],"fixed_rules":{"4":"554.4000","6":"514.8000"},"minimum":null},"azienda_premium":{"product_id":58624,"role":"azienda_premium","pricing_type":"flat","regular_price":633.6,"sale_price":null,"discount":null,"discount_type":"sale_price","tiered_pricing_type":"fixed","percentage_rules":[],"fixed_rules":{"4":"554.4000","6":"514.8000"},"minimum":null}},"tiered_pricing_percentage_rules":[],"tiered_pricing_maximum_quantity":null,"tiered_pricing_quantity_step":null,"_links":{"self":[{"href":"https:\/\/www.inoxforniture.it\/fr\/wp-json\/wp\/v2\/product\/58624","targetHints":{"allow":["GET"]}}],"collection":[{"href":"https:\/\/www.inoxforniture.it\/fr\/wp-json\/wp\/v2\/product"}],"about":[{"href":"https:\/\/www.inoxforniture.it\/fr\/wp-json\/wp\/v2\/types\/product"}],"wp:featuredmedia":[{"embeddable":true,"href":"https:\/\/www.inoxforniture.it\/fr\/wp-json\/wp\/v2\/media\/58625"}],"wp:attachment":[{"href":"https:\/\/www.inoxforniture.it\/fr\/wp-json\/wp\/v2\/media?parent=58624"}],"wp:term":[{"taxonomy":"product_brand","embeddable":true,"href":"https:\/\/www.inoxforniture.it\/fr\/wp-json\/wp\/v2\/product_brand?post=58624"},{"taxonomy":"product_cat","embeddable":true,"href":"https:\/\/www.inoxforniture.it\/fr\/wp-json\/wp\/v2\/product_cat?post=58624"},{"taxonomy":"product_tag","embeddable":true,"href":"https:\/\/www.inoxforniture.it\/fr\/wp-json\/wp\/v2\/product_tag?post=58624"}],"curies":[{"name":"wp","href":"https:\/\/api.w.org\/{rel}","templated":true}]}}