{"id":58618,"date":"2014-10-17T13:38:42","date_gmt":"2014-10-17T11:38:42","guid":{"rendered":"https:\/\/www.inoxforniture.it\/r-c-inox-d-m-d-liquide-degraissant-et-decapant-pour\/"},"modified":"2026-01-23T18:34:27","modified_gmt":"2026-01-23T17:34:27","slug":"r-c-inox-d-m-d-liquide-degraissant-et-decapant-pour","status":"publish","type":"product","link":"https:\/\/www.inoxforniture.it\/fr\/r-c-inox-d-m-d-liquide-degraissant-et-decapant-pour\/","title":{"rendered":"R.C.INOX D\/M D-LIQUIDE D\u00c9GRAISSANT ET D\u00c9CAPANT POUR"},"content":{"rendered":"<p>&#8211; L\u00e9g\u00e8rement d\u00e9capant<\/p>\n","protected":false},"excerpt":{"rendered":"<p>&#8211; L\u00e9g\u00e8rement d\u00e9capant<\/p>\n","protected":false},"featured_media":58619,"template":"","meta":{"_acf_changed":false},"product_brand":[],"product_cat":[4105],"product_tag":[],"class_list":{"0":"post-58618","1":"product","2":"type-product","3":"status-publish","4":"has-post-thumbnail","6":"product_cat-nettoyage-et-maintenance","7":"pa_marchio-ricerca-chimica","9":"first","10":"instock","11":"taxable","12":"shipping-taxable","13":"purchasable","14":"product-type-simple"},"acf":[],"yoast_head":"<!-- This site is optimized with the Yoast SEO plugin v27.3 - https:\/\/yoast.com\/product\/yoast-seo-wordpress\/ -->\n<title>R.C.INOX D\/M D-LIQUIDE D\u00c9GRAISSANT ET D\u00c9CAPANT POUR - Inox Forniture<\/title>\n<meta name=\"robots\" content=\"index, follow, max-snippet:-1, max-image-preview:large, max-video-preview:-1\" \/>\n<link rel=\"canonical\" href=\"https:\/\/www.inoxforniture.it\/fr\/r-c-inox-d-m-d-liquide-degraissant-et-decapant-pour\/\" \/>\n<meta property=\"og:locale\" content=\"fr_FR\" \/>\n<meta property=\"og:type\" content=\"article\" \/>\n<meta property=\"og:title\" content=\"R.C.INOX D\/M D-LIQUIDE D\u00c9GRAISSANT ET D\u00c9CAPANT POUR - Inox Forniture\" \/>\n<meta property=\"og:description\" content=\"- L\u00e9g\u00e8rement d\u00e9capant\" \/>\n<meta property=\"og:url\" content=\"https:\/\/www.inoxforniture.it\/fr\/r-c-inox-d-m-d-liquide-degraissant-et-decapant-pour\/\" \/>\n<meta property=\"og:site_name\" content=\"Inox Forniture\" \/>\n<meta property=\"article:publisher\" content=\"https:\/\/www.facebook.com\/Inox.Forniture\" \/>\n<meta property=\"article:modified_time\" content=\"2026-01-23T17:34:27+00:00\" \/>\n<meta property=\"og:image\" content=\"https:\/\/www.inoxforniture.it\/wp-content\/uploads\/2014\/10\/e210001_1.jpg\" \/>\n\t<meta property=\"og:image:width\" content=\"480\" \/>\n\t<meta property=\"og:image:height\" content=\"480\" \/>\n\t<meta property=\"og:image:type\" content=\"image\/jpeg\" \/>\n<meta name=\"twitter:card\" content=\"summary_large_image\" \/>\n<meta name=\"twitter:site\" content=\"@InoxForniture\" \/>\n<script type=\"application\/ld+json\" class=\"yoast-schema-graph\">{\"@context\":\"https:\\\/\\\/schema.org\",\"@graph\":[{\"@type\":\"WebPage\",\"@id\":\"https:\\\/\\\/www.inoxforniture.it\\\/fr\\\/r-c-inox-d-m-d-liquide-degraissant-et-decapant-pour\\\/\",\"url\":\"https:\\\/\\\/www.inoxforniture.it\\\/fr\\\/r-c-inox-d-m-d-liquide-degraissant-et-decapant-pour\\\/\",\"name\":\"R.C.INOX D\\\/M D-LIQUIDE D\u00c9GRAISSANT ET D\u00c9CAPANT POUR - Inox Forniture\",\"isPartOf\":{\"@id\":\"https:\\\/\\\/www.inoxforniture.it\\\/#website\"},\"primaryImageOfPage\":{\"@id\":\"https:\\\/\\\/www.inoxforniture.it\\\/fr\\\/r-c-inox-d-m-d-liquide-degraissant-et-decapant-pour\\\/#primaryimage\"},\"image\":{\"@id\":\"https:\\\/\\\/www.inoxforniture.it\\\/fr\\\/r-c-inox-d-m-d-liquide-degraissant-et-decapant-pour\\\/#primaryimage\"},\"thumbnailUrl\":\"https:\\\/\\\/www.inoxforniture.it\\\/wp-content\\\/uploads\\\/2014\\\/10\\\/e210001_1.jpg\",\"datePublished\":\"2014-10-17T11:38:42+00:00\",\"dateModified\":\"2026-01-23T17:34:27+00:00\",\"breadcrumb\":{\"@id\":\"https:\\\/\\\/www.inoxforniture.it\\\/fr\\\/r-c-inox-d-m-d-liquide-degraissant-et-decapant-pour\\\/#breadcrumb\"},\"inLanguage\":\"fr-FR\",\"potentialAction\":[{\"@type\":\"ReadAction\",\"target\":[\"https:\\\/\\\/www.inoxforniture.it\\\/fr\\\/r-c-inox-d-m-d-liquide-degraissant-et-decapant-pour\\\/\"]}]},{\"@type\":\"ImageObject\",\"inLanguage\":\"fr-FR\",\"@id\":\"https:\\\/\\\/www.inoxforniture.it\\\/fr\\\/r-c-inox-d-m-d-liquide-degraissant-et-decapant-pour\\\/#primaryimage\",\"url\":\"https:\\\/\\\/www.inoxforniture.it\\\/wp-content\\\/uploads\\\/2014\\\/10\\\/e210001_1.jpg\",\"contentUrl\":\"https:\\\/\\\/www.inoxforniture.it\\\/wp-content\\\/uploads\\\/2014\\\/10\\\/e210001_1.jpg\",\"width\":480,\"height\":480,\"caption\":\"R.C.INOX D\\\/M D-LIQUIDE D\u00c9GRAISSANT ET D\u00c9CAPANT POUR-0\"},{\"@type\":\"BreadcrumbList\",\"@id\":\"https:\\\/\\\/www.inoxforniture.it\\\/fr\\\/r-c-inox-d-m-d-liquide-degraissant-et-decapant-pour\\\/#breadcrumb\",\"itemListElement\":[{\"@type\":\"ListItem\",\"position\":1,\"name\":\"Accueil\",\"item\":\"https:\\\/\\\/www.inoxforniture.it\\\/\"},{\"@type\":\"ListItem\",\"position\":2,\"name\":\"Boutique\",\"item\":\"https:\\\/\\\/www.inoxforniture.it\\\/fr\\\/boutique\\\/\"},{\"@type\":\"ListItem\",\"position\":3,\"name\":\"Macchine e materiali\",\"item\":\"https:\\\/\\\/www.inoxforniture.it\\\/macchine-e-materiali\\\/\"},{\"@type\":\"ListItem\",\"position\":4,\"name\":\"Pulizia e manutenzione\",\"item\":\"https:\\\/\\\/www.inoxforniture.it\\\/pulizia-e-manutenzione\\\/\"},{\"@type\":\"ListItem\",\"position\":5,\"name\":\"R.C.INOX D\\\/M D-LIQUIDE D\u00c9GRAISSANT ET D\u00c9CAPANT POUR\"}]},{\"@type\":\"WebSite\",\"@id\":\"https:\\\/\\\/www.inoxforniture.it\\\/#website\",\"url\":\"https:\\\/\\\/www.inoxforniture.it\\\/\",\"name\":\"Inox Forniture\",\"description\":\"\",\"publisher\":{\"@id\":\"https:\\\/\\\/www.inoxforniture.it\\\/#organization\"},\"potentialAction\":[{\"@type\":\"SearchAction\",\"target\":{\"@type\":\"EntryPoint\",\"urlTemplate\":\"https:\\\/\\\/www.inoxforniture.it\\\/?s={search_term_string}\"},\"query-input\":{\"@type\":\"PropertyValueSpecification\",\"valueRequired\":true,\"valueName\":\"search_term_string\"}}],\"inLanguage\":\"fr-FR\"},{\"@type\":\"Organization\",\"@id\":\"https:\\\/\\\/www.inoxforniture.it\\\/#organization\",\"name\":\"Inox Forniture srl\",\"url\":\"https:\\\/\\\/www.inoxforniture.it\\\/\",\"logo\":{\"@type\":\"ImageObject\",\"inLanguage\":\"fr-FR\",\"@id\":\"https:\\\/\\\/www.inoxforniture.it\\\/#\\\/schema\\\/logo\\\/image\\\/\",\"url\":\"https:\\\/\\\/www.inoxforniture.it\\\/wp-content\\\/uploads\\\/2021\\\/01\\\/logo_inox.png\",\"contentUrl\":\"https:\\\/\\\/www.inoxforniture.it\\\/wp-content\\\/uploads\\\/2021\\\/01\\\/logo_inox.png\",\"width\":230,\"height\":44,\"caption\":\"Inox Forniture srl\"},\"image\":{\"@id\":\"https:\\\/\\\/www.inoxforniture.it\\\/#\\\/schema\\\/logo\\\/image\\\/\"},\"sameAs\":[\"https:\\\/\\\/www.facebook.com\\\/Inox.Forniture\",\"https:\\\/\\\/x.com\\\/InoxForniture\"]}]}<\/script>\n<!-- \/ Yoast SEO plugin. -->","yoast_head_json":{"title":"R.C.INOX D\/M D-LIQUIDE D\u00c9GRAISSANT ET D\u00c9CAPANT POUR - Inox Forniture","robots":{"index":"index","follow":"follow","max-snippet":"max-snippet:-1","max-image-preview":"max-image-preview:large","max-video-preview":"max-video-preview:-1"},"canonical":"https:\/\/www.inoxforniture.it\/fr\/r-c-inox-d-m-d-liquide-degraissant-et-decapant-pour\/","og_locale":"fr_FR","og_type":"article","og_title":"R.C.INOX D\/M D-LIQUIDE D\u00c9GRAISSANT ET D\u00c9CAPANT POUR - Inox Forniture","og_description":"- L\u00e9g\u00e8rement d\u00e9capant","og_url":"https:\/\/www.inoxforniture.it\/fr\/r-c-inox-d-m-d-liquide-degraissant-et-decapant-pour\/","og_site_name":"Inox Forniture","article_publisher":"https:\/\/www.facebook.com\/Inox.Forniture","article_modified_time":"2026-01-23T17:34:27+00:00","og_image":[{"width":480,"height":480,"url":"https:\/\/www.inoxforniture.it\/wp-content\/uploads\/2014\/10\/e210001_1.jpg","type":"image\/jpeg"}],"twitter_card":"summary_large_image","twitter_site":"@InoxForniture","schema":{"@context":"https:\/\/schema.org","@graph":[{"@type":"WebPage","@id":"https:\/\/www.inoxforniture.it\/fr\/r-c-inox-d-m-d-liquide-degraissant-et-decapant-pour\/","url":"https:\/\/www.inoxforniture.it\/fr\/r-c-inox-d-m-d-liquide-degraissant-et-decapant-pour\/","name":"R.C.INOX D\/M D-LIQUIDE D\u00c9GRAISSANT ET D\u00c9CAPANT POUR - Inox Forniture","isPartOf":{"@id":"https:\/\/www.inoxforniture.it\/#website"},"primaryImageOfPage":{"@id":"https:\/\/www.inoxforniture.it\/fr\/r-c-inox-d-m-d-liquide-degraissant-et-decapant-pour\/#primaryimage"},"image":{"@id":"https:\/\/www.inoxforniture.it\/fr\/r-c-inox-d-m-d-liquide-degraissant-et-decapant-pour\/#primaryimage"},"thumbnailUrl":"https:\/\/www.inoxforniture.it\/wp-content\/uploads\/2014\/10\/e210001_1.jpg","datePublished":"2014-10-17T11:38:42+00:00","dateModified":"2026-01-23T17:34:27+00:00","breadcrumb":{"@id":"https:\/\/www.inoxforniture.it\/fr\/r-c-inox-d-m-d-liquide-degraissant-et-decapant-pour\/#breadcrumb"},"inLanguage":"fr-FR","potentialAction":[{"@type":"ReadAction","target":["https:\/\/www.inoxforniture.it\/fr\/r-c-inox-d-m-d-liquide-degraissant-et-decapant-pour\/"]}]},{"@type":"ImageObject","inLanguage":"fr-FR","@id":"https:\/\/www.inoxforniture.it\/fr\/r-c-inox-d-m-d-liquide-degraissant-et-decapant-pour\/#primaryimage","url":"https:\/\/www.inoxforniture.it\/wp-content\/uploads\/2014\/10\/e210001_1.jpg","contentUrl":"https:\/\/www.inoxforniture.it\/wp-content\/uploads\/2014\/10\/e210001_1.jpg","width":480,"height":480,"caption":"R.C.INOX D\/M D-LIQUIDE D\u00c9GRAISSANT ET D\u00c9CAPANT POUR-0"},{"@type":"BreadcrumbList","@id":"https:\/\/www.inoxforniture.it\/fr\/r-c-inox-d-m-d-liquide-degraissant-et-decapant-pour\/#breadcrumb","itemListElement":[{"@type":"ListItem","position":1,"name":"Accueil","item":"https:\/\/www.inoxforniture.it\/"},{"@type":"ListItem","position":2,"name":"Boutique","item":"https:\/\/www.inoxforniture.it\/fr\/boutique\/"},{"@type":"ListItem","position":3,"name":"Macchine e materiali","item":"https:\/\/www.inoxforniture.it\/macchine-e-materiali\/"},{"@type":"ListItem","position":4,"name":"Pulizia e manutenzione","item":"https:\/\/www.inoxforniture.it\/pulizia-e-manutenzione\/"},{"@type":"ListItem","position":5,"name":"R.C.INOX D\/M D-LIQUIDE D\u00c9GRAISSANT ET D\u00c9CAPANT POUR"}]},{"@type":"WebSite","@id":"https:\/\/www.inoxforniture.it\/#website","url":"https:\/\/www.inoxforniture.it\/","name":"Inox Forniture","description":"","publisher":{"@id":"https:\/\/www.inoxforniture.it\/#organization"},"potentialAction":[{"@type":"SearchAction","target":{"@type":"EntryPoint","urlTemplate":"https:\/\/www.inoxforniture.it\/?s={search_term_string}"},"query-input":{"@type":"PropertyValueSpecification","valueRequired":true,"valueName":"search_term_string"}}],"inLanguage":"fr-FR"},{"@type":"Organization","@id":"https:\/\/www.inoxforniture.it\/#organization","name":"Inox Forniture srl","url":"https:\/\/www.inoxforniture.it\/","logo":{"@type":"ImageObject","inLanguage":"fr-FR","@id":"https:\/\/www.inoxforniture.it\/#\/schema\/logo\/image\/","url":"https:\/\/www.inoxforniture.it\/wp-content\/uploads\/2021\/01\/logo_inox.png","contentUrl":"https:\/\/www.inoxforniture.it\/wp-content\/uploads\/2021\/01\/logo_inox.png","width":230,"height":44,"caption":"Inox Forniture srl"},"image":{"@id":"https:\/\/www.inoxforniture.it\/#\/schema\/logo\/image\/"},"sameAs":["https:\/\/www.facebook.com\/Inox.Forniture","https:\/\/x.com\/InoxForniture"]}]}},"df_price":8.625,"df_sale_price":"","df_regular_price":8.625,"df_image_link":"https:\/\/www.inoxforniture.it\/wp-content\/uploads\/2014\/10\/e210001_1-300x300.jpg","tiered_pricing_type":"fixed","tiered_pricing_fixed_rules":{"2":6.9,"4":6.0375,"16":5.6063},"tiered_pricing_product_settings":{"layout":"default","base_unit_name":{"singular":null,"plural":null},"default_variation":null},"tiered_pricing_minimum_quantity":null,"tiered_pricing_roles_data":{"privato":{"product_id":58618,"role":"privato","pricing_type":"flat","regular_price":null,"sale_price":null,"discount":null,"discount_type":"sale_price","tiered_pricing_type":"fixed","percentage_rules":[],"fixed_rules":{"2":"6.9000","4":"6.0375","16":"5.6063"},"minimum":null},"azienda":{"product_id":58618,"role":"azienda","pricing_type":"flat","regular_price":6.9,"sale_price":null,"discount":null,"discount_type":"sale_price","tiered_pricing_type":"fixed","percentage_rules":[],"fixed_rules":{"4":"6.0375","16":"5.6063"},"minimum":null},"azienda_premium":{"product_id":58618,"role":"azienda_premium","pricing_type":"flat","regular_price":6.9,"sale_price":null,"discount":null,"discount_type":"sale_price","tiered_pricing_type":"fixed","percentage_rules":[],"fixed_rules":{"4":"6.0375","16":"5.6063"},"minimum":null}},"tiered_pricing_percentage_rules":[],"tiered_pricing_maximum_quantity":null,"tiered_pricing_quantity_step":null,"_links":{"self":[{"href":"https:\/\/www.inoxforniture.it\/fr\/wp-json\/wp\/v2\/product\/58618","targetHints":{"allow":["GET"]}}],"collection":[{"href":"https:\/\/www.inoxforniture.it\/fr\/wp-json\/wp\/v2\/product"}],"about":[{"href":"https:\/\/www.inoxforniture.it\/fr\/wp-json\/wp\/v2\/types\/product"}],"wp:featuredmedia":[{"embeddable":true,"href":"https:\/\/www.inoxforniture.it\/fr\/wp-json\/wp\/v2\/media\/58619"}],"wp:attachment":[{"href":"https:\/\/www.inoxforniture.it\/fr\/wp-json\/wp\/v2\/media?parent=58618"}],"wp:term":[{"taxonomy":"product_brand","embeddable":true,"href":"https:\/\/www.inoxforniture.it\/fr\/wp-json\/wp\/v2\/product_brand?post=58618"},{"taxonomy":"product_cat","embeddable":true,"href":"https:\/\/www.inoxforniture.it\/fr\/wp-json\/wp\/v2\/product_cat?post=58618"},{"taxonomy":"product_tag","embeddable":true,"href":"https:\/\/www.inoxforniture.it\/fr\/wp-json\/wp\/v2\/product_tag?post=58618"}],"curies":[{"name":"wp","href":"https:\/\/api.w.org\/{rel}","templated":true}]}}