{"id":58613,"date":"2014-10-17T13:38:42","date_gmt":"2014-10-17T11:38:42","guid":{"rendered":"https:\/\/www.inoxforniture.it\/set-forets-hss-gold-black-pour-acier-inox-6-pcs\/"},"modified":"2026-01-23T18:34:31","modified_gmt":"2026-01-23T17:34:31","slug":"set-forets-hss-gold-black-pour-acier-inox-6-pcs","status":"publish","type":"product","link":"https:\/\/www.inoxforniture.it\/fr\/set-forets-hss-gold-black-pour-acier-inox-6-pcs\/","title":{"rendered":"SET FORETS HSS GOLD BLACK POUR ACIER INOX 6 PCS"},"content":{"rendered":"<p>&#8211; Auto-centreurs &#8211; professionnels &#8211; Bo\u00eetier en plastique &#8211; Jeux de forets h\u00e9lico\u00efdaux HSS \u00e0 pointe fendue enti\u00e8rement rectifi\u00e9e &#8211; Gold black &#8211; Forets h\u00e9lico\u00efdaux en sets et pr\u00e9sentoirs<\/p>\n<p>&#8211; Diam\u00e8tre 2,0 &#8211; 3,0 &#8211; 4,0 &#8211; 5,0 &#8211; 6,0 &#8211; 8,0<\/p>\n","protected":false},"excerpt":{"rendered":"<p>&#8211; Autocentrants &#8211; professionnels &#8211; \u00c9tui en plastique &#8211; Sets of HSS fully ground split point &#8211; Gold black &#8211; Twist drills in magazine sets and display &#8211; Diam\u00e8tre 2,0 &#8211; 3,0 &#8211; 4,0 &#8211; 5,0 &#8211; 6,0 &#8211; 8,0<\/p>\n","protected":false},"featured_media":58614,"template":"","meta":{"_acf_changed":false},"product_brand":[],"product_cat":[4096],"product_tag":[],"class_list":{"0":"post-58613","1":"product","2":"type-product","3":"status-publish","4":"has-post-thumbnail","6":"product_cat-percage","7":"pa_marchio-ecef","8":"pa_prodotto-set-forets-hss-gold-black-pour-acier-inox-6-pcs","10":"first","11":"instock","12":"taxable","13":"shipping-taxable","14":"purchasable","15":"product-type-simple"},"acf":[],"yoast_head":"<!-- This site is optimized with the Yoast SEO plugin v27.3 - https:\/\/yoast.com\/product\/yoast-seo-wordpress\/ -->\n<title>SET FORETS HSS GOLD BLACK POUR ACIER INOX 6 PCS - Inox Forniture<\/title>\n<meta name=\"robots\" content=\"index, follow, max-snippet:-1, max-image-preview:large, max-video-preview:-1\" \/>\n<link rel=\"canonical\" href=\"https:\/\/www.inoxforniture.it\/fr\/set-forets-hss-gold-black-pour-acier-inox-6-pcs\/\" \/>\n<meta property=\"og:locale\" content=\"fr_FR\" \/>\n<meta property=\"og:type\" content=\"article\" \/>\n<meta property=\"og:title\" content=\"SET FORETS HSS GOLD BLACK POUR ACIER INOX 6 PCS - Inox Forniture\" \/>\n<meta property=\"og:description\" content=\"- Autocentrants - professionnels - \u00c9tui en plastique - Sets of HSS fully ground split point - Gold black - Twist drills in magazine sets and display - Diam\u00e8tre 2,0 - 3,0 - 4,0 - 5,0 - 6,0 - 8,0\" \/>\n<meta property=\"og:url\" content=\"https:\/\/www.inoxforniture.it\/fr\/set-forets-hss-gold-black-pour-acier-inox-6-pcs\/\" \/>\n<meta property=\"og:site_name\" content=\"Inox Forniture\" \/>\n<meta property=\"article:publisher\" content=\"https:\/\/www.facebook.com\/Inox.Forniture\" \/>\n<meta property=\"article:modified_time\" content=\"2026-01-23T17:34:31+00:00\" \/>\n<meta property=\"og:image\" content=\"https:\/\/www.inoxforniture.it\/wp-content\/uploads\/2014\/10\/e620001_1.jpg\" \/>\n\t<meta property=\"og:image:width\" content=\"480\" \/>\n\t<meta property=\"og:image:height\" content=\"480\" \/>\n\t<meta property=\"og:image:type\" content=\"image\/jpeg\" \/>\n<meta name=\"twitter:card\" content=\"summary_large_image\" \/>\n<meta name=\"twitter:site\" content=\"@InoxForniture\" \/>\n<script type=\"application\/ld+json\" class=\"yoast-schema-graph\">{\"@context\":\"https:\\\/\\\/schema.org\",\"@graph\":[{\"@type\":\"WebPage\",\"@id\":\"https:\\\/\\\/www.inoxforniture.it\\\/fr\\\/set-forets-hss-gold-black-pour-acier-inox-6-pcs\\\/\",\"url\":\"https:\\\/\\\/www.inoxforniture.it\\\/fr\\\/set-forets-hss-gold-black-pour-acier-inox-6-pcs\\\/\",\"name\":\"SET FORETS HSS GOLD BLACK POUR ACIER INOX 6 PCS - Inox Forniture\",\"isPartOf\":{\"@id\":\"https:\\\/\\\/www.inoxforniture.it\\\/#website\"},\"primaryImageOfPage\":{\"@id\":\"https:\\\/\\\/www.inoxforniture.it\\\/fr\\\/set-forets-hss-gold-black-pour-acier-inox-6-pcs\\\/#primaryimage\"},\"image\":{\"@id\":\"https:\\\/\\\/www.inoxforniture.it\\\/fr\\\/set-forets-hss-gold-black-pour-acier-inox-6-pcs\\\/#primaryimage\"},\"thumbnailUrl\":\"https:\\\/\\\/www.inoxforniture.it\\\/wp-content\\\/uploads\\\/2014\\\/10\\\/e620001_1.jpg\",\"datePublished\":\"2014-10-17T11:38:42+00:00\",\"dateModified\":\"2026-01-23T17:34:31+00:00\",\"breadcrumb\":{\"@id\":\"https:\\\/\\\/www.inoxforniture.it\\\/fr\\\/set-forets-hss-gold-black-pour-acier-inox-6-pcs\\\/#breadcrumb\"},\"inLanguage\":\"fr-FR\",\"potentialAction\":[{\"@type\":\"ReadAction\",\"target\":[\"https:\\\/\\\/www.inoxforniture.it\\\/fr\\\/set-forets-hss-gold-black-pour-acier-inox-6-pcs\\\/\"]}]},{\"@type\":\"ImageObject\",\"inLanguage\":\"fr-FR\",\"@id\":\"https:\\\/\\\/www.inoxforniture.it\\\/fr\\\/set-forets-hss-gold-black-pour-acier-inox-6-pcs\\\/#primaryimage\",\"url\":\"https:\\\/\\\/www.inoxforniture.it\\\/wp-content\\\/uploads\\\/2014\\\/10\\\/e620001_1.jpg\",\"contentUrl\":\"https:\\\/\\\/www.inoxforniture.it\\\/wp-content\\\/uploads\\\/2014\\\/10\\\/e620001_1.jpg\",\"width\":480,\"height\":480,\"caption\":\"SET FORETS HSS GOLD BLACK POUR ACIER INOX 6 PCS-0\"},{\"@type\":\"BreadcrumbList\",\"@id\":\"https:\\\/\\\/www.inoxforniture.it\\\/fr\\\/set-forets-hss-gold-black-pour-acier-inox-6-pcs\\\/#breadcrumb\",\"itemListElement\":[{\"@type\":\"ListItem\",\"position\":1,\"name\":\"Accueil\",\"item\":\"https:\\\/\\\/www.inoxforniture.it\\\/\"},{\"@type\":\"ListItem\",\"position\":2,\"name\":\"Boutique\",\"item\":\"https:\\\/\\\/www.inoxforniture.it\\\/fr\\\/boutique\\\/\"},{\"@type\":\"ListItem\",\"position\":3,\"name\":\"Macchine e materiali\",\"item\":\"https:\\\/\\\/www.inoxforniture.it\\\/macchine-e-materiali\\\/\"},{\"@type\":\"ListItem\",\"position\":4,\"name\":\"Foratura\",\"item\":\"https:\\\/\\\/www.inoxforniture.it\\\/foratura\\\/\"},{\"@type\":\"ListItem\",\"position\":5,\"name\":\"SET FORETS HSS GOLD BLACK POUR ACIER INOX 6 PCS\"}]},{\"@type\":\"WebSite\",\"@id\":\"https:\\\/\\\/www.inoxforniture.it\\\/#website\",\"url\":\"https:\\\/\\\/www.inoxforniture.it\\\/\",\"name\":\"Inox Forniture\",\"description\":\"\",\"publisher\":{\"@id\":\"https:\\\/\\\/www.inoxforniture.it\\\/#organization\"},\"potentialAction\":[{\"@type\":\"SearchAction\",\"target\":{\"@type\":\"EntryPoint\",\"urlTemplate\":\"https:\\\/\\\/www.inoxforniture.it\\\/?s={search_term_string}\"},\"query-input\":{\"@type\":\"PropertyValueSpecification\",\"valueRequired\":true,\"valueName\":\"search_term_string\"}}],\"inLanguage\":\"fr-FR\"},{\"@type\":\"Organization\",\"@id\":\"https:\\\/\\\/www.inoxforniture.it\\\/#organization\",\"name\":\"Inox Forniture srl\",\"url\":\"https:\\\/\\\/www.inoxforniture.it\\\/\",\"logo\":{\"@type\":\"ImageObject\",\"inLanguage\":\"fr-FR\",\"@id\":\"https:\\\/\\\/www.inoxforniture.it\\\/#\\\/schema\\\/logo\\\/image\\\/\",\"url\":\"https:\\\/\\\/www.inoxforniture.it\\\/wp-content\\\/uploads\\\/2021\\\/01\\\/logo_inox.png\",\"contentUrl\":\"https:\\\/\\\/www.inoxforniture.it\\\/wp-content\\\/uploads\\\/2021\\\/01\\\/logo_inox.png\",\"width\":230,\"height\":44,\"caption\":\"Inox Forniture srl\"},\"image\":{\"@id\":\"https:\\\/\\\/www.inoxforniture.it\\\/#\\\/schema\\\/logo\\\/image\\\/\"},\"sameAs\":[\"https:\\\/\\\/www.facebook.com\\\/Inox.Forniture\",\"https:\\\/\\\/x.com\\\/InoxForniture\"]}]}<\/script>\n<!-- \/ Yoast SEO plugin. -->","yoast_head_json":{"title":"SET FORETS HSS GOLD BLACK POUR ACIER INOX 6 PCS - Inox Forniture","robots":{"index":"index","follow":"follow","max-snippet":"max-snippet:-1","max-image-preview":"max-image-preview:large","max-video-preview":"max-video-preview:-1"},"canonical":"https:\/\/www.inoxforniture.it\/fr\/set-forets-hss-gold-black-pour-acier-inox-6-pcs\/","og_locale":"fr_FR","og_type":"article","og_title":"SET FORETS HSS GOLD BLACK POUR ACIER INOX 6 PCS - Inox Forniture","og_description":"- Autocentrants - professionnels - \u00c9tui en plastique - Sets of HSS fully ground split point - Gold black - Twist drills in magazine sets and display - Diam\u00e8tre 2,0 - 3,0 - 4,0 - 5,0 - 6,0 - 8,0","og_url":"https:\/\/www.inoxforniture.it\/fr\/set-forets-hss-gold-black-pour-acier-inox-6-pcs\/","og_site_name":"Inox Forniture","article_publisher":"https:\/\/www.facebook.com\/Inox.Forniture","article_modified_time":"2026-01-23T17:34:31+00:00","og_image":[{"width":480,"height":480,"url":"https:\/\/www.inoxforniture.it\/wp-content\/uploads\/2014\/10\/e620001_1.jpg","type":"image\/jpeg"}],"twitter_card":"summary_large_image","twitter_site":"@InoxForniture","schema":{"@context":"https:\/\/schema.org","@graph":[{"@type":"WebPage","@id":"https:\/\/www.inoxforniture.it\/fr\/set-forets-hss-gold-black-pour-acier-inox-6-pcs\/","url":"https:\/\/www.inoxforniture.it\/fr\/set-forets-hss-gold-black-pour-acier-inox-6-pcs\/","name":"SET FORETS HSS GOLD BLACK POUR ACIER INOX 6 PCS - Inox Forniture","isPartOf":{"@id":"https:\/\/www.inoxforniture.it\/#website"},"primaryImageOfPage":{"@id":"https:\/\/www.inoxforniture.it\/fr\/set-forets-hss-gold-black-pour-acier-inox-6-pcs\/#primaryimage"},"image":{"@id":"https:\/\/www.inoxforniture.it\/fr\/set-forets-hss-gold-black-pour-acier-inox-6-pcs\/#primaryimage"},"thumbnailUrl":"https:\/\/www.inoxforniture.it\/wp-content\/uploads\/2014\/10\/e620001_1.jpg","datePublished":"2014-10-17T11:38:42+00:00","dateModified":"2026-01-23T17:34:31+00:00","breadcrumb":{"@id":"https:\/\/www.inoxforniture.it\/fr\/set-forets-hss-gold-black-pour-acier-inox-6-pcs\/#breadcrumb"},"inLanguage":"fr-FR","potentialAction":[{"@type":"ReadAction","target":["https:\/\/www.inoxforniture.it\/fr\/set-forets-hss-gold-black-pour-acier-inox-6-pcs\/"]}]},{"@type":"ImageObject","inLanguage":"fr-FR","@id":"https:\/\/www.inoxforniture.it\/fr\/set-forets-hss-gold-black-pour-acier-inox-6-pcs\/#primaryimage","url":"https:\/\/www.inoxforniture.it\/wp-content\/uploads\/2014\/10\/e620001_1.jpg","contentUrl":"https:\/\/www.inoxforniture.it\/wp-content\/uploads\/2014\/10\/e620001_1.jpg","width":480,"height":480,"caption":"SET FORETS HSS GOLD BLACK POUR ACIER INOX 6 PCS-0"},{"@type":"BreadcrumbList","@id":"https:\/\/www.inoxforniture.it\/fr\/set-forets-hss-gold-black-pour-acier-inox-6-pcs\/#breadcrumb","itemListElement":[{"@type":"ListItem","position":1,"name":"Accueil","item":"https:\/\/www.inoxforniture.it\/"},{"@type":"ListItem","position":2,"name":"Boutique","item":"https:\/\/www.inoxforniture.it\/fr\/boutique\/"},{"@type":"ListItem","position":3,"name":"Macchine e materiali","item":"https:\/\/www.inoxforniture.it\/macchine-e-materiali\/"},{"@type":"ListItem","position":4,"name":"Foratura","item":"https:\/\/www.inoxforniture.it\/foratura\/"},{"@type":"ListItem","position":5,"name":"SET FORETS HSS GOLD BLACK POUR ACIER INOX 6 PCS"}]},{"@type":"WebSite","@id":"https:\/\/www.inoxforniture.it\/#website","url":"https:\/\/www.inoxforniture.it\/","name":"Inox Forniture","description":"","publisher":{"@id":"https:\/\/www.inoxforniture.it\/#organization"},"potentialAction":[{"@type":"SearchAction","target":{"@type":"EntryPoint","urlTemplate":"https:\/\/www.inoxforniture.it\/?s={search_term_string}"},"query-input":{"@type":"PropertyValueSpecification","valueRequired":true,"valueName":"search_term_string"}}],"inLanguage":"fr-FR"},{"@type":"Organization","@id":"https:\/\/www.inoxforniture.it\/#organization","name":"Inox Forniture srl","url":"https:\/\/www.inoxforniture.it\/","logo":{"@type":"ImageObject","inLanguage":"fr-FR","@id":"https:\/\/www.inoxforniture.it\/#\/schema\/logo\/image\/","url":"https:\/\/www.inoxforniture.it\/wp-content\/uploads\/2021\/01\/logo_inox.png","contentUrl":"https:\/\/www.inoxforniture.it\/wp-content\/uploads\/2021\/01\/logo_inox.png","width":230,"height":44,"caption":"Inox Forniture srl"},"image":{"@id":"https:\/\/www.inoxforniture.it\/#\/schema\/logo\/image\/"},"sameAs":["https:\/\/www.facebook.com\/Inox.Forniture","https:\/\/x.com\/InoxForniture"]}]}},"df_price":11.65,"df_sale_price":"","df_regular_price":11.65,"df_image_link":"https:\/\/www.inoxforniture.it\/wp-content\/uploads\/2014\/10\/e620001_1-300x300.jpg","tiered_pricing_type":"fixed","tiered_pricing_fixed_rules":{"2":9.32,"4":8.155,"16":7.5725},"tiered_pricing_product_settings":{"layout":"default","base_unit_name":{"singular":null,"plural":null},"default_variation":null},"tiered_pricing_minimum_quantity":null,"tiered_pricing_roles_data":{"privato":{"product_id":58613,"role":"privato","pricing_type":"flat","regular_price":null,"sale_price":null,"discount":null,"discount_type":"sale_price","tiered_pricing_type":"fixed","percentage_rules":[],"fixed_rules":{"2":"9.3200","4":"8.1550","16":"7.5725"},"minimum":null},"azienda":{"product_id":58613,"role":"azienda","pricing_type":"flat","regular_price":9.32,"sale_price":null,"discount":null,"discount_type":"sale_price","tiered_pricing_type":"fixed","percentage_rules":[],"fixed_rules":{"4":"8.1550","16":"7.5725"},"minimum":null},"azienda_premium":{"product_id":58613,"role":"azienda_premium","pricing_type":"flat","regular_price":9.32,"sale_price":null,"discount":null,"discount_type":"sale_price","tiered_pricing_type":"fixed","percentage_rules":[],"fixed_rules":{"4":"8.1550","16":"7.5725"},"minimum":null}},"tiered_pricing_percentage_rules":[],"tiered_pricing_maximum_quantity":null,"tiered_pricing_quantity_step":null,"_links":{"self":[{"href":"https:\/\/www.inoxforniture.it\/fr\/wp-json\/wp\/v2\/product\/58613","targetHints":{"allow":["GET"]}}],"collection":[{"href":"https:\/\/www.inoxforniture.it\/fr\/wp-json\/wp\/v2\/product"}],"about":[{"href":"https:\/\/www.inoxforniture.it\/fr\/wp-json\/wp\/v2\/types\/product"}],"wp:featuredmedia":[{"embeddable":true,"href":"https:\/\/www.inoxforniture.it\/fr\/wp-json\/wp\/v2\/media\/58614"}],"wp:attachment":[{"href":"https:\/\/www.inoxforniture.it\/fr\/wp-json\/wp\/v2\/media?parent=58613"}],"wp:term":[{"taxonomy":"product_brand","embeddable":true,"href":"https:\/\/www.inoxforniture.it\/fr\/wp-json\/wp\/v2\/product_brand?post=58613"},{"taxonomy":"product_cat","embeddable":true,"href":"https:\/\/www.inoxforniture.it\/fr\/wp-json\/wp\/v2\/product_cat?post=58613"},{"taxonomy":"product_tag","embeddable":true,"href":"https:\/\/www.inoxforniture.it\/fr\/wp-json\/wp\/v2\/product_tag?post=58613"}],"curies":[{"name":"wp","href":"https:\/\/api.w.org\/{rel}","templated":true}]}}