{"id":58600,"date":"2014-10-17T13:41:38","date_gmt":"2014-10-17T11:41:38","guid":{"rendered":"https:\/\/www.inoxforniture.it\/scie-cloche-tct-pour-acier-inoxydable\/"},"modified":"2026-01-23T18:35:52","modified_gmt":"2026-01-23T17:35:52","slug":"scie-cloche-tct-pour-acier-inoxydable","status":"publish","type":"product","link":"https:\/\/www.inoxforniture.it\/fr\/scie-cloche-tct-pour-acier-inoxydable\/","title":{"rendered":"SCIE-CLOCHE TCT POUR ACIER INOXYDABLE"},"content":{"rendered":"<p>&#8211; Pi\u00e8ce unique avec tige, foret pilote rempla\u00e7able &#8211; Avec dents en carbure de tungst\u00e8ne &#8211; Ressort d&rsquo;\u00e9jection de 17 mm &#8211; Pression maximale de per\u00e7age 8 mm &#8211; Chaque pi\u00e8ce dans un emballage plastique &#8211; Scies-cloches \u00e0 pointe en carbure de tungst\u00e8ne pour acier inoxydable, compl\u00e8tes avec tige et foret pilote &#8211; D : 14 mm \/ 9\/16&Prime; env.<\/p>\n<p><iframe width=\"420\" height=\"315\" src=\"\/\/www.youtube.com\/embed\/UZ4q-9c9XBs\" frameborder=\"0\" allowfullscreen=\"\"><\/iframe><\/p>\n","protected":false},"excerpt":{"rendered":"<p>&#8211; Pi\u00e8ce unique avec tige, foret pilote rempla\u00e7able<br \/>\n&#8211; Avec dents en carbure de tungst\u00e8ne<br \/>\n&#8211; Ressort d&rsquo;\u00e9jection de 17 mm<br \/>\n&#8211; Pression maximale de per\u00e7age 8 mm<br \/>\n&#8211; Chaque pi\u00e8ce dans un emballage plastique<br \/>\n&#8211; Scies-cloches \u00e0 pointe en carbure de tungst\u00e8ne pour acier inoxydable, compl\u00e8tes avec tige et foret pilote &#8211; D : 14 mm \/ 9\/16&Prime; env.<\/p>\n","protected":false},"featured_media":58601,"template":"","meta":{"_acf_changed":false},"product_brand":[],"product_cat":[4096],"product_tag":[],"class_list":{"0":"post-58600","1":"product","2":"type-product","3":"status-publish","4":"has-post-thumbnail","6":"product_cat-percage","7":"pa_marchio-ecef","8":"pa_prodotto-scie-cloche-tct-pour-acier-inoxydable-d-14-mm","9":"pa_prodotto-scie-cloche-tct-pour-acier-inoxydable-d-16-mm","10":"pa_prodotto-scie-cloche-tct-pour-acier-inoxydable-d-19-mm","11":"pa_prodotto-scie-cloche-tct-pour-acier-inoxydable-d-20-mm","12":"pa_prodotto-scie-cloche-tct-pour-acier-inoxydable-d-30-mm","13":"pa_prodotto-scie-cloche-tct-pour-acier-inoxydable-d-34-mm","14":"pa_prodotto-scie-cloche-tct-pour-acier-inoxydable-d-35-mm","15":"pa_prodotto-scie-cloche-tct-pour-acier-inoxydable-d-40-mm","16":"pa_prodotto-scie-cloche-tct-pour-acier-inoxydable-d-43-mm","18":"first","19":"onbackorder","20":"taxable","21":"shipping-taxable","22":"purchasable","23":"product-type-variable"},"acf":[],"yoast_head":"<!-- This site is optimized with the Yoast SEO plugin v27.3 - https:\/\/yoast.com\/product\/yoast-seo-wordpress\/ -->\n<title>SCIE-CLOCHE TCT POUR ACIER INOXYDABLE - Inox Forniture<\/title>\n<meta name=\"robots\" content=\"index, follow, max-snippet:-1, max-image-preview:large, max-video-preview:-1\" \/>\n<link rel=\"canonical\" href=\"https:\/\/www.inoxforniture.it\/fr\/scie-cloche-tct-pour-acier-inoxydable\/\" \/>\n<meta property=\"og:locale\" content=\"fr_FR\" \/>\n<meta property=\"og:type\" content=\"article\" \/>\n<meta property=\"og:title\" content=\"SCIE-CLOCHE TCT POUR ACIER INOXYDABLE - Inox Forniture\" \/>\n<meta property=\"og:description\" content=\"- Pi\u00e8ce unique avec tige, foret pilote rempla\u00e7able - Avec dents en carbure de tungst\u00e8ne - Ressort d&#039;\u00e9jection de 17 mm - Pression maximale de per\u00e7age 8 mm - Chaque pi\u00e8ce dans un emballage plastique - Scies-cloches \u00e0 pointe en carbure de tungst\u00e8ne pour acier inoxydable, compl\u00e8tes avec tige et foret pilote - D : 14 mm \/ 9\/16&quot; env.\" \/>\n<meta property=\"og:url\" content=\"https:\/\/www.inoxforniture.it\/fr\/scie-cloche-tct-pour-acier-inoxydable\/\" \/>\n<meta property=\"og:site_name\" content=\"Inox Forniture\" \/>\n<meta property=\"article:publisher\" content=\"https:\/\/www.facebook.com\/Inox.Forniture\" \/>\n<meta property=\"article:modified_time\" content=\"2026-01-23T17:35:52+00:00\" \/>\n<meta property=\"og:image\" content=\"https:\/\/www.inoxforniture.it\/wp-content\/uploads\/2014\/10\/e610000_1.jpg\" \/>\n\t<meta property=\"og:image:width\" content=\"480\" \/>\n\t<meta property=\"og:image:height\" content=\"480\" \/>\n\t<meta property=\"og:image:type\" content=\"image\/jpeg\" \/>\n<meta name=\"twitter:card\" content=\"summary_large_image\" \/>\n<meta name=\"twitter:site\" content=\"@InoxForniture\" \/>\n<script type=\"application\/ld+json\" class=\"yoast-schema-graph\">{\"@context\":\"https:\\\/\\\/schema.org\",\"@graph\":[{\"@type\":\"WebPage\",\"@id\":\"https:\\\/\\\/www.inoxforniture.it\\\/fr\\\/scie-cloche-tct-pour-acier-inoxydable\\\/\",\"url\":\"https:\\\/\\\/www.inoxforniture.it\\\/fr\\\/scie-cloche-tct-pour-acier-inoxydable\\\/\",\"name\":\"SCIE-CLOCHE TCT POUR ACIER INOXYDABLE - Inox Forniture\",\"isPartOf\":{\"@id\":\"https:\\\/\\\/www.inoxforniture.it\\\/#website\"},\"primaryImageOfPage\":{\"@id\":\"https:\\\/\\\/www.inoxforniture.it\\\/fr\\\/scie-cloche-tct-pour-acier-inoxydable\\\/#primaryimage\"},\"image\":{\"@id\":\"https:\\\/\\\/www.inoxforniture.it\\\/fr\\\/scie-cloche-tct-pour-acier-inoxydable\\\/#primaryimage\"},\"thumbnailUrl\":\"https:\\\/\\\/www.inoxforniture.it\\\/wp-content\\\/uploads\\\/2014\\\/10\\\/e610000_1.jpg\",\"datePublished\":\"2014-10-17T11:41:38+00:00\",\"dateModified\":\"2026-01-23T17:35:52+00:00\",\"breadcrumb\":{\"@id\":\"https:\\\/\\\/www.inoxforniture.it\\\/fr\\\/scie-cloche-tct-pour-acier-inoxydable\\\/#breadcrumb\"},\"inLanguage\":\"fr-FR\",\"potentialAction\":[{\"@type\":\"ReadAction\",\"target\":[\"https:\\\/\\\/www.inoxforniture.it\\\/fr\\\/scie-cloche-tct-pour-acier-inoxydable\\\/\"]}]},{\"@type\":\"ImageObject\",\"inLanguage\":\"fr-FR\",\"@id\":\"https:\\\/\\\/www.inoxforniture.it\\\/fr\\\/scie-cloche-tct-pour-acier-inoxydable\\\/#primaryimage\",\"url\":\"https:\\\/\\\/www.inoxforniture.it\\\/wp-content\\\/uploads\\\/2014\\\/10\\\/e610000_1.jpg\",\"contentUrl\":\"https:\\\/\\\/www.inoxforniture.it\\\/wp-content\\\/uploads\\\/2014\\\/10\\\/e610000_1.jpg\",\"width\":480,\"height\":480,\"caption\":\"SCIE-CLOCHE TCT POUR ACIER INOXYDABLE-0\"},{\"@type\":\"BreadcrumbList\",\"@id\":\"https:\\\/\\\/www.inoxforniture.it\\\/fr\\\/scie-cloche-tct-pour-acier-inoxydable\\\/#breadcrumb\",\"itemListElement\":[{\"@type\":\"ListItem\",\"position\":1,\"name\":\"Accueil\",\"item\":\"https:\\\/\\\/www.inoxforniture.it\\\/\"},{\"@type\":\"ListItem\",\"position\":2,\"name\":\"Boutique\",\"item\":\"https:\\\/\\\/www.inoxforniture.it\\\/fr\\\/boutique\\\/\"},{\"@type\":\"ListItem\",\"position\":3,\"name\":\"Macchine e materiali\",\"item\":\"https:\\\/\\\/www.inoxforniture.it\\\/macchine-e-materiali\\\/\"},{\"@type\":\"ListItem\",\"position\":4,\"name\":\"Foratura\",\"item\":\"https:\\\/\\\/www.inoxforniture.it\\\/foratura\\\/\"},{\"@type\":\"ListItem\",\"position\":5,\"name\":\"SCIE-CLOCHE TCT POUR ACIER INOXYDABLE\"}]},{\"@type\":\"WebSite\",\"@id\":\"https:\\\/\\\/www.inoxforniture.it\\\/#website\",\"url\":\"https:\\\/\\\/www.inoxforniture.it\\\/\",\"name\":\"Inox Forniture\",\"description\":\"\",\"publisher\":{\"@id\":\"https:\\\/\\\/www.inoxforniture.it\\\/#organization\"},\"potentialAction\":[{\"@type\":\"SearchAction\",\"target\":{\"@type\":\"EntryPoint\",\"urlTemplate\":\"https:\\\/\\\/www.inoxforniture.it\\\/?s={search_term_string}\"},\"query-input\":{\"@type\":\"PropertyValueSpecification\",\"valueRequired\":true,\"valueName\":\"search_term_string\"}}],\"inLanguage\":\"fr-FR\"},{\"@type\":\"Organization\",\"@id\":\"https:\\\/\\\/www.inoxforniture.it\\\/#organization\",\"name\":\"Inox Forniture srl\",\"url\":\"https:\\\/\\\/www.inoxforniture.it\\\/\",\"logo\":{\"@type\":\"ImageObject\",\"inLanguage\":\"fr-FR\",\"@id\":\"https:\\\/\\\/www.inoxforniture.it\\\/#\\\/schema\\\/logo\\\/image\\\/\",\"url\":\"https:\\\/\\\/www.inoxforniture.it\\\/wp-content\\\/uploads\\\/2021\\\/01\\\/logo_inox.png\",\"contentUrl\":\"https:\\\/\\\/www.inoxforniture.it\\\/wp-content\\\/uploads\\\/2021\\\/01\\\/logo_inox.png\",\"width\":230,\"height\":44,\"caption\":\"Inox Forniture srl\"},\"image\":{\"@id\":\"https:\\\/\\\/www.inoxforniture.it\\\/#\\\/schema\\\/logo\\\/image\\\/\"},\"sameAs\":[\"https:\\\/\\\/www.facebook.com\\\/Inox.Forniture\",\"https:\\\/\\\/x.com\\\/InoxForniture\"]}]}<\/script>\n<!-- \/ Yoast SEO plugin. -->","yoast_head_json":{"title":"SCIE-CLOCHE TCT POUR ACIER INOXYDABLE - Inox Forniture","robots":{"index":"index","follow":"follow","max-snippet":"max-snippet:-1","max-image-preview":"max-image-preview:large","max-video-preview":"max-video-preview:-1"},"canonical":"https:\/\/www.inoxforniture.it\/fr\/scie-cloche-tct-pour-acier-inoxydable\/","og_locale":"fr_FR","og_type":"article","og_title":"SCIE-CLOCHE TCT POUR ACIER INOXYDABLE - Inox Forniture","og_description":"- Pi\u00e8ce unique avec tige, foret pilote rempla\u00e7able - Avec dents en carbure de tungst\u00e8ne - Ressort d'\u00e9jection de 17 mm - Pression maximale de per\u00e7age 8 mm - Chaque pi\u00e8ce dans un emballage plastique - Scies-cloches \u00e0 pointe en carbure de tungst\u00e8ne pour acier inoxydable, compl\u00e8tes avec tige et foret pilote - D : 14 mm \/ 9\/16\" env.","og_url":"https:\/\/www.inoxforniture.it\/fr\/scie-cloche-tct-pour-acier-inoxydable\/","og_site_name":"Inox Forniture","article_publisher":"https:\/\/www.facebook.com\/Inox.Forniture","article_modified_time":"2026-01-23T17:35:52+00:00","og_image":[{"width":480,"height":480,"url":"https:\/\/www.inoxforniture.it\/wp-content\/uploads\/2014\/10\/e610000_1.jpg","type":"image\/jpeg"}],"twitter_card":"summary_large_image","twitter_site":"@InoxForniture","schema":{"@context":"https:\/\/schema.org","@graph":[{"@type":"WebPage","@id":"https:\/\/www.inoxforniture.it\/fr\/scie-cloche-tct-pour-acier-inoxydable\/","url":"https:\/\/www.inoxforniture.it\/fr\/scie-cloche-tct-pour-acier-inoxydable\/","name":"SCIE-CLOCHE TCT POUR ACIER INOXYDABLE - Inox Forniture","isPartOf":{"@id":"https:\/\/www.inoxforniture.it\/#website"},"primaryImageOfPage":{"@id":"https:\/\/www.inoxforniture.it\/fr\/scie-cloche-tct-pour-acier-inoxydable\/#primaryimage"},"image":{"@id":"https:\/\/www.inoxforniture.it\/fr\/scie-cloche-tct-pour-acier-inoxydable\/#primaryimage"},"thumbnailUrl":"https:\/\/www.inoxforniture.it\/wp-content\/uploads\/2014\/10\/e610000_1.jpg","datePublished":"2014-10-17T11:41:38+00:00","dateModified":"2026-01-23T17:35:52+00:00","breadcrumb":{"@id":"https:\/\/www.inoxforniture.it\/fr\/scie-cloche-tct-pour-acier-inoxydable\/#breadcrumb"},"inLanguage":"fr-FR","potentialAction":[{"@type":"ReadAction","target":["https:\/\/www.inoxforniture.it\/fr\/scie-cloche-tct-pour-acier-inoxydable\/"]}]},{"@type":"ImageObject","inLanguage":"fr-FR","@id":"https:\/\/www.inoxforniture.it\/fr\/scie-cloche-tct-pour-acier-inoxydable\/#primaryimage","url":"https:\/\/www.inoxforniture.it\/wp-content\/uploads\/2014\/10\/e610000_1.jpg","contentUrl":"https:\/\/www.inoxforniture.it\/wp-content\/uploads\/2014\/10\/e610000_1.jpg","width":480,"height":480,"caption":"SCIE-CLOCHE TCT POUR ACIER INOXYDABLE-0"},{"@type":"BreadcrumbList","@id":"https:\/\/www.inoxforniture.it\/fr\/scie-cloche-tct-pour-acier-inoxydable\/#breadcrumb","itemListElement":[{"@type":"ListItem","position":1,"name":"Accueil","item":"https:\/\/www.inoxforniture.it\/"},{"@type":"ListItem","position":2,"name":"Boutique","item":"https:\/\/www.inoxforniture.it\/fr\/boutique\/"},{"@type":"ListItem","position":3,"name":"Macchine e materiali","item":"https:\/\/www.inoxforniture.it\/macchine-e-materiali\/"},{"@type":"ListItem","position":4,"name":"Foratura","item":"https:\/\/www.inoxforniture.it\/foratura\/"},{"@type":"ListItem","position":5,"name":"SCIE-CLOCHE TCT POUR ACIER INOXYDABLE"}]},{"@type":"WebSite","@id":"https:\/\/www.inoxforniture.it\/#website","url":"https:\/\/www.inoxforniture.it\/","name":"Inox Forniture","description":"","publisher":{"@id":"https:\/\/www.inoxforniture.it\/#organization"},"potentialAction":[{"@type":"SearchAction","target":{"@type":"EntryPoint","urlTemplate":"https:\/\/www.inoxforniture.it\/?s={search_term_string}"},"query-input":{"@type":"PropertyValueSpecification","valueRequired":true,"valueName":"search_term_string"}}],"inLanguage":"fr-FR"},{"@type":"Organization","@id":"https:\/\/www.inoxforniture.it\/#organization","name":"Inox Forniture srl","url":"https:\/\/www.inoxforniture.it\/","logo":{"@type":"ImageObject","inLanguage":"fr-FR","@id":"https:\/\/www.inoxforniture.it\/#\/schema\/logo\/image\/","url":"https:\/\/www.inoxforniture.it\/wp-content\/uploads\/2021\/01\/logo_inox.png","contentUrl":"https:\/\/www.inoxforniture.it\/wp-content\/uploads\/2021\/01\/logo_inox.png","width":230,"height":44,"caption":"Inox Forniture srl"},"image":{"@id":"https:\/\/www.inoxforniture.it\/#\/schema\/logo\/image\/"},"sameAs":["https:\/\/www.facebook.com\/Inox.Forniture","https:\/\/x.com\/InoxForniture"]}]}},"df_price":12.92,"df_sale_price":"","df_regular_price":12.92,"df_image_link":"https:\/\/www.inoxforniture.it\/wp-content\/uploads\/2014\/10\/e610000_1-300x300.jpg","tiered_pricing_type":"fixed","tiered_pricing_fixed_rules":[],"tiered_pricing_product_settings":{"layout":"default","base_unit_name":{"singular":null,"plural":null},"default_variation":null},"tiered_pricing_minimum_quantity":null,"tiered_pricing_roles_data":{"privato":{"product_id":58600,"role":"privato","pricing_type":"flat","regular_price":null,"sale_price":null,"discount":null,"discount_type":"sale_price","tiered_pricing_type":"fixed","percentage_rules":[],"fixed_rules":[],"minimum":null},"azienda":{"product_id":58600,"role":"azienda","pricing_type":"flat","regular_price":null,"sale_price":null,"discount":null,"discount_type":"sale_price","tiered_pricing_type":"fixed","percentage_rules":[],"fixed_rules":[],"minimum":null},"azienda_premium":{"product_id":58600,"role":"azienda_premium","pricing_type":"flat","regular_price":null,"sale_price":null,"discount":null,"discount_type":"sale_price","tiered_pricing_type":"fixed","percentage_rules":[],"fixed_rules":[],"minimum":null}},"tiered_pricing_percentage_rules":[],"tiered_pricing_maximum_quantity":null,"tiered_pricing_quantity_step":null,"_links":{"self":[{"href":"https:\/\/www.inoxforniture.it\/fr\/wp-json\/wp\/v2\/product\/58600","targetHints":{"allow":["GET"]}}],"collection":[{"href":"https:\/\/www.inoxforniture.it\/fr\/wp-json\/wp\/v2\/product"}],"about":[{"href":"https:\/\/www.inoxforniture.it\/fr\/wp-json\/wp\/v2\/types\/product"}],"wp:featuredmedia":[{"embeddable":true,"href":"https:\/\/www.inoxforniture.it\/fr\/wp-json\/wp\/v2\/media\/58601"}],"wp:attachment":[{"href":"https:\/\/www.inoxforniture.it\/fr\/wp-json\/wp\/v2\/media?parent=58600"}],"wp:term":[{"taxonomy":"product_brand","embeddable":true,"href":"https:\/\/www.inoxforniture.it\/fr\/wp-json\/wp\/v2\/product_brand?post=58600"},{"taxonomy":"product_cat","embeddable":true,"href":"https:\/\/www.inoxforniture.it\/fr\/wp-json\/wp\/v2\/product_cat?post=58600"},{"taxonomy":"product_tag","embeddable":true,"href":"https:\/\/www.inoxforniture.it\/fr\/wp-json\/wp\/v2\/product_tag?post=58600"}],"curies":[{"name":"wp","href":"https:\/\/api.w.org\/{rel}","templated":true}]}}