{"id":58573,"date":"2025-09-25T16:52:19","date_gmt":"2025-09-25T14:52:19","guid":{"rendered":"https:\/\/www.inoxforniture.it\/poteau-rond-inox-pour-verre\/"},"modified":"2026-01-23T18:39:04","modified_gmt":"2026-01-23T17:39:04","slug":"poteau-rond-inox-pour-verre","status":"publish","type":"product","link":"https:\/\/www.inoxforniture.it\/fr\/poteau-rond-inox-pour-verre\/","title":{"rendered":"POTEAU ROND INOX POUR VERRE"},"content":{"rendered":"<p>Le poteau rond inox pour verre est disponible en AISI 304 BROSS\u00c9 et en AISI 316 BROSS\u00c9 ou POLI MIROIR. Il est possible de choisir parmi plusieurs variantes : mat\u00e9riau, type de fixation et position des pinces.<br \/>\nLes pinces sont \u00e9quip\u00e9es d&rsquo;une goupille de s\u00e9curit\u00e9 \u00e0 utiliser si n\u00e9cessaire et peuvent serrer des verres d&rsquo;\u00e9paisseur : 8,0 &#8211; 8,76 &#8211; 10,0 &#8211; 10,76 &#8211; 12,0 &#8211; 12,76 mm. <\/p>\n<p>Id\u00e9al pour les balustrades de piscine et pour d\u00e9limiter les espaces dans les \u00e9tablissements commerciaux.<\/p>\n<p>GUIDE DE S\u00c9LECTION :<\/p>\n<p>MAT\u00c9RIAU :<br \/>\nAISI 304 SATIN\u00c9 (usage int\u00e9rieur environnements non agressifs, ex. pas de piscines ou centres thermaux)<br \/>\nAISI 316 SATIN\u00c9 (usage ext\u00e9rieur environnements non agressifs)<br \/>\nAISI 316 BRILLANT (proximit\u00e9 de la mer, piscines et centres thermaux)<br \/>\nPour plus de d\u00e9tails sur le choix du mat\u00e9riau, voir : <a href=\"https:\/\/www.inoxforniture.it\/fr\/en-savoir-plus\/aciers-inoxydables-aisi-304-et-aisi-316\/\" target=\"_blank\" rel=\"noopener\">informations compl\u00e9mentaires<\/a><\/p>\n<p>TYPE DE FIXATION :<br \/>\nAu sol :<br \/>\nla fixation du poteau se fait sur le sol via une platine ronde de diam\u00e8tre 80 mm pour les versions en AISI 304 et de diam\u00e8tre 120 mm pour celles en AISI 316.<br \/>\nUne rosace de finition est fournie avec la platine.<\/p>\n<p>DIAM\u00c8TRE DU POTEAU :<br \/>\nDiam\u00e8tre 42,4 mm.<br \/>\nIl est propos\u00e9 pour la version en AISI 304 et pour celles en AISI 316. C&rsquo;est le diam\u00e8tre le plus utilis\u00e9 et il convient bien aux installations int\u00e9rieures et ext\u00e9rieures. <\/p>\n<p>POSITION DES PINCES<br \/>\nIl est possible de choisir la position des pinces qui serreront le verre afin de pouvoir commander des poteaux pour r\u00e9aliser des sections droites, des angles et des d\u00e9parts.<\/p>\n<figure id=\"attachment_55818\" aria-describedby=\"caption-attachment-55818\" style=\"width: 600px\" class=\"wp-caption alignnone\"><img fetchpriority=\"high\" decoding=\"async\" class=\"size-full wp-image-55818\" src=\"https:\/\/www.inoxforniture.it\/wp-content\/uploads\/2025\/09\/mon008-02.jpg\" alt=\"{%ALT_TEXT%}\" width=\"600\" height=\"600\" srcset=\"https:\/\/www.inoxforniture.it\/wp-content\/uploads\/2025\/09\/mon008-02.jpg 600w, https:\/\/www.inoxforniture.it\/wp-content\/uploads\/2025\/09\/mon008-02-400x400.jpg 400w\" sizes=\"(max-width: 600px) 100vw, 600px\" \/><figcaption id=\"caption-attachment-55818\" class=\"wp-caption-text\">{%CAPTION%}<\/figcaption><\/figure>\n","protected":false},"excerpt":{"rendered":"<p>Poteau rond inox pour verres d&rsquo;\u00e9paisseur : 8,0 &#8211; 8,76 &#8211; 10,0 &#8211; 10,76 &#8211; 12,0 &#8211; 12,76 mm. Pinces \u00e9quip\u00e9es d&rsquo;une goupille de s\u00e9curit\u00e9 \u00e0 utiliser si n\u00e9cessaire.<\/p>\n<p><strong><span style=\"color: red;\">CONFIGUREZ VOTRE POTEAU EN CHOISISSANT LES OPTIONS CI-DESSOUS<\/span><\/strong><br \/>\n(Guide de s\u00e9lection plus bas)<\/p>\n","protected":false},"featured_media":58575,"template":"","meta":{"_acf_changed":false},"product_brand":[],"product_cat":[4097],"product_tag":[],"class_list":{"0":"post-58573","1":"product","2":"type-product","3":"status-publish","4":"has-post-thumbnail","6":"product_cat-poteaux-prets","7":"pa_altezza-dal-calpestio-100-cm","8":"pa_altezza-dal-calpestio-110-cm","9":"pa_disposizione-morsetti-a-90","10":"pa_disposizione-morsetti-aveugle-droite","11":"pa_disposizione-morsetti-aveugle-gauche","12":"pa_disposizione-morsetti-en-ligne","13":"pa_materiale-aisi-304-brossee","14":"pa_materiale-aisi-316-brossee","15":"pa_materiale-aisi-316-poli-miroir","17":"first","18":"onbackorder","19":"taxable","20":"shipping-taxable","21":"purchasable","22":"product-type-variable"},"acf":[],"yoast_head":"<!-- This site is optimized with the Yoast SEO plugin v27.3 - https:\/\/yoast.com\/product\/yoast-seo-wordpress\/ -->\n<title>POTEAU ROND INOX POUR VERRE - Inox Forniture<\/title>\n<meta name=\"description\" content=\"Poteau rond inox pour verre disponible en AISI 304 et AISI 316, finition BROSS\u00c9E ou POLI MIROIR. Pour verres de 8 \u00e0 12,76 mm. Configurez et achetez-le en ligne.\" \/>\n<meta name=\"robots\" content=\"index, follow, max-snippet:-1, max-image-preview:large, max-video-preview:-1\" \/>\n<link rel=\"canonical\" href=\"https:\/\/www.inoxforniture.it\/fr\/poteau-rond-inox-pour-verre\/\" \/>\n<meta property=\"og:locale\" content=\"fr_FR\" \/>\n<meta property=\"og:type\" content=\"article\" \/>\n<meta property=\"og:title\" content=\"POTEAU ROND INOX POUR VERRE - Inox Forniture\" \/>\n<meta property=\"og:description\" content=\"Poteau rond inox pour verre disponible en AISI 304 et AISI 316, finition BROSS\u00c9E ou POLI MIROIR. Pour verres de 8 \u00e0 12,76 mm. Configurez et achetez-le en ligne.\" \/>\n<meta property=\"og:url\" content=\"https:\/\/www.inoxforniture.it\/fr\/poteau-rond-inox-pour-verre\/\" \/>\n<meta property=\"og:site_name\" content=\"Inox Forniture\" \/>\n<meta property=\"article:publisher\" content=\"https:\/\/www.facebook.com\/Inox.Forniture\" \/>\n<meta property=\"article:modified_time\" content=\"2026-01-23T17:39:04+00:00\" \/>\n<meta property=\"og:image\" content=\"https:\/\/www.inoxforniture.it\/wp-content\/uploads\/2025\/09\/mon008-01.jpg\" \/>\n\t<meta property=\"og:image:width\" content=\"600\" \/>\n\t<meta property=\"og:image:height\" content=\"600\" \/>\n\t<meta property=\"og:image:type\" content=\"image\/jpeg\" \/>\n<meta name=\"twitter:card\" content=\"summary_large_image\" \/>\n<meta name=\"twitter:site\" content=\"@InoxForniture\" \/>\n<meta name=\"twitter:label1\" content=\"Dur\u00e9e de lecture estim\u00e9e\" \/>\n\t<meta name=\"twitter:data1\" content=\"1 minute\" \/>\n<script type=\"application\/ld+json\" class=\"yoast-schema-graph\">{\"@context\":\"https:\\\/\\\/schema.org\",\"@graph\":[{\"@type\":\"WebPage\",\"@id\":\"https:\\\/\\\/www.inoxforniture.it\\\/fr\\\/poteau-rond-inox-pour-verre\\\/\",\"url\":\"https:\\\/\\\/www.inoxforniture.it\\\/fr\\\/poteau-rond-inox-pour-verre\\\/\",\"name\":\"POTEAU ROND INOX POUR VERRE - Inox Forniture\",\"isPartOf\":{\"@id\":\"https:\\\/\\\/www.inoxforniture.it\\\/#website\"},\"primaryImageOfPage\":{\"@id\":\"https:\\\/\\\/www.inoxforniture.it\\\/fr\\\/poteau-rond-inox-pour-verre\\\/#primaryimage\"},\"image\":{\"@id\":\"https:\\\/\\\/www.inoxforniture.it\\\/fr\\\/poteau-rond-inox-pour-verre\\\/#primaryimage\"},\"thumbnailUrl\":\"https:\\\/\\\/www.inoxforniture.it\\\/wp-content\\\/uploads\\\/2025\\\/09\\\/mon008-01.jpg\",\"datePublished\":\"2025-09-25T14:52:19+00:00\",\"dateModified\":\"2026-01-23T17:39:04+00:00\",\"description\":\"Poteau rond inox pour verre disponible en AISI 304 et AISI 316, finition BROSS\u00c9E ou POLI MIROIR. Pour verres de 8 \u00e0 12,76 mm. Configurez et achetez-le en ligne.\",\"breadcrumb\":{\"@id\":\"https:\\\/\\\/www.inoxforniture.it\\\/fr\\\/poteau-rond-inox-pour-verre\\\/#breadcrumb\"},\"inLanguage\":\"fr-FR\",\"potentialAction\":[{\"@type\":\"ReadAction\",\"target\":[\"https:\\\/\\\/www.inoxforniture.it\\\/fr\\\/poteau-rond-inox-pour-verre\\\/\"]}]},{\"@type\":\"ImageObject\",\"inLanguage\":\"fr-FR\",\"@id\":\"https:\\\/\\\/www.inoxforniture.it\\\/fr\\\/poteau-rond-inox-pour-verre\\\/#primaryimage\",\"url\":\"https:\\\/\\\/www.inoxforniture.it\\\/wp-content\\\/uploads\\\/2025\\\/09\\\/mon008-01.jpg\",\"contentUrl\":\"https:\\\/\\\/www.inoxforniture.it\\\/wp-content\\\/uploads\\\/2025\\\/09\\\/mon008-01.jpg\",\"width\":600,\"height\":600,\"caption\":\"Poteau rond en acier inox avec pinces pour verres. Disponible en AISI 304 et AISI 316 en finition polie miroir et bross\u00e9e.\"},{\"@type\":\"BreadcrumbList\",\"@id\":\"https:\\\/\\\/www.inoxforniture.it\\\/fr\\\/poteau-rond-inox-pour-verre\\\/#breadcrumb\",\"itemListElement\":[{\"@type\":\"ListItem\",\"position\":1,\"name\":\"Accueil\",\"item\":\"https:\\\/\\\/www.inoxforniture.it\\\/\"},{\"@type\":\"ListItem\",\"position\":2,\"name\":\"Boutique\",\"item\":\"https:\\\/\\\/www.inoxforniture.it\\\/fr\\\/boutique\\\/\"},{\"@type\":\"ListItem\",\"position\":3,\"name\":\"Sistemi per ringhiere e balaustre\",\"item\":\"https:\\\/\\\/www.inoxforniture.it\\\/sistemi-per-ringhiere-e-balaustre\\\/\"},{\"@type\":\"ListItem\",\"position\":4,\"name\":\"Montanti pronti\",\"item\":\"https:\\\/\\\/www.inoxforniture.it\\\/montanti-pronti\\\/\"},{\"@type\":\"ListItem\",\"position\":5,\"name\":\"POTEAU ROND INOX POUR VERRE\"}]},{\"@type\":\"WebSite\",\"@id\":\"https:\\\/\\\/www.inoxforniture.it\\\/#website\",\"url\":\"https:\\\/\\\/www.inoxforniture.it\\\/\",\"name\":\"Inox Forniture\",\"description\":\"\",\"publisher\":{\"@id\":\"https:\\\/\\\/www.inoxforniture.it\\\/#organization\"},\"potentialAction\":[{\"@type\":\"SearchAction\",\"target\":{\"@type\":\"EntryPoint\",\"urlTemplate\":\"https:\\\/\\\/www.inoxforniture.it\\\/?s={search_term_string}\"},\"query-input\":{\"@type\":\"PropertyValueSpecification\",\"valueRequired\":true,\"valueName\":\"search_term_string\"}}],\"inLanguage\":\"fr-FR\"},{\"@type\":\"Organization\",\"@id\":\"https:\\\/\\\/www.inoxforniture.it\\\/#organization\",\"name\":\"Inox Forniture srl\",\"url\":\"https:\\\/\\\/www.inoxforniture.it\\\/\",\"logo\":{\"@type\":\"ImageObject\",\"inLanguage\":\"fr-FR\",\"@id\":\"https:\\\/\\\/www.inoxforniture.it\\\/#\\\/schema\\\/logo\\\/image\\\/\",\"url\":\"https:\\\/\\\/www.inoxforniture.it\\\/wp-content\\\/uploads\\\/2021\\\/01\\\/logo_inox.png\",\"contentUrl\":\"https:\\\/\\\/www.inoxforniture.it\\\/wp-content\\\/uploads\\\/2021\\\/01\\\/logo_inox.png\",\"width\":230,\"height\":44,\"caption\":\"Inox Forniture srl\"},\"image\":{\"@id\":\"https:\\\/\\\/www.inoxforniture.it\\\/#\\\/schema\\\/logo\\\/image\\\/\"},\"sameAs\":[\"https:\\\/\\\/www.facebook.com\\\/Inox.Forniture\",\"https:\\\/\\\/x.com\\\/InoxForniture\"]}]}<\/script>\n<!-- \/ Yoast SEO plugin. -->","yoast_head_json":{"title":"POTEAU ROND INOX POUR VERRE - Inox Forniture","description":"Poteau rond inox pour verre disponible en AISI 304 et AISI 316, finition BROSS\u00c9E ou POLI MIROIR. Pour verres de 8 \u00e0 12,76 mm. Configurez et achetez-le en ligne.","robots":{"index":"index","follow":"follow","max-snippet":"max-snippet:-1","max-image-preview":"max-image-preview:large","max-video-preview":"max-video-preview:-1"},"canonical":"https:\/\/www.inoxforniture.it\/fr\/poteau-rond-inox-pour-verre\/","og_locale":"fr_FR","og_type":"article","og_title":"POTEAU ROND INOX POUR VERRE - Inox Forniture","og_description":"Poteau rond inox pour verre disponible en AISI 304 et AISI 316, finition BROSS\u00c9E ou POLI MIROIR. Pour verres de 8 \u00e0 12,76 mm. Configurez et achetez-le en ligne.","og_url":"https:\/\/www.inoxforniture.it\/fr\/poteau-rond-inox-pour-verre\/","og_site_name":"Inox Forniture","article_publisher":"https:\/\/www.facebook.com\/Inox.Forniture","article_modified_time":"2026-01-23T17:39:04+00:00","og_image":[{"width":600,"height":600,"url":"https:\/\/www.inoxforniture.it\/wp-content\/uploads\/2025\/09\/mon008-01.jpg","type":"image\/jpeg"}],"twitter_card":"summary_large_image","twitter_site":"@InoxForniture","twitter_misc":{"Dur\u00e9e de lecture estim\u00e9e":"1 minute"},"schema":{"@context":"https:\/\/schema.org","@graph":[{"@type":"WebPage","@id":"https:\/\/www.inoxforniture.it\/fr\/poteau-rond-inox-pour-verre\/","url":"https:\/\/www.inoxforniture.it\/fr\/poteau-rond-inox-pour-verre\/","name":"POTEAU ROND INOX POUR VERRE - Inox Forniture","isPartOf":{"@id":"https:\/\/www.inoxforniture.it\/#website"},"primaryImageOfPage":{"@id":"https:\/\/www.inoxforniture.it\/fr\/poteau-rond-inox-pour-verre\/#primaryimage"},"image":{"@id":"https:\/\/www.inoxforniture.it\/fr\/poteau-rond-inox-pour-verre\/#primaryimage"},"thumbnailUrl":"https:\/\/www.inoxforniture.it\/wp-content\/uploads\/2025\/09\/mon008-01.jpg","datePublished":"2025-09-25T14:52:19+00:00","dateModified":"2026-01-23T17:39:04+00:00","description":"Poteau rond inox pour verre disponible en AISI 304 et AISI 316, finition BROSS\u00c9E ou POLI MIROIR. Pour verres de 8 \u00e0 12,76 mm. Configurez et achetez-le en ligne.","breadcrumb":{"@id":"https:\/\/www.inoxforniture.it\/fr\/poteau-rond-inox-pour-verre\/#breadcrumb"},"inLanguage":"fr-FR","potentialAction":[{"@type":"ReadAction","target":["https:\/\/www.inoxforniture.it\/fr\/poteau-rond-inox-pour-verre\/"]}]},{"@type":"ImageObject","inLanguage":"fr-FR","@id":"https:\/\/www.inoxforniture.it\/fr\/poteau-rond-inox-pour-verre\/#primaryimage","url":"https:\/\/www.inoxforniture.it\/wp-content\/uploads\/2025\/09\/mon008-01.jpg","contentUrl":"https:\/\/www.inoxforniture.it\/wp-content\/uploads\/2025\/09\/mon008-01.jpg","width":600,"height":600,"caption":"Poteau rond en acier inox avec pinces pour verres. Disponible en AISI 304 et AISI 316 en finition polie miroir et bross\u00e9e."},{"@type":"BreadcrumbList","@id":"https:\/\/www.inoxforniture.it\/fr\/poteau-rond-inox-pour-verre\/#breadcrumb","itemListElement":[{"@type":"ListItem","position":1,"name":"Accueil","item":"https:\/\/www.inoxforniture.it\/"},{"@type":"ListItem","position":2,"name":"Boutique","item":"https:\/\/www.inoxforniture.it\/fr\/boutique\/"},{"@type":"ListItem","position":3,"name":"Sistemi per ringhiere e balaustre","item":"https:\/\/www.inoxforniture.it\/sistemi-per-ringhiere-e-balaustre\/"},{"@type":"ListItem","position":4,"name":"Montanti pronti","item":"https:\/\/www.inoxforniture.it\/montanti-pronti\/"},{"@type":"ListItem","position":5,"name":"POTEAU ROND INOX POUR VERRE"}]},{"@type":"WebSite","@id":"https:\/\/www.inoxforniture.it\/#website","url":"https:\/\/www.inoxforniture.it\/","name":"Inox Forniture","description":"","publisher":{"@id":"https:\/\/www.inoxforniture.it\/#organization"},"potentialAction":[{"@type":"SearchAction","target":{"@type":"EntryPoint","urlTemplate":"https:\/\/www.inoxforniture.it\/?s={search_term_string}"},"query-input":{"@type":"PropertyValueSpecification","valueRequired":true,"valueName":"search_term_string"}}],"inLanguage":"fr-FR"},{"@type":"Organization","@id":"https:\/\/www.inoxforniture.it\/#organization","name":"Inox Forniture srl","url":"https:\/\/www.inoxforniture.it\/","logo":{"@type":"ImageObject","inLanguage":"fr-FR","@id":"https:\/\/www.inoxforniture.it\/#\/schema\/logo\/image\/","url":"https:\/\/www.inoxforniture.it\/wp-content\/uploads\/2021\/01\/logo_inox.png","contentUrl":"https:\/\/www.inoxforniture.it\/wp-content\/uploads\/2021\/01\/logo_inox.png","width":230,"height":44,"caption":"Inox Forniture srl"},"image":{"@id":"https:\/\/www.inoxforniture.it\/#\/schema\/logo\/image\/"},"sameAs":["https:\/\/www.facebook.com\/Inox.Forniture","https:\/\/x.com\/InoxForniture"]}]}},"df_price":88,"df_sale_price":"","df_regular_price":88,"df_image_link":"https:\/\/www.inoxforniture.it\/wp-content\/uploads\/2025\/09\/mon008-01-300x300.jpg","tiered_pricing_type":"fixed","tiered_pricing_fixed_rules":[],"tiered_pricing_product_settings":{"layout":"default","base_unit_name":{"singular":null,"plural":null},"default_variation":null},"tiered_pricing_minimum_quantity":null,"tiered_pricing_roles_data":{"privato":{"product_id":58573,"role":"privato","pricing_type":"flat","regular_price":null,"sale_price":null,"discount":null,"discount_type":"sale_price","tiered_pricing_type":"fixed","percentage_rules":[],"fixed_rules":[],"minimum":null},"azienda":{"product_id":58573,"role":"azienda","pricing_type":"flat","regular_price":null,"sale_price":null,"discount":null,"discount_type":"sale_price","tiered_pricing_type":"fixed","percentage_rules":[],"fixed_rules":[],"minimum":null},"azienda_premium":{"product_id":58573,"role":"azienda_premium","pricing_type":"flat","regular_price":null,"sale_price":null,"discount":null,"discount_type":"sale_price","tiered_pricing_type":"fixed","percentage_rules":[],"fixed_rules":[],"minimum":null}},"tiered_pricing_percentage_rules":[],"tiered_pricing_maximum_quantity":null,"tiered_pricing_quantity_step":null,"_links":{"self":[{"href":"https:\/\/www.inoxforniture.it\/fr\/wp-json\/wp\/v2\/product\/58573","targetHints":{"allow":["GET"]}}],"collection":[{"href":"https:\/\/www.inoxforniture.it\/fr\/wp-json\/wp\/v2\/product"}],"about":[{"href":"https:\/\/www.inoxforniture.it\/fr\/wp-json\/wp\/v2\/types\/product"}],"wp:featuredmedia":[{"embeddable":true,"href":"https:\/\/www.inoxforniture.it\/fr\/wp-json\/wp\/v2\/media\/58575"}],"wp:attachment":[{"href":"https:\/\/www.inoxforniture.it\/fr\/wp-json\/wp\/v2\/media?parent=58573"}],"wp:term":[{"taxonomy":"product_brand","embeddable":true,"href":"https:\/\/www.inoxforniture.it\/fr\/wp-json\/wp\/v2\/product_brand?post=58573"},{"taxonomy":"product_cat","embeddable":true,"href":"https:\/\/www.inoxforniture.it\/fr\/wp-json\/wp\/v2\/product_cat?post=58573"},{"taxonomy":"product_tag","embeddable":true,"href":"https:\/\/www.inoxforniture.it\/fr\/wp-json\/wp\/v2\/product_tag?post=58573"}],"curies":[{"name":"wp","href":"https:\/\/api.w.org\/{rel}","templated":true}]}}