{"id":58471,"date":"2025-07-16T11:34:02","date_gmt":"2025-07-16T09:34:02","guid":{"rendered":"https:\/\/www.inoxforniture.it\/poteau-rond-inox-avec-trous-traversants-2\/"},"modified":"2026-01-23T18:39:03","modified_gmt":"2026-01-23T17:39:03","slug":"poteau-rond-inox-avec-trous-traversants-2","status":"publish","type":"product","link":"https:\/\/www.inoxforniture.it\/fr\/poteau-rond-inox-avec-trous-traversants-2\/","title":{"rendered":"POTEAU ROND INOX AVEC TROUS TRAVERSANTS"},"content":{"rendered":"<p>Le poteau rond inox avec trous traversants est tr\u00e8s compact et facile \u00e0 installer gr\u00e2ce aux trous traversants et \u00e0 la vis de serrage.<br \/>\nLes trous de 12,5 mm permettent le passage des lisses de 12 mm et gr\u00e2ce \u00e0 la vis M5 plac\u00e9e \u00e0 90\u00b0 le blocage des lisses s&rsquo;effectue sans devoir souder.<br \/>\nCe poteau est utilis\u00e9 lorsque l&rsquo;installation est de niveau. Les trous traversants ne permettent pas l&rsquo;utilisation sur rampes ou escaliers.<br \/>\nDisponible en acier inox AISI 304 BROSS\u00c9 et en AISI 316 aussi bien BROSS\u00c9 que POLI MIROIR.<br \/>\nIl est possible de choisir entre de nombreuses variantes : mat\u00e9riau, type de fixation et nombre de lisses. <\/p>\n<p>GUIDE DE S\u00c9LECTION :<\/p>\n<p>MAT\u00c9RIAU :<\/p>\n<ul>\n<li>AISI 304 SATIN\u00c9 (usage int\u00e9rieur environnements non agressifs, ex. pas de piscines ou centres thermaux)<\/li>\n<li>AISI 316 SATIN\u00c9 (usage ext\u00e9rieur environnements non agressifs)<\/li>\n<li>AISI 316 POLI (proximit\u00e9 de la mer, piscines et centres thermaux)<\/li>\n<\/ul>\n<p>Pour plus de d\u00e9tails sur le choix du mat\u00e9riau, voir : <a href=\"https:\/\/www.inoxforniture.it\/fr\/en-savoir-plus\/aciers-inoxydables-aisi-304-et-aisi-316\/\" target=\"_blank\" rel=\"noopener\">informations compl\u00e9mentaires<\/a><\/p>\n<p>TYPE DE FIXATION :<\/p>\n<p>Au sol :<br \/>\nla fixation du montant s&rsquo;effectue sur le sol par une platine ronde de diam\u00e8tre 80 mm pour les versions en AISI 304 et de diam\u00e8tre 120 mm pour celles en AISI 316.<br \/>\nAvec la platine est fournie la rondelle de couverture correspondante.<\/p>\n<p>DIAM\u00c8TRE DU POTELET :<\/p>\n<p>Diam\u00e8tre 42,4 mm.<br \/>\n Propos\u00e9 pour la version en AISI 304 et celles en AISI 316. C&rsquo;est le diam\u00e8tre le plus utilis\u00e9 et il convient bien aux installations int\u00e9rieures et ext\u00e9rieures. <\/p>\n<figure id=\"attachment_55190\" aria-describedby=\"caption-attachment-55190\" style=\"width: 600px\" class=\"wp-caption alignnone\"><img fetchpriority=\"high\" decoding=\"async\" class=\"size-full wp-image-55190\" src=\"https:\/\/www.inoxforniture.it\/wp-content\/uploads\/2025\/07\/mon007-02.jpg\" alt=\"{%ALT_TEXT%}\" width=\"600\" height=\"600\" srcset=\"https:\/\/www.inoxforniture.it\/wp-content\/uploads\/2025\/07\/mon007-02.jpg 600w, https:\/\/www.inoxforniture.it\/wp-content\/uploads\/2025\/07\/mon007-02-400x400.jpg 400w\" sizes=\"(max-width: 600px) 100vw, 600px\" \/><figcaption id=\"caption-attachment-55190\" class=\"wp-caption-text\">{%CAPTION%}<\/figcaption><\/figure>\n","protected":false},"excerpt":{"rendered":"<p>Poteau tr\u00e8s compact et facile \u00e0 installer gr\u00e2ce aux trous traversants et \u00e0 la vis de serrage. Les trous de 12,5 mm permettent le passage des lisses de 12 mm et gr\u00e2ce \u00e0 la vis M5 plac\u00e9e \u00e0 90\u00b0 le blocage des lisses s&rsquo;effectue sans devoir souder. Ce poteau est utilis\u00e9 lorsque l&rsquo;installation est de niveau. Les trous traversants ne permettent pas l&rsquo;utilisation sur rampes ou escaliers.   <\/p>\n<p><strong><span style=\"color: red;\">CONFIGUREZ VOTRE POTEAU EN CHOISISSANT LES OPTIONS CI-DESSOUS<\/span><\/strong><br \/>\n(Plus bas le guide de choix)<\/p>\n","protected":false},"featured_media":58480,"template":"","meta":{"_acf_changed":false},"product_brand":[],"product_cat":[4097],"product_tag":[],"class_list":{"0":"post-58471","1":"product","2":"type-product","3":"status-publish","4":"has-post-thumbnail","6":"product_cat-poteaux-prets","7":"pa_altezza-dal-calpestio-100-cm","8":"pa_altezza-dal-calpestio-110-cm","9":"pa_materiale-aisi-304-brossee","10":"pa_materiale-aisi-316-brossee","11":"pa_materiale-aisi-316-poli-miroir","12":"pa_numero-traverse-4145","13":"pa_numero-traverse-4181","14":"pa_numero-traverse-4146","15":"pa_numero-traverse-4147","16":"pa_numero-traverse-4148","17":"pa_numero-traverse-4149","18":"pa_numero-traverse-4150","19":"pa_numero-traverse-4151","20":"pa_numero-traverse-4152","21":"pa_numero-traverse-4153","23":"first","24":"onbackorder","25":"taxable","26":"shipping-taxable","27":"purchasable","28":"product-type-variable"},"acf":[],"yoast_head":"<!-- This site is optimized with the Yoast SEO plugin v27.3 - https:\/\/yoast.com\/product\/yoast-seo-wordpress\/ -->\n<title>POTEAU ROND INOX AVEC TROUS TRAVERSANTS - Inox Forniture<\/title>\n<meta name=\"description\" content=\"Poteau rond inox trous traversants disponible en AISI 304 et AISI 316 BROSS\u00c9 ou POLI MIROIR. Facile \u00e0 installer. Configurable et achetable en ligne.\" \/>\n<meta name=\"robots\" content=\"index, follow, max-snippet:-1, max-image-preview:large, max-video-preview:-1\" \/>\n<link rel=\"canonical\" href=\"https:\/\/www.inoxforniture.it\/fr\/poteau-rond-inox-avec-trous-traversants-2\/\" \/>\n<meta property=\"og:locale\" content=\"fr_FR\" \/>\n<meta property=\"og:type\" content=\"article\" \/>\n<meta property=\"og:title\" content=\"POTEAU ROND INOX AVEC TROUS TRAVERSANTS - Inox Forniture\" \/>\n<meta property=\"og:description\" content=\"Poteau rond inox trous traversants disponible en AISI 304 et AISI 316 BROSS\u00c9 ou POLI MIROIR. Facile \u00e0 installer. Configurable et achetable en ligne.\" \/>\n<meta property=\"og:url\" content=\"https:\/\/www.inoxforniture.it\/fr\/poteau-rond-inox-avec-trous-traversants-2\/\" \/>\n<meta property=\"og:site_name\" content=\"Inox Forniture\" \/>\n<meta property=\"article:publisher\" content=\"https:\/\/www.facebook.com\/Inox.Forniture\" \/>\n<meta property=\"article:modified_time\" content=\"2026-01-23T17:39:03+00:00\" \/>\n<meta property=\"og:image\" content=\"https:\/\/www.inoxforniture.it\/wp-content\/uploads\/2025\/07\/mon007-01.jpg\" \/>\n\t<meta property=\"og:image:width\" content=\"600\" \/>\n\t<meta property=\"og:image:height\" content=\"600\" \/>\n\t<meta property=\"og:image:type\" content=\"image\/jpeg\" \/>\n<meta name=\"twitter:card\" content=\"summary_large_image\" \/>\n<meta name=\"twitter:site\" content=\"@InoxForniture\" \/>\n<meta name=\"twitter:label1\" content=\"Dur\u00e9e de lecture estim\u00e9e\" \/>\n\t<meta name=\"twitter:data1\" content=\"1 minute\" \/>\n<script type=\"application\/ld+json\" class=\"yoast-schema-graph\">{\"@context\":\"https:\\\/\\\/schema.org\",\"@graph\":[{\"@type\":\"WebPage\",\"@id\":\"https:\\\/\\\/www.inoxforniture.it\\\/fr\\\/poteau-rond-inox-avec-trous-traversants-2\\\/\",\"url\":\"https:\\\/\\\/www.inoxforniture.it\\\/fr\\\/poteau-rond-inox-avec-trous-traversants-2\\\/\",\"name\":\"POTEAU ROND INOX AVEC TROUS TRAVERSANTS - Inox Forniture\",\"isPartOf\":{\"@id\":\"https:\\\/\\\/www.inoxforniture.it\\\/#website\"},\"primaryImageOfPage\":{\"@id\":\"https:\\\/\\\/www.inoxforniture.it\\\/fr\\\/poteau-rond-inox-avec-trous-traversants-2\\\/#primaryimage\"},\"image\":{\"@id\":\"https:\\\/\\\/www.inoxforniture.it\\\/fr\\\/poteau-rond-inox-avec-trous-traversants-2\\\/#primaryimage\"},\"thumbnailUrl\":\"https:\\\/\\\/www.inoxforniture.it\\\/wp-content\\\/uploads\\\/2025\\\/07\\\/mon007-01.jpg\",\"datePublished\":\"2025-07-16T09:34:02+00:00\",\"dateModified\":\"2026-01-23T17:39:03+00:00\",\"description\":\"Poteau rond inox trous traversants disponible en AISI 304 et AISI 316 BROSS\u00c9 ou POLI MIROIR. Facile \u00e0 installer. Configurable et achetable en ligne.\",\"breadcrumb\":{\"@id\":\"https:\\\/\\\/www.inoxforniture.it\\\/fr\\\/poteau-rond-inox-avec-trous-traversants-2\\\/#breadcrumb\"},\"inLanguage\":\"fr-FR\",\"potentialAction\":[{\"@type\":\"ReadAction\",\"target\":[\"https:\\\/\\\/www.inoxforniture.it\\\/fr\\\/poteau-rond-inox-avec-trous-traversants-2\\\/\"]}]},{\"@type\":\"ImageObject\",\"inLanguage\":\"fr-FR\",\"@id\":\"https:\\\/\\\/www.inoxforniture.it\\\/fr\\\/poteau-rond-inox-avec-trous-traversants-2\\\/#primaryimage\",\"url\":\"https:\\\/\\\/www.inoxforniture.it\\\/wp-content\\\/uploads\\\/2025\\\/07\\\/mon007-01.jpg\",\"contentUrl\":\"https:\\\/\\\/www.inoxforniture.it\\\/wp-content\\\/uploads\\\/2025\\\/07\\\/mon007-01.jpg\",\"width\":600,\"height\":600,\"caption\":\"Poteau en acier inox pour lisses disponible en AISI 304 et AISI 316 en finition bross\u00e9e ou polie.\"},{\"@type\":\"BreadcrumbList\",\"@id\":\"https:\\\/\\\/www.inoxforniture.it\\\/fr\\\/poteau-rond-inox-avec-trous-traversants-2\\\/#breadcrumb\",\"itemListElement\":[{\"@type\":\"ListItem\",\"position\":1,\"name\":\"Accueil\",\"item\":\"https:\\\/\\\/www.inoxforniture.it\\\/\"},{\"@type\":\"ListItem\",\"position\":2,\"name\":\"Boutique\",\"item\":\"https:\\\/\\\/www.inoxforniture.it\\\/fr\\\/boutique\\\/\"},{\"@type\":\"ListItem\",\"position\":3,\"name\":\"Sistemi per ringhiere e balaustre\",\"item\":\"https:\\\/\\\/www.inoxforniture.it\\\/sistemi-per-ringhiere-e-balaustre\\\/\"},{\"@type\":\"ListItem\",\"position\":4,\"name\":\"Montanti pronti\",\"item\":\"https:\\\/\\\/www.inoxforniture.it\\\/montanti-pronti\\\/\"},{\"@type\":\"ListItem\",\"position\":5,\"name\":\"POTEAU ROND INOX AVEC TROUS TRAVERSANTS\"}]},{\"@type\":\"WebSite\",\"@id\":\"https:\\\/\\\/www.inoxforniture.it\\\/#website\",\"url\":\"https:\\\/\\\/www.inoxforniture.it\\\/\",\"name\":\"Inox Forniture\",\"description\":\"\",\"publisher\":{\"@id\":\"https:\\\/\\\/www.inoxforniture.it\\\/#organization\"},\"potentialAction\":[{\"@type\":\"SearchAction\",\"target\":{\"@type\":\"EntryPoint\",\"urlTemplate\":\"https:\\\/\\\/www.inoxforniture.it\\\/?s={search_term_string}\"},\"query-input\":{\"@type\":\"PropertyValueSpecification\",\"valueRequired\":true,\"valueName\":\"search_term_string\"}}],\"inLanguage\":\"fr-FR\"},{\"@type\":\"Organization\",\"@id\":\"https:\\\/\\\/www.inoxforniture.it\\\/#organization\",\"name\":\"Inox Forniture srl\",\"url\":\"https:\\\/\\\/www.inoxforniture.it\\\/\",\"logo\":{\"@type\":\"ImageObject\",\"inLanguage\":\"fr-FR\",\"@id\":\"https:\\\/\\\/www.inoxforniture.it\\\/#\\\/schema\\\/logo\\\/image\\\/\",\"url\":\"https:\\\/\\\/www.inoxforniture.it\\\/wp-content\\\/uploads\\\/2021\\\/01\\\/logo_inox.png\",\"contentUrl\":\"https:\\\/\\\/www.inoxforniture.it\\\/wp-content\\\/uploads\\\/2021\\\/01\\\/logo_inox.png\",\"width\":230,\"height\":44,\"caption\":\"Inox Forniture srl\"},\"image\":{\"@id\":\"https:\\\/\\\/www.inoxforniture.it\\\/#\\\/schema\\\/logo\\\/image\\\/\"},\"sameAs\":[\"https:\\\/\\\/www.facebook.com\\\/Inox.Forniture\",\"https:\\\/\\\/x.com\\\/InoxForniture\"]}]}<\/script>\n<!-- \/ Yoast SEO plugin. -->","yoast_head_json":{"title":"POTEAU ROND INOX AVEC TROUS TRAVERSANTS - Inox Forniture","description":"Poteau rond inox trous traversants disponible en AISI 304 et AISI 316 BROSS\u00c9 ou POLI MIROIR. Facile \u00e0 installer. Configurable et achetable en ligne.","robots":{"index":"index","follow":"follow","max-snippet":"max-snippet:-1","max-image-preview":"max-image-preview:large","max-video-preview":"max-video-preview:-1"},"canonical":"https:\/\/www.inoxforniture.it\/fr\/poteau-rond-inox-avec-trous-traversants-2\/","og_locale":"fr_FR","og_type":"article","og_title":"POTEAU ROND INOX AVEC TROUS TRAVERSANTS - Inox Forniture","og_description":"Poteau rond inox trous traversants disponible en AISI 304 et AISI 316 BROSS\u00c9 ou POLI MIROIR. Facile \u00e0 installer. Configurable et achetable en ligne.","og_url":"https:\/\/www.inoxforniture.it\/fr\/poteau-rond-inox-avec-trous-traversants-2\/","og_site_name":"Inox Forniture","article_publisher":"https:\/\/www.facebook.com\/Inox.Forniture","article_modified_time":"2026-01-23T17:39:03+00:00","og_image":[{"width":600,"height":600,"url":"https:\/\/www.inoxforniture.it\/wp-content\/uploads\/2025\/07\/mon007-01.jpg","type":"image\/jpeg"}],"twitter_card":"summary_large_image","twitter_site":"@InoxForniture","twitter_misc":{"Dur\u00e9e de lecture estim\u00e9e":"1 minute"},"schema":{"@context":"https:\/\/schema.org","@graph":[{"@type":"WebPage","@id":"https:\/\/www.inoxforniture.it\/fr\/poteau-rond-inox-avec-trous-traversants-2\/","url":"https:\/\/www.inoxforniture.it\/fr\/poteau-rond-inox-avec-trous-traversants-2\/","name":"POTEAU ROND INOX AVEC TROUS TRAVERSANTS - Inox Forniture","isPartOf":{"@id":"https:\/\/www.inoxforniture.it\/#website"},"primaryImageOfPage":{"@id":"https:\/\/www.inoxforniture.it\/fr\/poteau-rond-inox-avec-trous-traversants-2\/#primaryimage"},"image":{"@id":"https:\/\/www.inoxforniture.it\/fr\/poteau-rond-inox-avec-trous-traversants-2\/#primaryimage"},"thumbnailUrl":"https:\/\/www.inoxforniture.it\/wp-content\/uploads\/2025\/07\/mon007-01.jpg","datePublished":"2025-07-16T09:34:02+00:00","dateModified":"2026-01-23T17:39:03+00:00","description":"Poteau rond inox trous traversants disponible en AISI 304 et AISI 316 BROSS\u00c9 ou POLI MIROIR. Facile \u00e0 installer. Configurable et achetable en ligne.","breadcrumb":{"@id":"https:\/\/www.inoxforniture.it\/fr\/poteau-rond-inox-avec-trous-traversants-2\/#breadcrumb"},"inLanguage":"fr-FR","potentialAction":[{"@type":"ReadAction","target":["https:\/\/www.inoxforniture.it\/fr\/poteau-rond-inox-avec-trous-traversants-2\/"]}]},{"@type":"ImageObject","inLanguage":"fr-FR","@id":"https:\/\/www.inoxforniture.it\/fr\/poteau-rond-inox-avec-trous-traversants-2\/#primaryimage","url":"https:\/\/www.inoxforniture.it\/wp-content\/uploads\/2025\/07\/mon007-01.jpg","contentUrl":"https:\/\/www.inoxforniture.it\/wp-content\/uploads\/2025\/07\/mon007-01.jpg","width":600,"height":600,"caption":"Poteau en acier inox pour lisses disponible en AISI 304 et AISI 316 en finition bross\u00e9e ou polie."},{"@type":"BreadcrumbList","@id":"https:\/\/www.inoxforniture.it\/fr\/poteau-rond-inox-avec-trous-traversants-2\/#breadcrumb","itemListElement":[{"@type":"ListItem","position":1,"name":"Accueil","item":"https:\/\/www.inoxforniture.it\/"},{"@type":"ListItem","position":2,"name":"Boutique","item":"https:\/\/www.inoxforniture.it\/fr\/boutique\/"},{"@type":"ListItem","position":3,"name":"Sistemi per ringhiere e balaustre","item":"https:\/\/www.inoxforniture.it\/sistemi-per-ringhiere-e-balaustre\/"},{"@type":"ListItem","position":4,"name":"Montanti pronti","item":"https:\/\/www.inoxforniture.it\/montanti-pronti\/"},{"@type":"ListItem","position":5,"name":"POTEAU ROND INOX AVEC TROUS TRAVERSANTS"}]},{"@type":"WebSite","@id":"https:\/\/www.inoxforniture.it\/#website","url":"https:\/\/www.inoxforniture.it\/","name":"Inox Forniture","description":"","publisher":{"@id":"https:\/\/www.inoxforniture.it\/#organization"},"potentialAction":[{"@type":"SearchAction","target":{"@type":"EntryPoint","urlTemplate":"https:\/\/www.inoxforniture.it\/?s={search_term_string}"},"query-input":{"@type":"PropertyValueSpecification","valueRequired":true,"valueName":"search_term_string"}}],"inLanguage":"fr-FR"},{"@type":"Organization","@id":"https:\/\/www.inoxforniture.it\/#organization","name":"Inox Forniture srl","url":"https:\/\/www.inoxforniture.it\/","logo":{"@type":"ImageObject","inLanguage":"fr-FR","@id":"https:\/\/www.inoxforniture.it\/#\/schema\/logo\/image\/","url":"https:\/\/www.inoxforniture.it\/wp-content\/uploads\/2021\/01\/logo_inox.png","contentUrl":"https:\/\/www.inoxforniture.it\/wp-content\/uploads\/2021\/01\/logo_inox.png","width":230,"height":44,"caption":"Inox Forniture srl"},"image":{"@id":"https:\/\/www.inoxforniture.it\/#\/schema\/logo\/image\/"},"sameAs":["https:\/\/www.facebook.com\/Inox.Forniture","https:\/\/x.com\/InoxForniture"]}]}},"df_price":51,"df_sale_price":"","df_regular_price":51,"df_image_link":"https:\/\/www.inoxforniture.it\/wp-content\/uploads\/2025\/07\/mon007-01-300x300.jpg","tiered_pricing_type":"fixed","tiered_pricing_fixed_rules":[],"tiered_pricing_product_settings":{"layout":"default","base_unit_name":{"singular":null,"plural":null},"default_variation":null},"tiered_pricing_minimum_quantity":null,"tiered_pricing_roles_data":{"privato":{"product_id":58471,"role":"privato","pricing_type":"flat","regular_price":null,"sale_price":null,"discount":null,"discount_type":"sale_price","tiered_pricing_type":"fixed","percentage_rules":[],"fixed_rules":[],"minimum":null},"azienda":{"product_id":58471,"role":"azienda","pricing_type":"flat","regular_price":null,"sale_price":null,"discount":null,"discount_type":"sale_price","tiered_pricing_type":"fixed","percentage_rules":[],"fixed_rules":[],"minimum":null},"azienda_premium":{"product_id":58471,"role":"azienda_premium","pricing_type":"flat","regular_price":null,"sale_price":null,"discount":null,"discount_type":"sale_price","tiered_pricing_type":"fixed","percentage_rules":[],"fixed_rules":[],"minimum":null}},"tiered_pricing_percentage_rules":[],"tiered_pricing_maximum_quantity":null,"tiered_pricing_quantity_step":null,"_links":{"self":[{"href":"https:\/\/www.inoxforniture.it\/fr\/wp-json\/wp\/v2\/product\/58471","targetHints":{"allow":["GET"]}}],"collection":[{"href":"https:\/\/www.inoxforniture.it\/fr\/wp-json\/wp\/v2\/product"}],"about":[{"href":"https:\/\/www.inoxforniture.it\/fr\/wp-json\/wp\/v2\/types\/product"}],"wp:featuredmedia":[{"embeddable":true,"href":"https:\/\/www.inoxforniture.it\/fr\/wp-json\/wp\/v2\/media\/58480"}],"wp:attachment":[{"href":"https:\/\/www.inoxforniture.it\/fr\/wp-json\/wp\/v2\/media?parent=58471"}],"wp:term":[{"taxonomy":"product_brand","embeddable":true,"href":"https:\/\/www.inoxforniture.it\/fr\/wp-json\/wp\/v2\/product_brand?post=58471"},{"taxonomy":"product_cat","embeddable":true,"href":"https:\/\/www.inoxforniture.it\/fr\/wp-json\/wp\/v2\/product_cat?post=58471"},{"taxonomy":"product_tag","embeddable":true,"href":"https:\/\/www.inoxforniture.it\/fr\/wp-json\/wp\/v2\/product_tag?post=58471"}],"curies":[{"name":"wp","href":"https:\/\/api.w.org\/{rel}","templated":true}]}}