{"id":57678,"date":"2025-07-10T10:24:51","date_gmt":"2025-07-10T08:24:51","guid":{"rendered":"https:\/\/www.inoxforniture.it\/poteau-rond-inox-pour-cable\/"},"modified":"2026-01-27T15:37:08","modified_gmt":"2026-01-27T14:37:08","slug":"poteau-rond-inox-pour-cable","status":"publish","type":"product","link":"https:\/\/www.inoxforniture.it\/fr\/poteau-rond-inox-pour-cable\/","title":{"rendered":"POTEAU ROND INOX POUR C\u00c2BLE"},"content":{"rendered":"<p>Les garde-corps avec c\u00e2bles en acier inoxydable repr\u00e9sentent une solution moderne, s\u00fbre et \u00e9l\u00e9gante pour les environnements r\u00e9sidentiels et commerciaux.<br \/>\nId\u00e9aux pour les balcons, les terrasses panoramiques, les espaces ext\u00e9rieurs et int\u00e9rieurs, ils offrent une vue d\u00e9gag\u00e9e et un design minimaliste, parfait pour les maisons de bord de mer, les h\u00f4tels, les restaurants et les habitations de prestige.<\/p>\n<p>Si vous souhaitez une rambarde visuellement l\u00e9g\u00e8re, les poteaux ronds pour c\u00e2ble sont la solution id\u00e9ale.<br \/>\nCe syst\u00e8me est parfait pour couvrir de longues distances, s&rsquo;av\u00e9rant souvent plus \u00e9conomique que d&rsquo;autres solutions et facile \u00e0 installer.<\/p>\n<p>Dans la version en acier inoxydable AISI 316 brillant, ces poteaux sont id\u00e9aux pour r\u00e9aliser un garde-corps avec c\u00e2bles pour maison de bord de mer.<\/p>\n<p>Les poteaux sont \u00e9quip\u00e9s de tendeurs et de fourches \u00e0 sertir, qui n\u00e9cessitent l&rsquo;utilisation d&rsquo;une pince sp\u00e9cifique pour bloquer le c\u00e2ble. Vous pouvez la trouver au lien suivant<br \/>\n<a href=\"https:\/\/www.inoxforniture.it\/fr\/outil-hydraulique-sertisseur-manuel\/\" target=\"_blank\" rel=\"noopener\">lien&lt;\/ibles :<\/a><\/p>\n<ul>\n<li><strong>Poteau avec tendeurs<\/strong><br \/>\n\u00c0 utiliser comme <em>point de d\u00e9part<\/em>. Inclut les tendeurs pour tendre le c\u00e2ble, id\u00e9al pour des tron\u00e7ons jusqu&rsquo;\u00e0 <strong>10 m\u00e8tres<\/strong>. <\/li>\n<li><strong>Poteau avec fourches<\/strong><br \/>\n\u00c0 utiliser comme <em>point d&rsquo;arriv\u00e9e<\/em>. Complet avec fourches \u00e0 sertir, permet de bloquer le c\u00e2ble et de le tendre via le tendeur du poteau de d\u00e9part. <\/li>\n<li><strong>Poteau perc\u00e9 traversant<\/strong><br \/>\n\u00c0 positionner <em>entre le poteau avec tendeurs et celui avec fourches<\/em>, pour soutenir le c\u00e2ble sur les longues distances.<br \/>\n<strong>Note :<\/strong> ce poteau convient uniquement aux installations \u00e0 plat. Les trous traversants <strong>ne sont pas compatibles avec les rampes ou les escaliers<\/strong>. <\/li>\n<li><strong>Poteau avec fourches \u00e0 90\u00b0<\/strong><br \/>\n\u00c0 installer <em>dans les angles<\/em>, comme point d&rsquo;arriv\u00e9e oppos\u00e9 au poteau avec fourches.<br \/>\n<strong>Note :<\/strong> ce mod\u00e8le est \u00e9galement utilisable <strong>uniquement \u00e0 plat<\/strong>, pas sur les rampes ou les escaliers.<\/li>\n<\/ul>\n<p>Disponible en acier inoxydable AISI 304 BROSS\u00c9 et en AISI 316 BROSS\u00c9 ou POLI MIROIR.<br \/>\nIl est possible de choisir parmi de nombreuses variantes : mat\u00e9riau, type de fixation et nombre de lisses.<\/p>\n<p>GUIDE DE S\u00c9LECTION :<\/p>\n<p>MAT\u00c9RIAU :<\/p>\n<ul>\n<li>AISI 304 SATIN\u00c9 (usage int\u00e9rieur environnements non agressifs, ex. pas de piscines ou centres thermaux)<\/li>\n<li>AISI 316 SATIN\u00c9 (usage ext\u00e9rieur environnements non agressifs)<\/li>\n<li>AISI 316 POLI (proximit\u00e9 de la mer, piscines et centres thermaux)<\/li>\n<\/ul>\n<p>Pour plus de d\u00e9tails sur le choix du mat\u00e9riau, voir : <a href=\"https:\/\/www.inoxforniture.it\/fr\/en-savoir-plus\/aciers-inoxydables-aisi-304-et-aisi-316\/\" target=\"_blank\" rel=\"noopener\">informations compl\u00e9mentaires<\/a><\/p>\n<p>TYPE DE FIXATION :<\/p>\n<p>Au sol :<br \/>\nla fixation du poteau se fait sur le sol par une plaque ronde de 80 mm de diam\u00e8tre pour les versions en AISI 304 et de 120 mm de diam\u00e8tre pour celles en AISI 316.<br \/>\nLa rosette de couverture correspondante est fournie avec la plaque.<br \/>\nLat\u00e9rale :<br \/>\nla fixation du poteau se fait lat\u00e9ralement par une plaque ronde de 100 mm de diam\u00e8tre<\/p>\n<p>DIAM\u00c8TRE DU POTELET :<\/p>\n<p>Diam\u00e8tre 42,4 mm.<br \/>\n Propos\u00e9 pour la version en AISI 304 et celles en AISI 316. C&rsquo;est le diam\u00e8tre le plus utilis\u00e9 et il convient bien aux installations int\u00e9rieures et ext\u00e9rieures. <\/p>\n<div class=\"mceTemp\"><\/div>\n<p>&nbsp;<\/p>\n<figure id=\"attachment_55009\" aria-describedby=\"caption-attachment-55009\" style=\"width: 1472px\" class=\"wp-caption alignnone\"><img fetchpriority=\"high\" decoding=\"async\" class=\"size-full wp-image-55009\" src=\"https:\/\/www.inoxforniture.it\/wp-content\/uploads\/2025\/07\/mon006-01.jpg\" alt=\"Sch\u00e9ma de montage de la rambarde inox avec c\u00e2bles et fixation au sol.\" width=\"1472\" height=\"671\" srcset=\"https:\/\/www.inoxforniture.it\/wp-content\/uploads\/2025\/07\/mon006-01.jpg 1472w, https:\/\/www.inoxforniture.it\/wp-content\/uploads\/2025\/07\/mon006-01-1024x467.jpg 1024w, https:\/\/www.inoxforniture.it\/wp-content\/uploads\/2025\/07\/mon006-01-768x350.jpg 768w, https:\/\/www.inoxforniture.it\/wp-content\/uploads\/2025\/07\/mon006-01-640x292.jpg 640w, https:\/\/www.inoxforniture.it\/wp-content\/uploads\/2025\/07\/mon006-01-400x182.jpg 400w, https:\/\/www.inoxforniture.it\/wp-content\/uploads\/2025\/07\/mon006-01-600x274.jpg 600w\" sizes=\"(max-width: 1472px) 100vw, 1472px\" \/><figcaption id=\"caption-attachment-55009\" class=\"wp-caption-text\">Sch\u00e9ma de montage de la rambarde inox avec c\u00e2bles et fixation au sol.<\/figcaption><\/figure>\n<figure id=\"attachment_55010\" aria-describedby=\"caption-attachment-55010\" style=\"width: 1495px\" class=\"wp-caption alignnone\"><img decoding=\"async\" class=\"size-full wp-image-55010\" src=\"https:\/\/www.inoxforniture.it\/wp-content\/uploads\/2025\/07\/mon006-02.jpg\" alt=\"Sch\u00e9ma de montage de la rambarde inox avec c\u00e2bles et fixation lat\u00e9rale.\" width=\"1495\" height=\"609\" srcset=\"https:\/\/www.inoxforniture.it\/wp-content\/uploads\/2025\/07\/mon006-02.jpg 1495w, https:\/\/www.inoxforniture.it\/wp-content\/uploads\/2025\/07\/mon006-02-1024x417.jpg 1024w, https:\/\/www.inoxforniture.it\/wp-content\/uploads\/2025\/07\/mon006-02-768x313.jpg 768w, https:\/\/www.inoxforniture.it\/wp-content\/uploads\/2025\/07\/mon006-02-640x261.jpg 640w, https:\/\/www.inoxforniture.it\/wp-content\/uploads\/2025\/07\/mon006-02-400x163.jpg 400w, https:\/\/www.inoxforniture.it\/wp-content\/uploads\/2025\/07\/mon006-02-600x244.jpg 600w\" sizes=\"(max-width: 1495px) 100vw, 1495px\" \/><figcaption id=\"caption-attachment-55010\" class=\"wp-caption-text\">Sch\u00e9ma de montage de la rambarde inox avec c\u00e2bles et fixation lat\u00e9rale.<\/figcaption><\/figure>\n","protected":false},"excerpt":{"rendered":"<p>Si vous souhaitez une rambarde visuellement l\u00e9g\u00e8re, les poteaux ronds inox pour c\u00e2ble sont la solution id\u00e9ale.<br \/>\nCe syst\u00e8me est parfait pour couvrir de longues distances, s&rsquo;av\u00e9rant souvent plus \u00e9conomique que d&rsquo;autres solutions et facile \u00e0 installer.<br \/>\nLes poteaux sont \u00e9quip\u00e9s de tendeurs et de fourches \u00e0 sertir, qui n\u00e9cessitent l&rsquo;utilisation d&rsquo;une pince sp\u00e9cifique pour bloquer le c\u00e2ble.<\/p>\n<p><strong><span style=\"color: red;\">CONFIGUREZ VOTRE POTEAU EN CHOISISSANT LES OPTIONS CI-DESSOUS<\/span><\/strong><br \/>\n(Guide de s\u00e9lection plus bas)<\/p>\n","protected":false},"featured_media":57907,"template":"","meta":{"_acf_changed":false},"product_brand":[],"product_cat":[4097],"product_tag":[4186,4188,4189,4187],"class_list":{"0":"post-57678","1":"product","2":"type-product","3":"status-publish","4":"has-post-thumbnail","6":"product_cat-poteaux-prets","7":"product_tag-garde-corps-avec-cables-inox-pour-balcon","8":"product_tag-garde-corps-avec-cables-pour-maison-de-bord-de-mer","9":"product_tag-garde-corps-en-acier-inoxydable-aisi-316-pour-exterieur","10":"product_tag-rambarde-moderne-avec-cables-en-acier","11":"pa_altezza-dal-calpestio-100-cm","12":"pa_altezza-dal-calpestio-110-cm","13":"pa_materiale-aisi-304-brossee","14":"pa_materiale-aisi-316-brossee","15":"pa_materiale-aisi-316-poli-miroir","16":"pa_numero-traverse-4145","17":"pa_numero-traverse-4181","18":"pa_numero-traverse-4146","19":"pa_numero-traverse-4147","20":"pa_numero-traverse-4148","21":"pa_numero-traverse-4149","22":"pa_numero-traverse-4150","23":"pa_numero-traverse-4151","24":"pa_numero-traverse-4152","25":"pa_numero-traverse-4153","26":"pa_tipo-fissaggio-au-sol","27":"pa_tipo-fissaggio-laterale","28":"pa_tipo-montante-90-avec-fourches","29":"pa_tipo-montante-avec-fourches","30":"pa_tipo-montante-avec-tendeurs","31":"pa_tipo-montante-trous-traversants","33":"first","34":"onbackorder","35":"taxable","36":"shipping-taxable","37":"purchasable","38":"product-type-variable"},"acf":[],"yoast_head":"<!-- This site is optimized with the Yoast SEO plugin v27.3 - https:\/\/yoast.com\/product\/yoast-seo-wordpress\/ -->\n<title>Garde-corps avec c\u00e2bles inox- Inox Forniture<\/title>\n<meta name=\"description\" content=\"Poteau rond inox pour c\u00e2ble disponible en AISI 304 et AISI 316 SATIN\u00c9 ou BRILLANT. Facile \u00e0 installer. Configurable et achetable en ligne.\" \/>\n<meta name=\"robots\" content=\"index, follow, max-snippet:-1, max-image-preview:large, max-video-preview:-1\" \/>\n<link rel=\"canonical\" href=\"https:\/\/www.inoxforniture.it\/fr\/poteau-rond-inox-pour-cable\/\" \/>\n<meta property=\"og:locale\" content=\"fr_FR\" \/>\n<meta property=\"og:type\" content=\"article\" \/>\n<meta property=\"og:title\" content=\"Garde-corps avec c\u00e2bles inox- Inox Forniture\" \/>\n<meta property=\"og:description\" content=\"Poteau rond inox pour c\u00e2ble disponible en AISI 304 et AISI 316 SATIN\u00c9 ou BRILLANT. Facile \u00e0 installer. Configurable et achetable en ligne.\" \/>\n<meta property=\"og:url\" content=\"https:\/\/www.inoxforniture.it\/fr\/poteau-rond-inox-pour-cable\/\" \/>\n<meta property=\"og:site_name\" content=\"Inox Forniture\" \/>\n<meta property=\"article:publisher\" content=\"https:\/\/www.facebook.com\/Inox.Forniture\" \/>\n<meta property=\"article:modified_time\" content=\"2026-01-27T14:37:08+00:00\" \/>\n<meta property=\"og:image\" content=\"https:\/\/www.inoxforniture.it\/wp-content\/uploads\/2025\/07\/mon0006-03.jpg\" \/>\n\t<meta property=\"og:image:width\" content=\"600\" \/>\n\t<meta property=\"og:image:height\" content=\"600\" \/>\n\t<meta property=\"og:image:type\" content=\"image\/jpeg\" \/>\n<meta name=\"twitter:card\" content=\"summary_large_image\" \/>\n<meta name=\"twitter:site\" content=\"@InoxForniture\" \/>\n<meta name=\"twitter:label1\" content=\"Dur\u00e9e de lecture estim\u00e9e\" \/>\n\t<meta name=\"twitter:data1\" content=\"4 minutes\" \/>\n<script type=\"application\/ld+json\" class=\"yoast-schema-graph\">{\"@context\":\"https:\\\/\\\/schema.org\",\"@graph\":[{\"@type\":\"WebPage\",\"@id\":\"https:\\\/\\\/www.inoxforniture.it\\\/fr\\\/poteau-rond-inox-pour-cable\\\/\",\"url\":\"https:\\\/\\\/www.inoxforniture.it\\\/fr\\\/poteau-rond-inox-pour-cable\\\/\",\"name\":\"Garde-corps avec c\u00e2bles inox- Inox Forniture\",\"isPartOf\":{\"@id\":\"https:\\\/\\\/www.inoxforniture.it\\\/#website\"},\"primaryImageOfPage\":{\"@id\":\"https:\\\/\\\/www.inoxforniture.it\\\/fr\\\/poteau-rond-inox-pour-cable\\\/#primaryimage\"},\"image\":{\"@id\":\"https:\\\/\\\/www.inoxforniture.it\\\/fr\\\/poteau-rond-inox-pour-cable\\\/#primaryimage\"},\"thumbnailUrl\":\"https:\\\/\\\/www.inoxforniture.it\\\/wp-content\\\/uploads\\\/2025\\\/07\\\/mon0006-03.jpg\",\"datePublished\":\"2025-07-10T08:24:51+00:00\",\"dateModified\":\"2026-01-27T14:37:08+00:00\",\"description\":\"Poteau rond inox pour c\u00e2ble disponible en AISI 304 et AISI 316 SATIN\u00c9 ou BRILLANT. Facile \u00e0 installer. Configurable et achetable en ligne.\",\"breadcrumb\":{\"@id\":\"https:\\\/\\\/www.inoxforniture.it\\\/fr\\\/poteau-rond-inox-pour-cable\\\/#breadcrumb\"},\"inLanguage\":\"fr-FR\",\"potentialAction\":[{\"@type\":\"ReadAction\",\"target\":[\"https:\\\/\\\/www.inoxforniture.it\\\/fr\\\/poteau-rond-inox-pour-cable\\\/\"]}]},{\"@type\":\"ImageObject\",\"inLanguage\":\"fr-FR\",\"@id\":\"https:\\\/\\\/www.inoxforniture.it\\\/fr\\\/poteau-rond-inox-pour-cable\\\/#primaryimage\",\"url\":\"https:\\\/\\\/www.inoxforniture.it\\\/wp-content\\\/uploads\\\/2025\\\/07\\\/mon0006-03.jpg\",\"contentUrl\":\"https:\\\/\\\/www.inoxforniture.it\\\/wp-content\\\/uploads\\\/2025\\\/07\\\/mon0006-03.jpg\",\"width\":600,\"height\":600,\"caption\":\"Poteau en acier inoxydable pour c\u00e2bles\"},{\"@type\":\"BreadcrumbList\",\"@id\":\"https:\\\/\\\/www.inoxforniture.it\\\/fr\\\/poteau-rond-inox-pour-cable\\\/#breadcrumb\",\"itemListElement\":[{\"@type\":\"ListItem\",\"position\":1,\"name\":\"Accueil\",\"item\":\"https:\\\/\\\/www.inoxforniture.it\\\/\"},{\"@type\":\"ListItem\",\"position\":2,\"name\":\"Boutique\",\"item\":\"https:\\\/\\\/www.inoxforniture.it\\\/fr\\\/boutique\\\/\"},{\"@type\":\"ListItem\",\"position\":3,\"name\":\"Syst\u00e8mes pour garde-corps et balustrades\",\"item\":\"https:\\\/\\\/www.inoxforniture.it\\\/fr\\\/systemes-pour-garde-corps-et-balustrades\\\/\"},{\"@type\":\"ListItem\",\"position\":4,\"name\":\"Poteaux pr\u00eats\",\"item\":\"https:\\\/\\\/www.inoxforniture.it\\\/fr\\\/poteaux-prets\\\/\"},{\"@type\":\"ListItem\",\"position\":5,\"name\":\"POTEAU ROND INOX POUR C\u00c2BLE\"}]},{\"@type\":\"WebSite\",\"@id\":\"https:\\\/\\\/www.inoxforniture.it\\\/#website\",\"url\":\"https:\\\/\\\/www.inoxforniture.it\\\/\",\"name\":\"Inox Forniture\",\"description\":\"\",\"publisher\":{\"@id\":\"https:\\\/\\\/www.inoxforniture.it\\\/#organization\"},\"potentialAction\":[{\"@type\":\"SearchAction\",\"target\":{\"@type\":\"EntryPoint\",\"urlTemplate\":\"https:\\\/\\\/www.inoxforniture.it\\\/?s={search_term_string}\"},\"query-input\":{\"@type\":\"PropertyValueSpecification\",\"valueRequired\":true,\"valueName\":\"search_term_string\"}}],\"inLanguage\":\"fr-FR\"},{\"@type\":\"Organization\",\"@id\":\"https:\\\/\\\/www.inoxforniture.it\\\/#organization\",\"name\":\"Inox Forniture srl\",\"url\":\"https:\\\/\\\/www.inoxforniture.it\\\/\",\"logo\":{\"@type\":\"ImageObject\",\"inLanguage\":\"fr-FR\",\"@id\":\"https:\\\/\\\/www.inoxforniture.it\\\/#\\\/schema\\\/logo\\\/image\\\/\",\"url\":\"https:\\\/\\\/www.inoxforniture.it\\\/wp-content\\\/uploads\\\/2021\\\/01\\\/logo_inox.png\",\"contentUrl\":\"https:\\\/\\\/www.inoxforniture.it\\\/wp-content\\\/uploads\\\/2021\\\/01\\\/logo_inox.png\",\"width\":230,\"height\":44,\"caption\":\"Inox Forniture srl\"},\"image\":{\"@id\":\"https:\\\/\\\/www.inoxforniture.it\\\/#\\\/schema\\\/logo\\\/image\\\/\"},\"sameAs\":[\"https:\\\/\\\/www.facebook.com\\\/Inox.Forniture\",\"https:\\\/\\\/x.com\\\/InoxForniture\"]}]}<\/script>\n<!-- \/ Yoast SEO plugin. -->","yoast_head_json":{"title":"Garde-corps avec c\u00e2bles inox- Inox Forniture","description":"Poteau rond inox pour c\u00e2ble disponible en AISI 304 et AISI 316 SATIN\u00c9 ou BRILLANT. Facile \u00e0 installer. Configurable et achetable en ligne.","robots":{"index":"index","follow":"follow","max-snippet":"max-snippet:-1","max-image-preview":"max-image-preview:large","max-video-preview":"max-video-preview:-1"},"canonical":"https:\/\/www.inoxforniture.it\/fr\/poteau-rond-inox-pour-cable\/","og_locale":"fr_FR","og_type":"article","og_title":"Garde-corps avec c\u00e2bles inox- Inox Forniture","og_description":"Poteau rond inox pour c\u00e2ble disponible en AISI 304 et AISI 316 SATIN\u00c9 ou BRILLANT. Facile \u00e0 installer. Configurable et achetable en ligne.","og_url":"https:\/\/www.inoxforniture.it\/fr\/poteau-rond-inox-pour-cable\/","og_site_name":"Inox Forniture","article_publisher":"https:\/\/www.facebook.com\/Inox.Forniture","article_modified_time":"2026-01-27T14:37:08+00:00","og_image":[{"width":600,"height":600,"url":"https:\/\/www.inoxforniture.it\/wp-content\/uploads\/2025\/07\/mon0006-03.jpg","type":"image\/jpeg"}],"twitter_card":"summary_large_image","twitter_site":"@InoxForniture","twitter_misc":{"Dur\u00e9e de lecture estim\u00e9e":"4 minutes"},"schema":{"@context":"https:\/\/schema.org","@graph":[{"@type":"WebPage","@id":"https:\/\/www.inoxforniture.it\/fr\/poteau-rond-inox-pour-cable\/","url":"https:\/\/www.inoxforniture.it\/fr\/poteau-rond-inox-pour-cable\/","name":"Garde-corps avec c\u00e2bles inox- Inox Forniture","isPartOf":{"@id":"https:\/\/www.inoxforniture.it\/#website"},"primaryImageOfPage":{"@id":"https:\/\/www.inoxforniture.it\/fr\/poteau-rond-inox-pour-cable\/#primaryimage"},"image":{"@id":"https:\/\/www.inoxforniture.it\/fr\/poteau-rond-inox-pour-cable\/#primaryimage"},"thumbnailUrl":"https:\/\/www.inoxforniture.it\/wp-content\/uploads\/2025\/07\/mon0006-03.jpg","datePublished":"2025-07-10T08:24:51+00:00","dateModified":"2026-01-27T14:37:08+00:00","description":"Poteau rond inox pour c\u00e2ble disponible en AISI 304 et AISI 316 SATIN\u00c9 ou BRILLANT. Facile \u00e0 installer. Configurable et achetable en ligne.","breadcrumb":{"@id":"https:\/\/www.inoxforniture.it\/fr\/poteau-rond-inox-pour-cable\/#breadcrumb"},"inLanguage":"fr-FR","potentialAction":[{"@type":"ReadAction","target":["https:\/\/www.inoxforniture.it\/fr\/poteau-rond-inox-pour-cable\/"]}]},{"@type":"ImageObject","inLanguage":"fr-FR","@id":"https:\/\/www.inoxforniture.it\/fr\/poteau-rond-inox-pour-cable\/#primaryimage","url":"https:\/\/www.inoxforniture.it\/wp-content\/uploads\/2025\/07\/mon0006-03.jpg","contentUrl":"https:\/\/www.inoxforniture.it\/wp-content\/uploads\/2025\/07\/mon0006-03.jpg","width":600,"height":600,"caption":"Poteau en acier inoxydable pour c\u00e2bles"},{"@type":"BreadcrumbList","@id":"https:\/\/www.inoxforniture.it\/fr\/poteau-rond-inox-pour-cable\/#breadcrumb","itemListElement":[{"@type":"ListItem","position":1,"name":"Accueil","item":"https:\/\/www.inoxforniture.it\/"},{"@type":"ListItem","position":2,"name":"Boutique","item":"https:\/\/www.inoxforniture.it\/fr\/boutique\/"},{"@type":"ListItem","position":3,"name":"Syst\u00e8mes pour garde-corps et balustrades","item":"https:\/\/www.inoxforniture.it\/fr\/systemes-pour-garde-corps-et-balustrades\/"},{"@type":"ListItem","position":4,"name":"Poteaux pr\u00eats","item":"https:\/\/www.inoxforniture.it\/fr\/poteaux-prets\/"},{"@type":"ListItem","position":5,"name":"POTEAU ROND INOX POUR C\u00c2BLE"}]},{"@type":"WebSite","@id":"https:\/\/www.inoxforniture.it\/#website","url":"https:\/\/www.inoxforniture.it\/","name":"Inox Forniture","description":"","publisher":{"@id":"https:\/\/www.inoxforniture.it\/#organization"},"potentialAction":[{"@type":"SearchAction","target":{"@type":"EntryPoint","urlTemplate":"https:\/\/www.inoxforniture.it\/?s={search_term_string}"},"query-input":{"@type":"PropertyValueSpecification","valueRequired":true,"valueName":"search_term_string"}}],"inLanguage":"fr-FR"},{"@type":"Organization","@id":"https:\/\/www.inoxforniture.it\/#organization","name":"Inox Forniture srl","url":"https:\/\/www.inoxforniture.it\/","logo":{"@type":"ImageObject","inLanguage":"fr-FR","@id":"https:\/\/www.inoxforniture.it\/#\/schema\/logo\/image\/","url":"https:\/\/www.inoxforniture.it\/wp-content\/uploads\/2021\/01\/logo_inox.png","contentUrl":"https:\/\/www.inoxforniture.it\/wp-content\/uploads\/2021\/01\/logo_inox.png","width":230,"height":44,"caption":"Inox Forniture srl"},"image":{"@id":"https:\/\/www.inoxforniture.it\/#\/schema\/logo\/image\/"},"sameAs":["https:\/\/www.facebook.com\/Inox.Forniture","https:\/\/x.com\/InoxForniture"]}]}},"df_price":56,"df_sale_price":"","df_regular_price":56,"df_image_link":"https:\/\/www.inoxforniture.it\/wp-content\/uploads\/2025\/07\/mon0006-03-300x300.jpg","tiered_pricing_type":"fixed","tiered_pricing_fixed_rules":[],"tiered_pricing_product_settings":{"layout":"default","base_unit_name":{"singular":null,"plural":null},"default_variation":null},"tiered_pricing_minimum_quantity":null,"tiered_pricing_roles_data":{"privato":{"product_id":57678,"role":"privato","pricing_type":"flat","regular_price":null,"sale_price":null,"discount":null,"discount_type":"sale_price","tiered_pricing_type":"fixed","percentage_rules":[],"fixed_rules":[],"minimum":null},"azienda":{"product_id":57678,"role":"azienda","pricing_type":"flat","regular_price":null,"sale_price":null,"discount":null,"discount_type":"sale_price","tiered_pricing_type":"fixed","percentage_rules":[],"fixed_rules":[],"minimum":null},"azienda_premium":{"product_id":57678,"role":"azienda_premium","pricing_type":"flat","regular_price":null,"sale_price":null,"discount":null,"discount_type":"sale_price","tiered_pricing_type":"fixed","percentage_rules":[],"fixed_rules":[],"minimum":null}},"tiered_pricing_percentage_rules":[],"tiered_pricing_maximum_quantity":null,"tiered_pricing_quantity_step":null,"_links":{"self":[{"href":"https:\/\/www.inoxforniture.it\/fr\/wp-json\/wp\/v2\/product\/57678","targetHints":{"allow":["GET"]}}],"collection":[{"href":"https:\/\/www.inoxforniture.it\/fr\/wp-json\/wp\/v2\/product"}],"about":[{"href":"https:\/\/www.inoxforniture.it\/fr\/wp-json\/wp\/v2\/types\/product"}],"wp:featuredmedia":[{"embeddable":true,"href":"https:\/\/www.inoxforniture.it\/fr\/wp-json\/wp\/v2\/media\/57907"}],"wp:attachment":[{"href":"https:\/\/www.inoxforniture.it\/fr\/wp-json\/wp\/v2\/media?parent=57678"}],"wp:term":[{"taxonomy":"product_brand","embeddable":true,"href":"https:\/\/www.inoxforniture.it\/fr\/wp-json\/wp\/v2\/product_brand?post=57678"},{"taxonomy":"product_cat","embeddable":true,"href":"https:\/\/www.inoxforniture.it\/fr\/wp-json\/wp\/v2\/product_cat?post=57678"},{"taxonomy":"product_tag","embeddable":true,"href":"https:\/\/www.inoxforniture.it\/fr\/wp-json\/wp\/v2\/product_tag?post=57678"}],"curies":[{"name":"wp","href":"https:\/\/api.w.org\/{rel}","templated":true}]}}