{"id":57230,"date":"2024-02-14T15:49:54","date_gmt":"2024-02-14T14:49:54","guid":{"rendered":"https:\/\/www.inoxforniture.it\/poteau-rond-inox-avec-trous-traversants\/"},"modified":"2026-01-23T18:38:25","modified_gmt":"2026-01-23T17:38:25","slug":"poteau-rond-inox-avec-trous-traversants","status":"publish","type":"product","link":"https:\/\/www.inoxforniture.it\/fr\/poteau-rond-inox-avec-trous-traversants\/","title":{"rendered":"POTEAU ROND INOX AVEC TROUS TRAVERSANTS"},"content":{"rendered":"<p>Le poteau rond en inox avec trous traversants est tr\u00e8s compact et facile \u00e0 installer gr\u00e2ce aux trous traversants et \u00e0 la vis de serrage.<br \/>\n Les trous de 12,5 mm permettent le passage des lisses de 12 mm et gr\u00e2ce \u00e0 la vis M5 plac\u00e9e \u00e0 90\u00b0, le blocage des lisses s&rsquo;effectue sans soudure.<br \/>\n Ce poteau est utilis\u00e9 pour une installation sur surface plane. Les trous traversants ne permettent pas l&rsquo;utilisation sur rampes ou escaliers.<br \/>\n Disponible en acier inoxydable AISI 304 BROSS\u00c9E et en AISI 316 en finition BROSS\u00c9E et POLI MIROIR.<br \/>\n Il est possible de choisir parmi plusieurs variantes : mat\u00e9riau, type de fixation et nombre de lisses. <\/p>\n<p>GUIDE DE S\u00c9LECTION :<\/p>\n<p>MAT\u00c9RIAU :<\/p>\n<ul>\n<li>AISI 304 SATIN\u00c9 (usage int\u00e9rieur environnements non agressifs, ex. pas de piscines ou centres thermaux)<\/li>\n<li>AISI 316 SATIN\u00c9 (usage ext\u00e9rieur environnements non agressifs)<\/li>\n<li>AISI 316 POLI (proximit\u00e9 de la mer, piscines et centres thermaux)<\/li>\n<\/ul>\n<p>Pour plus de d\u00e9tails sur le choix du mat\u00e9riau, voir : <a href=\"https:\/\/www.inoxforniture.it\/fr\/en-savoir-plus\/aciers-inoxydables-aisi-304-et-aisi-316\/\" target=\"_blank\" rel=\"noopener\">informations compl\u00e9mentaires<\/a><\/p>\n<p>TYPE DE FIXATION :<\/p>\n<p>Au sol :<br \/>\nla fixation du poteau se fait sur le sol par une plaque ronde de 80 mm de diam\u00e8tre pour les versions en AISI 304 et de 120 mm de diam\u00e8tre pour celles en AISI 316.<br \/>\nLa rosette de couverture correspondante est fournie avec la plaque.<br \/>\nLat\u00e9rale :<br \/>\nla fixation du poteau se fait lat\u00e9ralement par une plaque ronde de 100 mm de diam\u00e8tre<\/p>\n<p>DIAM\u00c8TRE DU POTELET :<\/p>\n<p>Diam\u00e8tre 42,4 mm.<br \/>\n Propos\u00e9 pour la version en AISI 304 et celles en AISI 316. C&rsquo;est le diam\u00e8tre le plus utilis\u00e9 et il convient bien aux installations int\u00e9rieures et ext\u00e9rieures. <\/p>\n<figure id=\"attachment_48368\" aria-describedby=\"caption-attachment-48368\" style=\"width: 1200px\" class=\"wp-caption alignnone\"><img fetchpriority=\"high\" decoding=\"async\" class=\"wp-image-48368 size-full\" src=\"https:\/\/www.inoxforniture.it\/wp-content\/uploads\/2024\/02\/MON0002-4.jpg\" alt=\"Sch\u00e9ma poteau inox avec trous traversants.\" width=\"1200\" height=\"600\" srcset=\"https:\/\/www.inoxforniture.it\/wp-content\/uploads\/2024\/02\/MON0002-4.jpg 1200w, https:\/\/www.inoxforniture.it\/wp-content\/uploads\/2024\/02\/MON0002-4-1024x512.jpg 1024w, https:\/\/www.inoxforniture.it\/wp-content\/uploads\/2024\/02\/MON0002-4-768x384.jpg 768w, https:\/\/www.inoxforniture.it\/wp-content\/uploads\/2024\/02\/MON0002-4-640x320.jpg 640w, https:\/\/www.inoxforniture.it\/wp-content\/uploads\/2024\/02\/MON0002-4-400x200.jpg 400w, https:\/\/www.inoxforniture.it\/wp-content\/uploads\/2024\/02\/MON0002-4-600x300.jpg 600w\" sizes=\"(max-width: 1200px) 100vw, 1200px\" \/><figcaption id=\"caption-attachment-48368\" class=\"wp-caption-text\">Sch\u00e9ma poteau inox avec trous traversants.<\/figcaption><\/figure>\n","protected":false},"excerpt":{"rendered":"<p>Poteau tr\u00e8s compact et facile \u00e0 installer gr\u00e2ce aux trous traversants et \u00e0 la vis de serrage. Les trous de 12,5 mm permettent le passage des lisses de 12 mm et gr\u00e2ce \u00e0 la vis M5 plac\u00e9e \u00e0 90\u00b0, le blocage des lisses s&rsquo;effectue sans soudure. Ce poteau est utilis\u00e9 pour une installation sur surface plane. Les trous traversants ne permettent pas l&rsquo;utilisation sur rampes ou escaliers.   <\/p>\n<p><strong><span style=\"color: red;\">CONFIGUREZ VOTRE POTEAU EN CHOISISSANT LES OPTIONS CI-DESSOUS<\/span><\/strong><br \/>\n(Guide de s\u00e9lection plus bas)<\/p>\n","protected":false},"featured_media":57231,"template":"","meta":{"_acf_changed":false},"product_brand":[],"product_cat":[4097],"product_tag":[4175,4173,4172,4174],"class_list":{"0":"post-57230","1":"product","2":"type-product","3":"status-publish","4":"has-post-thumbnail","6":"product_cat-poteaux-prets","7":"product_tag-garde-corps-de-balcon","8":"product_tag-garde-corps-en-fer","9":"product_tag-garde-corps-pour-balcons","10":"product_tag-garde-corps-pour-exterieur","11":"pa_altezza-dal-calpestio-100-cm","12":"pa_altezza-dal-calpestio-110-cm","13":"pa_diametro-montante-o-424-mm","14":"pa_materiale-aisi-304-brossee","15":"pa_materiale-aisi-316-brossee","16":"pa_materiale-aisi-316-poli-miroir","17":"pa_numero-traverse-4145","18":"pa_numero-traverse-4146","19":"pa_numero-traverse-4147","20":"pa_numero-traverse-4148","21":"pa_numero-traverse-4149","22":"pa_numero-traverse-4150","23":"pa_numero-traverse-4151","24":"pa_numero-traverse-4152","25":"pa_numero-traverse-4153","26":"pa_tipo-fissaggio-au-sol","27":"pa_tipo-fissaggio-laterale","29":"first","30":"onbackorder","31":"taxable","32":"shipping-taxable","33":"purchasable","34":"product-type-variable"},"acf":[],"yoast_head":"<!-- This site is optimized with the Yoast SEO plugin v27.3 - https:\/\/yoast.com\/product\/yoast-seo-wordpress\/ -->\n<title>POTEAU ROND INOX AVEC TROUS TRAVERSANTS - Inox Forniture<\/title>\n<meta name=\"description\" content=\"Poteau rond inox avec trous traversants disponible en AISI 304 et AISI 316 SATIN\u00c9 ou BRILLANT. Facile \u00e0 installer. Configurable et achetable en ligne.\" \/>\n<meta name=\"robots\" content=\"index, follow, max-snippet:-1, max-image-preview:large, max-video-preview:-1\" \/>\n<link rel=\"canonical\" href=\"https:\/\/www.inoxforniture.it\/fr\/poteau-rond-inox-avec-trous-traversants\/\" \/>\n<meta property=\"og:locale\" content=\"fr_FR\" \/>\n<meta property=\"og:type\" content=\"article\" \/>\n<meta property=\"og:title\" content=\"POTEAU ROND INOX AVEC TROUS TRAVERSANTS - Inox Forniture\" \/>\n<meta property=\"og:description\" content=\"Poteau rond inox avec trous traversants disponible en AISI 304 et AISI 316 SATIN\u00c9 ou BRILLANT. Facile \u00e0 installer. Configurable et achetable en ligne.\" \/>\n<meta property=\"og:url\" content=\"https:\/\/www.inoxforniture.it\/fr\/poteau-rond-inox-avec-trous-traversants\/\" \/>\n<meta property=\"og:site_name\" content=\"Inox Forniture\" \/>\n<meta property=\"article:publisher\" content=\"https:\/\/www.facebook.com\/Inox.Forniture\" \/>\n<meta property=\"article:modified_time\" content=\"2026-01-23T17:38:25+00:00\" \/>\n<meta property=\"og:image\" content=\"https:\/\/www.inoxforniture.it\/wp-content\/uploads\/2024\/02\/MON0002-1.jpg\" \/>\n\t<meta property=\"og:image:width\" content=\"600\" \/>\n\t<meta property=\"og:image:height\" content=\"600\" \/>\n\t<meta property=\"og:image:type\" content=\"image\/jpeg\" \/>\n<meta name=\"twitter:card\" content=\"summary_large_image\" \/>\n<meta name=\"twitter:site\" content=\"@InoxForniture\" \/>\n<meta name=\"twitter:label1\" content=\"Dur\u00e9e de lecture estim\u00e9e\" \/>\n\t<meta name=\"twitter:data1\" content=\"1 minute\" \/>\n<script type=\"application\/ld+json\" class=\"yoast-schema-graph\">{\"@context\":\"https:\\\/\\\/schema.org\",\"@graph\":[{\"@type\":\"WebPage\",\"@id\":\"https:\\\/\\\/www.inoxforniture.it\\\/fr\\\/poteau-rond-inox-avec-trous-traversants\\\/\",\"url\":\"https:\\\/\\\/www.inoxforniture.it\\\/fr\\\/poteau-rond-inox-avec-trous-traversants\\\/\",\"name\":\"POTEAU ROND INOX AVEC TROUS TRAVERSANTS - Inox Forniture\",\"isPartOf\":{\"@id\":\"https:\\\/\\\/www.inoxforniture.it\\\/#website\"},\"primaryImageOfPage\":{\"@id\":\"https:\\\/\\\/www.inoxforniture.it\\\/fr\\\/poteau-rond-inox-avec-trous-traversants\\\/#primaryimage\"},\"image\":{\"@id\":\"https:\\\/\\\/www.inoxforniture.it\\\/fr\\\/poteau-rond-inox-avec-trous-traversants\\\/#primaryimage\"},\"thumbnailUrl\":\"https:\\\/\\\/www.inoxforniture.it\\\/wp-content\\\/uploads\\\/2024\\\/02\\\/MON0002-1.jpg\",\"datePublished\":\"2024-02-14T14:49:54+00:00\",\"dateModified\":\"2026-01-23T17:38:25+00:00\",\"description\":\"Poteau rond inox avec trous traversants disponible en AISI 304 et AISI 316 SATIN\u00c9 ou BRILLANT. Facile \u00e0 installer. Configurable et achetable en ligne.\",\"breadcrumb\":{\"@id\":\"https:\\\/\\\/www.inoxforniture.it\\\/fr\\\/poteau-rond-inox-avec-trous-traversants\\\/#breadcrumb\"},\"inLanguage\":\"fr-FR\",\"potentialAction\":[{\"@type\":\"ReadAction\",\"target\":[\"https:\\\/\\\/www.inoxforniture.it\\\/fr\\\/poteau-rond-inox-avec-trous-traversants\\\/\"]}]},{\"@type\":\"ImageObject\",\"inLanguage\":\"fr-FR\",\"@id\":\"https:\\\/\\\/www.inoxforniture.it\\\/fr\\\/poteau-rond-inox-avec-trous-traversants\\\/#primaryimage\",\"url\":\"https:\\\/\\\/www.inoxforniture.it\\\/wp-content\\\/uploads\\\/2024\\\/02\\\/MON0002-1.jpg\",\"contentUrl\":\"https:\\\/\\\/www.inoxforniture.it\\\/wp-content\\\/uploads\\\/2024\\\/02\\\/MON0002-1.jpg\",\"width\":600,\"height\":600,\"caption\":\"Poteau rond en acier inoxydable avec trous traversants pour garde-corps et balustrades\"},{\"@type\":\"BreadcrumbList\",\"@id\":\"https:\\\/\\\/www.inoxforniture.it\\\/fr\\\/poteau-rond-inox-avec-trous-traversants\\\/#breadcrumb\",\"itemListElement\":[{\"@type\":\"ListItem\",\"position\":1,\"name\":\"Accueil\",\"item\":\"https:\\\/\\\/www.inoxforniture.it\\\/\"},{\"@type\":\"ListItem\",\"position\":2,\"name\":\"Boutique\",\"item\":\"https:\\\/\\\/www.inoxforniture.it\\\/fr\\\/boutique\\\/\"},{\"@type\":\"ListItem\",\"position\":3,\"name\":\"Sistemi per ringhiere e balaustre\",\"item\":\"https:\\\/\\\/www.inoxforniture.it\\\/sistemi-per-ringhiere-e-balaustre\\\/\"},{\"@type\":\"ListItem\",\"position\":4,\"name\":\"Montanti pronti\",\"item\":\"https:\\\/\\\/www.inoxforniture.it\\\/montanti-pronti\\\/\"},{\"@type\":\"ListItem\",\"position\":5,\"name\":\"POTEAU ROND INOX AVEC TROUS TRAVERSANTS\"}]},{\"@type\":\"WebSite\",\"@id\":\"https:\\\/\\\/www.inoxforniture.it\\\/#website\",\"url\":\"https:\\\/\\\/www.inoxforniture.it\\\/\",\"name\":\"Inox Forniture\",\"description\":\"\",\"publisher\":{\"@id\":\"https:\\\/\\\/www.inoxforniture.it\\\/#organization\"},\"potentialAction\":[{\"@type\":\"SearchAction\",\"target\":{\"@type\":\"EntryPoint\",\"urlTemplate\":\"https:\\\/\\\/www.inoxforniture.it\\\/?s={search_term_string}\"},\"query-input\":{\"@type\":\"PropertyValueSpecification\",\"valueRequired\":true,\"valueName\":\"search_term_string\"}}],\"inLanguage\":\"fr-FR\"},{\"@type\":\"Organization\",\"@id\":\"https:\\\/\\\/www.inoxforniture.it\\\/#organization\",\"name\":\"Inox Forniture srl\",\"url\":\"https:\\\/\\\/www.inoxforniture.it\\\/\",\"logo\":{\"@type\":\"ImageObject\",\"inLanguage\":\"fr-FR\",\"@id\":\"https:\\\/\\\/www.inoxforniture.it\\\/#\\\/schema\\\/logo\\\/image\\\/\",\"url\":\"https:\\\/\\\/www.inoxforniture.it\\\/wp-content\\\/uploads\\\/2021\\\/01\\\/logo_inox.png\",\"contentUrl\":\"https:\\\/\\\/www.inoxforniture.it\\\/wp-content\\\/uploads\\\/2021\\\/01\\\/logo_inox.png\",\"width\":230,\"height\":44,\"caption\":\"Inox Forniture srl\"},\"image\":{\"@id\":\"https:\\\/\\\/www.inoxforniture.it\\\/#\\\/schema\\\/logo\\\/image\\\/\"},\"sameAs\":[\"https:\\\/\\\/www.facebook.com\\\/Inox.Forniture\",\"https:\\\/\\\/x.com\\\/InoxForniture\"]}]}<\/script>\n<!-- \/ Yoast SEO plugin. -->","yoast_head_json":{"title":"POTEAU ROND INOX AVEC TROUS TRAVERSANTS - Inox Forniture","description":"Poteau rond inox avec trous traversants disponible en AISI 304 et AISI 316 SATIN\u00c9 ou BRILLANT. Facile \u00e0 installer. Configurable et achetable en ligne.","robots":{"index":"index","follow":"follow","max-snippet":"max-snippet:-1","max-image-preview":"max-image-preview:large","max-video-preview":"max-video-preview:-1"},"canonical":"https:\/\/www.inoxforniture.it\/fr\/poteau-rond-inox-avec-trous-traversants\/","og_locale":"fr_FR","og_type":"article","og_title":"POTEAU ROND INOX AVEC TROUS TRAVERSANTS - Inox Forniture","og_description":"Poteau rond inox avec trous traversants disponible en AISI 304 et AISI 316 SATIN\u00c9 ou BRILLANT. Facile \u00e0 installer. Configurable et achetable en ligne.","og_url":"https:\/\/www.inoxforniture.it\/fr\/poteau-rond-inox-avec-trous-traversants\/","og_site_name":"Inox Forniture","article_publisher":"https:\/\/www.facebook.com\/Inox.Forniture","article_modified_time":"2026-01-23T17:38:25+00:00","og_image":[{"width":600,"height":600,"url":"https:\/\/www.inoxforniture.it\/wp-content\/uploads\/2024\/02\/MON0002-1.jpg","type":"image\/jpeg"}],"twitter_card":"summary_large_image","twitter_site":"@InoxForniture","twitter_misc":{"Dur\u00e9e de lecture estim\u00e9e":"1 minute"},"schema":{"@context":"https:\/\/schema.org","@graph":[{"@type":"WebPage","@id":"https:\/\/www.inoxforniture.it\/fr\/poteau-rond-inox-avec-trous-traversants\/","url":"https:\/\/www.inoxforniture.it\/fr\/poteau-rond-inox-avec-trous-traversants\/","name":"POTEAU ROND INOX AVEC TROUS TRAVERSANTS - Inox Forniture","isPartOf":{"@id":"https:\/\/www.inoxforniture.it\/#website"},"primaryImageOfPage":{"@id":"https:\/\/www.inoxforniture.it\/fr\/poteau-rond-inox-avec-trous-traversants\/#primaryimage"},"image":{"@id":"https:\/\/www.inoxforniture.it\/fr\/poteau-rond-inox-avec-trous-traversants\/#primaryimage"},"thumbnailUrl":"https:\/\/www.inoxforniture.it\/wp-content\/uploads\/2024\/02\/MON0002-1.jpg","datePublished":"2024-02-14T14:49:54+00:00","dateModified":"2026-01-23T17:38:25+00:00","description":"Poteau rond inox avec trous traversants disponible en AISI 304 et AISI 316 SATIN\u00c9 ou BRILLANT. Facile \u00e0 installer. Configurable et achetable en ligne.","breadcrumb":{"@id":"https:\/\/www.inoxforniture.it\/fr\/poteau-rond-inox-avec-trous-traversants\/#breadcrumb"},"inLanguage":"fr-FR","potentialAction":[{"@type":"ReadAction","target":["https:\/\/www.inoxforniture.it\/fr\/poteau-rond-inox-avec-trous-traversants\/"]}]},{"@type":"ImageObject","inLanguage":"fr-FR","@id":"https:\/\/www.inoxforniture.it\/fr\/poteau-rond-inox-avec-trous-traversants\/#primaryimage","url":"https:\/\/www.inoxforniture.it\/wp-content\/uploads\/2024\/02\/MON0002-1.jpg","contentUrl":"https:\/\/www.inoxforniture.it\/wp-content\/uploads\/2024\/02\/MON0002-1.jpg","width":600,"height":600,"caption":"Poteau rond en acier inoxydable avec trous traversants pour garde-corps et balustrades"},{"@type":"BreadcrumbList","@id":"https:\/\/www.inoxforniture.it\/fr\/poteau-rond-inox-avec-trous-traversants\/#breadcrumb","itemListElement":[{"@type":"ListItem","position":1,"name":"Accueil","item":"https:\/\/www.inoxforniture.it\/"},{"@type":"ListItem","position":2,"name":"Boutique","item":"https:\/\/www.inoxforniture.it\/fr\/boutique\/"},{"@type":"ListItem","position":3,"name":"Sistemi per ringhiere e balaustre","item":"https:\/\/www.inoxforniture.it\/sistemi-per-ringhiere-e-balaustre\/"},{"@type":"ListItem","position":4,"name":"Montanti pronti","item":"https:\/\/www.inoxforniture.it\/montanti-pronti\/"},{"@type":"ListItem","position":5,"name":"POTEAU ROND INOX AVEC TROUS TRAVERSANTS"}]},{"@type":"WebSite","@id":"https:\/\/www.inoxforniture.it\/#website","url":"https:\/\/www.inoxforniture.it\/","name":"Inox Forniture","description":"","publisher":{"@id":"https:\/\/www.inoxforniture.it\/#organization"},"potentialAction":[{"@type":"SearchAction","target":{"@type":"EntryPoint","urlTemplate":"https:\/\/www.inoxforniture.it\/?s={search_term_string}"},"query-input":{"@type":"PropertyValueSpecification","valueRequired":true,"valueName":"search_term_string"}}],"inLanguage":"fr-FR"},{"@type":"Organization","@id":"https:\/\/www.inoxforniture.it\/#organization","name":"Inox Forniture srl","url":"https:\/\/www.inoxforniture.it\/","logo":{"@type":"ImageObject","inLanguage":"fr-FR","@id":"https:\/\/www.inoxforniture.it\/#\/schema\/logo\/image\/","url":"https:\/\/www.inoxforniture.it\/wp-content\/uploads\/2021\/01\/logo_inox.png","contentUrl":"https:\/\/www.inoxforniture.it\/wp-content\/uploads\/2021\/01\/logo_inox.png","width":230,"height":44,"caption":"Inox Forniture srl"},"image":{"@id":"https:\/\/www.inoxforniture.it\/#\/schema\/logo\/image\/"},"sameAs":["https:\/\/www.facebook.com\/Inox.Forniture","https:\/\/x.com\/InoxForniture"]}]}},"df_price":57,"df_sale_price":"","df_regular_price":57,"df_image_link":"https:\/\/www.inoxforniture.it\/wp-content\/uploads\/2024\/02\/MON0002-1-300x300.jpg","tiered_pricing_type":"fixed","tiered_pricing_fixed_rules":[],"tiered_pricing_product_settings":{"layout":"default","base_unit_name":{"singular":null,"plural":null},"default_variation":null},"tiered_pricing_minimum_quantity":null,"tiered_pricing_roles_data":{"privato":{"product_id":57230,"role":"privato","pricing_type":"flat","regular_price":null,"sale_price":null,"discount":null,"discount_type":"sale_price","tiered_pricing_type":"fixed","percentage_rules":[],"fixed_rules":[],"minimum":null},"azienda":{"product_id":57230,"role":"azienda","pricing_type":"flat","regular_price":null,"sale_price":null,"discount":null,"discount_type":"sale_price","tiered_pricing_type":"fixed","percentage_rules":[],"fixed_rules":[],"minimum":null},"azienda_premium":{"product_id":57230,"role":"azienda_premium","pricing_type":"flat","regular_price":null,"sale_price":null,"discount":null,"discount_type":"sale_price","tiered_pricing_type":"fixed","percentage_rules":[],"fixed_rules":[],"minimum":null}},"tiered_pricing_percentage_rules":[],"tiered_pricing_maximum_quantity":null,"tiered_pricing_quantity_step":null,"_links":{"self":[{"href":"https:\/\/www.inoxforniture.it\/fr\/wp-json\/wp\/v2\/product\/57230","targetHints":{"allow":["GET"]}}],"collection":[{"href":"https:\/\/www.inoxforniture.it\/fr\/wp-json\/wp\/v2\/product"}],"about":[{"href":"https:\/\/www.inoxforniture.it\/fr\/wp-json\/wp\/v2\/types\/product"}],"wp:featuredmedia":[{"embeddable":true,"href":"https:\/\/www.inoxforniture.it\/fr\/wp-json\/wp\/v2\/media\/57231"}],"wp:attachment":[{"href":"https:\/\/www.inoxforniture.it\/fr\/wp-json\/wp\/v2\/media?parent=57230"}],"wp:term":[{"taxonomy":"product_brand","embeddable":true,"href":"https:\/\/www.inoxforniture.it\/fr\/wp-json\/wp\/v2\/product_brand?post=57230"},{"taxonomy":"product_cat","embeddable":true,"href":"https:\/\/www.inoxforniture.it\/fr\/wp-json\/wp\/v2\/product_cat?post=57230"},{"taxonomy":"product_tag","embeddable":true,"href":"https:\/\/www.inoxforniture.it\/fr\/wp-json\/wp\/v2\/product_tag?post=57230"}],"curies":[{"name":"wp","href":"https:\/\/api.w.org\/{rel}","templated":true}]}}