{"id":57176,"date":"2025-05-08T11:35:06","date_gmt":"2025-05-08T09:35:06","guid":{"rendered":"https:\/\/www.inoxforniture.it\/poteau-rond-en-inox-pour-verre\/"},"modified":"2026-01-23T18:38:54","modified_gmt":"2026-01-23T17:38:54","slug":"poteau-rond-en-inox-pour-verre","status":"publish","type":"product","link":"https:\/\/www.inoxforniture.it\/fr\/poteau-rond-en-inox-pour-verre\/","title":{"rendered":"POTEAU ROND EN INOX POUR VERRE"},"content":{"rendered":"<p>Le poteau rond en inox pour verre est disponible en AISI 304 SATIN\u00c9 et en AISI 316 SATIN\u00c9 et BRILLANT. Il est possible de choisir parmi plusieurs variantes : mat\u00e9riau, type de fixation et position des pinces.<br \/>\nLes pinces sont \u00e9quip\u00e9es d&rsquo;une goupille de s\u00e9curit\u00e9 \u00e0 utiliser si n\u00e9cessaire et peuvent serrer des verres d&rsquo;\u00e9paisseur : 8,0 &#8211; 8,76 &#8211; 10,0 &#8211; 10,76 &#8211; 12,0 &#8211; 12,76 mm. <\/p>\n<p>GUIDE DE S\u00c9LECTION :<\/p>\n<p>MAT\u00c9RIAU :<br \/>\nAISI 304 SATIN\u00c9 (usage int\u00e9rieur environnements non agressifs, ex. pas de piscines ou centres thermaux)<br \/>\nAISI 316 SATIN\u00c9 (usage ext\u00e9rieur environnements non agressifs)<br \/>\nAISI 316 BRILLANT (proximit\u00e9 de la mer, piscines et centres thermaux)<br \/>\nPour plus de d\u00e9tails sur le choix du mat\u00e9riau, voir : <a href=\"https:\/\/www.inoxforniture.it\/fr\/en-savoir-plus\/aciers-inoxydables-aisi-304-et-aisi-316\/\" target=\"_blank\" rel=\"noopener\">informations compl\u00e9mentaires<\/a><\/p>\n<p>TYPE DE FIXATION :<br \/>\nAu sol :<br \/>\nla fixation du poteau se fait sur le sol par une plaque ronde de 80 mm de diam\u00e8tre pour les versions en AISI 304 et de 120 mm de diam\u00e8tre pour celles en AISI 316.<br \/>\nLa rosette de couverture correspondante est fournie avec la plaque.<br \/>\nLat\u00e9rale :<br \/>\nla fixation du poteau se fait lat\u00e9ralement par une plaque ronde de 100 mm de diam\u00e8tre<\/p>\n<p>DIAM\u00c8TRE DU POTEAU :<br \/>\nDiam\u00e8tre 42,4 mm.<br \/>\nIl est propos\u00e9 pour la version en AISI 304 et pour celles en AISI 316. C&rsquo;est le diam\u00e8tre le plus utilis\u00e9 et il convient bien aux installations int\u00e9rieures et ext\u00e9rieures. <\/p>\n<p>POSITION DES PINCES<br \/>\nIl est possible de choisir la position des pinces qui serreront le verre afin de pouvoir commander des poteaux pour r\u00e9aliser des sections droites, des angles et des d\u00e9parts.<br \/>\n<img fetchpriority=\"high\" decoding=\"async\" class=\"alignnone size-full wp-image-53710\" src=\"https:\/\/www.inoxforniture.it\/wp-content\/uploads\/2025\/05\/MON005-5.jpg\" alt=\"\" width=\"1200\" height=\"600\" srcset=\"https:\/\/www.inoxforniture.it\/wp-content\/uploads\/2025\/05\/MON005-5.jpg 1200w, https:\/\/www.inoxforniture.it\/wp-content\/uploads\/2025\/05\/MON005-5-1024x512.jpg 1024w, https:\/\/www.inoxforniture.it\/wp-content\/uploads\/2025\/05\/MON005-5-768x384.jpg 768w, https:\/\/www.inoxforniture.it\/wp-content\/uploads\/2025\/05\/MON005-5-640x320.jpg 640w, https:\/\/www.inoxforniture.it\/wp-content\/uploads\/2025\/05\/MON005-5-400x200.jpg 400w, https:\/\/www.inoxforniture.it\/wp-content\/uploads\/2025\/05\/MON005-5-600x300.jpg 600w\" sizes=\"(max-width: 1200px) 100vw, 1200px\" \/><\/p>\n","protected":false},"excerpt":{"rendered":"<p>Poteau rond en inox pour verres d&rsquo;\u00e9paisseur : 8,0 &#8211; 8,76 &#8211; 10,0 &#8211; 10,76 &#8211; 12,0 &#8211; 12,76 mm. Pinces \u00e9quip\u00e9es d&rsquo;une goupille de s\u00e9curit\u00e9 \u00e0 utiliser si n\u00e9cessaire.<\/p>\n<p><strong><span style=\"color: red;\">CONFIGUREZ VOTRE POTEAU EN CHOISISSANT LES OPTIONS CI-DESSOUS<\/span><\/strong><br \/>\n(Guide de s\u00e9lection plus bas)<\/p>\n","protected":false},"featured_media":57177,"template":"","meta":{"_acf_changed":false},"product_brand":[],"product_cat":[4097],"product_tag":[4171,4168,4170,4169],"class_list":{"0":"post-57176","1":"product","2":"type-product","3":"status-publish","4":"has-post-thumbnail","6":"product_cat-poteaux-prets","7":"product_tag-balustrade-en-verre","8":"product_tag-garde-corps-en-verre","9":"product_tag-garde-corps-inox-verre","10":"product_tag-poteaux-pour-verre","11":"pa_altezza-dal-calpestio-100-cm","12":"pa_altezza-dal-calpestio-110-cm","13":"pa_diametro-montante-o-424-mm","14":"pa_disposizione-morsetti-a-90","15":"pa_disposizione-morsetti-aveugle-droite","16":"pa_disposizione-morsetti-aveugle-gauche","17":"pa_disposizione-morsetti-en-ligne","18":"pa_materiale-aisi-304-brossee","19":"pa_materiale-aisi-316-brossee","20":"pa_materiale-aisi-316-poli-miroir","21":"pa_tipo-fissaggio-au-sol","22":"pa_tipo-fissaggio-laterale","24":"first","25":"onbackorder","26":"taxable","27":"shipping-taxable","28":"purchasable","29":"product-type-variable","30":"has-default-attributes"},"acf":[],"yoast_head":"<!-- This site is optimized with the Yoast SEO plugin v27.3 - https:\/\/yoast.com\/product\/yoast-seo-wordpress\/ -->\n<title>POTEAU ROND EN INOX POUR VERRE - Inox Forniture<\/title>\n<meta name=\"description\" content=\"Poteau rond en inox pour verre disponible en AISI 304 et AISI 316, en finition SATIN\u00c9E et BRILLANTE. Pour verres de 8 \u00e0 12,76 mm. Configurez-le et achetez-le en ligne.\" \/>\n<meta name=\"robots\" content=\"index, follow, max-snippet:-1, max-image-preview:large, max-video-preview:-1\" \/>\n<link rel=\"canonical\" href=\"https:\/\/www.inoxforniture.it\/fr\/poteau-rond-en-inox-pour-verre\/\" \/>\n<meta property=\"og:locale\" content=\"fr_FR\" \/>\n<meta property=\"og:type\" content=\"article\" \/>\n<meta property=\"og:title\" content=\"POTEAU ROND EN INOX POUR VERRE - Inox Forniture\" \/>\n<meta property=\"og:description\" content=\"Poteau rond en inox pour verre disponible en AISI 304 et AISI 316, en finition SATIN\u00c9E et BRILLANTE. Pour verres de 8 \u00e0 12,76 mm. Configurez-le et achetez-le en ligne.\" \/>\n<meta property=\"og:url\" content=\"https:\/\/www.inoxforniture.it\/fr\/poteau-rond-en-inox-pour-verre\/\" \/>\n<meta property=\"og:site_name\" content=\"Inox Forniture\" \/>\n<meta property=\"article:publisher\" content=\"https:\/\/www.facebook.com\/Inox.Forniture\" \/>\n<meta property=\"article:modified_time\" content=\"2026-01-23T17:38:54+00:00\" \/>\n<meta property=\"og:image\" content=\"https:\/\/www.inoxforniture.it\/wp-content\/uploads\/2025\/05\/MON004-5.jpg\" \/>\n\t<meta property=\"og:image:width\" content=\"600\" \/>\n\t<meta property=\"og:image:height\" content=\"600\" \/>\n\t<meta property=\"og:image:type\" content=\"image\/jpeg\" \/>\n<meta name=\"twitter:card\" content=\"summary_large_image\" \/>\n<meta name=\"twitter:site\" content=\"@InoxForniture\" \/>\n<meta name=\"twitter:label1\" content=\"Dur\u00e9e de lecture estim\u00e9e\" \/>\n\t<meta name=\"twitter:data1\" content=\"1 minute\" \/>\n<script type=\"application\/ld+json\" class=\"yoast-schema-graph\">{\"@context\":\"https:\\\/\\\/schema.org\",\"@graph\":[{\"@type\":\"WebPage\",\"@id\":\"https:\\\/\\\/www.inoxforniture.it\\\/fr\\\/poteau-rond-en-inox-pour-verre\\\/\",\"url\":\"https:\\\/\\\/www.inoxforniture.it\\\/fr\\\/poteau-rond-en-inox-pour-verre\\\/\",\"name\":\"POTEAU ROND EN INOX POUR VERRE - Inox Forniture\",\"isPartOf\":{\"@id\":\"https:\\\/\\\/www.inoxforniture.it\\\/#website\"},\"primaryImageOfPage\":{\"@id\":\"https:\\\/\\\/www.inoxforniture.it\\\/fr\\\/poteau-rond-en-inox-pour-verre\\\/#primaryimage\"},\"image\":{\"@id\":\"https:\\\/\\\/www.inoxforniture.it\\\/fr\\\/poteau-rond-en-inox-pour-verre\\\/#primaryimage\"},\"thumbnailUrl\":\"https:\\\/\\\/www.inoxforniture.it\\\/wp-content\\\/uploads\\\/2025\\\/05\\\/MON004-5.jpg\",\"datePublished\":\"2025-05-08T09:35:06+00:00\",\"dateModified\":\"2026-01-23T17:38:54+00:00\",\"description\":\"Poteau rond en inox pour verre disponible en AISI 304 et AISI 316, en finition SATIN\u00c9E et BRILLANTE. Pour verres de 8 \u00e0 12,76 mm. Configurez-le et achetez-le en ligne.\",\"breadcrumb\":{\"@id\":\"https:\\\/\\\/www.inoxforniture.it\\\/fr\\\/poteau-rond-en-inox-pour-verre\\\/#breadcrumb\"},\"inLanguage\":\"fr-FR\",\"potentialAction\":[{\"@type\":\"ReadAction\",\"target\":[\"https:\\\/\\\/www.inoxforniture.it\\\/fr\\\/poteau-rond-en-inox-pour-verre\\\/\"]}]},{\"@type\":\"ImageObject\",\"inLanguage\":\"fr-FR\",\"@id\":\"https:\\\/\\\/www.inoxforniture.it\\\/fr\\\/poteau-rond-en-inox-pour-verre\\\/#primaryimage\",\"url\":\"https:\\\/\\\/www.inoxforniture.it\\\/wp-content\\\/uploads\\\/2025\\\/05\\\/MON004-5.jpg\",\"contentUrl\":\"https:\\\/\\\/www.inoxforniture.it\\\/wp-content\\\/uploads\\\/2025\\\/05\\\/MON004-5.jpg\",\"width\":600,\"height\":600},{\"@type\":\"BreadcrumbList\",\"@id\":\"https:\\\/\\\/www.inoxforniture.it\\\/fr\\\/poteau-rond-en-inox-pour-verre\\\/#breadcrumb\",\"itemListElement\":[{\"@type\":\"ListItem\",\"position\":1,\"name\":\"Accueil\",\"item\":\"https:\\\/\\\/www.inoxforniture.it\\\/\"},{\"@type\":\"ListItem\",\"position\":2,\"name\":\"Boutique\",\"item\":\"https:\\\/\\\/www.inoxforniture.it\\\/fr\\\/boutique\\\/\"},{\"@type\":\"ListItem\",\"position\":3,\"name\":\"Sistemi per ringhiere e balaustre\",\"item\":\"https:\\\/\\\/www.inoxforniture.it\\\/sistemi-per-ringhiere-e-balaustre\\\/\"},{\"@type\":\"ListItem\",\"position\":4,\"name\":\"Montanti pronti\",\"item\":\"https:\\\/\\\/www.inoxforniture.it\\\/montanti-pronti\\\/\"},{\"@type\":\"ListItem\",\"position\":5,\"name\":\"POTEAU ROND EN INOX POUR VERRE\"}]},{\"@type\":\"WebSite\",\"@id\":\"https:\\\/\\\/www.inoxforniture.it\\\/#website\",\"url\":\"https:\\\/\\\/www.inoxforniture.it\\\/\",\"name\":\"Inox Forniture\",\"description\":\"\",\"publisher\":{\"@id\":\"https:\\\/\\\/www.inoxforniture.it\\\/#organization\"},\"potentialAction\":[{\"@type\":\"SearchAction\",\"target\":{\"@type\":\"EntryPoint\",\"urlTemplate\":\"https:\\\/\\\/www.inoxforniture.it\\\/?s={search_term_string}\"},\"query-input\":{\"@type\":\"PropertyValueSpecification\",\"valueRequired\":true,\"valueName\":\"search_term_string\"}}],\"inLanguage\":\"fr-FR\"},{\"@type\":\"Organization\",\"@id\":\"https:\\\/\\\/www.inoxforniture.it\\\/#organization\",\"name\":\"Inox Forniture srl\",\"url\":\"https:\\\/\\\/www.inoxforniture.it\\\/\",\"logo\":{\"@type\":\"ImageObject\",\"inLanguage\":\"fr-FR\",\"@id\":\"https:\\\/\\\/www.inoxforniture.it\\\/#\\\/schema\\\/logo\\\/image\\\/\",\"url\":\"https:\\\/\\\/www.inoxforniture.it\\\/wp-content\\\/uploads\\\/2021\\\/01\\\/logo_inox.png\",\"contentUrl\":\"https:\\\/\\\/www.inoxforniture.it\\\/wp-content\\\/uploads\\\/2021\\\/01\\\/logo_inox.png\",\"width\":230,\"height\":44,\"caption\":\"Inox Forniture srl\"},\"image\":{\"@id\":\"https:\\\/\\\/www.inoxforniture.it\\\/#\\\/schema\\\/logo\\\/image\\\/\"},\"sameAs\":[\"https:\\\/\\\/www.facebook.com\\\/Inox.Forniture\",\"https:\\\/\\\/x.com\\\/InoxForniture\"]}]}<\/script>\n<!-- \/ Yoast SEO plugin. -->","yoast_head_json":{"title":"POTEAU ROND EN INOX POUR VERRE - Inox Forniture","description":"Poteau rond en inox pour verre disponible en AISI 304 et AISI 316, en finition SATIN\u00c9E et BRILLANTE. Pour verres de 8 \u00e0 12,76 mm. Configurez-le et achetez-le en ligne.","robots":{"index":"index","follow":"follow","max-snippet":"max-snippet:-1","max-image-preview":"max-image-preview:large","max-video-preview":"max-video-preview:-1"},"canonical":"https:\/\/www.inoxforniture.it\/fr\/poteau-rond-en-inox-pour-verre\/","og_locale":"fr_FR","og_type":"article","og_title":"POTEAU ROND EN INOX POUR VERRE - Inox Forniture","og_description":"Poteau rond en inox pour verre disponible en AISI 304 et AISI 316, en finition SATIN\u00c9E et BRILLANTE. Pour verres de 8 \u00e0 12,76 mm. Configurez-le et achetez-le en ligne.","og_url":"https:\/\/www.inoxforniture.it\/fr\/poteau-rond-en-inox-pour-verre\/","og_site_name":"Inox Forniture","article_publisher":"https:\/\/www.facebook.com\/Inox.Forniture","article_modified_time":"2026-01-23T17:38:54+00:00","og_image":[{"width":600,"height":600,"url":"https:\/\/www.inoxforniture.it\/wp-content\/uploads\/2025\/05\/MON004-5.jpg","type":"image\/jpeg"}],"twitter_card":"summary_large_image","twitter_site":"@InoxForniture","twitter_misc":{"Dur\u00e9e de lecture estim\u00e9e":"1 minute"},"schema":{"@context":"https:\/\/schema.org","@graph":[{"@type":"WebPage","@id":"https:\/\/www.inoxforniture.it\/fr\/poteau-rond-en-inox-pour-verre\/","url":"https:\/\/www.inoxforniture.it\/fr\/poteau-rond-en-inox-pour-verre\/","name":"POTEAU ROND EN INOX POUR VERRE - Inox Forniture","isPartOf":{"@id":"https:\/\/www.inoxforniture.it\/#website"},"primaryImageOfPage":{"@id":"https:\/\/www.inoxforniture.it\/fr\/poteau-rond-en-inox-pour-verre\/#primaryimage"},"image":{"@id":"https:\/\/www.inoxforniture.it\/fr\/poteau-rond-en-inox-pour-verre\/#primaryimage"},"thumbnailUrl":"https:\/\/www.inoxforniture.it\/wp-content\/uploads\/2025\/05\/MON004-5.jpg","datePublished":"2025-05-08T09:35:06+00:00","dateModified":"2026-01-23T17:38:54+00:00","description":"Poteau rond en inox pour verre disponible en AISI 304 et AISI 316, en finition SATIN\u00c9E et BRILLANTE. Pour verres de 8 \u00e0 12,76 mm. Configurez-le et achetez-le en ligne.","breadcrumb":{"@id":"https:\/\/www.inoxforniture.it\/fr\/poteau-rond-en-inox-pour-verre\/#breadcrumb"},"inLanguage":"fr-FR","potentialAction":[{"@type":"ReadAction","target":["https:\/\/www.inoxforniture.it\/fr\/poteau-rond-en-inox-pour-verre\/"]}]},{"@type":"ImageObject","inLanguage":"fr-FR","@id":"https:\/\/www.inoxforniture.it\/fr\/poteau-rond-en-inox-pour-verre\/#primaryimage","url":"https:\/\/www.inoxforniture.it\/wp-content\/uploads\/2025\/05\/MON004-5.jpg","contentUrl":"https:\/\/www.inoxforniture.it\/wp-content\/uploads\/2025\/05\/MON004-5.jpg","width":600,"height":600},{"@type":"BreadcrumbList","@id":"https:\/\/www.inoxforniture.it\/fr\/poteau-rond-en-inox-pour-verre\/#breadcrumb","itemListElement":[{"@type":"ListItem","position":1,"name":"Accueil","item":"https:\/\/www.inoxforniture.it\/"},{"@type":"ListItem","position":2,"name":"Boutique","item":"https:\/\/www.inoxforniture.it\/fr\/boutique\/"},{"@type":"ListItem","position":3,"name":"Sistemi per ringhiere e balaustre","item":"https:\/\/www.inoxforniture.it\/sistemi-per-ringhiere-e-balaustre\/"},{"@type":"ListItem","position":4,"name":"Montanti pronti","item":"https:\/\/www.inoxforniture.it\/montanti-pronti\/"},{"@type":"ListItem","position":5,"name":"POTEAU ROND EN INOX POUR VERRE"}]},{"@type":"WebSite","@id":"https:\/\/www.inoxforniture.it\/#website","url":"https:\/\/www.inoxforniture.it\/","name":"Inox Forniture","description":"","publisher":{"@id":"https:\/\/www.inoxforniture.it\/#organization"},"potentialAction":[{"@type":"SearchAction","target":{"@type":"EntryPoint","urlTemplate":"https:\/\/www.inoxforniture.it\/?s={search_term_string}"},"query-input":{"@type":"PropertyValueSpecification","valueRequired":true,"valueName":"search_term_string"}}],"inLanguage":"fr-FR"},{"@type":"Organization","@id":"https:\/\/www.inoxforniture.it\/#organization","name":"Inox Forniture srl","url":"https:\/\/www.inoxforniture.it\/","logo":{"@type":"ImageObject","inLanguage":"fr-FR","@id":"https:\/\/www.inoxforniture.it\/#\/schema\/logo\/image\/","url":"https:\/\/www.inoxforniture.it\/wp-content\/uploads\/2021\/01\/logo_inox.png","contentUrl":"https:\/\/www.inoxforniture.it\/wp-content\/uploads\/2021\/01\/logo_inox.png","width":230,"height":44,"caption":"Inox Forniture srl"},"image":{"@id":"https:\/\/www.inoxforniture.it\/#\/schema\/logo\/image\/"},"sameAs":["https:\/\/www.facebook.com\/Inox.Forniture","https:\/\/x.com\/InoxForniture"]}]}},"df_price":93,"df_sale_price":"","df_regular_price":93,"df_image_link":"https:\/\/www.inoxforniture.it\/wp-content\/uploads\/2025\/05\/MON004-5-300x300.jpg","tiered_pricing_type":"fixed","tiered_pricing_fixed_rules":[],"tiered_pricing_product_settings":{"layout":"default","base_unit_name":{"singular":null,"plural":null},"default_variation":null},"tiered_pricing_minimum_quantity":null,"tiered_pricing_roles_data":{"privato":{"product_id":57176,"role":"privato","pricing_type":"flat","regular_price":null,"sale_price":null,"discount":null,"discount_type":"sale_price","tiered_pricing_type":"fixed","percentage_rules":[],"fixed_rules":[],"minimum":null},"azienda":{"product_id":57176,"role":"azienda","pricing_type":"flat","regular_price":null,"sale_price":null,"discount":null,"discount_type":"sale_price","tiered_pricing_type":"fixed","percentage_rules":[],"fixed_rules":[],"minimum":null},"azienda_premium":{"product_id":57176,"role":"azienda_premium","pricing_type":"flat","regular_price":null,"sale_price":null,"discount":null,"discount_type":"sale_price","tiered_pricing_type":"fixed","percentage_rules":[],"fixed_rules":[],"minimum":null}},"tiered_pricing_percentage_rules":[],"tiered_pricing_maximum_quantity":null,"tiered_pricing_quantity_step":null,"_links":{"self":[{"href":"https:\/\/www.inoxforniture.it\/fr\/wp-json\/wp\/v2\/product\/57176","targetHints":{"allow":["GET"]}}],"collection":[{"href":"https:\/\/www.inoxforniture.it\/fr\/wp-json\/wp\/v2\/product"}],"about":[{"href":"https:\/\/www.inoxforniture.it\/fr\/wp-json\/wp\/v2\/types\/product"}],"wp:featuredmedia":[{"embeddable":true,"href":"https:\/\/www.inoxforniture.it\/fr\/wp-json\/wp\/v2\/media\/57177"}],"wp:attachment":[{"href":"https:\/\/www.inoxforniture.it\/fr\/wp-json\/wp\/v2\/media?parent=57176"}],"wp:term":[{"taxonomy":"product_brand","embeddable":true,"href":"https:\/\/www.inoxforniture.it\/fr\/wp-json\/wp\/v2\/product_brand?post=57176"},{"taxonomy":"product_cat","embeddable":true,"href":"https:\/\/www.inoxforniture.it\/fr\/wp-json\/wp\/v2\/product_cat?post=57176"},{"taxonomy":"product_tag","embeddable":true,"href":"https:\/\/www.inoxforniture.it\/fr\/wp-json\/wp\/v2\/product_tag?post=57176"}],"curies":[{"name":"wp","href":"https:\/\/api.w.org\/{rel}","templated":true}]}}