{"id":57122,"date":"2025-05-06T12:17:14","date_gmt":"2025-05-06T10:17:14","guid":{"rendered":"https:\/\/www.inoxforniture.it\/potelet-rond-bas-en-inox\/"},"modified":"2026-01-23T18:38:40","modified_gmt":"2026-01-23T17:38:40","slug":"potelet-rond-bas-en-inox","status":"publish","type":"product","link":"https:\/\/www.inoxforniture.it\/fr\/potelet-rond-bas-en-inox\/","title":{"rendered":"POTELET ROND BAS EN INOX"},"content":{"rendered":"<p>Le potelet bas en acier inoxydable est la solution id\u00e9ale pour rehausser les garde-corps et parapets trop bas, notamment lors de la r\u00e9novation de b\u00e2timents anciens.<br \/>\n Par le pass\u00e9, de nombreux balcons \u00e9taient construits avec des parapets inf\u00e9rieurs aux normes actuelles. Les r\u00e9glementations de s\u00e9curit\u00e9 imposent aujourd&rsquo;hui des hauteurs minimales (100-110 cm), et ce produit permet de mettre aux normes les structures existantes sans d\u00e9molition.<br \/>\n Fabriqu\u00e9 en acier inoxydable AISI 304 ou AISI 316, il r\u00e9siste \u00e0 la corrosion et convient aux environnements int\u00e9rieurs et ext\u00e9rieurs, dans la version polie \u00e9galement pour les zones maritimes.<br \/>\n Disponible en diff\u00e9rentes hauteurs (de 200 \u00e0 500 mm), avec ou sans traverse horizontale, il est compatible avec : <\/p>\n<ul>\n<li>Parapets en ma\u00e7onnerie<\/li>\n<li>Balcons avec muret bas<\/li>\n<li>Garde-corps existants \u00e0 rehausser<\/li>\n<li>Installations en copropri\u00e9t\u00e9 et priv\u00e9es<\/li>\n<\/ul>\n<p>Peut \u00e9galement \u00eatre r\u00e9alis\u00e9 avec des hauteurs sur mesure.<br \/>\nCompact et facile \u00e0 installer gr\u00e2ce aux trous traversants et \u00e0 la vis de serrage.<br \/>\nLes trous de 12,5 mm permettent le passage des lisses de 12 mm et gr\u00e2ce \u00e0 la vis M5 plac\u00e9e \u00e0 90\u00b0, le blocage des lisses s&rsquo;effectue sans avoir \u00e0 souder.<br \/>\nCe montant est utilis\u00e9 lorsque l&rsquo;installation est de niveau. Les trous traversants ne permettent pas l&rsquo;utilisation sur rampes ou escaliers.<br \/>\nDisponible en acier inox AISI 304 BROSS\u00c9 et en AISI 316 BROSS\u00c9 et POLI MIROIR.<br \/>\nIl est possible de choisir parmi de nombreuses variantes : mat\u00e9riau, type de fixation, hauteur et nombre de lisses. <\/p>\n<p>GUIDE DE S\u00c9LECTION :<\/p>\n<p>MAT\u00c9RIAU :<\/p>\n<p>AISI 304 SATIN\u00c9 (usage int\u00e9rieur environnements non agressifs, ex. pas de piscines ou centres thermaux)<br \/>\n AISI 316 SATIN\u00c9 (usage ext\u00e9rieur environnements non agressifs)<br \/>\n AISI 316 POLI (proximit\u00e9 de la mer, piscines et centres thermaux)<\/p>\n<p>Pour plus de d\u00e9tails sur le choix du mat\u00e9riau, voir : <a href=\"https:\/\/www.inoxforniture.it\/fr\/en-savoir-plus\/aciers-inoxydables-aisi-304-et-aisi-316\/\" target=\"_blank\" rel=\"noopener\">informations compl\u00e9mentaires<\/a><\/p>\n<p>TYPE DE FIXATION :<\/p>\n<p>Au sol :<br \/>\n la fixation du potelet se fait sur le sol par une platine ronde de 80 mm de diam\u00e8tre.<br \/>\n Une rosette de couverture est fournie avec la platine.<br \/>\n Lat\u00e9rale :<br \/>\n la fixation du potelet se fait lat\u00e9ralement par une platine ronde de 100 mm de diam\u00e8tre.<\/p>\n<p>DIAM\u00c8TRE DU POTELET :<\/p>\n<p>Diam\u00e8tre 42,4 mm.<br \/>\n Propos\u00e9 pour la version en AISI 304 et celles en AISI 316. C&rsquo;est le diam\u00e8tre le plus utilis\u00e9 et il convient bien aux installations int\u00e9rieures et ext\u00e9rieures. <\/p>\n<figure id=\"attachment_53246\" aria-describedby=\"caption-attachment-53246\" style=\"width: 1200px\" class=\"wp-caption alignnone\"><img fetchpriority=\"high\" decoding=\"async\" class=\"size-full wp-image-53246\" src=\"https:\/\/www.inoxforniture.it\/wp-content\/uploads\/2025\/05\/MON004-4.jpg\" alt=\"Potelet bas en acier inoxydable\" width=\"1200\" height=\"600\" srcset=\"https:\/\/www.inoxforniture.it\/wp-content\/uploads\/2025\/05\/MON004-4.jpg 1200w, https:\/\/www.inoxforniture.it\/wp-content\/uploads\/2025\/05\/MON004-4-1024x512.jpg 1024w, https:\/\/www.inoxforniture.it\/wp-content\/uploads\/2025\/05\/MON004-4-768x384.jpg 768w, https:\/\/www.inoxforniture.it\/wp-content\/uploads\/2025\/05\/MON004-4-640x320.jpg 640w, https:\/\/www.inoxforniture.it\/wp-content\/uploads\/2025\/05\/MON004-4-400x200.jpg 400w, https:\/\/www.inoxforniture.it\/wp-content\/uploads\/2025\/05\/MON004-4-600x300.jpg 600w\" sizes=\"(max-width: 1200px) 100vw, 1200px\" \/><figcaption id=\"caption-attachment-53246\" class=\"wp-caption-text\">Potelet bas en acier inoxydable<\/figcaption><\/figure>\n","protected":false},"excerpt":{"rendered":"<p>Tr\u00e8s utilis\u00e9 pour rehausser les murets trop bas de balcons et terrasses. Disponible en diff\u00e9rentes hauteurs allant de 200 \u00e0 500 mm, avec et sans traverses.<\/p>\n","protected":false},"featured_media":57130,"template":"","meta":{"_acf_changed":false},"product_brand":[],"product_cat":[4097],"product_tag":[4161,4160,4163,4162],"class_list":{"0":"post-57122","1":"product","2":"type-product","3":"status-publish","4":"has-post-thumbnail","6":"product_cat-poteaux-prets","7":"product_tag-element-de-rehausse-pour-parapet","8":"product_tag-rehausse-garde-corps-balcon","9":"product_tag-rehausse-parapet-balcon","10":"product_tag-rehausser-garde-corps-balcon","11":"pa_altezza-dal-calpestio-20-cm","12":"pa_altezza-dal-calpestio-24-cm","13":"pa_altezza-dal-calpestio-30-cm","14":"pa_altezza-dal-calpestio-35-cm","15":"pa_altezza-dal-calpestio-40-cm","16":"pa_altezza-dal-calpestio-45-cm","17":"pa_altezza-dal-calpestio-50-cm","18":"pa_materiale-aisi-304-brossee","19":"pa_materiale-aisi-316-brossee","20":"pa_materiale-aisi-316-poli-miroir","21":"pa_tipo-fissaggio-au-sol","22":"pa_tipo-fissaggio-laterale","24":"first","25":"onbackorder","26":"taxable","27":"shipping-taxable","28":"purchasable","29":"product-type-variable"},"acf":[],"yoast_head":"<!-- This site is optimized with the Yoast SEO plugin v27.3 - https:\/\/yoast.com\/product\/yoast-seo-wordpress\/ -->\n<title>rehausse garde-corps balcon acier inoxydable- Inox Forniture<\/title>\n<meta name=\"description\" content=\"Le potelet bas en acier inoxydable est un \u00e9l\u00e9ment de rehausse pour parapet. Il permet de s\u00e9curiser un garde-corps de balcon non conforme. Achetable en ligne.\" \/>\n<meta name=\"robots\" content=\"index, follow, max-snippet:-1, max-image-preview:large, max-video-preview:-1\" \/>\n<link rel=\"canonical\" href=\"https:\/\/www.inoxforniture.it\/fr\/potelet-rond-bas-en-inox\/\" \/>\n<meta property=\"og:locale\" content=\"fr_FR\" \/>\n<meta property=\"og:type\" content=\"article\" \/>\n<meta property=\"og:title\" content=\"rehausse garde-corps balcon acier inoxydable- Inox Forniture\" \/>\n<meta property=\"og:description\" content=\"Le potelet bas en acier inoxydable est un \u00e9l\u00e9ment de rehausse pour parapet. Il permet de s\u00e9curiser un garde-corps de balcon non conforme. Achetable en ligne.\" \/>\n<meta property=\"og:url\" content=\"https:\/\/www.inoxforniture.it\/fr\/potelet-rond-bas-en-inox\/\" \/>\n<meta property=\"og:site_name\" content=\"Inox Forniture\" \/>\n<meta property=\"article:publisher\" content=\"https:\/\/www.facebook.com\/Inox.Forniture\" \/>\n<meta property=\"article:modified_time\" content=\"2026-01-23T17:38:40+00:00\" \/>\n<meta property=\"og:image\" content=\"https:\/\/www.inoxforniture.it\/wp-content\/uploads\/2025\/05\/MON004-3.jpg\" \/>\n\t<meta property=\"og:image:width\" content=\"600\" \/>\n\t<meta property=\"og:image:height\" content=\"600\" \/>\n\t<meta property=\"og:image:type\" content=\"image\/jpeg\" \/>\n<meta name=\"twitter:card\" content=\"summary_large_image\" \/>\n<meta name=\"twitter:site\" content=\"@InoxForniture\" \/>\n<meta name=\"twitter:label1\" content=\"Dur\u00e9e de lecture estim\u00e9e\" \/>\n\t<meta name=\"twitter:data1\" content=\"2 minutes\" \/>\n<script type=\"application\/ld+json\" class=\"yoast-schema-graph\">{\"@context\":\"https:\\\/\\\/schema.org\",\"@graph\":[{\"@type\":\"WebPage\",\"@id\":\"https:\\\/\\\/www.inoxforniture.it\\\/fr\\\/potelet-rond-bas-en-inox\\\/\",\"url\":\"https:\\\/\\\/www.inoxforniture.it\\\/fr\\\/potelet-rond-bas-en-inox\\\/\",\"name\":\"rehausse garde-corps balcon acier inoxydable- Inox Forniture\",\"isPartOf\":{\"@id\":\"https:\\\/\\\/www.inoxforniture.it\\\/#website\"},\"primaryImageOfPage\":{\"@id\":\"https:\\\/\\\/www.inoxforniture.it\\\/fr\\\/potelet-rond-bas-en-inox\\\/#primaryimage\"},\"image\":{\"@id\":\"https:\\\/\\\/www.inoxforniture.it\\\/fr\\\/potelet-rond-bas-en-inox\\\/#primaryimage\"},\"thumbnailUrl\":\"https:\\\/\\\/www.inoxforniture.it\\\/wp-content\\\/uploads\\\/2025\\\/05\\\/MON004-3.jpg\",\"datePublished\":\"2025-05-06T10:17:14+00:00\",\"dateModified\":\"2026-01-23T17:38:40+00:00\",\"description\":\"Le potelet bas en acier inoxydable est un \u00e9l\u00e9ment de rehausse pour parapet. Il permet de s\u00e9curiser un garde-corps de balcon non conforme. Achetable en ligne.\",\"breadcrumb\":{\"@id\":\"https:\\\/\\\/www.inoxforniture.it\\\/fr\\\/potelet-rond-bas-en-inox\\\/#breadcrumb\"},\"inLanguage\":\"fr-FR\",\"potentialAction\":[{\"@type\":\"ReadAction\",\"target\":[\"https:\\\/\\\/www.inoxforniture.it\\\/fr\\\/potelet-rond-bas-en-inox\\\/\"]}]},{\"@type\":\"ImageObject\",\"inLanguage\":\"fr-FR\",\"@id\":\"https:\\\/\\\/www.inoxforniture.it\\\/fr\\\/potelet-rond-bas-en-inox\\\/#primaryimage\",\"url\":\"https:\\\/\\\/www.inoxforniture.it\\\/wp-content\\\/uploads\\\/2025\\\/05\\\/MON004-3.jpg\",\"contentUrl\":\"https:\\\/\\\/www.inoxforniture.it\\\/wp-content\\\/uploads\\\/2025\\\/05\\\/MON004-3.jpg\",\"width\":600,\"height\":600,\"caption\":\"Potelet bas en acier inoxydable avec fixation au sol et murale. Id\u00e9al pour rehausser les murets de terrasses et balcons trop bas. Disponible en AISI 304 et AISI 316 POLI et SATIN\u00c9\"},{\"@type\":\"BreadcrumbList\",\"@id\":\"https:\\\/\\\/www.inoxforniture.it\\\/fr\\\/potelet-rond-bas-en-inox\\\/#breadcrumb\",\"itemListElement\":[{\"@type\":\"ListItem\",\"position\":1,\"name\":\"Accueil\",\"item\":\"https:\\\/\\\/www.inoxforniture.it\\\/\"},{\"@type\":\"ListItem\",\"position\":2,\"name\":\"Boutique\",\"item\":\"https:\\\/\\\/www.inoxforniture.it\\\/fr\\\/boutique\\\/\"},{\"@type\":\"ListItem\",\"position\":3,\"name\":\"Sistemi per ringhiere e balaustre\",\"item\":\"https:\\\/\\\/www.inoxforniture.it\\\/sistemi-per-ringhiere-e-balaustre\\\/\"},{\"@type\":\"ListItem\",\"position\":4,\"name\":\"Montanti pronti\",\"item\":\"https:\\\/\\\/www.inoxforniture.it\\\/montanti-pronti\\\/\"},{\"@type\":\"ListItem\",\"position\":5,\"name\":\"POTELET ROND BAS EN INOX\"}]},{\"@type\":\"WebSite\",\"@id\":\"https:\\\/\\\/www.inoxforniture.it\\\/#website\",\"url\":\"https:\\\/\\\/www.inoxforniture.it\\\/\",\"name\":\"Inox Forniture\",\"description\":\"\",\"publisher\":{\"@id\":\"https:\\\/\\\/www.inoxforniture.it\\\/#organization\"},\"potentialAction\":[{\"@type\":\"SearchAction\",\"target\":{\"@type\":\"EntryPoint\",\"urlTemplate\":\"https:\\\/\\\/www.inoxforniture.it\\\/?s={search_term_string}\"},\"query-input\":{\"@type\":\"PropertyValueSpecification\",\"valueRequired\":true,\"valueName\":\"search_term_string\"}}],\"inLanguage\":\"fr-FR\"},{\"@type\":\"Organization\",\"@id\":\"https:\\\/\\\/www.inoxforniture.it\\\/#organization\",\"name\":\"Inox Forniture srl\",\"url\":\"https:\\\/\\\/www.inoxforniture.it\\\/\",\"logo\":{\"@type\":\"ImageObject\",\"inLanguage\":\"fr-FR\",\"@id\":\"https:\\\/\\\/www.inoxforniture.it\\\/#\\\/schema\\\/logo\\\/image\\\/\",\"url\":\"https:\\\/\\\/www.inoxforniture.it\\\/wp-content\\\/uploads\\\/2021\\\/01\\\/logo_inox.png\",\"contentUrl\":\"https:\\\/\\\/www.inoxforniture.it\\\/wp-content\\\/uploads\\\/2021\\\/01\\\/logo_inox.png\",\"width\":230,\"height\":44,\"caption\":\"Inox Forniture srl\"},\"image\":{\"@id\":\"https:\\\/\\\/www.inoxforniture.it\\\/#\\\/schema\\\/logo\\\/image\\\/\"},\"sameAs\":[\"https:\\\/\\\/www.facebook.com\\\/Inox.Forniture\",\"https:\\\/\\\/x.com\\\/InoxForniture\"]}]}<\/script>\n<!-- \/ Yoast SEO plugin. -->","yoast_head_json":{"title":"rehausse garde-corps balcon acier inoxydable- Inox Forniture","description":"Le potelet bas en acier inoxydable est un \u00e9l\u00e9ment de rehausse pour parapet. Il permet de s\u00e9curiser un garde-corps de balcon non conforme. Achetable en ligne.","robots":{"index":"index","follow":"follow","max-snippet":"max-snippet:-1","max-image-preview":"max-image-preview:large","max-video-preview":"max-video-preview:-1"},"canonical":"https:\/\/www.inoxforniture.it\/fr\/potelet-rond-bas-en-inox\/","og_locale":"fr_FR","og_type":"article","og_title":"rehausse garde-corps balcon acier inoxydable- Inox Forniture","og_description":"Le potelet bas en acier inoxydable est un \u00e9l\u00e9ment de rehausse pour parapet. Il permet de s\u00e9curiser un garde-corps de balcon non conforme. Achetable en ligne.","og_url":"https:\/\/www.inoxforniture.it\/fr\/potelet-rond-bas-en-inox\/","og_site_name":"Inox Forniture","article_publisher":"https:\/\/www.facebook.com\/Inox.Forniture","article_modified_time":"2026-01-23T17:38:40+00:00","og_image":[{"width":600,"height":600,"url":"https:\/\/www.inoxforniture.it\/wp-content\/uploads\/2025\/05\/MON004-3.jpg","type":"image\/jpeg"}],"twitter_card":"summary_large_image","twitter_site":"@InoxForniture","twitter_misc":{"Dur\u00e9e de lecture estim\u00e9e":"2 minutes"},"schema":{"@context":"https:\/\/schema.org","@graph":[{"@type":"WebPage","@id":"https:\/\/www.inoxforniture.it\/fr\/potelet-rond-bas-en-inox\/","url":"https:\/\/www.inoxforniture.it\/fr\/potelet-rond-bas-en-inox\/","name":"rehausse garde-corps balcon acier inoxydable- Inox Forniture","isPartOf":{"@id":"https:\/\/www.inoxforniture.it\/#website"},"primaryImageOfPage":{"@id":"https:\/\/www.inoxforniture.it\/fr\/potelet-rond-bas-en-inox\/#primaryimage"},"image":{"@id":"https:\/\/www.inoxforniture.it\/fr\/potelet-rond-bas-en-inox\/#primaryimage"},"thumbnailUrl":"https:\/\/www.inoxforniture.it\/wp-content\/uploads\/2025\/05\/MON004-3.jpg","datePublished":"2025-05-06T10:17:14+00:00","dateModified":"2026-01-23T17:38:40+00:00","description":"Le potelet bas en acier inoxydable est un \u00e9l\u00e9ment de rehausse pour parapet. Il permet de s\u00e9curiser un garde-corps de balcon non conforme. Achetable en ligne.","breadcrumb":{"@id":"https:\/\/www.inoxforniture.it\/fr\/potelet-rond-bas-en-inox\/#breadcrumb"},"inLanguage":"fr-FR","potentialAction":[{"@type":"ReadAction","target":["https:\/\/www.inoxforniture.it\/fr\/potelet-rond-bas-en-inox\/"]}]},{"@type":"ImageObject","inLanguage":"fr-FR","@id":"https:\/\/www.inoxforniture.it\/fr\/potelet-rond-bas-en-inox\/#primaryimage","url":"https:\/\/www.inoxforniture.it\/wp-content\/uploads\/2025\/05\/MON004-3.jpg","contentUrl":"https:\/\/www.inoxforniture.it\/wp-content\/uploads\/2025\/05\/MON004-3.jpg","width":600,"height":600,"caption":"Potelet bas en acier inoxydable avec fixation au sol et murale. Id\u00e9al pour rehausser les murets de terrasses et balcons trop bas. Disponible en AISI 304 et AISI 316 POLI et SATIN\u00c9"},{"@type":"BreadcrumbList","@id":"https:\/\/www.inoxforniture.it\/fr\/potelet-rond-bas-en-inox\/#breadcrumb","itemListElement":[{"@type":"ListItem","position":1,"name":"Accueil","item":"https:\/\/www.inoxforniture.it\/"},{"@type":"ListItem","position":2,"name":"Boutique","item":"https:\/\/www.inoxforniture.it\/fr\/boutique\/"},{"@type":"ListItem","position":3,"name":"Sistemi per ringhiere e balaustre","item":"https:\/\/www.inoxforniture.it\/sistemi-per-ringhiere-e-balaustre\/"},{"@type":"ListItem","position":4,"name":"Montanti pronti","item":"https:\/\/www.inoxforniture.it\/montanti-pronti\/"},{"@type":"ListItem","position":5,"name":"POTELET ROND BAS EN INOX"}]},{"@type":"WebSite","@id":"https:\/\/www.inoxforniture.it\/#website","url":"https:\/\/www.inoxforniture.it\/","name":"Inox Forniture","description":"","publisher":{"@id":"https:\/\/www.inoxforniture.it\/#organization"},"potentialAction":[{"@type":"SearchAction","target":{"@type":"EntryPoint","urlTemplate":"https:\/\/www.inoxforniture.it\/?s={search_term_string}"},"query-input":{"@type":"PropertyValueSpecification","valueRequired":true,"valueName":"search_term_string"}}],"inLanguage":"fr-FR"},{"@type":"Organization","@id":"https:\/\/www.inoxforniture.it\/#organization","name":"Inox Forniture srl","url":"https:\/\/www.inoxforniture.it\/","logo":{"@type":"ImageObject","inLanguage":"fr-FR","@id":"https:\/\/www.inoxforniture.it\/#\/schema\/logo\/image\/","url":"https:\/\/www.inoxforniture.it\/wp-content\/uploads\/2021\/01\/logo_inox.png","contentUrl":"https:\/\/www.inoxforniture.it\/wp-content\/uploads\/2021\/01\/logo_inox.png","width":230,"height":44,"caption":"Inox Forniture srl"},"image":{"@id":"https:\/\/www.inoxforniture.it\/#\/schema\/logo\/image\/"},"sameAs":["https:\/\/www.facebook.com\/Inox.Forniture","https:\/\/x.com\/InoxForniture"]}]}},"df_price":38,"df_sale_price":"","df_regular_price":38,"df_image_link":"https:\/\/www.inoxforniture.it\/wp-content\/uploads\/2025\/05\/MON004-3-300x300.jpg","tiered_pricing_type":"fixed","tiered_pricing_fixed_rules":[],"tiered_pricing_product_settings":{"layout":"default","base_unit_name":{"singular":null,"plural":null},"default_variation":null},"tiered_pricing_minimum_quantity":null,"tiered_pricing_roles_data":{"privato":{"product_id":57122,"role":"privato","pricing_type":"flat","regular_price":null,"sale_price":null,"discount":null,"discount_type":"sale_price","tiered_pricing_type":"fixed","percentage_rules":[],"fixed_rules":[],"minimum":null},"azienda":{"product_id":57122,"role":"azienda","pricing_type":"flat","regular_price":null,"sale_price":null,"discount":null,"discount_type":"sale_price","tiered_pricing_type":"fixed","percentage_rules":[],"fixed_rules":[],"minimum":null},"azienda_premium":{"product_id":57122,"role":"azienda_premium","pricing_type":"flat","regular_price":null,"sale_price":null,"discount":null,"discount_type":"sale_price","tiered_pricing_type":"fixed","percentage_rules":[],"fixed_rules":[],"minimum":null}},"tiered_pricing_percentage_rules":[],"tiered_pricing_maximum_quantity":null,"tiered_pricing_quantity_step":null,"_links":{"self":[{"href":"https:\/\/www.inoxforniture.it\/fr\/wp-json\/wp\/v2\/product\/57122","targetHints":{"allow":["GET"]}}],"collection":[{"href":"https:\/\/www.inoxforniture.it\/fr\/wp-json\/wp\/v2\/product"}],"about":[{"href":"https:\/\/www.inoxforniture.it\/fr\/wp-json\/wp\/v2\/types\/product"}],"wp:featuredmedia":[{"embeddable":true,"href":"https:\/\/www.inoxforniture.it\/fr\/wp-json\/wp\/v2\/media\/57130"}],"wp:attachment":[{"href":"https:\/\/www.inoxforniture.it\/fr\/wp-json\/wp\/v2\/media?parent=57122"}],"wp:term":[{"taxonomy":"product_brand","embeddable":true,"href":"https:\/\/www.inoxforniture.it\/fr\/wp-json\/wp\/v2\/product_brand?post=57122"},{"taxonomy":"product_cat","embeddable":true,"href":"https:\/\/www.inoxforniture.it\/fr\/wp-json\/wp\/v2\/product_cat?post=57122"},{"taxonomy":"product_tag","embeddable":true,"href":"https:\/\/www.inoxforniture.it\/fr\/wp-json\/wp\/v2\/product_tag?post=57122"}],"curies":[{"name":"wp","href":"https:\/\/api.w.org\/{rel}","templated":true}]}}