{"id":56870,"date":"2024-01-29T12:21:00","date_gmt":"2024-01-29T11:21:00","guid":{"rendered":"https:\/\/www.inoxforniture.it\/poteau-rond-en-inox-pour-traverses-et-main-courante-deportee\/"},"modified":"2026-01-27T15:59:37","modified_gmt":"2026-01-27T14:59:37","slug":"poteau-rond-en-inox-pour-traverses-et-main-courante-deportee","status":"publish","type":"product","link":"https:\/\/www.inoxforniture.it\/fr\/poteau-rond-en-inox-pour-traverses-et-main-courante-deportee\/","title":{"rendered":"POTEAU ROND EN INOX POUR TRAVERSES ET MAIN COURANTE D\u00c9PORT\u00c9E"},"content":{"rendered":"<p>Ce poteau est utilis\u00e9 pour emp\u00eacher l&rsquo;escalade. Le support de main courante d\u00e9port\u00e9e d\u00e9place l&rsquo;axe de la main courante vers l&rsquo;int\u00e9rieur par rapport \u00e0 la ligne de la balustrade, ce qui rend l&rsquo;escalade plus difficile. Disponible en AISI 304 BROSS\u00c9E et en AISI 316 BROSS\u00c9E et POLI MIROIR. Peut \u00eatre install\u00e9 sur des escaliers gr\u00e2ce aux supports de lisses et au support de main courante, tous deux inclinables. Plusieurs variantes disponibles : mat\u00e9riau, type de fixation, diam\u00e8tre du poteau et nombre de lisses.    <\/p>\n<p>GUIDE DE S\u00c9LECTION :<\/p>\n<p>MAT\u00c9RIAU :<\/p>\n<ul>\n<li>AISI 304 SATIN\u00c9 (usage int\u00e9rieur environnements non agressifs, ex. pas de piscines ou centres thermaux)<\/li>\n<li>AISI 316 SATIN\u00c9 (usage ext\u00e9rieur environnements non agressifs)<\/li>\n<li>AISI 316 POLI (proximit\u00e9 de la mer, piscines et centres thermaux)<\/li>\n<\/ul>\n<p>Pour plus de d\u00e9tails sur le choix du mat\u00e9riau, voir : <a href=\"https:\/\/www.inoxforniture.it\/fr\/en-savoir-plus\/aciers-inoxydables-aisi-304-et-aisi-316\/\">www.inoxforniture.it\/fr\/en-savoir-plus\/aciers-inoxydables-aisi-304-et-aisi-316\/<\/a><\/p>\n<p>TYPE DE FIXATION :<\/p>\n<p>Au sol :<br \/>\nla fixation du poteau se fait sur le sol par une plaque ronde de 80 mm de diam\u00e8tre pour les versions en AISI 304 et de 120 mm de diam\u00e8tre pour celles en AISI 316.<br \/>\nLa rosette de couverture correspondante est fournie avec la plaque.<br \/>\nLat\u00e9rale :<br \/>\nla fixation du poteau se fait lat\u00e9ralement par une plaque ronde de 100 mm de diam\u00e8tre<\/p>\n<p>DIAM\u00c8TRE DU POTELET :<\/p>\n<p>Diam\u00e8tre 33,7 mm.<br \/>\nIl est propos\u00e9 uniquement pour la version en AISI 304 car il est g\u00e9n\u00e9ralement utilis\u00e9 pour les escaliers ou les mezzanines de petites dimensions \u00e0 l&rsquo;int\u00e9rieur des appartements.<br \/>\nDiam\u00e8tre 42,4 mm.<br \/>\nIl est propos\u00e9 \u00e0 la fois pour la version en AISI 304 et pour celles en AISI 316. C&rsquo;est le diam\u00e8tre le plus utilis\u00e9 et il convient bien aux installations int\u00e9rieures et ext\u00e9rieures. <\/p>\n<p><img fetchpriority=\"high\" decoding=\"async\" class=\"alignnone size-full wp-image-47687\" src=\"https:\/\/www.inoxforniture.it\/wp-content\/uploads\/2024\/01\/P110129-05.jpg\" alt=\"\" width=\"1200\" height=\"600\" srcset=\"https:\/\/www.inoxforniture.it\/wp-content\/uploads\/2024\/01\/P110129-05.jpg 1200w, https:\/\/www.inoxforniture.it\/wp-content\/uploads\/2024\/01\/P110129-05-1024x512.jpg 1024w, https:\/\/www.inoxforniture.it\/wp-content\/uploads\/2024\/01\/P110129-05-768x384.jpg 768w, https:\/\/www.inoxforniture.it\/wp-content\/uploads\/2024\/01\/P110129-05-640x320.jpg 640w, https:\/\/www.inoxforniture.it\/wp-content\/uploads\/2024\/01\/P110129-05-400x200.jpg 400w, https:\/\/www.inoxforniture.it\/wp-content\/uploads\/2024\/01\/P110129-05-600x300.jpg 600w\" sizes=\"(max-width: 1200px) 100vw, 1200px\" \/><\/p>\n","protected":false},"excerpt":{"rendered":"<p>Ce poteau est utilis\u00e9 pour emp\u00eacher l&rsquo;escalade. Le support de main courante d\u00e9port\u00e9e d\u00e9place l&rsquo;axe de la main courante vers l&rsquo;int\u00e9rieur par rapport \u00e0 la ligne de la balustrade, ce qui rend l&rsquo;escalade plus difficile. Disponible en AISI 304 BROSS\u00c9E et en AISI 316 BROSS\u00c9E et POLI MIROIR. Peut \u00eatre install\u00e9 sur des escaliers gr\u00e2ce aux supports de lisses et au support de main courante, tous deux inclinables.   <\/p>\n<p><strong><span style=\"color: red;\">CONFIGUREZ VOTRE POTEAU EN CHOISISSANT LES OPTIONS CI-DESSOUS<\/span><\/strong><br \/>\n(Guide de s\u00e9lection plus bas)<\/p>\n","protected":false},"featured_media":56966,"template":"","meta":{"_acf_changed":false},"product_brand":[],"product_cat":[4097],"product_tag":[4159,4157,4158,4156],"class_list":{"0":"post-56870","1":"product","2":"type-product","3":"status-publish","4":"has-post-thumbnail","6":"product_cat-poteaux-prets","7":"product_tag-balcons-balustrades","8":"product_tag-balustrade-balcon","9":"product_tag-balustrade-exterieure","10":"product_tag-balustrades-en-fer","11":"pa_altezza-dal-calpestio-100-cm","12":"pa_altezza-dal-calpestio-110-cm","13":"pa_diametro-montante-o-337-mm","14":"pa_diametro-montante-o-424-mm","15":"pa_materiale-aisi-304-brossee","16":"pa_materiale-aisi-316-brossee","17":"pa_materiale-aisi-316-poli-miroir","18":"pa_numero-traverse-4145","19":"pa_numero-traverse-4146","20":"pa_numero-traverse-4147","21":"pa_numero-traverse-4148","22":"pa_numero-traverse-4149","23":"pa_numero-traverse-4150","24":"pa_numero-traverse-4151","25":"pa_numero-traverse-4152","26":"pa_numero-traverse-4153","27":"pa_tipo-fissaggio-au-sol","28":"pa_tipo-fissaggio-laterale","30":"first","31":"onbackorder","32":"taxable","33":"shipping-taxable","34":"purchasable","35":"product-type-variable"},"acf":[],"yoast_head":"<!-- This site is optimized with the Yoast SEO plugin v27.3 - https:\/\/yoast.com\/product\/yoast-seo-wordpress\/ -->\n<title>Poteau inox main courante d\u00e9port\u00e9e pour lisses - Inox Forniture<\/title>\n<meta name=\"description\" content=\"Achetez en ligne le poteau inox avec main courante d\u00e9port\u00e9e. Id\u00e9al pour emp\u00eacher l&#039;escalade de la balustrade. Main courante et lisses orientables.\" \/>\n<meta name=\"robots\" content=\"index, follow, max-snippet:-1, max-image-preview:large, max-video-preview:-1\" \/>\n<link rel=\"canonical\" href=\"https:\/\/www.inoxforniture.it\/fr\/poteau-rond-en-inox-pour-traverses-et-main-courante-deportee\/\" \/>\n<meta property=\"og:locale\" content=\"fr_FR\" \/>\n<meta property=\"og:type\" content=\"article\" \/>\n<meta property=\"og:title\" content=\"Poteau inox main courante d\u00e9port\u00e9e pour lisses - Inox Forniture\" \/>\n<meta property=\"og:description\" content=\"Achetez en ligne le poteau inox avec main courante d\u00e9port\u00e9e. Id\u00e9al pour emp\u00eacher l&#039;escalade de la balustrade. Main courante et lisses orientables.\" \/>\n<meta property=\"og:url\" content=\"https:\/\/www.inoxforniture.it\/fr\/poteau-rond-en-inox-pour-traverses-et-main-courante-deportee\/\" \/>\n<meta property=\"og:site_name\" content=\"Inox Forniture\" \/>\n<meta property=\"article:publisher\" content=\"https:\/\/www.facebook.com\/Inox.Forniture\" \/>\n<meta property=\"article:modified_time\" content=\"2026-01-27T14:59:37+00:00\" \/>\n<meta property=\"og:image\" content=\"https:\/\/www.inoxforniture.it\/wp-content\/uploads\/2024\/01\/P110129-01.jpg\" \/>\n\t<meta property=\"og:image:width\" content=\"600\" \/>\n\t<meta property=\"og:image:height\" content=\"600\" \/>\n\t<meta property=\"og:image:type\" content=\"image\/jpeg\" \/>\n<meta name=\"twitter:card\" content=\"summary_large_image\" \/>\n<meta name=\"twitter:site\" content=\"@InoxForniture\" \/>\n<meta name=\"twitter:label1\" content=\"Dur\u00e9e de lecture estim\u00e9e\" \/>\n\t<meta name=\"twitter:data1\" content=\"2 minutes\" \/>\n<script type=\"application\/ld+json\" class=\"yoast-schema-graph\">{\"@context\":\"https:\\\/\\\/schema.org\",\"@graph\":[{\"@type\":\"WebPage\",\"@id\":\"https:\\\/\\\/www.inoxforniture.it\\\/fr\\\/poteau-rond-en-inox-pour-traverses-et-main-courante-deportee\\\/\",\"url\":\"https:\\\/\\\/www.inoxforniture.it\\\/fr\\\/poteau-rond-en-inox-pour-traverses-et-main-courante-deportee\\\/\",\"name\":\"Poteau inox main courante d\u00e9port\u00e9e pour lisses - Inox Forniture\",\"isPartOf\":{\"@id\":\"https:\\\/\\\/www.inoxforniture.it\\\/#website\"},\"primaryImageOfPage\":{\"@id\":\"https:\\\/\\\/www.inoxforniture.it\\\/fr\\\/poteau-rond-en-inox-pour-traverses-et-main-courante-deportee\\\/#primaryimage\"},\"image\":{\"@id\":\"https:\\\/\\\/www.inoxforniture.it\\\/fr\\\/poteau-rond-en-inox-pour-traverses-et-main-courante-deportee\\\/#primaryimage\"},\"thumbnailUrl\":\"https:\\\/\\\/www.inoxforniture.it\\\/wp-content\\\/uploads\\\/2024\\\/01\\\/P110129-01.jpg\",\"datePublished\":\"2024-01-29T11:21:00+00:00\",\"dateModified\":\"2026-01-27T14:59:37+00:00\",\"description\":\"Achetez en ligne le poteau inox avec main courante d\u00e9port\u00e9e. Id\u00e9al pour emp\u00eacher l'escalade de la balustrade. Main courante et lisses orientables.\",\"breadcrumb\":{\"@id\":\"https:\\\/\\\/www.inoxforniture.it\\\/fr\\\/poteau-rond-en-inox-pour-traverses-et-main-courante-deportee\\\/#breadcrumb\"},\"inLanguage\":\"fr-FR\",\"potentialAction\":[{\"@type\":\"ReadAction\",\"target\":[\"https:\\\/\\\/www.inoxforniture.it\\\/fr\\\/poteau-rond-en-inox-pour-traverses-et-main-courante-deportee\\\/\"]}]},{\"@type\":\"ImageObject\",\"inLanguage\":\"fr-FR\",\"@id\":\"https:\\\/\\\/www.inoxforniture.it\\\/fr\\\/poteau-rond-en-inox-pour-traverses-et-main-courante-deportee\\\/#primaryimage\",\"url\":\"https:\\\/\\\/www.inoxforniture.it\\\/wp-content\\\/uploads\\\/2024\\\/01\\\/P110129-01.jpg\",\"contentUrl\":\"https:\\\/\\\/www.inoxforniture.it\\\/wp-content\\\/uploads\\\/2024\\\/01\\\/P110129-01.jpg\",\"width\":600,\"height\":600,\"caption\":\"Poteau en acier inox avec main courante d\u00e9port\u00e9e et lisses\"},{\"@type\":\"BreadcrumbList\",\"@id\":\"https:\\\/\\\/www.inoxforniture.it\\\/fr\\\/poteau-rond-en-inox-pour-traverses-et-main-courante-deportee\\\/#breadcrumb\",\"itemListElement\":[{\"@type\":\"ListItem\",\"position\":1,\"name\":\"Accueil\",\"item\":\"https:\\\/\\\/www.inoxforniture.it\\\/\"},{\"@type\":\"ListItem\",\"position\":2,\"name\":\"Boutique\",\"item\":\"https:\\\/\\\/www.inoxforniture.it\\\/fr\\\/boutique\\\/\"},{\"@type\":\"ListItem\",\"position\":3,\"name\":\"Syst\u00e8mes pour garde-corps et balustrades\",\"item\":\"https:\\\/\\\/www.inoxforniture.it\\\/fr\\\/systemes-pour-garde-corps-et-balustrades\\\/\"},{\"@type\":\"ListItem\",\"position\":4,\"name\":\"Poteaux pr\u00eats\",\"item\":\"https:\\\/\\\/www.inoxforniture.it\\\/fr\\\/poteaux-prets\\\/\"},{\"@type\":\"ListItem\",\"position\":5,\"name\":\"POTEAU ROND EN INOX POUR TRAVERSES ET MAIN COURANTE D\u00c9PORT\u00c9E\"}]},{\"@type\":\"WebSite\",\"@id\":\"https:\\\/\\\/www.inoxforniture.it\\\/#website\",\"url\":\"https:\\\/\\\/www.inoxforniture.it\\\/\",\"name\":\"Inox Forniture\",\"description\":\"\",\"publisher\":{\"@id\":\"https:\\\/\\\/www.inoxforniture.it\\\/#organization\"},\"potentialAction\":[{\"@type\":\"SearchAction\",\"target\":{\"@type\":\"EntryPoint\",\"urlTemplate\":\"https:\\\/\\\/www.inoxforniture.it\\\/?s={search_term_string}\"},\"query-input\":{\"@type\":\"PropertyValueSpecification\",\"valueRequired\":true,\"valueName\":\"search_term_string\"}}],\"inLanguage\":\"fr-FR\"},{\"@type\":\"Organization\",\"@id\":\"https:\\\/\\\/www.inoxforniture.it\\\/#organization\",\"name\":\"Inox Forniture srl\",\"url\":\"https:\\\/\\\/www.inoxforniture.it\\\/\",\"logo\":{\"@type\":\"ImageObject\",\"inLanguage\":\"fr-FR\",\"@id\":\"https:\\\/\\\/www.inoxforniture.it\\\/#\\\/schema\\\/logo\\\/image\\\/\",\"url\":\"https:\\\/\\\/www.inoxforniture.it\\\/wp-content\\\/uploads\\\/2021\\\/01\\\/logo_inox.png\",\"contentUrl\":\"https:\\\/\\\/www.inoxforniture.it\\\/wp-content\\\/uploads\\\/2021\\\/01\\\/logo_inox.png\",\"width\":230,\"height\":44,\"caption\":\"Inox Forniture srl\"},\"image\":{\"@id\":\"https:\\\/\\\/www.inoxforniture.it\\\/#\\\/schema\\\/logo\\\/image\\\/\"},\"sameAs\":[\"https:\\\/\\\/www.facebook.com\\\/Inox.Forniture\",\"https:\\\/\\\/x.com\\\/InoxForniture\"]}]}<\/script>\n<!-- \/ Yoast SEO plugin. -->","yoast_head_json":{"title":"Poteau inox main courante d\u00e9port\u00e9e pour lisses - Inox Forniture","description":"Achetez en ligne le poteau inox avec main courante d\u00e9port\u00e9e. Id\u00e9al pour emp\u00eacher l'escalade de la balustrade. Main courante et lisses orientables.","robots":{"index":"index","follow":"follow","max-snippet":"max-snippet:-1","max-image-preview":"max-image-preview:large","max-video-preview":"max-video-preview:-1"},"canonical":"https:\/\/www.inoxforniture.it\/fr\/poteau-rond-en-inox-pour-traverses-et-main-courante-deportee\/","og_locale":"fr_FR","og_type":"article","og_title":"Poteau inox main courante d\u00e9port\u00e9e pour lisses - Inox Forniture","og_description":"Achetez en ligne le poteau inox avec main courante d\u00e9port\u00e9e. Id\u00e9al pour emp\u00eacher l'escalade de la balustrade. Main courante et lisses orientables.","og_url":"https:\/\/www.inoxforniture.it\/fr\/poteau-rond-en-inox-pour-traverses-et-main-courante-deportee\/","og_site_name":"Inox Forniture","article_publisher":"https:\/\/www.facebook.com\/Inox.Forniture","article_modified_time":"2026-01-27T14:59:37+00:00","og_image":[{"width":600,"height":600,"url":"https:\/\/www.inoxforniture.it\/wp-content\/uploads\/2024\/01\/P110129-01.jpg","type":"image\/jpeg"}],"twitter_card":"summary_large_image","twitter_site":"@InoxForniture","twitter_misc":{"Dur\u00e9e de lecture estim\u00e9e":"2 minutes"},"schema":{"@context":"https:\/\/schema.org","@graph":[{"@type":"WebPage","@id":"https:\/\/www.inoxforniture.it\/fr\/poteau-rond-en-inox-pour-traverses-et-main-courante-deportee\/","url":"https:\/\/www.inoxforniture.it\/fr\/poteau-rond-en-inox-pour-traverses-et-main-courante-deportee\/","name":"Poteau inox main courante d\u00e9port\u00e9e pour lisses - Inox Forniture","isPartOf":{"@id":"https:\/\/www.inoxforniture.it\/#website"},"primaryImageOfPage":{"@id":"https:\/\/www.inoxforniture.it\/fr\/poteau-rond-en-inox-pour-traverses-et-main-courante-deportee\/#primaryimage"},"image":{"@id":"https:\/\/www.inoxforniture.it\/fr\/poteau-rond-en-inox-pour-traverses-et-main-courante-deportee\/#primaryimage"},"thumbnailUrl":"https:\/\/www.inoxforniture.it\/wp-content\/uploads\/2024\/01\/P110129-01.jpg","datePublished":"2024-01-29T11:21:00+00:00","dateModified":"2026-01-27T14:59:37+00:00","description":"Achetez en ligne le poteau inox avec main courante d\u00e9port\u00e9e. Id\u00e9al pour emp\u00eacher l'escalade de la balustrade. Main courante et lisses orientables.","breadcrumb":{"@id":"https:\/\/www.inoxforniture.it\/fr\/poteau-rond-en-inox-pour-traverses-et-main-courante-deportee\/#breadcrumb"},"inLanguage":"fr-FR","potentialAction":[{"@type":"ReadAction","target":["https:\/\/www.inoxforniture.it\/fr\/poteau-rond-en-inox-pour-traverses-et-main-courante-deportee\/"]}]},{"@type":"ImageObject","inLanguage":"fr-FR","@id":"https:\/\/www.inoxforniture.it\/fr\/poteau-rond-en-inox-pour-traverses-et-main-courante-deportee\/#primaryimage","url":"https:\/\/www.inoxforniture.it\/wp-content\/uploads\/2024\/01\/P110129-01.jpg","contentUrl":"https:\/\/www.inoxforniture.it\/wp-content\/uploads\/2024\/01\/P110129-01.jpg","width":600,"height":600,"caption":"Poteau en acier inox avec main courante d\u00e9port\u00e9e et lisses"},{"@type":"BreadcrumbList","@id":"https:\/\/www.inoxforniture.it\/fr\/poteau-rond-en-inox-pour-traverses-et-main-courante-deportee\/#breadcrumb","itemListElement":[{"@type":"ListItem","position":1,"name":"Accueil","item":"https:\/\/www.inoxforniture.it\/"},{"@type":"ListItem","position":2,"name":"Boutique","item":"https:\/\/www.inoxforniture.it\/fr\/boutique\/"},{"@type":"ListItem","position":3,"name":"Syst\u00e8mes pour garde-corps et balustrades","item":"https:\/\/www.inoxforniture.it\/fr\/systemes-pour-garde-corps-et-balustrades\/"},{"@type":"ListItem","position":4,"name":"Poteaux pr\u00eats","item":"https:\/\/www.inoxforniture.it\/fr\/poteaux-prets\/"},{"@type":"ListItem","position":5,"name":"POTEAU ROND EN INOX POUR TRAVERSES ET MAIN COURANTE D\u00c9PORT\u00c9E"}]},{"@type":"WebSite","@id":"https:\/\/www.inoxforniture.it\/#website","url":"https:\/\/www.inoxforniture.it\/","name":"Inox Forniture","description":"","publisher":{"@id":"https:\/\/www.inoxforniture.it\/#organization"},"potentialAction":[{"@type":"SearchAction","target":{"@type":"EntryPoint","urlTemplate":"https:\/\/www.inoxforniture.it\/?s={search_term_string}"},"query-input":{"@type":"PropertyValueSpecification","valueRequired":true,"valueName":"search_term_string"}}],"inLanguage":"fr-FR"},{"@type":"Organization","@id":"https:\/\/www.inoxforniture.it\/#organization","name":"Inox Forniture srl","url":"https:\/\/www.inoxforniture.it\/","logo":{"@type":"ImageObject","inLanguage":"fr-FR","@id":"https:\/\/www.inoxforniture.it\/#\/schema\/logo\/image\/","url":"https:\/\/www.inoxforniture.it\/wp-content\/uploads\/2021\/01\/logo_inox.png","contentUrl":"https:\/\/www.inoxforniture.it\/wp-content\/uploads\/2021\/01\/logo_inox.png","width":230,"height":44,"caption":"Inox Forniture srl"},"image":{"@id":"https:\/\/www.inoxforniture.it\/#\/schema\/logo\/image\/"},"sameAs":["https:\/\/www.facebook.com\/Inox.Forniture","https:\/\/x.com\/InoxForniture"]}]}},"df_price":59,"df_sale_price":"","df_regular_price":59,"df_image_link":"https:\/\/www.inoxforniture.it\/wp-content\/uploads\/2024\/01\/P110129-01-300x300.jpg","tiered_pricing_type":"fixed","tiered_pricing_fixed_rules":[],"tiered_pricing_product_settings":{"layout":"default","base_unit_name":{"singular":null,"plural":null},"default_variation":null},"tiered_pricing_minimum_quantity":null,"tiered_pricing_roles_data":{"privato":{"product_id":56870,"role":"privato","pricing_type":"flat","regular_price":null,"sale_price":null,"discount":null,"discount_type":"sale_price","tiered_pricing_type":"fixed","percentage_rules":[],"fixed_rules":[],"minimum":null},"azienda":{"product_id":56870,"role":"azienda","pricing_type":"flat","regular_price":null,"sale_price":null,"discount":null,"discount_type":"sale_price","tiered_pricing_type":"fixed","percentage_rules":[],"fixed_rules":[],"minimum":null},"azienda_premium":{"product_id":56870,"role":"azienda_premium","pricing_type":"flat","regular_price":null,"sale_price":null,"discount":null,"discount_type":"sale_price","tiered_pricing_type":"fixed","percentage_rules":[],"fixed_rules":[],"minimum":null}},"tiered_pricing_percentage_rules":[],"tiered_pricing_maximum_quantity":null,"tiered_pricing_quantity_step":null,"_links":{"self":[{"href":"https:\/\/www.inoxforniture.it\/fr\/wp-json\/wp\/v2\/product\/56870","targetHints":{"allow":["GET"]}}],"collection":[{"href":"https:\/\/www.inoxforniture.it\/fr\/wp-json\/wp\/v2\/product"}],"about":[{"href":"https:\/\/www.inoxforniture.it\/fr\/wp-json\/wp\/v2\/types\/product"}],"wp:featuredmedia":[{"embeddable":true,"href":"https:\/\/www.inoxforniture.it\/fr\/wp-json\/wp\/v2\/media\/56966"}],"wp:attachment":[{"href":"https:\/\/www.inoxforniture.it\/fr\/wp-json\/wp\/v2\/media?parent=56870"}],"wp:term":[{"taxonomy":"product_brand","embeddable":true,"href":"https:\/\/www.inoxforniture.it\/fr\/wp-json\/wp\/v2\/product_brand?post=56870"},{"taxonomy":"product_cat","embeddable":true,"href":"https:\/\/www.inoxforniture.it\/fr\/wp-json\/wp\/v2\/product_cat?post=56870"},{"taxonomy":"product_tag","embeddable":true,"href":"https:\/\/www.inoxforniture.it\/fr\/wp-json\/wp\/v2\/product_tag?post=56870"}],"curies":[{"name":"wp","href":"https:\/\/api.w.org\/{rel}","templated":true}]}}