{"id":56850,"date":"2024-09-04T18:13:11","date_gmt":"2024-09-04T16:13:11","guid":{"rendered":"https:\/\/www.inoxforniture.it\/cable-inox-49-fils-7x7-aisi-316\/"},"modified":"2026-04-20T13:03:27","modified_gmt":"2026-04-20T11:03:27","slug":"cable-inox-49-fils-7x7-aisi-316","status":"publish","type":"product","link":"https:\/\/www.inoxforniture.it\/fr\/cable-inox-49-fils-7x7-aisi-316\/","title":{"rendered":"C\u00c2BLE INOX 49 FILS ( 7&#215;7 ) AISI 316"},"content":{"rendered":"<p>C\u00e2ble en acier inoxydable AISI 316 form\u00e9 de 49 fils dispos\u00e9s (7&#215;7). Tr\u00e8s polyvalent, il trouve application dans divers secteurs gr\u00e2ce \u00e0 sa r\u00e9sistance \u00e0 la corrosion et \u00e0 sa flexibilit\u00e9.<br \/>\nCe c\u00e2ble est commun\u00e9ment appel\u00e9 c\u00e2ble en acier inox.<\/p>\n<p>Caract\u00e9ristiques principales :<br \/>\nR\u00e9sistance \u00e0 la corrosion : Gr\u00e2ce \u00e0 l&rsquo;acier inoxydable AISI 316, ce c\u00e2ble est parfait pour les environnements marins et les conditions atmosph\u00e9riques difficiles.<br \/>\nFlexibilit\u00e9 optimale : La structure \u00e0 49 fils (7&#215;7) garantit une flexibilit\u00e9 exceptionnelle, facilitant l&rsquo;installation et l&rsquo;utilisation dans les espaces restreints.<br \/>\nDurabilit\u00e9 : Con\u00e7u pour r\u00e9sister \u00e0 l&rsquo;usure et maintenir ses propri\u00e9t\u00e9s dans le temps, assurant un investissement \u00e0 long terme.<\/p>\n<p>Voici quelques-unes des principales utilisations :<br \/>\nIndustrie : Utilis\u00e9s pour la traction et l&rsquo;ancrage, les syst\u00e8mes de positionnement et de contr\u00f4le.<br \/>\nArchitecture : Employ\u00e9s dans les structures tendues, escaliers, balustrades, garde-corps et am\u00e9nagement d&rsquo;espaces ext\u00e9rieurs et int\u00e9rieurs.<br \/>\nB\u00e2timent : Utilis\u00e9s pour la traction de charges et les syst\u00e8mes de suspension, comme les lignes de vie.<br \/>\nNautique : Utilis\u00e9s pour le gr\u00e9ement, les lifelines et autres applications marines.<\/p>\n<figure id=\"attachment_50211\" aria-describedby=\"caption-attachment-50211\" style=\"width: 480px\" class=\"wp-caption alignnone\"><img fetchpriority=\"high\" decoding=\"async\" class=\"wp-image-50211 size-full\" src=\"https:\/\/www.inoxforniture.it\/wp-content\/uploads\/2024\/09\/C110192_3.jpg\" alt=\"Fiche charge de rupture minimum c\u00e2ble acier inox AISI 316 construction 49 fils (7x7) C\u00e2ble acier inox 3 mm 5,07 kN. C\u00e2ble acier inox 4 mm 9,00 kN. C\u00e2ble acier inox 5 mm 14,00 kN. C\u00e2ble acier inox 6 mm 20,10 kN. C\u00e2ble acier inox 8 mm 36,00 kN.\" width=\"480\" height=\"480\" srcset=\"https:\/\/www.inoxforniture.it\/wp-content\/uploads\/2024\/09\/C110192_3.jpg 480w, https:\/\/www.inoxforniture.it\/wp-content\/uploads\/2024\/09\/C110192_3-400x400.jpg 400w\" sizes=\"(max-width: 480px) 100vw, 480px\" \/><figcaption id=\"caption-attachment-50211\" class=\"wp-caption-text\">{%CAPTION%}<\/figcaption><\/figure>\n","protected":false},"excerpt":{"rendered":"<p>C\u00e2ble en acier inoxydable AISI 316 form\u00e9 de 49 fils dispos\u00e9s (7&#215;7).<br \/>\nTr\u00e8s polyvalent, il trouve application dans divers secteurs gr\u00e2ce \u00e0 sa r\u00e9sistance \u00e0 la corrosion et \u00e0 sa flexibilit\u00e9.<\/p>\n","protected":false},"featured_media":56851,"template":"","meta":{"_acf_changed":false},"product_brand":[],"product_cat":[4087,4086],"product_tag":[],"class_list":{"0":"post-56850","1":"product","2":"type-product","3":"status-publish","4":"has-post-thumbnail","6":"product_cat-accessoires-balustrades-avec-cable","7":"product_cat-accessoires-pour-cables-et-chaines","8":"pa_diametro-fune-o-30-mm","9":"pa_diametro-fune-o-40-mm","10":"pa_diametro-fune-o-50-mm","11":"pa_diametro-fune-o-60-mm","12":"pa_diametro-fune-o-80-mm","13":"pa_fornitura-a-la-coupe","14":"pa_fornitura-bobine-1-000-m","15":"pa_fornitura-bobine-100-m","16":"pa_fornitura-bobine-500-m","18":"first","19":"onbackorder","20":"taxable","21":"shipping-taxable","22":"purchasable","23":"product-type-variable"},"acf":[],"yoast_head":"<!-- This site is optimized with the Yoast SEO plugin v27.3 - https:\/\/yoast.com\/product\/yoast-seo-wordpress\/ -->\n<title>C\u00e2ble acier inox AISI 316 - Inox Forniture<\/title>\n<meta name=\"description\" content=\"C\u00e2ble en acier inox AISI 316 \u00e0 49 fils : r\u00e9sistance, flexibilit\u00e9 et durabilit\u00e9 pour applications industrielles, architecturales et nautiques.\" \/>\n<meta name=\"robots\" content=\"index, follow, max-snippet:-1, max-image-preview:large, max-video-preview:-1\" \/>\n<link rel=\"canonical\" href=\"https:\/\/www.inoxforniture.it\/fr\/cable-inox-49-fils-7x7-aisi-316\/\" \/>\n<meta property=\"og:locale\" content=\"fr_FR\" \/>\n<meta property=\"og:type\" content=\"article\" \/>\n<meta property=\"og:title\" content=\"C\u00e2ble acier inox AISI 316 - Inox Forniture\" \/>\n<meta property=\"og:description\" content=\"C\u00e2ble en acier inox AISI 316 \u00e0 49 fils : r\u00e9sistance, flexibilit\u00e9 et durabilit\u00e9 pour applications industrielles, architecturales et nautiques.\" \/>\n<meta property=\"og:url\" content=\"https:\/\/www.inoxforniture.it\/fr\/cable-inox-49-fils-7x7-aisi-316\/\" \/>\n<meta property=\"og:site_name\" content=\"Inox Forniture\" \/>\n<meta property=\"article:publisher\" content=\"https:\/\/www.facebook.com\/Inox.Forniture\" \/>\n<meta property=\"article:modified_time\" content=\"2026-04-20T11:03:27+00:00\" \/>\n<meta property=\"og:image\" content=\"https:\/\/www.inoxforniture.it\/wp-content\/uploads\/2024\/09\/C110192_2.jpg\" \/>\n\t<meta property=\"og:image:width\" content=\"480\" \/>\n\t<meta property=\"og:image:height\" content=\"480\" \/>\n\t<meta property=\"og:image:type\" content=\"image\/jpeg\" \/>\n<meta name=\"twitter:card\" content=\"summary_large_image\" \/>\n<meta name=\"twitter:site\" content=\"@InoxForniture\" \/>\n<meta name=\"twitter:label1\" content=\"Dur\u00e9e de lecture estim\u00e9e\" \/>\n\t<meta name=\"twitter:data1\" content=\"1 minute\" \/>\n<script type=\"application\/ld+json\" class=\"yoast-schema-graph\">{\"@context\":\"https:\\\/\\\/schema.org\",\"@graph\":[{\"@type\":\"WebPage\",\"@id\":\"https:\\\/\\\/www.inoxforniture.it\\\/fr\\\/cable-inox-49-fils-7x7-aisi-316\\\/\",\"url\":\"https:\\\/\\\/www.inoxforniture.it\\\/fr\\\/cable-inox-49-fils-7x7-aisi-316\\\/\",\"name\":\"C\u00e2ble acier inox AISI 316 - Inox Forniture\",\"isPartOf\":{\"@id\":\"https:\\\/\\\/www.inoxforniture.it\\\/#website\"},\"primaryImageOfPage\":{\"@id\":\"https:\\\/\\\/www.inoxforniture.it\\\/fr\\\/cable-inox-49-fils-7x7-aisi-316\\\/#primaryimage\"},\"image\":{\"@id\":\"https:\\\/\\\/www.inoxforniture.it\\\/fr\\\/cable-inox-49-fils-7x7-aisi-316\\\/#primaryimage\"},\"thumbnailUrl\":\"https:\\\/\\\/www.inoxforniture.it\\\/wp-content\\\/uploads\\\/2024\\\/09\\\/C110192_2.jpg\",\"datePublished\":\"2024-09-04T16:13:11+00:00\",\"dateModified\":\"2026-04-20T11:03:27+00:00\",\"description\":\"C\u00e2ble en acier inox AISI 316 \u00e0 49 fils : r\u00e9sistance, flexibilit\u00e9 et durabilit\u00e9 pour applications industrielles, architecturales et nautiques.\",\"breadcrumb\":{\"@id\":\"https:\\\/\\\/www.inoxforniture.it\\\/fr\\\/cable-inox-49-fils-7x7-aisi-316\\\/#breadcrumb\"},\"inLanguage\":\"fr-FR\",\"potentialAction\":[{\"@type\":\"ReadAction\",\"target\":[\"https:\\\/\\\/www.inoxforniture.it\\\/fr\\\/cable-inox-49-fils-7x7-aisi-316\\\/\"]}]},{\"@type\":\"ImageObject\",\"inLanguage\":\"fr-FR\",\"@id\":\"https:\\\/\\\/www.inoxforniture.it\\\/fr\\\/cable-inox-49-fils-7x7-aisi-316\\\/#primaryimage\",\"url\":\"https:\\\/\\\/www.inoxforniture.it\\\/wp-content\\\/uploads\\\/2024\\\/09\\\/C110192_2.jpg\",\"contentUrl\":\"https:\\\/\\\/www.inoxforniture.it\\\/wp-content\\\/uploads\\\/2024\\\/09\\\/C110192_2.jpg\",\"width\":480,\"height\":480,\"caption\":\"C\u00e2ble acier inox AISI 316 49 fils (7x7)\"},{\"@type\":\"BreadcrumbList\",\"@id\":\"https:\\\/\\\/www.inoxforniture.it\\\/fr\\\/cable-inox-49-fils-7x7-aisi-316\\\/#breadcrumb\",\"itemListElement\":[{\"@type\":\"ListItem\",\"position\":1,\"name\":\"Accueil\",\"item\":\"https:\\\/\\\/www.inoxforniture.it\\\/\"},{\"@type\":\"ListItem\",\"position\":2,\"name\":\"Boutique\",\"item\":\"https:\\\/\\\/www.inoxforniture.it\\\/fr\\\/boutique\\\/\"},{\"@type\":\"ListItem\",\"position\":3,\"name\":\"Ferramenta inox\",\"item\":\"https:\\\/\\\/www.inoxforniture.it\\\/ferramenta-inox\\\/\"},{\"@type\":\"ListItem\",\"position\":4,\"name\":\"Accessoires pour c\u00e2bles et cha\u00eenes\",\"item\":\"https:\\\/\\\/www.inoxforniture.it\\\/fr\\\/accessoires-pour-cables-et-chaines\\\/\"},{\"@type\":\"ListItem\",\"position\":5,\"name\":\"C\u00c2BLE INOX 49 FILS ( 7&#215;7 ) AISI 316\"}]},{\"@type\":\"WebSite\",\"@id\":\"https:\\\/\\\/www.inoxforniture.it\\\/#website\",\"url\":\"https:\\\/\\\/www.inoxforniture.it\\\/\",\"name\":\"Inox Forniture\",\"description\":\"\",\"publisher\":{\"@id\":\"https:\\\/\\\/www.inoxforniture.it\\\/#organization\"},\"potentialAction\":[{\"@type\":\"SearchAction\",\"target\":{\"@type\":\"EntryPoint\",\"urlTemplate\":\"https:\\\/\\\/www.inoxforniture.it\\\/?s={search_term_string}\"},\"query-input\":{\"@type\":\"PropertyValueSpecification\",\"valueRequired\":true,\"valueName\":\"search_term_string\"}}],\"inLanguage\":\"fr-FR\"},{\"@type\":\"Organization\",\"@id\":\"https:\\\/\\\/www.inoxforniture.it\\\/#organization\",\"name\":\"Inox Forniture srl\",\"url\":\"https:\\\/\\\/www.inoxforniture.it\\\/\",\"logo\":{\"@type\":\"ImageObject\",\"inLanguage\":\"fr-FR\",\"@id\":\"https:\\\/\\\/www.inoxforniture.it\\\/#\\\/schema\\\/logo\\\/image\\\/\",\"url\":\"https:\\\/\\\/www.inoxforniture.it\\\/wp-content\\\/uploads\\\/2021\\\/01\\\/logo_inox.png\",\"contentUrl\":\"https:\\\/\\\/www.inoxforniture.it\\\/wp-content\\\/uploads\\\/2021\\\/01\\\/logo_inox.png\",\"width\":230,\"height\":44,\"caption\":\"Inox Forniture srl\"},\"image\":{\"@id\":\"https:\\\/\\\/www.inoxforniture.it\\\/#\\\/schema\\\/logo\\\/image\\\/\"},\"sameAs\":[\"https:\\\/\\\/www.facebook.com\\\/Inox.Forniture\",\"https:\\\/\\\/x.com\\\/InoxForniture\"]}]}<\/script>\n<!-- \/ Yoast SEO plugin. -->","yoast_head_json":{"title":"C\u00e2ble acier inox AISI 316 - Inox Forniture","description":"C\u00e2ble en acier inox AISI 316 \u00e0 49 fils : r\u00e9sistance, flexibilit\u00e9 et durabilit\u00e9 pour applications industrielles, architecturales et nautiques.","robots":{"index":"index","follow":"follow","max-snippet":"max-snippet:-1","max-image-preview":"max-image-preview:large","max-video-preview":"max-video-preview:-1"},"canonical":"https:\/\/www.inoxforniture.it\/fr\/cable-inox-49-fils-7x7-aisi-316\/","og_locale":"fr_FR","og_type":"article","og_title":"C\u00e2ble acier inox AISI 316 - Inox Forniture","og_description":"C\u00e2ble en acier inox AISI 316 \u00e0 49 fils : r\u00e9sistance, flexibilit\u00e9 et durabilit\u00e9 pour applications industrielles, architecturales et nautiques.","og_url":"https:\/\/www.inoxforniture.it\/fr\/cable-inox-49-fils-7x7-aisi-316\/","og_site_name":"Inox Forniture","article_publisher":"https:\/\/www.facebook.com\/Inox.Forniture","article_modified_time":"2026-04-20T11:03:27+00:00","og_image":[{"width":480,"height":480,"url":"https:\/\/www.inoxforniture.it\/wp-content\/uploads\/2024\/09\/C110192_2.jpg","type":"image\/jpeg"}],"twitter_card":"summary_large_image","twitter_site":"@InoxForniture","twitter_misc":{"Dur\u00e9e de lecture estim\u00e9e":"1 minute"},"schema":{"@context":"https:\/\/schema.org","@graph":[{"@type":"WebPage","@id":"https:\/\/www.inoxforniture.it\/fr\/cable-inox-49-fils-7x7-aisi-316\/","url":"https:\/\/www.inoxforniture.it\/fr\/cable-inox-49-fils-7x7-aisi-316\/","name":"C\u00e2ble acier inox AISI 316 - Inox Forniture","isPartOf":{"@id":"https:\/\/www.inoxforniture.it\/#website"},"primaryImageOfPage":{"@id":"https:\/\/www.inoxforniture.it\/fr\/cable-inox-49-fils-7x7-aisi-316\/#primaryimage"},"image":{"@id":"https:\/\/www.inoxforniture.it\/fr\/cable-inox-49-fils-7x7-aisi-316\/#primaryimage"},"thumbnailUrl":"https:\/\/www.inoxforniture.it\/wp-content\/uploads\/2024\/09\/C110192_2.jpg","datePublished":"2024-09-04T16:13:11+00:00","dateModified":"2026-04-20T11:03:27+00:00","description":"C\u00e2ble en acier inox AISI 316 \u00e0 49 fils : r\u00e9sistance, flexibilit\u00e9 et durabilit\u00e9 pour applications industrielles, architecturales et nautiques.","breadcrumb":{"@id":"https:\/\/www.inoxforniture.it\/fr\/cable-inox-49-fils-7x7-aisi-316\/#breadcrumb"},"inLanguage":"fr-FR","potentialAction":[{"@type":"ReadAction","target":["https:\/\/www.inoxforniture.it\/fr\/cable-inox-49-fils-7x7-aisi-316\/"]}]},{"@type":"ImageObject","inLanguage":"fr-FR","@id":"https:\/\/www.inoxforniture.it\/fr\/cable-inox-49-fils-7x7-aisi-316\/#primaryimage","url":"https:\/\/www.inoxforniture.it\/wp-content\/uploads\/2024\/09\/C110192_2.jpg","contentUrl":"https:\/\/www.inoxforniture.it\/wp-content\/uploads\/2024\/09\/C110192_2.jpg","width":480,"height":480,"caption":"C\u00e2ble acier inox AISI 316 49 fils (7x7)"},{"@type":"BreadcrumbList","@id":"https:\/\/www.inoxforniture.it\/fr\/cable-inox-49-fils-7x7-aisi-316\/#breadcrumb","itemListElement":[{"@type":"ListItem","position":1,"name":"Accueil","item":"https:\/\/www.inoxforniture.it\/"},{"@type":"ListItem","position":2,"name":"Boutique","item":"https:\/\/www.inoxforniture.it\/fr\/boutique\/"},{"@type":"ListItem","position":3,"name":"Ferramenta inox","item":"https:\/\/www.inoxforniture.it\/ferramenta-inox\/"},{"@type":"ListItem","position":4,"name":"Accessoires pour c\u00e2bles et cha\u00eenes","item":"https:\/\/www.inoxforniture.it\/fr\/accessoires-pour-cables-et-chaines\/"},{"@type":"ListItem","position":5,"name":"C\u00c2BLE INOX 49 FILS ( 7&#215;7 ) AISI 316"}]},{"@type":"WebSite","@id":"https:\/\/www.inoxforniture.it\/#website","url":"https:\/\/www.inoxforniture.it\/","name":"Inox Forniture","description":"","publisher":{"@id":"https:\/\/www.inoxforniture.it\/#organization"},"potentialAction":[{"@type":"SearchAction","target":{"@type":"EntryPoint","urlTemplate":"https:\/\/www.inoxforniture.it\/?s={search_term_string}"},"query-input":{"@type":"PropertyValueSpecification","valueRequired":true,"valueName":"search_term_string"}}],"inLanguage":"fr-FR"},{"@type":"Organization","@id":"https:\/\/www.inoxforniture.it\/#organization","name":"Inox Forniture srl","url":"https:\/\/www.inoxforniture.it\/","logo":{"@type":"ImageObject","inLanguage":"fr-FR","@id":"https:\/\/www.inoxforniture.it\/#\/schema\/logo\/image\/","url":"https:\/\/www.inoxforniture.it\/wp-content\/uploads\/2021\/01\/logo_inox.png","contentUrl":"https:\/\/www.inoxforniture.it\/wp-content\/uploads\/2021\/01\/logo_inox.png","width":230,"height":44,"caption":"Inox Forniture srl"},"image":{"@id":"https:\/\/www.inoxforniture.it\/#\/schema\/logo\/image\/"},"sameAs":["https:\/\/www.facebook.com\/Inox.Forniture","https:\/\/x.com\/InoxForniture"]}]}},"df_price":0.88,"df_sale_price":"","df_regular_price":0.88,"df_image_link":"https:\/\/www.inoxforniture.it\/wp-content\/uploads\/2024\/09\/C110192_2-300x300.jpg","tiered_pricing_type":"fixed","tiered_pricing_fixed_rules":[],"tiered_pricing_product_settings":{"layout":"default","base_unit_name":{"singular":null,"plural":null},"default_variation":null},"tiered_pricing_minimum_quantity":null,"tiered_pricing_roles_data":{"privato":{"product_id":56850,"role":"privato","pricing_type":"flat","regular_price":null,"sale_price":null,"discount":null,"discount_type":"sale_price","tiered_pricing_type":"fixed","percentage_rules":[],"fixed_rules":[],"minimum":null},"azienda":{"product_id":56850,"role":"azienda","pricing_type":"flat","regular_price":null,"sale_price":null,"discount":null,"discount_type":"sale_price","tiered_pricing_type":"fixed","percentage_rules":[],"fixed_rules":[],"minimum":null},"azienda_premium":{"product_id":56850,"role":"azienda_premium","pricing_type":"flat","regular_price":null,"sale_price":null,"discount":null,"discount_type":"sale_price","tiered_pricing_type":"fixed","percentage_rules":[],"fixed_rules":[],"minimum":null}},"tiered_pricing_percentage_rules":[],"tiered_pricing_maximum_quantity":null,"tiered_pricing_quantity_step":null,"_links":{"self":[{"href":"https:\/\/www.inoxforniture.it\/fr\/wp-json\/wp\/v2\/product\/56850","targetHints":{"allow":["GET"]}}],"collection":[{"href":"https:\/\/www.inoxforniture.it\/fr\/wp-json\/wp\/v2\/product"}],"about":[{"href":"https:\/\/www.inoxforniture.it\/fr\/wp-json\/wp\/v2\/types\/product"}],"wp:featuredmedia":[{"embeddable":true,"href":"https:\/\/www.inoxforniture.it\/fr\/wp-json\/wp\/v2\/media\/56851"}],"wp:attachment":[{"href":"https:\/\/www.inoxforniture.it\/fr\/wp-json\/wp\/v2\/media?parent=56850"}],"wp:term":[{"taxonomy":"product_brand","embeddable":true,"href":"https:\/\/www.inoxforniture.it\/fr\/wp-json\/wp\/v2\/product_brand?post=56850"},{"taxonomy":"product_cat","embeddable":true,"href":"https:\/\/www.inoxforniture.it\/fr\/wp-json\/wp\/v2\/product_cat?post=56850"},{"taxonomy":"product_tag","embeddable":true,"href":"https:\/\/www.inoxforniture.it\/fr\/wp-json\/wp\/v2\/product_tag?post=56850"}],"curies":[{"name":"wp","href":"https:\/\/api.w.org\/{rel}","templated":true}]}}