{"id":56760,"date":"2021-01-28T10:04:29","date_gmt":"2021-01-28T09:04:29","guid":{"rendered":"https:\/\/www.inoxforniture.it\/services\/vous-vous-etes-trompe-dachat\/"},"modified":"2025-12-19T12:01:27","modified_gmt":"2025-12-19T11:01:27","slug":"vous-vous-etes-trompe-dachat","status":"publish","type":"page","link":"https:\/\/www.inoxforniture.it\/fr\/services\/vous-vous-etes-trompe-dachat\/","title":{"rendered":"Vous vous \u00eates tromp\u00e9 d&rsquo;achat"},"content":{"rendered":"\t\t<div data-elementor-type=\"wp-page\" data-elementor-id=\"56760\" class=\"elementor elementor-56760 elementor-2370\">\n\t\t\t\t\t\t<section class=\"elementor-section elementor-top-section elementor-element elementor-element-f765695 elementor-section-boxed elementor-section-height-default elementor-section-height-default\" data-id=\"f765695\" data-element_type=\"section\" data-e-type=\"section\">\r\n\t\t\r\n\t\t\t\t\t\t\t<div class=\"elementor-container elementor-column-gap-default\">\r\n\t\t\t\t\t\t\t\t\t\t\t<div class=\"elementor-column elementor-col-100 elementor-top-column elementor-element elementor-element-fef8c32\" data-id=\"fef8c32\" data-element_type=\"column\" data-e-type=\"column\">\r\n\t\t\t\t\t<div class=\"elementor-widget-wrap elementor-element-populated\">\r\n\t\t\t\t\t\t\t\t<div class=\"elementor-element elementor-element-1d73ee2 elementor-widget elementor-widget-heading\" data-id=\"1d73ee2\" data-element_type=\"widget\" data-e-type=\"widget\" data-widget_type=\"heading.default\">\n\t\t\t\t<div class=\"elementor-widget-container\">\n\t\t\t\t\t<h1 class=\"elementor-heading-title elementor-size-default\">VOUS VOUS \u00caTES TROMP\u00c9 D'ACHAT? AUCUN PROBL\u00c8ME!<\/h1>\t\t\t\t<\/div>\n\t\t\t\t<\/div>\n\t\t\t\t<div class=\"elementor-element elementor-element-4eaf8b5 elementor-widget elementor-widget-text-editor\" data-id=\"4eaf8b5\" data-element_type=\"widget\" data-e-type=\"widget\" data-widget_type=\"text-editor.default\">\n\t\t\t\t<div class=\"elementor-widget-container\">\n\t\t\t\t\t\t\t\t\t<p>Si vous vous rendez compte que vous vous \u00eates tromp\u00e9 d&rsquo;achat, aucun probl\u00e8me. Vous pouvez demander l&rsquo;annulation de la commande, aussi bien pour la marchandise encore \u00e0 exp\u00e9dier que pour celle d\u00e9j\u00e0 re\u00e7ue, sans avoir \u00e0 le justifier, pourvu que vous le fassiez <strong>dans les 14 jours suivant la commande<\/strong>. Pour exercer cette possibilit\u00e9, vous devez nous informer de votre d\u00e9cision au moyen d&rsquo;une d\u00e9claration explicite (par exemple lettre envoy\u00e9e par courrier, fax ou courrier \u00e9lectronique).<\/p><p>Si vous vous r\u00e9tractez du contrat de vente, tous les paiements que vous avez effectu\u00e9s en notre faveur vous seront rembours\u00e9s, y compris les frais de livraison (\u00e0 l&rsquo;exception des co\u00fbts suppl\u00e9mentaires r\u00e9sultant de votre choix \u00e9ventuel d&rsquo;un type de livraison diff\u00e9rent de celui le moins co\u00fbteux de livraison standard que nous proposons), sans retard indu, apr\u00e8s le retour effectif des biens. Les remboursements seront effectu\u00e9s en utilisant le m\u00eame moyen de paiement que vous avez utilis\u00e9 pour l&rsquo;achat, sauf si vous en avez convenu autrement. Les frais de retour des biens seront \u00e0 votre charge.<\/p><p>Nous serons toujours \u00e0 votre disposition pour vous faciliter le processus de retour.<\/p><p>Le droit de r\u00e9tractation ne s&rsquo;applique pas \u00e0 la fourniture de biens confectionn\u00e9s sur mesure ou clairement personnalis\u00e9s. <strong>Le droit de r\u00e9tractation ne s&rsquo;applique pas aux achats effectu\u00e9s par des personnes ayant un num\u00e9ro de TVA.<\/strong><\/p>\t\t\t\t\t\t\t\t<\/div>\n\t\t\t\t<\/div>\n\t\t\t\t\t<\/div>\r\n\t\t\t\t<\/div>\r\n\t\t\t\t\t<\/div>\r\n\t\t\t\t<\/section>\r\n\t\t\t\t<\/div>\n\t\t","protected":false},"excerpt":{"rendered":"<p>VOUS VOUS \u00caTES TROMP\u00c9 D&rsquo;ACHAT? AUCUN PROBL\u00c8ME! Si vous vous rendez compte que vous vous \u00eates tromp\u00e9 d&rsquo;achat, aucun probl\u00e8me. Vous pouvez demander l&rsquo;annulation de la commande, aussi bien pour la marchandise encore \u00e0 exp\u00e9dier que pour celle d\u00e9j\u00e0 re\u00e7ue, sans avoir \u00e0 le justifier, pourvu que vous le fassiez dans les 14 jours suivant [&hellip;]<\/p>\n","protected":false},"author":1,"featured_media":0,"parent":56756,"menu_order":0,"comment_status":"closed","ping_status":"closed","template":"","meta":{"_acf_changed":false,"footnotes":""},"class_list":["post-56760","page","type-page","status-publish","hentry"],"acf":[],"yoast_head":"<!-- This site is optimized with the Yoast SEO plugin v27.3 - https:\/\/yoast.com\/product\/yoast-seo-wordpress\/ -->\n<title>Vous vous \u00eates tromp\u00e9 d&#039;achat - Inox Forniture<\/title>\n<meta name=\"robots\" content=\"index, follow, max-snippet:-1, max-image-preview:large, max-video-preview:-1\" \/>\n<link rel=\"canonical\" href=\"https:\/\/www.inoxforniture.it\/fr\/services\/vous-vous-etes-trompe-dachat\/\" \/>\n<meta property=\"og:locale\" content=\"fr_FR\" \/>\n<meta property=\"og:type\" content=\"article\" \/>\n<meta property=\"og:title\" content=\"Vous vous \u00eates tromp\u00e9 d&#039;achat - Inox Forniture\" \/>\n<meta property=\"og:description\" content=\"VOUS VOUS \u00caTES TROMP\u00c9 D&rsquo;ACHAT? AUCUN PROBL\u00c8ME! Si vous vous rendez compte que vous vous \u00eates tromp\u00e9 d&rsquo;achat, aucun probl\u00e8me. Vous pouvez demander l&rsquo;annulation de la commande, aussi bien pour la marchandise encore \u00e0 exp\u00e9dier que pour celle d\u00e9j\u00e0 re\u00e7ue, sans avoir \u00e0 le justifier, pourvu que vous le fassiez dans les 14 jours suivant [&hellip;]\" \/>\n<meta property=\"og:url\" content=\"https:\/\/www.inoxforniture.it\/fr\/services\/vous-vous-etes-trompe-dachat\/\" \/>\n<meta property=\"og:site_name\" content=\"Inox Forniture\" \/>\n<meta property=\"article:publisher\" content=\"https:\/\/www.facebook.com\/Inox.Forniture\" \/>\n<meta property=\"article:modified_time\" content=\"2025-12-19T11:01:27+00:00\" \/>\n<meta property=\"og:image\" content=\"https:\/\/www.inoxforniture.it\/wp-content\/uploads\/2024\/11\/Logo-Google-display-600x600-1.jpg\" \/>\n\t<meta property=\"og:image:width\" content=\"1200\" \/>\n\t<meta property=\"og:image:height\" content=\"1200\" \/>\n\t<meta property=\"og:image:type\" content=\"image\/jpeg\" \/>\n<meta name=\"twitter:card\" content=\"summary_large_image\" \/>\n<meta name=\"twitter:site\" content=\"@InoxForniture\" \/>\n<meta name=\"twitter:label1\" content=\"Dur\u00e9e de lecture estim\u00e9e\" \/>\n\t<meta name=\"twitter:data1\" content=\"2 minutes\" \/>\n<script type=\"application\/ld+json\" class=\"yoast-schema-graph\">{\"@context\":\"https:\\\/\\\/schema.org\",\"@graph\":[{\"@type\":\"WebPage\",\"@id\":\"https:\\\/\\\/www.inoxforniture.it\\\/fr\\\/services\\\/vous-vous-etes-trompe-dachat\\\/\",\"url\":\"https:\\\/\\\/www.inoxforniture.it\\\/fr\\\/services\\\/vous-vous-etes-trompe-dachat\\\/\",\"name\":\"Vous vous \u00eates tromp\u00e9 d'achat - Inox Forniture\",\"isPartOf\":{\"@id\":\"https:\\\/\\\/www.inoxforniture.it\\\/#website\"},\"datePublished\":\"2021-01-28T09:04:29+00:00\",\"dateModified\":\"2025-12-19T11:01:27+00:00\",\"breadcrumb\":{\"@id\":\"https:\\\/\\\/www.inoxforniture.it\\\/fr\\\/services\\\/vous-vous-etes-trompe-dachat\\\/#breadcrumb\"},\"inLanguage\":\"fr-FR\",\"potentialAction\":[{\"@type\":\"ReadAction\",\"target\":[\"https:\\\/\\\/www.inoxforniture.it\\\/fr\\\/services\\\/vous-vous-etes-trompe-dachat\\\/\"]}]},{\"@type\":\"BreadcrumbList\",\"@id\":\"https:\\\/\\\/www.inoxforniture.it\\\/fr\\\/services\\\/vous-vous-etes-trompe-dachat\\\/#breadcrumb\",\"itemListElement\":[{\"@type\":\"ListItem\",\"position\":1,\"name\":\"Accueil\",\"item\":\"https:\\\/\\\/www.inoxforniture.it\\\/\"},{\"@type\":\"ListItem\",\"position\":2,\"name\":\"Services\",\"item\":\"https:\\\/\\\/www.inoxforniture.it\\\/fr\\\/services\\\/\"},{\"@type\":\"ListItem\",\"position\":3,\"name\":\"Vous vous \u00eates tromp\u00e9 d&#8217;achat\"}]},{\"@type\":\"WebSite\",\"@id\":\"https:\\\/\\\/www.inoxforniture.it\\\/#website\",\"url\":\"https:\\\/\\\/www.inoxforniture.it\\\/\",\"name\":\"Inox Forniture\",\"description\":\"\",\"publisher\":{\"@id\":\"https:\\\/\\\/www.inoxforniture.it\\\/#organization\"},\"potentialAction\":[{\"@type\":\"SearchAction\",\"target\":{\"@type\":\"EntryPoint\",\"urlTemplate\":\"https:\\\/\\\/www.inoxforniture.it\\\/?s={search_term_string}\"},\"query-input\":{\"@type\":\"PropertyValueSpecification\",\"valueRequired\":true,\"valueName\":\"search_term_string\"}}],\"inLanguage\":\"fr-FR\"},{\"@type\":\"Organization\",\"@id\":\"https:\\\/\\\/www.inoxforniture.it\\\/#organization\",\"name\":\"Inox Forniture srl\",\"url\":\"https:\\\/\\\/www.inoxforniture.it\\\/\",\"logo\":{\"@type\":\"ImageObject\",\"inLanguage\":\"fr-FR\",\"@id\":\"https:\\\/\\\/www.inoxforniture.it\\\/#\\\/schema\\\/logo\\\/image\\\/\",\"url\":\"https:\\\/\\\/www.inoxforniture.it\\\/wp-content\\\/uploads\\\/2021\\\/01\\\/logo_inox.png\",\"contentUrl\":\"https:\\\/\\\/www.inoxforniture.it\\\/wp-content\\\/uploads\\\/2021\\\/01\\\/logo_inox.png\",\"width\":230,\"height\":44,\"caption\":\"Inox Forniture srl\"},\"image\":{\"@id\":\"https:\\\/\\\/www.inoxforniture.it\\\/#\\\/schema\\\/logo\\\/image\\\/\"},\"sameAs\":[\"https:\\\/\\\/www.facebook.com\\\/Inox.Forniture\",\"https:\\\/\\\/x.com\\\/InoxForniture\"]}]}<\/script>\n<!-- \/ Yoast SEO plugin. -->","yoast_head_json":{"title":"Vous vous \u00eates tromp\u00e9 d'achat - Inox Forniture","robots":{"index":"index","follow":"follow","max-snippet":"max-snippet:-1","max-image-preview":"max-image-preview:large","max-video-preview":"max-video-preview:-1"},"canonical":"https:\/\/www.inoxforniture.it\/fr\/services\/vous-vous-etes-trompe-dachat\/","og_locale":"fr_FR","og_type":"article","og_title":"Vous vous \u00eates tromp\u00e9 d'achat - Inox Forniture","og_description":"VOUS VOUS \u00caTES TROMP\u00c9 D&rsquo;ACHAT? AUCUN PROBL\u00c8ME! Si vous vous rendez compte que vous vous \u00eates tromp\u00e9 d&rsquo;achat, aucun probl\u00e8me. Vous pouvez demander l&rsquo;annulation de la commande, aussi bien pour la marchandise encore \u00e0 exp\u00e9dier que pour celle d\u00e9j\u00e0 re\u00e7ue, sans avoir \u00e0 le justifier, pourvu que vous le fassiez dans les 14 jours suivant [&hellip;]","og_url":"https:\/\/www.inoxforniture.it\/fr\/services\/vous-vous-etes-trompe-dachat\/","og_site_name":"Inox Forniture","article_publisher":"https:\/\/www.facebook.com\/Inox.Forniture","article_modified_time":"2025-12-19T11:01:27+00:00","og_image":[{"width":1200,"height":1200,"url":"https:\/\/www.inoxforniture.it\/wp-content\/uploads\/2024\/11\/Logo-Google-display-600x600-1.jpg","type":"image\/jpeg"}],"twitter_card":"summary_large_image","twitter_site":"@InoxForniture","twitter_misc":{"Dur\u00e9e de lecture estim\u00e9e":"2 minutes"},"schema":{"@context":"https:\/\/schema.org","@graph":[{"@type":"WebPage","@id":"https:\/\/www.inoxforniture.it\/fr\/services\/vous-vous-etes-trompe-dachat\/","url":"https:\/\/www.inoxforniture.it\/fr\/services\/vous-vous-etes-trompe-dachat\/","name":"Vous vous \u00eates tromp\u00e9 d'achat - Inox Forniture","isPartOf":{"@id":"https:\/\/www.inoxforniture.it\/#website"},"datePublished":"2021-01-28T09:04:29+00:00","dateModified":"2025-12-19T11:01:27+00:00","breadcrumb":{"@id":"https:\/\/www.inoxforniture.it\/fr\/services\/vous-vous-etes-trompe-dachat\/#breadcrumb"},"inLanguage":"fr-FR","potentialAction":[{"@type":"ReadAction","target":["https:\/\/www.inoxforniture.it\/fr\/services\/vous-vous-etes-trompe-dachat\/"]}]},{"@type":"BreadcrumbList","@id":"https:\/\/www.inoxforniture.it\/fr\/services\/vous-vous-etes-trompe-dachat\/#breadcrumb","itemListElement":[{"@type":"ListItem","position":1,"name":"Accueil","item":"https:\/\/www.inoxforniture.it\/"},{"@type":"ListItem","position":2,"name":"Services","item":"https:\/\/www.inoxforniture.it\/fr\/services\/"},{"@type":"ListItem","position":3,"name":"Vous vous \u00eates tromp\u00e9 d&#8217;achat"}]},{"@type":"WebSite","@id":"https:\/\/www.inoxforniture.it\/#website","url":"https:\/\/www.inoxforniture.it\/","name":"Inox Forniture","description":"","publisher":{"@id":"https:\/\/www.inoxforniture.it\/#organization"},"potentialAction":[{"@type":"SearchAction","target":{"@type":"EntryPoint","urlTemplate":"https:\/\/www.inoxforniture.it\/?s={search_term_string}"},"query-input":{"@type":"PropertyValueSpecification","valueRequired":true,"valueName":"search_term_string"}}],"inLanguage":"fr-FR"},{"@type":"Organization","@id":"https:\/\/www.inoxforniture.it\/#organization","name":"Inox Forniture srl","url":"https:\/\/www.inoxforniture.it\/","logo":{"@type":"ImageObject","inLanguage":"fr-FR","@id":"https:\/\/www.inoxforniture.it\/#\/schema\/logo\/image\/","url":"https:\/\/www.inoxforniture.it\/wp-content\/uploads\/2021\/01\/logo_inox.png","contentUrl":"https:\/\/www.inoxforniture.it\/wp-content\/uploads\/2021\/01\/logo_inox.png","width":230,"height":44,"caption":"Inox Forniture srl"},"image":{"@id":"https:\/\/www.inoxforniture.it\/#\/schema\/logo\/image\/"},"sameAs":["https:\/\/www.facebook.com\/Inox.Forniture","https:\/\/x.com\/InoxForniture"]}]}},"_links":{"self":[{"href":"https:\/\/www.inoxforniture.it\/fr\/wp-json\/wp\/v2\/pages\/56760","targetHints":{"allow":["GET"]}}],"collection":[{"href":"https:\/\/www.inoxforniture.it\/fr\/wp-json\/wp\/v2\/pages"}],"about":[{"href":"https:\/\/www.inoxforniture.it\/fr\/wp-json\/wp\/v2\/types\/page"}],"author":[{"embeddable":true,"href":"https:\/\/www.inoxforniture.it\/fr\/wp-json\/wp\/v2\/users\/1"}],"replies":[{"embeddable":true,"href":"https:\/\/www.inoxforniture.it\/fr\/wp-json\/wp\/v2\/comments?post=56760"}],"version-history":[{"count":4,"href":"https:\/\/www.inoxforniture.it\/fr\/wp-json\/wp\/v2\/pages\/56760\/revisions"}],"predecessor-version":[{"id":56799,"href":"https:\/\/www.inoxforniture.it\/fr\/wp-json\/wp\/v2\/pages\/56760\/revisions\/56799"}],"up":[{"embeddable":true,"href":"https:\/\/www.inoxforniture.it\/fr\/wp-json\/wp\/v2\/pages\/56756"}],"wp:attachment":[{"href":"https:\/\/www.inoxforniture.it\/fr\/wp-json\/wp\/v2\/media?parent=56760"}],"curies":[{"name":"wp","href":"https:\/\/api.w.org\/{rel}","templated":true}]}}