{"id":56758,"date":"2021-01-28T09:21:18","date_gmt":"2021-01-28T08:21:18","guid":{"rendered":"https:\/\/www.inoxforniture.it\/services\/fabrications-personnalisations\/"},"modified":"2025-12-19T11:52:43","modified_gmt":"2025-12-19T10:52:43","slug":"fabrications-personnalisations","status":"publish","type":"page","link":"https:\/\/www.inoxforniture.it\/fr\/services\/fabrications-personnalisations\/","title":{"rendered":"Fabrications &amp; personnalisations"},"content":{"rendered":"\t\t<div data-elementor-type=\"wp-page\" data-elementor-id=\"56758\" class=\"elementor elementor-56758 elementor-2319\">\n\t\t\t\t\t\t<section class=\"elementor-section elementor-top-section elementor-element elementor-element-470aff81 elementor-section-boxed elementor-section-height-default elementor-section-height-default\" data-id=\"470aff81\" data-element_type=\"section\" data-e-type=\"section\">\r\n\t\t\r\n\t\t\t\t\t\t\t<div class=\"elementor-container elementor-column-gap-default\">\r\n\t\t\t\t\t\t\t\t\t\t\t<div class=\"elementor-column elementor-col-100 elementor-top-column elementor-element elementor-element-1ef10591\" data-id=\"1ef10591\" data-element_type=\"column\" data-e-type=\"column\">\r\n\t\t\t\t\t<div class=\"elementor-widget-wrap elementor-element-populated\">\r\n\t\t\t\t\t\t\t\t<div class=\"elementor-element elementor-element-5c09a45 elementor-widget elementor-widget-heading\" data-id=\"5c09a45\" data-element_type=\"widget\" data-e-type=\"widget\" data-widget_type=\"heading.default\">\n\t\t\t\t<div class=\"elementor-widget-container\">\n\t\t\t\t\t<h1 class=\"elementor-heading-title elementor-size-default\">Fabrications &amp; personnalisations<\/h1>\t\t\t\t<\/div>\n\t\t\t\t<\/div>\n\t\t\t\t<div class=\"elementor-element elementor-element-5641936 elementor-widget elementor-widget-text-editor\" data-id=\"5641936\" data-element_type=\"widget\" data-e-type=\"widget\" data-widget_type=\"text-editor.default\">\n\t\t\t\t<div class=\"elementor-widget-container\">\n\t\t\t\t\t\t\t\t\t<p>Depuis plusieurs ann\u00e9es, notre entreprise commercialise des produits en acier inoxydable AISI 304 et AISI 316 depuis notre si\u00e8ge op\u00e9rationnel \u00e0 Anc\u00f4ne. Le site propose une large s\u00e9lection des articles que nous traitons mais, bien que nous enrichissions notre vitrine en ligne, elle n&rsquo;est certainement pas exhaustive de toute la gamme de produits que nous sommes en mesure de fournir.\u00a0<strong>Si vous recherchez un article que vous ne trouvez pas sur le site ou des produits hors standard ou sur mesure, n&rsquo;h\u00e9sitez pas \u00e0 nous demander un devis \u00e0 l&rsquo;adresse e-mail<\/strong>\u00a0<a style=\"background-color: #ffffff;\" href=\"mailto:info@inoxforniture.it\">info@inoxforniture.it<\/a><\/p><p><strong>En ce qui concerne le mat\u00e9riel d&rsquo;ameublement<\/strong> (tubes satin\u00e9s, mains courantes, montants pr\u00eats \u00e0 l&#8217;emploi, garde-corps, cl\u00f4tures), les possibilit\u00e9s de personnalisation sont encore plus \u00e9tendues. En effet, notre entreprise, partant du tube brut de 6 m\u00e8tres de long, d&rsquo;une large gamme de raccords, d&rsquo;un atelier interne \u00e9quip\u00e9 et de machines d\u00e9di\u00e9es au travail de l&rsquo;acier inoxydable, est capable de:<\/p><ul><li><strong>Satiner en interne des tubes et des barres en acier inoxydable (tube rond de 8 \u00e0 114 mm, barre plate jusqu&rsquo;\u00e0 120 mm, tube carr\u00e9 et rectangulaire de 10 \u00e0 120 mm);<\/strong><\/li><li><strong>Couper les tubes sur mesure;<\/strong><\/li><li><strong>R\u00e9aliser des mains courantes, des montants, des garde-corps et des cl\u00f4tures personnalis\u00e9s en longueur\/hauteur, en pas, en nombre de traverses, en partant de votre croquis ou dessin et en d\u00e9veloppant les solutions les plus complexes \u00e0 l&rsquo;aide d&rsquo;un CAO param\u00e9trique.<\/strong><\/li><\/ul>\t\t\t\t\t\t\t\t<\/div>\n\t\t\t\t<\/div>\n\t\t\t\t\t<\/div>\r\n\t\t\t\t<\/div>\r\n\t\t\t\t\t<\/div>\r\n\t\t\t\t<\/section>\r\n\t\t\t\t<\/div>\n\t\t","protected":false},"excerpt":{"rendered":"<p>Fabrications &amp; personnalisations Depuis plusieurs ann\u00e9es, notre entreprise commercialise des produits en acier inoxydable AISI 304 et AISI 316 depuis notre si\u00e8ge op\u00e9rationnel \u00e0 Anc\u00f4ne. Le site propose une large s\u00e9lection des articles que nous traitons mais, bien que nous enrichissions notre vitrine en ligne, elle n&rsquo;est certainement pas exhaustive de toute la gamme de [&hellip;]<\/p>\n","protected":false},"author":1,"featured_media":0,"parent":56756,"menu_order":0,"comment_status":"closed","ping_status":"closed","template":"","meta":{"_acf_changed":false,"footnotes":""},"class_list":["post-56758","page","type-page","status-publish","hentry"],"acf":[],"yoast_head":"<!-- This site is optimized with the Yoast SEO plugin v27.3 - https:\/\/yoast.com\/product\/yoast-seo-wordpress\/ -->\n<title>Fabrications &amp; personnalisations - Inox Forniture<\/title>\n<meta name=\"robots\" content=\"index, follow, max-snippet:-1, max-image-preview:large, max-video-preview:-1\" \/>\n<link rel=\"canonical\" href=\"https:\/\/www.inoxforniture.it\/fr\/services\/fabrications-personnalisations\/\" \/>\n<meta property=\"og:locale\" content=\"fr_FR\" \/>\n<meta property=\"og:type\" content=\"article\" \/>\n<meta property=\"og:title\" content=\"Fabrications &amp; personnalisations - Inox Forniture\" \/>\n<meta property=\"og:description\" content=\"Fabrications &amp; personnalisations Depuis plusieurs ann\u00e9es, notre entreprise commercialise des produits en acier inoxydable AISI 304 et AISI 316 depuis notre si\u00e8ge op\u00e9rationnel \u00e0 Anc\u00f4ne. Le site propose une large s\u00e9lection des articles que nous traitons mais, bien que nous enrichissions notre vitrine en ligne, elle n&rsquo;est certainement pas exhaustive de toute la gamme de [&hellip;]\" \/>\n<meta property=\"og:url\" content=\"https:\/\/www.inoxforniture.it\/fr\/services\/fabrications-personnalisations\/\" \/>\n<meta property=\"og:site_name\" content=\"Inox Forniture\" \/>\n<meta property=\"article:publisher\" content=\"https:\/\/www.facebook.com\/Inox.Forniture\" \/>\n<meta property=\"article:modified_time\" content=\"2025-12-19T10:52:43+00:00\" \/>\n<meta property=\"og:image\" content=\"https:\/\/www.inoxforniture.it\/wp-content\/uploads\/2024\/11\/Logo-Google-display-600x600-1.jpg\" \/>\n\t<meta property=\"og:image:width\" content=\"1200\" \/>\n\t<meta property=\"og:image:height\" content=\"1200\" \/>\n\t<meta property=\"og:image:type\" content=\"image\/jpeg\" \/>\n<meta name=\"twitter:card\" content=\"summary_large_image\" \/>\n<meta name=\"twitter:site\" content=\"@InoxForniture\" \/>\n<meta name=\"twitter:label1\" content=\"Dur\u00e9e de lecture estim\u00e9e\" \/>\n\t<meta name=\"twitter:data1\" content=\"2 minutes\" \/>\n<script type=\"application\/ld+json\" class=\"yoast-schema-graph\">{\"@context\":\"https:\\\/\\\/schema.org\",\"@graph\":[{\"@type\":\"WebPage\",\"@id\":\"https:\\\/\\\/www.inoxforniture.it\\\/fr\\\/services\\\/fabrications-personnalisations\\\/\",\"url\":\"https:\\\/\\\/www.inoxforniture.it\\\/fr\\\/services\\\/fabrications-personnalisations\\\/\",\"name\":\"Fabrications &amp; personnalisations - Inox Forniture\",\"isPartOf\":{\"@id\":\"https:\\\/\\\/www.inoxforniture.it\\\/#website\"},\"datePublished\":\"2021-01-28T08:21:18+00:00\",\"dateModified\":\"2025-12-19T10:52:43+00:00\",\"breadcrumb\":{\"@id\":\"https:\\\/\\\/www.inoxforniture.it\\\/fr\\\/services\\\/fabrications-personnalisations\\\/#breadcrumb\"},\"inLanguage\":\"fr-FR\",\"potentialAction\":[{\"@type\":\"ReadAction\",\"target\":[\"https:\\\/\\\/www.inoxforniture.it\\\/fr\\\/services\\\/fabrications-personnalisations\\\/\"]}]},{\"@type\":\"BreadcrumbList\",\"@id\":\"https:\\\/\\\/www.inoxforniture.it\\\/fr\\\/services\\\/fabrications-personnalisations\\\/#breadcrumb\",\"itemListElement\":[{\"@type\":\"ListItem\",\"position\":1,\"name\":\"Accueil\",\"item\":\"https:\\\/\\\/www.inoxforniture.it\\\/\"},{\"@type\":\"ListItem\",\"position\":2,\"name\":\"Services\",\"item\":\"https:\\\/\\\/www.inoxforniture.it\\\/fr\\\/services\\\/\"},{\"@type\":\"ListItem\",\"position\":3,\"name\":\"Fabrications &amp; personnalisations\"}]},{\"@type\":\"WebSite\",\"@id\":\"https:\\\/\\\/www.inoxforniture.it\\\/#website\",\"url\":\"https:\\\/\\\/www.inoxforniture.it\\\/\",\"name\":\"Inox Forniture\",\"description\":\"\",\"publisher\":{\"@id\":\"https:\\\/\\\/www.inoxforniture.it\\\/#organization\"},\"potentialAction\":[{\"@type\":\"SearchAction\",\"target\":{\"@type\":\"EntryPoint\",\"urlTemplate\":\"https:\\\/\\\/www.inoxforniture.it\\\/?s={search_term_string}\"},\"query-input\":{\"@type\":\"PropertyValueSpecification\",\"valueRequired\":true,\"valueName\":\"search_term_string\"}}],\"inLanguage\":\"fr-FR\"},{\"@type\":\"Organization\",\"@id\":\"https:\\\/\\\/www.inoxforniture.it\\\/#organization\",\"name\":\"Inox Forniture srl\",\"url\":\"https:\\\/\\\/www.inoxforniture.it\\\/\",\"logo\":{\"@type\":\"ImageObject\",\"inLanguage\":\"fr-FR\",\"@id\":\"https:\\\/\\\/www.inoxforniture.it\\\/#\\\/schema\\\/logo\\\/image\\\/\",\"url\":\"https:\\\/\\\/www.inoxforniture.it\\\/wp-content\\\/uploads\\\/2021\\\/01\\\/logo_inox.png\",\"contentUrl\":\"https:\\\/\\\/www.inoxforniture.it\\\/wp-content\\\/uploads\\\/2021\\\/01\\\/logo_inox.png\",\"width\":230,\"height\":44,\"caption\":\"Inox Forniture srl\"},\"image\":{\"@id\":\"https:\\\/\\\/www.inoxforniture.it\\\/#\\\/schema\\\/logo\\\/image\\\/\"},\"sameAs\":[\"https:\\\/\\\/www.facebook.com\\\/Inox.Forniture\",\"https:\\\/\\\/x.com\\\/InoxForniture\"]}]}<\/script>\n<!-- \/ Yoast SEO plugin. -->","yoast_head_json":{"title":"Fabrications &amp; personnalisations - Inox Forniture","robots":{"index":"index","follow":"follow","max-snippet":"max-snippet:-1","max-image-preview":"max-image-preview:large","max-video-preview":"max-video-preview:-1"},"canonical":"https:\/\/www.inoxforniture.it\/fr\/services\/fabrications-personnalisations\/","og_locale":"fr_FR","og_type":"article","og_title":"Fabrications &amp; personnalisations - Inox Forniture","og_description":"Fabrications &amp; personnalisations Depuis plusieurs ann\u00e9es, notre entreprise commercialise des produits en acier inoxydable AISI 304 et AISI 316 depuis notre si\u00e8ge op\u00e9rationnel \u00e0 Anc\u00f4ne. Le site propose une large s\u00e9lection des articles que nous traitons mais, bien que nous enrichissions notre vitrine en ligne, elle n&rsquo;est certainement pas exhaustive de toute la gamme de [&hellip;]","og_url":"https:\/\/www.inoxforniture.it\/fr\/services\/fabrications-personnalisations\/","og_site_name":"Inox Forniture","article_publisher":"https:\/\/www.facebook.com\/Inox.Forniture","article_modified_time":"2025-12-19T10:52:43+00:00","og_image":[{"width":1200,"height":1200,"url":"https:\/\/www.inoxforniture.it\/wp-content\/uploads\/2024\/11\/Logo-Google-display-600x600-1.jpg","type":"image\/jpeg"}],"twitter_card":"summary_large_image","twitter_site":"@InoxForniture","twitter_misc":{"Dur\u00e9e de lecture estim\u00e9e":"2 minutes"},"schema":{"@context":"https:\/\/schema.org","@graph":[{"@type":"WebPage","@id":"https:\/\/www.inoxforniture.it\/fr\/services\/fabrications-personnalisations\/","url":"https:\/\/www.inoxforniture.it\/fr\/services\/fabrications-personnalisations\/","name":"Fabrications &amp; personnalisations - Inox Forniture","isPartOf":{"@id":"https:\/\/www.inoxforniture.it\/#website"},"datePublished":"2021-01-28T08:21:18+00:00","dateModified":"2025-12-19T10:52:43+00:00","breadcrumb":{"@id":"https:\/\/www.inoxforniture.it\/fr\/services\/fabrications-personnalisations\/#breadcrumb"},"inLanguage":"fr-FR","potentialAction":[{"@type":"ReadAction","target":["https:\/\/www.inoxforniture.it\/fr\/services\/fabrications-personnalisations\/"]}]},{"@type":"BreadcrumbList","@id":"https:\/\/www.inoxforniture.it\/fr\/services\/fabrications-personnalisations\/#breadcrumb","itemListElement":[{"@type":"ListItem","position":1,"name":"Accueil","item":"https:\/\/www.inoxforniture.it\/"},{"@type":"ListItem","position":2,"name":"Services","item":"https:\/\/www.inoxforniture.it\/fr\/services\/"},{"@type":"ListItem","position":3,"name":"Fabrications &amp; personnalisations"}]},{"@type":"WebSite","@id":"https:\/\/www.inoxforniture.it\/#website","url":"https:\/\/www.inoxforniture.it\/","name":"Inox Forniture","description":"","publisher":{"@id":"https:\/\/www.inoxforniture.it\/#organization"},"potentialAction":[{"@type":"SearchAction","target":{"@type":"EntryPoint","urlTemplate":"https:\/\/www.inoxforniture.it\/?s={search_term_string}"},"query-input":{"@type":"PropertyValueSpecification","valueRequired":true,"valueName":"search_term_string"}}],"inLanguage":"fr-FR"},{"@type":"Organization","@id":"https:\/\/www.inoxforniture.it\/#organization","name":"Inox Forniture srl","url":"https:\/\/www.inoxforniture.it\/","logo":{"@type":"ImageObject","inLanguage":"fr-FR","@id":"https:\/\/www.inoxforniture.it\/#\/schema\/logo\/image\/","url":"https:\/\/www.inoxforniture.it\/wp-content\/uploads\/2021\/01\/logo_inox.png","contentUrl":"https:\/\/www.inoxforniture.it\/wp-content\/uploads\/2021\/01\/logo_inox.png","width":230,"height":44,"caption":"Inox Forniture srl"},"image":{"@id":"https:\/\/www.inoxforniture.it\/#\/schema\/logo\/image\/"},"sameAs":["https:\/\/www.facebook.com\/Inox.Forniture","https:\/\/x.com\/InoxForniture"]}]}},"_links":{"self":[{"href":"https:\/\/www.inoxforniture.it\/fr\/wp-json\/wp\/v2\/pages\/56758","targetHints":{"allow":["GET"]}}],"collection":[{"href":"https:\/\/www.inoxforniture.it\/fr\/wp-json\/wp\/v2\/pages"}],"about":[{"href":"https:\/\/www.inoxforniture.it\/fr\/wp-json\/wp\/v2\/types\/page"}],"author":[{"embeddable":true,"href":"https:\/\/www.inoxforniture.it\/fr\/wp-json\/wp\/v2\/users\/1"}],"replies":[{"embeddable":true,"href":"https:\/\/www.inoxforniture.it\/fr\/wp-json\/wp\/v2\/comments?post=56758"}],"version-history":[{"count":4,"href":"https:\/\/www.inoxforniture.it\/fr\/wp-json\/wp\/v2\/pages\/56758\/revisions"}],"predecessor-version":[{"id":56789,"href":"https:\/\/www.inoxforniture.it\/fr\/wp-json\/wp\/v2\/pages\/56758\/revisions\/56789"}],"up":[{"embeddable":true,"href":"https:\/\/www.inoxforniture.it\/fr\/wp-json\/wp\/v2\/pages\/56756"}],"wp:attachment":[{"href":"https:\/\/www.inoxforniture.it\/fr\/wp-json\/wp\/v2\/media?parent=56758"}],"curies":[{"name":"wp","href":"https:\/\/api.w.org\/{rel}","templated":true}]}}