{"id":56749,"date":"2021-01-28T10:30:07","date_gmt":"2021-01-28T09:30:07","guid":{"rendered":"https:\/\/www.inoxforniture.it\/aciers-inoxydables-pour-la-boulonnerie\/"},"modified":"2025-12-19T11:42:17","modified_gmt":"2025-12-19T10:42:17","slug":"aciers-inoxydables-pour-la-boulonnerie","status":"publish","type":"page","link":"https:\/\/www.inoxforniture.it\/fr\/informations-techniques\/aciers-inoxydables-pour-la-boulonnerie\/","title":{"rendered":"Aciers inoxydables pour la boulonnerie"},"content":{"rendered":"\t\t<div data-elementor-type=\"wp-page\" data-elementor-id=\"56749\" class=\"elementor elementor-56749 elementor-2386\">\n\t\t\t\t\t\t<section class=\"elementor-section elementor-top-section elementor-element elementor-element-9c19d5f elementor-section-boxed elementor-section-height-default elementor-section-height-default\" data-id=\"9c19d5f\" data-element_type=\"section\" data-e-type=\"section\">\r\n\t\t\r\n\t\t\t\t\t\t\t<div class=\"elementor-container elementor-column-gap-default\">\r\n\t\t\t\t\t\t\t\t\t\t\t<div class=\"elementor-column elementor-col-100 elementor-top-column elementor-element elementor-element-ff11334\" data-id=\"ff11334\" data-element_type=\"column\" data-e-type=\"column\">\r\n\t\t\t\t\t<div class=\"elementor-widget-wrap elementor-element-populated\">\r\n\t\t\t\t\t\t\t\t<div class=\"elementor-element elementor-element-766c082 elementor-widget elementor-widget-heading\" data-id=\"766c082\" data-element_type=\"widget\" data-e-type=\"widget\" data-widget_type=\"heading.default\">\n\t\t\t\t<div class=\"elementor-widget-container\">\n\t\t\t\t\t<h1 class=\"elementor-heading-title elementor-size-default\">Aciers inoxydables pour la boulonnerie<\/h1>\t\t\t\t<\/div>\n\t\t\t\t<\/div>\n\t\t\t\t<div class=\"elementor-element elementor-element-7685f3f elementor-widget elementor-widget-heading\" data-id=\"7685f3f\" data-element_type=\"widget\" data-e-type=\"widget\" data-widget_type=\"heading.default\">\n\t\t\t\t<div class=\"elementor-widget-container\">\n\t\t\t\t\t<h2 class=\"elementor-heading-title elementor-size-default\">ACIERS INOXYDABLES POUR LA BOULONNERIE: A2 ET A4<\/h2>\t\t\t\t<\/div>\n\t\t\t\t<\/div>\n\t\t\t\t<div class=\"elementor-element elementor-element-e425b9c elementor-widget elementor-widget-text-editor\" data-id=\"e425b9c\" data-element_type=\"widget\" data-e-type=\"widget\" data-widget_type=\"text-editor.default\">\n\t\t\t\t<div class=\"elementor-widget-container\">\n\t\t\t\t\t\t\t\t\t<p><strong>Les aciers inoxydables pour la boulonnerie<\/strong> ne suivent pas la m\u00eame d\u00e9signation que les autres aciers de construction, c&rsquo;est-\u00e0-dire que nous ne trouverons pas de boulonnerie en AISI 304 et AISI 316, simplement parce qu&rsquo;ils rel\u00e8vent d&rsquo;une norme diff\u00e9rente.<\/p><p>La boulonnerie que nous commercialisons est en A2 et en A4, o\u00f9 la lettre A indique la composition g\u00e9n\u00e9rale des groupes d&rsquo;acier (aciers Aust\u00e9nitiques au CrNi et au CrNiMo) et le chiffre repr\u00e9sente le type d&rsquo;alliage.<\/p><p>En fait, l&rsquo;A2 correspond \u00e0 un groupe d&rsquo;aciers inoxydables au nickel-chrome qui comprend: l&rsquo;AISI 304, l&rsquo;AISI 304L et l&rsquo;AISI 305; tandis que l&rsquo;A4 correspond aux aciers au nickel-chrome-molybd\u00e8ne AISI 316 et AISI 316L.<\/p><p>Pour simplifier, il est courant de dire que l&rsquo;A2 est l&rsquo;AISI 304 pour la boulonnerie, et l&rsquo;A4 est l&rsquo;AISI 316.<\/p>\t\t\t\t\t\t\t\t<\/div>\n\t\t\t\t<\/div>\n\t\t\t\t\t<\/div>\r\n\t\t\t\t<\/div>\r\n\t\t\t\t\t<\/div>\r\n\t\t\t\t<\/section>\r\n\t\t\t\t<\/div>\n\t\t","protected":false},"excerpt":{"rendered":"<p>Aciers inoxydables pour la boulonnerie ACIERS INOXYDABLES POUR LA BOULONNERIE: A2 ET A4 Les aciers inoxydables pour la boulonnerie ne suivent pas la m\u00eame d\u00e9signation que les autres aciers de construction, c&rsquo;est-\u00e0-dire que nous ne trouverons pas de boulonnerie en AISI 304 et AISI 316, simplement parce qu&rsquo;ils rel\u00e8vent d&rsquo;une norme diff\u00e9rente. La boulonnerie que [&hellip;]<\/p>\n","protected":false},"author":1,"featured_media":0,"parent":56762,"menu_order":0,"comment_status":"closed","ping_status":"closed","template":"","meta":{"_acf_changed":false,"footnotes":""},"class_list":["post-56749","page","type-page","status-publish","hentry"],"acf":[],"yoast_head":"<!-- This site is optimized with the Yoast SEO plugin v27.3 - https:\/\/yoast.com\/product\/yoast-seo-wordpress\/ -->\n<title>Aciers inoxydables pour la boulonnerie - Inox Forniture<\/title>\n<meta name=\"robots\" content=\"index, follow, max-snippet:-1, max-image-preview:large, max-video-preview:-1\" \/>\n<link rel=\"canonical\" href=\"https:\/\/www.inoxforniture.it\/fr\/informations-techniques\/aciers-inoxydables-pour-la-boulonnerie\/\" \/>\n<meta property=\"og:locale\" content=\"fr_FR\" \/>\n<meta property=\"og:type\" content=\"article\" \/>\n<meta property=\"og:title\" content=\"Aciers inoxydables pour la boulonnerie - Inox Forniture\" \/>\n<meta property=\"og:description\" content=\"Aciers inoxydables pour la boulonnerie ACIERS INOXYDABLES POUR LA BOULONNERIE: A2 ET A4 Les aciers inoxydables pour la boulonnerie ne suivent pas la m\u00eame d\u00e9signation que les autres aciers de construction, c&rsquo;est-\u00e0-dire que nous ne trouverons pas de boulonnerie en AISI 304 et AISI 316, simplement parce qu&rsquo;ils rel\u00e8vent d&rsquo;une norme diff\u00e9rente. La boulonnerie que [&hellip;]\" \/>\n<meta property=\"og:url\" content=\"https:\/\/www.inoxforniture.it\/fr\/informations-techniques\/aciers-inoxydables-pour-la-boulonnerie\/\" \/>\n<meta property=\"og:site_name\" content=\"Inox Forniture\" \/>\n<meta property=\"article:publisher\" content=\"https:\/\/www.facebook.com\/Inox.Forniture\" \/>\n<meta property=\"article:modified_time\" content=\"2025-12-19T10:42:17+00:00\" \/>\n<meta property=\"og:image\" content=\"https:\/\/www.inoxforniture.it\/wp-content\/uploads\/2024\/11\/Logo-Google-display-600x600-1.jpg\" \/>\n\t<meta property=\"og:image:width\" content=\"1200\" \/>\n\t<meta property=\"og:image:height\" content=\"1200\" \/>\n\t<meta property=\"og:image:type\" content=\"image\/jpeg\" \/>\n<meta name=\"twitter:card\" content=\"summary_large_image\" \/>\n<meta name=\"twitter:site\" content=\"@InoxForniture\" \/>\n<meta name=\"twitter:label1\" content=\"Dur\u00e9e de lecture estim\u00e9e\" \/>\n\t<meta name=\"twitter:data1\" content=\"1 minute\" \/>\n<script type=\"application\/ld+json\" class=\"yoast-schema-graph\">{\"@context\":\"https:\\\/\\\/schema.org\",\"@graph\":[{\"@type\":\"WebPage\",\"@id\":\"https:\\\/\\\/www.inoxforniture.it\\\/fr\\\/informations-techniques\\\/aciers-inoxydables-pour-la-boulonnerie\\\/\",\"url\":\"https:\\\/\\\/www.inoxforniture.it\\\/fr\\\/informations-techniques\\\/aciers-inoxydables-pour-la-boulonnerie\\\/\",\"name\":\"Aciers inoxydables pour la boulonnerie - Inox Forniture\",\"isPartOf\":{\"@id\":\"https:\\\/\\\/www.inoxforniture.it\\\/#website\"},\"datePublished\":\"2021-01-28T09:30:07+00:00\",\"dateModified\":\"2025-12-19T10:42:17+00:00\",\"breadcrumb\":{\"@id\":\"https:\\\/\\\/www.inoxforniture.it\\\/fr\\\/informations-techniques\\\/aciers-inoxydables-pour-la-boulonnerie\\\/#breadcrumb\"},\"inLanguage\":\"fr-FR\",\"potentialAction\":[{\"@type\":\"ReadAction\",\"target\":[\"https:\\\/\\\/www.inoxforniture.it\\\/fr\\\/informations-techniques\\\/aciers-inoxydables-pour-la-boulonnerie\\\/\"]}]},{\"@type\":\"BreadcrumbList\",\"@id\":\"https:\\\/\\\/www.inoxforniture.it\\\/fr\\\/informations-techniques\\\/aciers-inoxydables-pour-la-boulonnerie\\\/#breadcrumb\",\"itemListElement\":[{\"@type\":\"ListItem\",\"position\":1,\"name\":\"Accueil\",\"item\":\"https:\\\/\\\/www.inoxforniture.it\\\/\"},{\"@type\":\"ListItem\",\"position\":2,\"name\":\"Informations techniques\",\"item\":\"https:\\\/\\\/www.inoxforniture.it\\\/fr\\\/informations-techniques\\\/\"},{\"@type\":\"ListItem\",\"position\":3,\"name\":\"Aciers inoxydables pour la boulonnerie\"}]},{\"@type\":\"WebSite\",\"@id\":\"https:\\\/\\\/www.inoxforniture.it\\\/#website\",\"url\":\"https:\\\/\\\/www.inoxforniture.it\\\/\",\"name\":\"Inox Forniture\",\"description\":\"\",\"publisher\":{\"@id\":\"https:\\\/\\\/www.inoxforniture.it\\\/#organization\"},\"potentialAction\":[{\"@type\":\"SearchAction\",\"target\":{\"@type\":\"EntryPoint\",\"urlTemplate\":\"https:\\\/\\\/www.inoxforniture.it\\\/?s={search_term_string}\"},\"query-input\":{\"@type\":\"PropertyValueSpecification\",\"valueRequired\":true,\"valueName\":\"search_term_string\"}}],\"inLanguage\":\"fr-FR\"},{\"@type\":\"Organization\",\"@id\":\"https:\\\/\\\/www.inoxforniture.it\\\/#organization\",\"name\":\"Inox Forniture srl\",\"url\":\"https:\\\/\\\/www.inoxforniture.it\\\/\",\"logo\":{\"@type\":\"ImageObject\",\"inLanguage\":\"fr-FR\",\"@id\":\"https:\\\/\\\/www.inoxforniture.it\\\/#\\\/schema\\\/logo\\\/image\\\/\",\"url\":\"https:\\\/\\\/www.inoxforniture.it\\\/wp-content\\\/uploads\\\/2021\\\/01\\\/logo_inox.png\",\"contentUrl\":\"https:\\\/\\\/www.inoxforniture.it\\\/wp-content\\\/uploads\\\/2021\\\/01\\\/logo_inox.png\",\"width\":230,\"height\":44,\"caption\":\"Inox Forniture srl\"},\"image\":{\"@id\":\"https:\\\/\\\/www.inoxforniture.it\\\/#\\\/schema\\\/logo\\\/image\\\/\"},\"sameAs\":[\"https:\\\/\\\/www.facebook.com\\\/Inox.Forniture\",\"https:\\\/\\\/x.com\\\/InoxForniture\"]}]}<\/script>\n<!-- \/ Yoast SEO plugin. -->","yoast_head_json":{"title":"Aciers inoxydables pour la boulonnerie - Inox Forniture","robots":{"index":"index","follow":"follow","max-snippet":"max-snippet:-1","max-image-preview":"max-image-preview:large","max-video-preview":"max-video-preview:-1"},"canonical":"https:\/\/www.inoxforniture.it\/fr\/informations-techniques\/aciers-inoxydables-pour-la-boulonnerie\/","og_locale":"fr_FR","og_type":"article","og_title":"Aciers inoxydables pour la boulonnerie - Inox Forniture","og_description":"Aciers inoxydables pour la boulonnerie ACIERS INOXYDABLES POUR LA BOULONNERIE: A2 ET A4 Les aciers inoxydables pour la boulonnerie ne suivent pas la m\u00eame d\u00e9signation que les autres aciers de construction, c&rsquo;est-\u00e0-dire que nous ne trouverons pas de boulonnerie en AISI 304 et AISI 316, simplement parce qu&rsquo;ils rel\u00e8vent d&rsquo;une norme diff\u00e9rente. La boulonnerie que [&hellip;]","og_url":"https:\/\/www.inoxforniture.it\/fr\/informations-techniques\/aciers-inoxydables-pour-la-boulonnerie\/","og_site_name":"Inox Forniture","article_publisher":"https:\/\/www.facebook.com\/Inox.Forniture","article_modified_time":"2025-12-19T10:42:17+00:00","og_image":[{"width":1200,"height":1200,"url":"https:\/\/www.inoxforniture.it\/wp-content\/uploads\/2024\/11\/Logo-Google-display-600x600-1.jpg","type":"image\/jpeg"}],"twitter_card":"summary_large_image","twitter_site":"@InoxForniture","twitter_misc":{"Dur\u00e9e de lecture estim\u00e9e":"1 minute"},"schema":{"@context":"https:\/\/schema.org","@graph":[{"@type":"WebPage","@id":"https:\/\/www.inoxforniture.it\/fr\/informations-techniques\/aciers-inoxydables-pour-la-boulonnerie\/","url":"https:\/\/www.inoxforniture.it\/fr\/informations-techniques\/aciers-inoxydables-pour-la-boulonnerie\/","name":"Aciers inoxydables pour la boulonnerie - Inox Forniture","isPartOf":{"@id":"https:\/\/www.inoxforniture.it\/#website"},"datePublished":"2021-01-28T09:30:07+00:00","dateModified":"2025-12-19T10:42:17+00:00","breadcrumb":{"@id":"https:\/\/www.inoxforniture.it\/fr\/informations-techniques\/aciers-inoxydables-pour-la-boulonnerie\/#breadcrumb"},"inLanguage":"fr-FR","potentialAction":[{"@type":"ReadAction","target":["https:\/\/www.inoxforniture.it\/fr\/informations-techniques\/aciers-inoxydables-pour-la-boulonnerie\/"]}]},{"@type":"BreadcrumbList","@id":"https:\/\/www.inoxforniture.it\/fr\/informations-techniques\/aciers-inoxydables-pour-la-boulonnerie\/#breadcrumb","itemListElement":[{"@type":"ListItem","position":1,"name":"Accueil","item":"https:\/\/www.inoxforniture.it\/"},{"@type":"ListItem","position":2,"name":"Informations techniques","item":"https:\/\/www.inoxforniture.it\/fr\/informations-techniques\/"},{"@type":"ListItem","position":3,"name":"Aciers inoxydables pour la boulonnerie"}]},{"@type":"WebSite","@id":"https:\/\/www.inoxforniture.it\/#website","url":"https:\/\/www.inoxforniture.it\/","name":"Inox Forniture","description":"","publisher":{"@id":"https:\/\/www.inoxforniture.it\/#organization"},"potentialAction":[{"@type":"SearchAction","target":{"@type":"EntryPoint","urlTemplate":"https:\/\/www.inoxforniture.it\/?s={search_term_string}"},"query-input":{"@type":"PropertyValueSpecification","valueRequired":true,"valueName":"search_term_string"}}],"inLanguage":"fr-FR"},{"@type":"Organization","@id":"https:\/\/www.inoxforniture.it\/#organization","name":"Inox Forniture srl","url":"https:\/\/www.inoxforniture.it\/","logo":{"@type":"ImageObject","inLanguage":"fr-FR","@id":"https:\/\/www.inoxforniture.it\/#\/schema\/logo\/image\/","url":"https:\/\/www.inoxforniture.it\/wp-content\/uploads\/2021\/01\/logo_inox.png","contentUrl":"https:\/\/www.inoxforniture.it\/wp-content\/uploads\/2021\/01\/logo_inox.png","width":230,"height":44,"caption":"Inox Forniture srl"},"image":{"@id":"https:\/\/www.inoxforniture.it\/#\/schema\/logo\/image\/"},"sameAs":["https:\/\/www.facebook.com\/Inox.Forniture","https:\/\/x.com\/InoxForniture"]}]}},"_links":{"self":[{"href":"https:\/\/www.inoxforniture.it\/fr\/wp-json\/wp\/v2\/pages\/56749","targetHints":{"allow":["GET"]}}],"collection":[{"href":"https:\/\/www.inoxforniture.it\/fr\/wp-json\/wp\/v2\/pages"}],"about":[{"href":"https:\/\/www.inoxforniture.it\/fr\/wp-json\/wp\/v2\/types\/page"}],"author":[{"embeddable":true,"href":"https:\/\/www.inoxforniture.it\/fr\/wp-json\/wp\/v2\/users\/1"}],"replies":[{"embeddable":true,"href":"https:\/\/www.inoxforniture.it\/fr\/wp-json\/wp\/v2\/comments?post=56749"}],"version-history":[{"count":7,"href":"https:\/\/www.inoxforniture.it\/fr\/wp-json\/wp\/v2\/pages\/56749\/revisions"}],"predecessor-version":[{"id":56783,"href":"https:\/\/www.inoxforniture.it\/fr\/wp-json\/wp\/v2\/pages\/56749\/revisions\/56783"}],"up":[{"embeddable":true,"href":"https:\/\/www.inoxforniture.it\/fr\/wp-json\/wp\/v2\/pages\/56762"}],"wp:attachment":[{"href":"https:\/\/www.inoxforniture.it\/fr\/wp-json\/wp\/v2\/media?parent=56749"}],"curies":[{"name":"wp","href":"https:\/\/api.w.org\/{rel}","templated":true}]}}