{"id":56740,"date":"2021-01-28T10:34:49","date_gmt":"2021-01-28T09:34:49","guid":{"rendered":"https:\/\/www.inoxforniture.it\/tableau-du-poids-des-tubes-inox-pour-installations\/"},"modified":"2025-12-19T11:22:05","modified_gmt":"2025-12-19T10:22:05","slug":"tableau-du-poids-des-tubes-inox-pour-installations","status":"publish","type":"page","link":"https:\/\/www.inoxforniture.it\/fr\/informations-techniques\/tableau-du-poids-des-tubes-inox-pour-installations\/","title":{"rendered":"Tableau du poids des tubes inox pour installations"},"content":{"rendered":"\t\t<div data-elementor-type=\"wp-page\" data-elementor-id=\"56740\" class=\"elementor elementor-56740 elementor-2393\">\n\t\t\t\t\t\t<section class=\"elementor-section elementor-top-section elementor-element elementor-element-49e385e elementor-section-boxed elementor-section-height-default elementor-section-height-default\" data-id=\"49e385e\" data-element_type=\"section\" data-e-type=\"section\">\r\n\t\t\r\n\t\t\t\t\t\t\t<div class=\"elementor-container elementor-column-gap-default\">\r\n\t\t\t\t\t\t\t\t\t\t\t<div class=\"elementor-column elementor-col-100 elementor-top-column elementor-element elementor-element-4852eb4\" data-id=\"4852eb4\" data-element_type=\"column\" data-e-type=\"column\">\r\n\t\t\t\t\t<div class=\"elementor-widget-wrap elementor-element-populated\">\r\n\t\t\t\t\t\t\t\t<div class=\"elementor-element elementor-element-862a4b0 elementor-widget elementor-widget-heading\" data-id=\"862a4b0\" data-element_type=\"widget\" data-e-type=\"widget\" data-widget_type=\"heading.default\">\n\t\t\t\t<div class=\"elementor-widget-container\">\n\t\t\t\t\t<h1 class=\"elementor-heading-title elementor-size-default\">Tableau du poids des tubes inox pour installations<\/h1>\t\t\t\t<\/div>\n\t\t\t\t<\/div>\n\t\t\t\t<div class=\"elementor-element elementor-element-a07d88d elementor-widget elementor-widget-text-editor\" data-id=\"a07d88d\" data-element_type=\"widget\" data-e-type=\"widget\" data-widget_type=\"text-editor.default\">\n\t\t\t\t<div class=\"elementor-widget-container\">\n\t\t\t\t\t\t\t\t\t<p>Tableau du poids th\u00e9orique des tubes <a title=\"Tubes inox pour installations\" href=\"https:\/\/www.inoxforniture.it\/tubo-tondo-aisi-304\/\">ronds soud\u00e9s TIG<\/a> en acier inoxydable AISI 304 et AISI 316.<\/p><p>Le poids est exprim\u00e9 en kg\/m.<\/p>\t\t\t\t\t\t\t\t<\/div>\n\t\t\t\t<\/div>\n\t\t\t\t<div class=\"elementor-element elementor-element-acd73f1 elementor-invisible elementor-widget elementor-widget-image\" data-id=\"acd73f1\" data-element_type=\"widget\" data-e-type=\"widget\" data-settings=\"{&quot;_animation&quot;:&quot;fadeIn&quot;}\" data-widget_type=\"image.default\">\n\t\t\t\t<div class=\"elementor-widget-container\">\n\t\t\t\t\t\t\t\t\t\t\t\t\t\t\t\t<a href=\"https:\/\/www.inoxforniture.it\/wp-content\/uploads\/2021\/01\/Tab_312I000.jpg\" data-elementor-open-lightbox=\"yes\" data-elementor-lightbox-title=\"Tab_312I000\" data-e-action-hash=\"#elementor-action%3Aaction%3Dlightbox%26settings%3DeyJpZCI6NTY3NDEsInVybCI6Imh0dHBzOlwvXC93d3cuaW5veGZvcm5pdHVyZS5pdFwvd3AtY29udGVudFwvdXBsb2Fkc1wvMjAyMVwvMDFcL1RhYl8zMTJJMDAwLmpwZyJ9\">\n\t\t\t\t\t\t\t<img fetchpriority=\"high\" decoding=\"async\" width=\"750\" height=\"625\" src=\"https:\/\/www.inoxforniture.it\/wp-content\/uploads\/2021\/01\/Tab_312I000.jpg\" class=\"attachment-full size-full wp-image-56741\" alt=\"\" srcset=\"https:\/\/www.inoxforniture.it\/wp-content\/uploads\/2021\/01\/Tab_312I000.jpg 750w, https:\/\/www.inoxforniture.it\/wp-content\/uploads\/2021\/01\/Tab_312I000-640x533.jpg 640w, https:\/\/www.inoxforniture.it\/wp-content\/uploads\/2021\/01\/Tab_312I000-400x333.jpg 400w, https:\/\/www.inoxforniture.it\/wp-content\/uploads\/2021\/01\/Tab_312I000-600x500.jpg 600w\" sizes=\"(max-width: 750px) 100vw, 750px\" \/>\t\t\t\t\t\t\t\t<\/a>\n\t\t\t\t\t\t\t\t\t\t\t\t\t\t\t<\/div>\n\t\t\t\t<\/div>\n\t\t\t\t\t<\/div>\r\n\t\t\t\t<\/div>\r\n\t\t\t\t\t<\/div>\r\n\t\t\t\t<\/section>\r\n\t\t\t\t<\/div>\n\t\t","protected":false},"excerpt":{"rendered":"<p>Tableau du poids des tubes inox pour installations Tableau du poids th\u00e9orique des tubes ronds soud\u00e9s TIG en acier inoxydable AISI 304 et AISI 316. Le poids est exprim\u00e9 en kg\/m.<\/p>\n","protected":false},"author":1,"featured_media":0,"parent":56762,"menu_order":0,"comment_status":"closed","ping_status":"closed","template":"","meta":{"_acf_changed":false,"footnotes":""},"class_list":["post-56740","page","type-page","status-publish","hentry"],"acf":[],"yoast_head":"<!-- This site is optimized with the Yoast SEO plugin v27.3 - https:\/\/yoast.com\/product\/yoast-seo-wordpress\/ -->\n<title>Tableau du poids des tubes inox pour installations - Inox Forniture<\/title>\n<meta name=\"description\" content=\"Inox Forniture. Tableau des poids th\u00e9oriques des tubes soud\u00e9s en acier inoxydable. Tubes que vous pouvez trouver disponibles dans notre entrep\u00f4t.\" \/>\n<meta name=\"robots\" content=\"index, follow, max-snippet:-1, max-image-preview:large, max-video-preview:-1\" \/>\n<link rel=\"canonical\" href=\"https:\/\/www.inoxforniture.it\/fr\/informations-techniques\/tableau-du-poids-des-tubes-inox-pour-installations\/\" \/>\n<meta property=\"og:locale\" content=\"fr_FR\" \/>\n<meta property=\"og:type\" content=\"article\" \/>\n<meta property=\"og:title\" content=\"Tableau du poids des tubes inox pour installations - Inox Forniture\" \/>\n<meta property=\"og:description\" content=\"Inox Forniture. Tableau des poids th\u00e9oriques des tubes soud\u00e9s en acier inoxydable. Tubes que vous pouvez trouver disponibles dans notre entrep\u00f4t.\" \/>\n<meta property=\"og:url\" content=\"https:\/\/www.inoxforniture.it\/fr\/informations-techniques\/tableau-du-poids-des-tubes-inox-pour-installations\/\" \/>\n<meta property=\"og:site_name\" content=\"Inox Forniture\" \/>\n<meta property=\"article:publisher\" content=\"https:\/\/www.facebook.com\/Inox.Forniture\" \/>\n<meta property=\"article:modified_time\" content=\"2025-12-19T10:22:05+00:00\" \/>\n<meta property=\"og:image\" content=\"https:\/\/www.inoxforniture.it\/wp-content\/uploads\/2021\/01\/Tab_312I000.jpg\" \/>\n\t<meta property=\"og:image:width\" content=\"750\" \/>\n\t<meta property=\"og:image:height\" content=\"625\" \/>\n\t<meta property=\"og:image:type\" content=\"image\/jpeg\" \/>\n<meta name=\"twitter:card\" content=\"summary_large_image\" \/>\n<meta name=\"twitter:site\" content=\"@InoxForniture\" \/>\n<script type=\"application\/ld+json\" class=\"yoast-schema-graph\">{\"@context\":\"https:\\\/\\\/schema.org\",\"@graph\":[{\"@type\":\"WebPage\",\"@id\":\"https:\\\/\\\/www.inoxforniture.it\\\/fr\\\/informations-techniques\\\/tableau-du-poids-des-tubes-inox-pour-installations\\\/\",\"url\":\"https:\\\/\\\/www.inoxforniture.it\\\/fr\\\/informations-techniques\\\/tableau-du-poids-des-tubes-inox-pour-installations\\\/\",\"name\":\"Tableau du poids des tubes inox pour installations - Inox Forniture\",\"isPartOf\":{\"@id\":\"https:\\\/\\\/www.inoxforniture.it\\\/#website\"},\"primaryImageOfPage\":{\"@id\":\"https:\\\/\\\/www.inoxforniture.it\\\/fr\\\/informations-techniques\\\/tableau-du-poids-des-tubes-inox-pour-installations\\\/#primaryimage\"},\"image\":{\"@id\":\"https:\\\/\\\/www.inoxforniture.it\\\/fr\\\/informations-techniques\\\/tableau-du-poids-des-tubes-inox-pour-installations\\\/#primaryimage\"},\"thumbnailUrl\":\"https:\\\/\\\/www.inoxforniture.it\\\/wp-content\\\/uploads\\\/2021\\\/01\\\/Tab_312I000.jpg\",\"datePublished\":\"2021-01-28T09:34:49+00:00\",\"dateModified\":\"2025-12-19T10:22:05+00:00\",\"description\":\"Inox Forniture. Tableau des poids th\u00e9oriques des tubes soud\u00e9s en acier inoxydable. Tubes que vous pouvez trouver disponibles dans notre entrep\u00f4t.\",\"breadcrumb\":{\"@id\":\"https:\\\/\\\/www.inoxforniture.it\\\/fr\\\/informations-techniques\\\/tableau-du-poids-des-tubes-inox-pour-installations\\\/#breadcrumb\"},\"inLanguage\":\"fr-FR\",\"potentialAction\":[{\"@type\":\"ReadAction\",\"target\":[\"https:\\\/\\\/www.inoxforniture.it\\\/fr\\\/informations-techniques\\\/tableau-du-poids-des-tubes-inox-pour-installations\\\/\"]}]},{\"@type\":\"ImageObject\",\"inLanguage\":\"fr-FR\",\"@id\":\"https:\\\/\\\/www.inoxforniture.it\\\/fr\\\/informations-techniques\\\/tableau-du-poids-des-tubes-inox-pour-installations\\\/#primaryimage\",\"url\":\"https:\\\/\\\/www.inoxforniture.it\\\/wp-content\\\/uploads\\\/2021\\\/01\\\/Tab_312I000.jpg\",\"contentUrl\":\"https:\\\/\\\/www.inoxforniture.it\\\/wp-content\\\/uploads\\\/2021\\\/01\\\/Tab_312I000.jpg\"},{\"@type\":\"BreadcrumbList\",\"@id\":\"https:\\\/\\\/www.inoxforniture.it\\\/fr\\\/informations-techniques\\\/tableau-du-poids-des-tubes-inox-pour-installations\\\/#breadcrumb\",\"itemListElement\":[{\"@type\":\"ListItem\",\"position\":1,\"name\":\"Accueil\",\"item\":\"https:\\\/\\\/www.inoxforniture.it\\\/\"},{\"@type\":\"ListItem\",\"position\":2,\"name\":\"Informations techniques\",\"item\":\"https:\\\/\\\/www.inoxforniture.it\\\/fr\\\/informations-techniques\\\/\"},{\"@type\":\"ListItem\",\"position\":3,\"name\":\"Tableau du poids des tubes inox pour installations\"}]},{\"@type\":\"WebSite\",\"@id\":\"https:\\\/\\\/www.inoxforniture.it\\\/#website\",\"url\":\"https:\\\/\\\/www.inoxforniture.it\\\/\",\"name\":\"Inox Forniture\",\"description\":\"\",\"publisher\":{\"@id\":\"https:\\\/\\\/www.inoxforniture.it\\\/#organization\"},\"potentialAction\":[{\"@type\":\"SearchAction\",\"target\":{\"@type\":\"EntryPoint\",\"urlTemplate\":\"https:\\\/\\\/www.inoxforniture.it\\\/?s={search_term_string}\"},\"query-input\":{\"@type\":\"PropertyValueSpecification\",\"valueRequired\":true,\"valueName\":\"search_term_string\"}}],\"inLanguage\":\"fr-FR\"},{\"@type\":\"Organization\",\"@id\":\"https:\\\/\\\/www.inoxforniture.it\\\/#organization\",\"name\":\"Inox Forniture srl\",\"url\":\"https:\\\/\\\/www.inoxforniture.it\\\/\",\"logo\":{\"@type\":\"ImageObject\",\"inLanguage\":\"fr-FR\",\"@id\":\"https:\\\/\\\/www.inoxforniture.it\\\/#\\\/schema\\\/logo\\\/image\\\/\",\"url\":\"https:\\\/\\\/www.inoxforniture.it\\\/wp-content\\\/uploads\\\/2021\\\/01\\\/logo_inox.png\",\"contentUrl\":\"https:\\\/\\\/www.inoxforniture.it\\\/wp-content\\\/uploads\\\/2021\\\/01\\\/logo_inox.png\",\"width\":230,\"height\":44,\"caption\":\"Inox Forniture srl\"},\"image\":{\"@id\":\"https:\\\/\\\/www.inoxforniture.it\\\/#\\\/schema\\\/logo\\\/image\\\/\"},\"sameAs\":[\"https:\\\/\\\/www.facebook.com\\\/Inox.Forniture\",\"https:\\\/\\\/x.com\\\/InoxForniture\"]}]}<\/script>\n<!-- \/ Yoast SEO plugin. -->","yoast_head_json":{"title":"Tableau du poids des tubes inox pour installations - Inox Forniture","description":"Inox Forniture. Tableau des poids th\u00e9oriques des tubes soud\u00e9s en acier inoxydable. Tubes que vous pouvez trouver disponibles dans notre entrep\u00f4t.","robots":{"index":"index","follow":"follow","max-snippet":"max-snippet:-1","max-image-preview":"max-image-preview:large","max-video-preview":"max-video-preview:-1"},"canonical":"https:\/\/www.inoxforniture.it\/fr\/informations-techniques\/tableau-du-poids-des-tubes-inox-pour-installations\/","og_locale":"fr_FR","og_type":"article","og_title":"Tableau du poids des tubes inox pour installations - Inox Forniture","og_description":"Inox Forniture. Tableau des poids th\u00e9oriques des tubes soud\u00e9s en acier inoxydable. Tubes que vous pouvez trouver disponibles dans notre entrep\u00f4t.","og_url":"https:\/\/www.inoxforniture.it\/fr\/informations-techniques\/tableau-du-poids-des-tubes-inox-pour-installations\/","og_site_name":"Inox Forniture","article_publisher":"https:\/\/www.facebook.com\/Inox.Forniture","article_modified_time":"2025-12-19T10:22:05+00:00","og_image":[{"width":750,"height":625,"url":"https:\/\/www.inoxforniture.it\/wp-content\/uploads\/2021\/01\/Tab_312I000.jpg","type":"image\/jpeg"}],"twitter_card":"summary_large_image","twitter_site":"@InoxForniture","schema":{"@context":"https:\/\/schema.org","@graph":[{"@type":"WebPage","@id":"https:\/\/www.inoxforniture.it\/fr\/informations-techniques\/tableau-du-poids-des-tubes-inox-pour-installations\/","url":"https:\/\/www.inoxforniture.it\/fr\/informations-techniques\/tableau-du-poids-des-tubes-inox-pour-installations\/","name":"Tableau du poids des tubes inox pour installations - Inox Forniture","isPartOf":{"@id":"https:\/\/www.inoxforniture.it\/#website"},"primaryImageOfPage":{"@id":"https:\/\/www.inoxforniture.it\/fr\/informations-techniques\/tableau-du-poids-des-tubes-inox-pour-installations\/#primaryimage"},"image":{"@id":"https:\/\/www.inoxforniture.it\/fr\/informations-techniques\/tableau-du-poids-des-tubes-inox-pour-installations\/#primaryimage"},"thumbnailUrl":"https:\/\/www.inoxforniture.it\/wp-content\/uploads\/2021\/01\/Tab_312I000.jpg","datePublished":"2021-01-28T09:34:49+00:00","dateModified":"2025-12-19T10:22:05+00:00","description":"Inox Forniture. Tableau des poids th\u00e9oriques des tubes soud\u00e9s en acier inoxydable. Tubes que vous pouvez trouver disponibles dans notre entrep\u00f4t.","breadcrumb":{"@id":"https:\/\/www.inoxforniture.it\/fr\/informations-techniques\/tableau-du-poids-des-tubes-inox-pour-installations\/#breadcrumb"},"inLanguage":"fr-FR","potentialAction":[{"@type":"ReadAction","target":["https:\/\/www.inoxforniture.it\/fr\/informations-techniques\/tableau-du-poids-des-tubes-inox-pour-installations\/"]}]},{"@type":"ImageObject","inLanguage":"fr-FR","@id":"https:\/\/www.inoxforniture.it\/fr\/informations-techniques\/tableau-du-poids-des-tubes-inox-pour-installations\/#primaryimage","url":"https:\/\/www.inoxforniture.it\/wp-content\/uploads\/2021\/01\/Tab_312I000.jpg","contentUrl":"https:\/\/www.inoxforniture.it\/wp-content\/uploads\/2021\/01\/Tab_312I000.jpg"},{"@type":"BreadcrumbList","@id":"https:\/\/www.inoxforniture.it\/fr\/informations-techniques\/tableau-du-poids-des-tubes-inox-pour-installations\/#breadcrumb","itemListElement":[{"@type":"ListItem","position":1,"name":"Accueil","item":"https:\/\/www.inoxforniture.it\/"},{"@type":"ListItem","position":2,"name":"Informations techniques","item":"https:\/\/www.inoxforniture.it\/fr\/informations-techniques\/"},{"@type":"ListItem","position":3,"name":"Tableau du poids des tubes inox pour installations"}]},{"@type":"WebSite","@id":"https:\/\/www.inoxforniture.it\/#website","url":"https:\/\/www.inoxforniture.it\/","name":"Inox Forniture","description":"","publisher":{"@id":"https:\/\/www.inoxforniture.it\/#organization"},"potentialAction":[{"@type":"SearchAction","target":{"@type":"EntryPoint","urlTemplate":"https:\/\/www.inoxforniture.it\/?s={search_term_string}"},"query-input":{"@type":"PropertyValueSpecification","valueRequired":true,"valueName":"search_term_string"}}],"inLanguage":"fr-FR"},{"@type":"Organization","@id":"https:\/\/www.inoxforniture.it\/#organization","name":"Inox Forniture srl","url":"https:\/\/www.inoxforniture.it\/","logo":{"@type":"ImageObject","inLanguage":"fr-FR","@id":"https:\/\/www.inoxforniture.it\/#\/schema\/logo\/image\/","url":"https:\/\/www.inoxforniture.it\/wp-content\/uploads\/2021\/01\/logo_inox.png","contentUrl":"https:\/\/www.inoxforniture.it\/wp-content\/uploads\/2021\/01\/logo_inox.png","width":230,"height":44,"caption":"Inox Forniture srl"},"image":{"@id":"https:\/\/www.inoxforniture.it\/#\/schema\/logo\/image\/"},"sameAs":["https:\/\/www.facebook.com\/Inox.Forniture","https:\/\/x.com\/InoxForniture"]}]}},"_links":{"self":[{"href":"https:\/\/www.inoxforniture.it\/fr\/wp-json\/wp\/v2\/pages\/56740","targetHints":{"allow":["GET"]}}],"collection":[{"href":"https:\/\/www.inoxforniture.it\/fr\/wp-json\/wp\/v2\/pages"}],"about":[{"href":"https:\/\/www.inoxforniture.it\/fr\/wp-json\/wp\/v2\/types\/page"}],"author":[{"embeddable":true,"href":"https:\/\/www.inoxforniture.it\/fr\/wp-json\/wp\/v2\/users\/1"}],"replies":[{"embeddable":true,"href":"https:\/\/www.inoxforniture.it\/fr\/wp-json\/wp\/v2\/comments?post=56740"}],"version-history":[{"count":1,"href":"https:\/\/www.inoxforniture.it\/fr\/wp-json\/wp\/v2\/pages\/56740\/revisions"}],"predecessor-version":[{"id":56742,"href":"https:\/\/www.inoxforniture.it\/fr\/wp-json\/wp\/v2\/pages\/56740\/revisions\/56742"}],"up":[{"embeddable":true,"href":"https:\/\/www.inoxforniture.it\/fr\/wp-json\/wp\/v2\/pages\/56762"}],"wp:attachment":[{"href":"https:\/\/www.inoxforniture.it\/fr\/wp-json\/wp\/v2\/media?parent=56740"}],"curies":[{"name":"wp","href":"https:\/\/api.w.org\/{rel}","templated":true}]}}