{"id":56738,"date":"2021-01-28T10:31:37","date_gmt":"2021-01-28T09:31:37","guid":{"rendered":"https:\/\/www.inoxforniture.it\/tableau-du-poids-des-barres\/"},"modified":"2025-12-19T11:22:05","modified_gmt":"2025-12-19T10:22:05","slug":"tableau-du-poids-des-barres","status":"publish","type":"page","link":"https:\/\/www.inoxforniture.it\/fr\/informations-techniques\/tableau-du-poids-des-barres\/","title":{"rendered":"Tableau du poids des barres"},"content":{"rendered":"<h1>Tableau du poids des barres pleines en acier inoxydable<\/h1>\n<p>Tableau du poids th\u00e9orique des&nbsp;<a title=\"Tubes et barres\" href=\"https:\/\/www.inoxforniture.it\/fr\/tubes-et-barres\/\" target=\"_blank\" rel=\"noopener\">barres rondes<\/a>, carr\u00e9es et hexagonales en acier inoxydable AISI 304 et AISI 316.<\/p>\n<p>Poids exprim\u00e9 en kg\/m<\/p>\n<p><a href=\"https:\/\/www.inoxforniture.it\/wp-content\/uploads\/2021\/01\/Tab_barre_tonde_-_quadre_-_esagonali.jpg\" data-elementor-open-lightbox=\"yes\" data-elementor-lightbox-title=\"Tab_barre_tonde_-_quadre_-_esagonali\"><br \/>\n<img loading=\"lazy\" decoding=\"async\" width=\"750\" height=\"676\" src=\"https:\/\/www.inoxforniture.it\/wp-content\/uploads\/2021\/01\/Tab_barre_tonde_-_quadre_-_esagonali.jpg\" alt=\"\" loading=\"lazy\" srcset=\"https:\/\/www.inoxforniture.it\/wp-content\/uploads\/2021\/01\/Tab_barre_tonde_-_quadre_-_esagonali.jpg 750w, https:\/\/www.inoxforniture.it\/wp-content\/uploads\/2021\/01\/Tab_barre_tonde_-_quadre_-_esagonali-640x577.jpg 640w, https:\/\/www.inoxforniture.it\/wp-content\/uploads\/2021\/01\/Tab_barre_tonde_-_quadre_-_esagonali-400x361.jpg 400w, https:\/\/www.inoxforniture.it\/wp-content\/uploads\/2021\/01\/Tab_barre_tonde_-_quadre_-_esagonali-600x541.jpg 600w\" sizes=\"auto, (max-width: 750px) 100vw, 750px\">\t\t\t\t\t\t\t\t<\/a><\/p>\n","protected":false},"excerpt":{"rendered":"<p>Tableau du poids des barres pleines en acier inoxydable Tableau du poids th\u00e9orique des&nbsp;barres rondes, carr\u00e9es et hexagonales en acier inoxydable AISI 304 et AISI 316. Poids exprim\u00e9 en kg\/m<\/p>\n","protected":false},"author":1,"featured_media":0,"parent":56762,"menu_order":0,"comment_status":"closed","ping_status":"closed","template":"","meta":{"_acf_changed":false,"footnotes":""},"class_list":["post-56738","page","type-page","status-publish","hentry"],"acf":[],"yoast_head":"<!-- This site is optimized with the Yoast SEO plugin v27.3 - https:\/\/yoast.com\/product\/yoast-seo-wordpress\/ -->\n<title>Inox Forniture - Tableau du poids sp\u00e9cifique des barres en acier inoxydable<\/title>\n<meta name=\"description\" content=\"Tableau du poids sp\u00e9cifique des barres en acier inoxydable. Barres rondes, hexagonales et carr\u00e9es. Le poids indiqu\u00e9 dans le tableau est en kg\/m.\" \/>\n<meta name=\"robots\" content=\"index, follow, max-snippet:-1, max-image-preview:large, max-video-preview:-1\" \/>\n<link rel=\"canonical\" href=\"https:\/\/www.inoxforniture.it\/fr\/informations-techniques\/tableau-du-poids-des-barres\/\" \/>\n<meta property=\"og:locale\" content=\"fr_FR\" \/>\n<meta property=\"og:type\" content=\"article\" \/>\n<meta property=\"og:title\" content=\"Inox Forniture - Tableau du poids sp\u00e9cifique des barres en acier inoxydable\" \/>\n<meta property=\"og:description\" content=\"Tableau du poids sp\u00e9cifique des barres en acier inoxydable. Barres rondes, hexagonales et carr\u00e9es. Le poids indiqu\u00e9 dans le tableau est en kg\/m.\" \/>\n<meta property=\"og:url\" content=\"https:\/\/www.inoxforniture.it\/fr\/informations-techniques\/tableau-du-poids-des-barres\/\" \/>\n<meta property=\"og:site_name\" content=\"Inox Forniture\" \/>\n<meta property=\"article:publisher\" content=\"https:\/\/www.facebook.com\/Inox.Forniture\" \/>\n<meta property=\"article:modified_time\" content=\"2025-12-19T10:22:05+00:00\" \/>\n<meta property=\"og:image\" content=\"https:\/\/www.inoxforniture.it\/wp-content\/uploads\/2021\/01\/Tab_barre_tonde_-_quadre_-_esagonali.jpg\" \/>\n<meta name=\"twitter:card\" content=\"summary_large_image\" \/>\n<meta name=\"twitter:site\" content=\"@InoxForniture\" \/>\n<script type=\"application\/ld+json\" class=\"yoast-schema-graph\">{\"@context\":\"https:\\\/\\\/schema.org\",\"@graph\":[{\"@type\":\"WebPage\",\"@id\":\"https:\\\/\\\/www.inoxforniture.it\\\/fr\\\/informations-techniques\\\/tableau-du-poids-des-barres\\\/\",\"url\":\"https:\\\/\\\/www.inoxforniture.it\\\/fr\\\/informations-techniques\\\/tableau-du-poids-des-barres\\\/\",\"name\":\"Inox Forniture - Tableau du poids sp\u00e9cifique des barres en acier inoxydable\",\"isPartOf\":{\"@id\":\"https:\\\/\\\/www.inoxforniture.it\\\/#website\"},\"primaryImageOfPage\":{\"@id\":\"https:\\\/\\\/www.inoxforniture.it\\\/fr\\\/informations-techniques\\\/tableau-du-poids-des-barres\\\/#primaryimage\"},\"image\":{\"@id\":\"https:\\\/\\\/www.inoxforniture.it\\\/fr\\\/informations-techniques\\\/tableau-du-poids-des-barres\\\/#primaryimage\"},\"thumbnailUrl\":\"https:\\\/\\\/www.inoxforniture.it\\\/wp-content\\\/uploads\\\/2021\\\/01\\\/Tab_barre_tonde_-_quadre_-_esagonali.jpg\",\"datePublished\":\"2021-01-28T09:31:37+00:00\",\"dateModified\":\"2025-12-19T10:22:05+00:00\",\"description\":\"Tableau du poids sp\u00e9cifique des barres en acier inoxydable. Barres rondes, hexagonales et carr\u00e9es. Le poids indiqu\u00e9 dans le tableau est en kg\\\/m.\",\"breadcrumb\":{\"@id\":\"https:\\\/\\\/www.inoxforniture.it\\\/fr\\\/informations-techniques\\\/tableau-du-poids-des-barres\\\/#breadcrumb\"},\"inLanguage\":\"fr-FR\",\"potentialAction\":[{\"@type\":\"ReadAction\",\"target\":[\"https:\\\/\\\/www.inoxforniture.it\\\/fr\\\/informations-techniques\\\/tableau-du-poids-des-barres\\\/\"]}]},{\"@type\":\"ImageObject\",\"inLanguage\":\"fr-FR\",\"@id\":\"https:\\\/\\\/www.inoxforniture.it\\\/fr\\\/informations-techniques\\\/tableau-du-poids-des-barres\\\/#primaryimage\",\"url\":\"https:\\\/\\\/www.inoxforniture.it\\\/wp-content\\\/uploads\\\/2021\\\/01\\\/Tab_barre_tonde_-_quadre_-_esagonali.jpg\",\"contentUrl\":\"https:\\\/\\\/www.inoxforniture.it\\\/wp-content\\\/uploads\\\/2021\\\/01\\\/Tab_barre_tonde_-_quadre_-_esagonali.jpg\"},{\"@type\":\"BreadcrumbList\",\"@id\":\"https:\\\/\\\/www.inoxforniture.it\\\/fr\\\/informations-techniques\\\/tableau-du-poids-des-barres\\\/#breadcrumb\",\"itemListElement\":[{\"@type\":\"ListItem\",\"position\":1,\"name\":\"Accueil\",\"item\":\"https:\\\/\\\/www.inoxforniture.it\\\/\"},{\"@type\":\"ListItem\",\"position\":2,\"name\":\"Informations techniques\",\"item\":\"https:\\\/\\\/www.inoxforniture.it\\\/fr\\\/informations-techniques\\\/\"},{\"@type\":\"ListItem\",\"position\":3,\"name\":\"Tableau du poids des barres\"}]},{\"@type\":\"WebSite\",\"@id\":\"https:\\\/\\\/www.inoxforniture.it\\\/#website\",\"url\":\"https:\\\/\\\/www.inoxforniture.it\\\/\",\"name\":\"Inox Forniture\",\"description\":\"\",\"publisher\":{\"@id\":\"https:\\\/\\\/www.inoxforniture.it\\\/#organization\"},\"potentialAction\":[{\"@type\":\"SearchAction\",\"target\":{\"@type\":\"EntryPoint\",\"urlTemplate\":\"https:\\\/\\\/www.inoxforniture.it\\\/?s={search_term_string}\"},\"query-input\":{\"@type\":\"PropertyValueSpecification\",\"valueRequired\":true,\"valueName\":\"search_term_string\"}}],\"inLanguage\":\"fr-FR\"},{\"@type\":\"Organization\",\"@id\":\"https:\\\/\\\/www.inoxforniture.it\\\/#organization\",\"name\":\"Inox Forniture srl\",\"url\":\"https:\\\/\\\/www.inoxforniture.it\\\/\",\"logo\":{\"@type\":\"ImageObject\",\"inLanguage\":\"fr-FR\",\"@id\":\"https:\\\/\\\/www.inoxforniture.it\\\/#\\\/schema\\\/logo\\\/image\\\/\",\"url\":\"https:\\\/\\\/www.inoxforniture.it\\\/wp-content\\\/uploads\\\/2021\\\/01\\\/logo_inox.png\",\"contentUrl\":\"https:\\\/\\\/www.inoxforniture.it\\\/wp-content\\\/uploads\\\/2021\\\/01\\\/logo_inox.png\",\"width\":230,\"height\":44,\"caption\":\"Inox Forniture srl\"},\"image\":{\"@id\":\"https:\\\/\\\/www.inoxforniture.it\\\/#\\\/schema\\\/logo\\\/image\\\/\"},\"sameAs\":[\"https:\\\/\\\/www.facebook.com\\\/Inox.Forniture\",\"https:\\\/\\\/x.com\\\/InoxForniture\"]}]}<\/script>\n<!-- \/ Yoast SEO plugin. -->","yoast_head_json":{"title":"Inox Forniture - Tableau du poids sp\u00e9cifique des barres en acier inoxydable","description":"Tableau du poids sp\u00e9cifique des barres en acier inoxydable. Barres rondes, hexagonales et carr\u00e9es. Le poids indiqu\u00e9 dans le tableau est en kg\/m.","robots":{"index":"index","follow":"follow","max-snippet":"max-snippet:-1","max-image-preview":"max-image-preview:large","max-video-preview":"max-video-preview:-1"},"canonical":"https:\/\/www.inoxforniture.it\/fr\/informations-techniques\/tableau-du-poids-des-barres\/","og_locale":"fr_FR","og_type":"article","og_title":"Inox Forniture - Tableau du poids sp\u00e9cifique des barres en acier inoxydable","og_description":"Tableau du poids sp\u00e9cifique des barres en acier inoxydable. Barres rondes, hexagonales et carr\u00e9es. Le poids indiqu\u00e9 dans le tableau est en kg\/m.","og_url":"https:\/\/www.inoxforniture.it\/fr\/informations-techniques\/tableau-du-poids-des-barres\/","og_site_name":"Inox Forniture","article_publisher":"https:\/\/www.facebook.com\/Inox.Forniture","article_modified_time":"2025-12-19T10:22:05+00:00","og_image":[{"url":"https:\/\/www.inoxforniture.it\/wp-content\/uploads\/2021\/01\/Tab_barre_tonde_-_quadre_-_esagonali.jpg","type":"","width":"","height":""}],"twitter_card":"summary_large_image","twitter_site":"@InoxForniture","schema":{"@context":"https:\/\/schema.org","@graph":[{"@type":"WebPage","@id":"https:\/\/www.inoxforniture.it\/fr\/informations-techniques\/tableau-du-poids-des-barres\/","url":"https:\/\/www.inoxforniture.it\/fr\/informations-techniques\/tableau-du-poids-des-barres\/","name":"Inox Forniture - Tableau du poids sp\u00e9cifique des barres en acier inoxydable","isPartOf":{"@id":"https:\/\/www.inoxforniture.it\/#website"},"primaryImageOfPage":{"@id":"https:\/\/www.inoxforniture.it\/fr\/informations-techniques\/tableau-du-poids-des-barres\/#primaryimage"},"image":{"@id":"https:\/\/www.inoxforniture.it\/fr\/informations-techniques\/tableau-du-poids-des-barres\/#primaryimage"},"thumbnailUrl":"https:\/\/www.inoxforniture.it\/wp-content\/uploads\/2021\/01\/Tab_barre_tonde_-_quadre_-_esagonali.jpg","datePublished":"2021-01-28T09:31:37+00:00","dateModified":"2025-12-19T10:22:05+00:00","description":"Tableau du poids sp\u00e9cifique des barres en acier inoxydable. Barres rondes, hexagonales et carr\u00e9es. Le poids indiqu\u00e9 dans le tableau est en kg\/m.","breadcrumb":{"@id":"https:\/\/www.inoxforniture.it\/fr\/informations-techniques\/tableau-du-poids-des-barres\/#breadcrumb"},"inLanguage":"fr-FR","potentialAction":[{"@type":"ReadAction","target":["https:\/\/www.inoxforniture.it\/fr\/informations-techniques\/tableau-du-poids-des-barres\/"]}]},{"@type":"ImageObject","inLanguage":"fr-FR","@id":"https:\/\/www.inoxforniture.it\/fr\/informations-techniques\/tableau-du-poids-des-barres\/#primaryimage","url":"https:\/\/www.inoxforniture.it\/wp-content\/uploads\/2021\/01\/Tab_barre_tonde_-_quadre_-_esagonali.jpg","contentUrl":"https:\/\/www.inoxforniture.it\/wp-content\/uploads\/2021\/01\/Tab_barre_tonde_-_quadre_-_esagonali.jpg"},{"@type":"BreadcrumbList","@id":"https:\/\/www.inoxforniture.it\/fr\/informations-techniques\/tableau-du-poids-des-barres\/#breadcrumb","itemListElement":[{"@type":"ListItem","position":1,"name":"Accueil","item":"https:\/\/www.inoxforniture.it\/"},{"@type":"ListItem","position":2,"name":"Informations techniques","item":"https:\/\/www.inoxforniture.it\/fr\/informations-techniques\/"},{"@type":"ListItem","position":3,"name":"Tableau du poids des barres"}]},{"@type":"WebSite","@id":"https:\/\/www.inoxforniture.it\/#website","url":"https:\/\/www.inoxforniture.it\/","name":"Inox Forniture","description":"","publisher":{"@id":"https:\/\/www.inoxforniture.it\/#organization"},"potentialAction":[{"@type":"SearchAction","target":{"@type":"EntryPoint","urlTemplate":"https:\/\/www.inoxforniture.it\/?s={search_term_string}"},"query-input":{"@type":"PropertyValueSpecification","valueRequired":true,"valueName":"search_term_string"}}],"inLanguage":"fr-FR"},{"@type":"Organization","@id":"https:\/\/www.inoxforniture.it\/#organization","name":"Inox Forniture srl","url":"https:\/\/www.inoxforniture.it\/","logo":{"@type":"ImageObject","inLanguage":"fr-FR","@id":"https:\/\/www.inoxforniture.it\/#\/schema\/logo\/image\/","url":"https:\/\/www.inoxforniture.it\/wp-content\/uploads\/2021\/01\/logo_inox.png","contentUrl":"https:\/\/www.inoxforniture.it\/wp-content\/uploads\/2021\/01\/logo_inox.png","width":230,"height":44,"caption":"Inox Forniture srl"},"image":{"@id":"https:\/\/www.inoxforniture.it\/#\/schema\/logo\/image\/"},"sameAs":["https:\/\/www.facebook.com\/Inox.Forniture","https:\/\/x.com\/InoxForniture"]}]}},"_links":{"self":[{"href":"https:\/\/www.inoxforniture.it\/fr\/wp-json\/wp\/v2\/pages\/56738","targetHints":{"allow":["GET"]}}],"collection":[{"href":"https:\/\/www.inoxforniture.it\/fr\/wp-json\/wp\/v2\/pages"}],"about":[{"href":"https:\/\/www.inoxforniture.it\/fr\/wp-json\/wp\/v2\/types\/page"}],"author":[{"embeddable":true,"href":"https:\/\/www.inoxforniture.it\/fr\/wp-json\/wp\/v2\/users\/1"}],"replies":[{"embeddable":true,"href":"https:\/\/www.inoxforniture.it\/fr\/wp-json\/wp\/v2\/comments?post=56738"}],"version-history":[{"count":1,"href":"https:\/\/www.inoxforniture.it\/fr\/wp-json\/wp\/v2\/pages\/56738\/revisions"}],"predecessor-version":[{"id":56764,"href":"https:\/\/www.inoxforniture.it\/fr\/wp-json\/wp\/v2\/pages\/56738\/revisions\/56764"}],"up":[{"embeddable":true,"href":"https:\/\/www.inoxforniture.it\/fr\/wp-json\/wp\/v2\/pages\/56762"}],"wp:attachment":[{"href":"https:\/\/www.inoxforniture.it\/fr\/wp-json\/wp\/v2\/media?parent=56738"}],"curies":[{"name":"wp","href":"https:\/\/api.w.org\/{rel}","templated":true}]}}