{"id":56736,"date":"2021-01-28T10:30:57","date_gmt":"2021-01-28T09:30:57","guid":{"rendered":"https:\/\/www.inoxforniture.it\/tableau-de-conversion-dn-pouces-millimetres\/"},"modified":"2025-12-19T11:22:05","modified_gmt":"2025-12-19T10:22:05","slug":"tableau-de-conversion-dn-pouces-millimetres","status":"publish","type":"page","link":"https:\/\/www.inoxforniture.it\/fr\/informations-techniques\/tableau-de-conversion-dn-pouces-millimetres\/","title":{"rendered":"Tableau de conversion DN &#8211; Pouces &#8211; Millim\u00e8tres"},"content":{"rendered":"<h1>Tableau de conversion DN &#8211; Pouces &#8211; Millim\u00e8tres<\/h1>\n<p>Les valeurs de ce tableau s&rsquo;appliquent \u00e0 la&nbsp;<a title=\"Raccorderie \u00e0 souder\" href=\"https:\/\/www.inoxforniture.it\/fr\/raccords-a-souder\/\" target=\"_blank\" rel=\"noopener\">raccorderie \u00e0 souder<\/a>, \u00e0 la&nbsp;<a title=\"Raccorderie filet\u00e9e GAZ\" href=\"https:\/\/www.inoxforniture.it\/fr\/raccords-filetes-gaz\/\" target=\"_blank\" rel=\"noopener\">raccorderie filet\u00e9e gaz<\/a>, aux&nbsp;<a title=\"Brides UNI\" href=\"https:\/\/www.inoxforniture.it\/fr\/brides\/\" target=\"_blank\" rel=\"noopener\">brides s\u00e9rie UNI<\/a> et EN et aux tubes&nbsp;<a title=\"Tubes soud\u00e9s TIG\" href=\"https:\/\/www.inoxforniture.it\/fr\/tubes-pour-installations\/\" target=\"_blank\" rel=\"noopener\">soud\u00e9s au TIG<\/a> pour installations pr\u00e9sentes sur le site.<br \/>\n<a href=\"https:\/\/www.inoxforniture.it\/wp-content\/uploads\/2021\/01\/Tab_Coversione_DN_Pollici.jpg\" data-elementor-open-lightbox=\"yes\" data-elementor-lightbox-title=\"Tab_Coversione_DN_Pollici\"><br \/>\n<img fetchpriority=\"high\" decoding=\"async\" src=\"https:\/\/www.inoxforniture.it\/wp-content\/uploads\/2021\/01\/Tab_Coversione_DN_Pollici.jpg\" sizes=\"(max-width: 750px) 100vw, 750px\" srcset=\"https:\/\/www.inoxforniture.it\/wp-content\/uploads\/2021\/01\/Tab_Coversione_DN_Pollici.jpg 750w, https:\/\/www.inoxforniture.it\/wp-content\/uploads\/2021\/01\/Tab_Coversione_DN_Pollici-640x312.jpg 640w, https:\/\/www.inoxforniture.it\/wp-content\/uploads\/2021\/01\/Tab_Coversione_DN_Pollici-400x195.jpg 400w, https:\/\/www.inoxforniture.it\/wp-content\/uploads\/2021\/01\/Tab_Coversione_DN_Pollici-600x293.jpg 600w\" alt=\"\" width=\"750\" height=\"366\"><\/a><\/p>\n<p><span class=\"clerk\" data-template=\"@tabella-di-conversione\"><\/span><\/p>\n","protected":false},"excerpt":{"rendered":"<p>Tableau de conversion DN &#8211; Pouces &#8211; Millim\u00e8tres Les valeurs de ce tableau s&rsquo;appliquent \u00e0 la&nbsp;raccorderie \u00e0 souder, \u00e0 la&nbsp;raccorderie filet\u00e9e gaz, aux&nbsp;brides s\u00e9rie UNI et EN et aux tubes&nbsp;soud\u00e9s au TIG pour installations pr\u00e9sentes sur le site.<\/p>\n","protected":false},"author":1,"featured_media":0,"parent":56762,"menu_order":0,"comment_status":"closed","ping_status":"closed","template":"","meta":{"_acf_changed":false,"footnotes":""},"class_list":["post-56736","page","type-page","status-publish","hentry"],"acf":[],"yoast_head":"<!-- This site is optimized with the Yoast SEO plugin v27.3 - https:\/\/yoast.com\/product\/yoast-seo-wordpress\/ -->\n<title>Inox Forniture - Tableau de conversion DN - Pouces - Millim\u00e8tres<\/title>\n<meta name=\"description\" content=\"Tableau de conversion pouces mm. S&#039;applique \u00e0 la raccorderie \u00e0 souder, filet\u00e9e GAZ, aux tubes soud\u00e9s TIG et aux brides en acier inoxydable.\" \/>\n<meta name=\"robots\" content=\"index, follow, max-snippet:-1, max-image-preview:large, max-video-preview:-1\" \/>\n<link rel=\"canonical\" href=\"https:\/\/www.inoxforniture.it\/fr\/informations-techniques\/tableau-de-conversion-dn-pouces-millimetres\/\" \/>\n<meta property=\"og:locale\" content=\"fr_FR\" \/>\n<meta property=\"og:type\" content=\"article\" \/>\n<meta property=\"og:title\" content=\"Inox Forniture - Tableau de conversion DN - Pouces - Millim\u00e8tres\" \/>\n<meta property=\"og:description\" content=\"Tableau de conversion pouces mm. S&#039;applique \u00e0 la raccorderie \u00e0 souder, filet\u00e9e GAZ, aux tubes soud\u00e9s TIG et aux brides en acier inoxydable.\" \/>\n<meta property=\"og:url\" content=\"https:\/\/www.inoxforniture.it\/fr\/informations-techniques\/tableau-de-conversion-dn-pouces-millimetres\/\" \/>\n<meta property=\"og:site_name\" content=\"Inox Forniture\" \/>\n<meta property=\"article:publisher\" content=\"https:\/\/www.facebook.com\/Inox.Forniture\" \/>\n<meta property=\"article:modified_time\" content=\"2025-12-19T10:22:05+00:00\" \/>\n<meta property=\"og:image\" content=\"https:\/\/www.inoxforniture.it\/wp-content\/uploads\/2021\/01\/Tab_Coversione_DN_Pollici.jpg\" \/>\n<meta name=\"twitter:card\" content=\"summary_large_image\" \/>\n<meta name=\"twitter:site\" content=\"@InoxForniture\" \/>\n<script type=\"application\/ld+json\" class=\"yoast-schema-graph\">{\"@context\":\"https:\\\/\\\/schema.org\",\"@graph\":[{\"@type\":\"WebPage\",\"@id\":\"https:\\\/\\\/www.inoxforniture.it\\\/fr\\\/informations-techniques\\\/tableau-de-conversion-dn-pouces-millimetres\\\/\",\"url\":\"https:\\\/\\\/www.inoxforniture.it\\\/fr\\\/informations-techniques\\\/tableau-de-conversion-dn-pouces-millimetres\\\/\",\"name\":\"Inox Forniture - Tableau de conversion DN - Pouces - Millim\u00e8tres\",\"isPartOf\":{\"@id\":\"https:\\\/\\\/www.inoxforniture.it\\\/#website\"},\"primaryImageOfPage\":{\"@id\":\"https:\\\/\\\/www.inoxforniture.it\\\/fr\\\/informations-techniques\\\/tableau-de-conversion-dn-pouces-millimetres\\\/#primaryimage\"},\"image\":{\"@id\":\"https:\\\/\\\/www.inoxforniture.it\\\/fr\\\/informations-techniques\\\/tableau-de-conversion-dn-pouces-millimetres\\\/#primaryimage\"},\"thumbnailUrl\":\"https:\\\/\\\/www.inoxforniture.it\\\/wp-content\\\/uploads\\\/2021\\\/01\\\/Tab_Coversione_DN_Pollici.jpg\",\"datePublished\":\"2021-01-28T09:30:57+00:00\",\"dateModified\":\"2025-12-19T10:22:05+00:00\",\"description\":\"Tableau de conversion pouces mm. S'applique \u00e0 la raccorderie \u00e0 souder, filet\u00e9e GAZ, aux tubes soud\u00e9s TIG et aux brides en acier inoxydable.\",\"breadcrumb\":{\"@id\":\"https:\\\/\\\/www.inoxforniture.it\\\/fr\\\/informations-techniques\\\/tableau-de-conversion-dn-pouces-millimetres\\\/#breadcrumb\"},\"inLanguage\":\"fr-FR\",\"potentialAction\":[{\"@type\":\"ReadAction\",\"target\":[\"https:\\\/\\\/www.inoxforniture.it\\\/fr\\\/informations-techniques\\\/tableau-de-conversion-dn-pouces-millimetres\\\/\"]}]},{\"@type\":\"ImageObject\",\"inLanguage\":\"fr-FR\",\"@id\":\"https:\\\/\\\/www.inoxforniture.it\\\/fr\\\/informations-techniques\\\/tableau-de-conversion-dn-pouces-millimetres\\\/#primaryimage\",\"url\":\"https:\\\/\\\/www.inoxforniture.it\\\/wp-content\\\/uploads\\\/2021\\\/01\\\/Tab_Coversione_DN_Pollici.jpg\",\"contentUrl\":\"https:\\\/\\\/www.inoxforniture.it\\\/wp-content\\\/uploads\\\/2021\\\/01\\\/Tab_Coversione_DN_Pollici.jpg\"},{\"@type\":\"BreadcrumbList\",\"@id\":\"https:\\\/\\\/www.inoxforniture.it\\\/fr\\\/informations-techniques\\\/tableau-de-conversion-dn-pouces-millimetres\\\/#breadcrumb\",\"itemListElement\":[{\"@type\":\"ListItem\",\"position\":1,\"name\":\"Accueil\",\"item\":\"https:\\\/\\\/www.inoxforniture.it\\\/\"},{\"@type\":\"ListItem\",\"position\":2,\"name\":\"Informations techniques\",\"item\":\"https:\\\/\\\/www.inoxforniture.it\\\/fr\\\/informations-techniques\\\/\"},{\"@type\":\"ListItem\",\"position\":3,\"name\":\"Tableau de conversion DN &#8211; Pouces &#8211; Millim\u00e8tres\"}]},{\"@type\":\"WebSite\",\"@id\":\"https:\\\/\\\/www.inoxforniture.it\\\/#website\",\"url\":\"https:\\\/\\\/www.inoxforniture.it\\\/\",\"name\":\"Inox Forniture\",\"description\":\"\",\"publisher\":{\"@id\":\"https:\\\/\\\/www.inoxforniture.it\\\/#organization\"},\"potentialAction\":[{\"@type\":\"SearchAction\",\"target\":{\"@type\":\"EntryPoint\",\"urlTemplate\":\"https:\\\/\\\/www.inoxforniture.it\\\/?s={search_term_string}\"},\"query-input\":{\"@type\":\"PropertyValueSpecification\",\"valueRequired\":true,\"valueName\":\"search_term_string\"}}],\"inLanguage\":\"fr-FR\"},{\"@type\":\"Organization\",\"@id\":\"https:\\\/\\\/www.inoxforniture.it\\\/#organization\",\"name\":\"Inox Forniture srl\",\"url\":\"https:\\\/\\\/www.inoxforniture.it\\\/\",\"logo\":{\"@type\":\"ImageObject\",\"inLanguage\":\"fr-FR\",\"@id\":\"https:\\\/\\\/www.inoxforniture.it\\\/#\\\/schema\\\/logo\\\/image\\\/\",\"url\":\"https:\\\/\\\/www.inoxforniture.it\\\/wp-content\\\/uploads\\\/2021\\\/01\\\/logo_inox.png\",\"contentUrl\":\"https:\\\/\\\/www.inoxforniture.it\\\/wp-content\\\/uploads\\\/2021\\\/01\\\/logo_inox.png\",\"width\":230,\"height\":44,\"caption\":\"Inox Forniture srl\"},\"image\":{\"@id\":\"https:\\\/\\\/www.inoxforniture.it\\\/#\\\/schema\\\/logo\\\/image\\\/\"},\"sameAs\":[\"https:\\\/\\\/www.facebook.com\\\/Inox.Forniture\",\"https:\\\/\\\/x.com\\\/InoxForniture\"]}]}<\/script>\n<!-- \/ Yoast SEO plugin. -->","yoast_head_json":{"title":"Inox Forniture - Tableau de conversion DN - Pouces - Millim\u00e8tres","description":"Tableau de conversion pouces mm. S'applique \u00e0 la raccorderie \u00e0 souder, filet\u00e9e GAZ, aux tubes soud\u00e9s TIG et aux brides en acier inoxydable.","robots":{"index":"index","follow":"follow","max-snippet":"max-snippet:-1","max-image-preview":"max-image-preview:large","max-video-preview":"max-video-preview:-1"},"canonical":"https:\/\/www.inoxforniture.it\/fr\/informations-techniques\/tableau-de-conversion-dn-pouces-millimetres\/","og_locale":"fr_FR","og_type":"article","og_title":"Inox Forniture - Tableau de conversion DN - Pouces - Millim\u00e8tres","og_description":"Tableau de conversion pouces mm. S'applique \u00e0 la raccorderie \u00e0 souder, filet\u00e9e GAZ, aux tubes soud\u00e9s TIG et aux brides en acier inoxydable.","og_url":"https:\/\/www.inoxforniture.it\/fr\/informations-techniques\/tableau-de-conversion-dn-pouces-millimetres\/","og_site_name":"Inox Forniture","article_publisher":"https:\/\/www.facebook.com\/Inox.Forniture","article_modified_time":"2025-12-19T10:22:05+00:00","og_image":[{"url":"https:\/\/www.inoxforniture.it\/wp-content\/uploads\/2021\/01\/Tab_Coversione_DN_Pollici.jpg","type":"","width":"","height":""}],"twitter_card":"summary_large_image","twitter_site":"@InoxForniture","schema":{"@context":"https:\/\/schema.org","@graph":[{"@type":"WebPage","@id":"https:\/\/www.inoxforniture.it\/fr\/informations-techniques\/tableau-de-conversion-dn-pouces-millimetres\/","url":"https:\/\/www.inoxforniture.it\/fr\/informations-techniques\/tableau-de-conversion-dn-pouces-millimetres\/","name":"Inox Forniture - Tableau de conversion DN - Pouces - Millim\u00e8tres","isPartOf":{"@id":"https:\/\/www.inoxforniture.it\/#website"},"primaryImageOfPage":{"@id":"https:\/\/www.inoxforniture.it\/fr\/informations-techniques\/tableau-de-conversion-dn-pouces-millimetres\/#primaryimage"},"image":{"@id":"https:\/\/www.inoxforniture.it\/fr\/informations-techniques\/tableau-de-conversion-dn-pouces-millimetres\/#primaryimage"},"thumbnailUrl":"https:\/\/www.inoxforniture.it\/wp-content\/uploads\/2021\/01\/Tab_Coversione_DN_Pollici.jpg","datePublished":"2021-01-28T09:30:57+00:00","dateModified":"2025-12-19T10:22:05+00:00","description":"Tableau de conversion pouces mm. S'applique \u00e0 la raccorderie \u00e0 souder, filet\u00e9e GAZ, aux tubes soud\u00e9s TIG et aux brides en acier inoxydable.","breadcrumb":{"@id":"https:\/\/www.inoxforniture.it\/fr\/informations-techniques\/tableau-de-conversion-dn-pouces-millimetres\/#breadcrumb"},"inLanguage":"fr-FR","potentialAction":[{"@type":"ReadAction","target":["https:\/\/www.inoxforniture.it\/fr\/informations-techniques\/tableau-de-conversion-dn-pouces-millimetres\/"]}]},{"@type":"ImageObject","inLanguage":"fr-FR","@id":"https:\/\/www.inoxforniture.it\/fr\/informations-techniques\/tableau-de-conversion-dn-pouces-millimetres\/#primaryimage","url":"https:\/\/www.inoxforniture.it\/wp-content\/uploads\/2021\/01\/Tab_Coversione_DN_Pollici.jpg","contentUrl":"https:\/\/www.inoxforniture.it\/wp-content\/uploads\/2021\/01\/Tab_Coversione_DN_Pollici.jpg"},{"@type":"BreadcrumbList","@id":"https:\/\/www.inoxforniture.it\/fr\/informations-techniques\/tableau-de-conversion-dn-pouces-millimetres\/#breadcrumb","itemListElement":[{"@type":"ListItem","position":1,"name":"Accueil","item":"https:\/\/www.inoxforniture.it\/"},{"@type":"ListItem","position":2,"name":"Informations techniques","item":"https:\/\/www.inoxforniture.it\/fr\/informations-techniques\/"},{"@type":"ListItem","position":3,"name":"Tableau de conversion DN &#8211; Pouces &#8211; Millim\u00e8tres"}]},{"@type":"WebSite","@id":"https:\/\/www.inoxforniture.it\/#website","url":"https:\/\/www.inoxforniture.it\/","name":"Inox Forniture","description":"","publisher":{"@id":"https:\/\/www.inoxforniture.it\/#organization"},"potentialAction":[{"@type":"SearchAction","target":{"@type":"EntryPoint","urlTemplate":"https:\/\/www.inoxforniture.it\/?s={search_term_string}"},"query-input":{"@type":"PropertyValueSpecification","valueRequired":true,"valueName":"search_term_string"}}],"inLanguage":"fr-FR"},{"@type":"Organization","@id":"https:\/\/www.inoxforniture.it\/#organization","name":"Inox Forniture srl","url":"https:\/\/www.inoxforniture.it\/","logo":{"@type":"ImageObject","inLanguage":"fr-FR","@id":"https:\/\/www.inoxforniture.it\/#\/schema\/logo\/image\/","url":"https:\/\/www.inoxforniture.it\/wp-content\/uploads\/2021\/01\/logo_inox.png","contentUrl":"https:\/\/www.inoxforniture.it\/wp-content\/uploads\/2021\/01\/logo_inox.png","width":230,"height":44,"caption":"Inox Forniture srl"},"image":{"@id":"https:\/\/www.inoxforniture.it\/#\/schema\/logo\/image\/"},"sameAs":["https:\/\/www.facebook.com\/Inox.Forniture","https:\/\/x.com\/InoxForniture"]}]}},"_links":{"self":[{"href":"https:\/\/www.inoxforniture.it\/fr\/wp-json\/wp\/v2\/pages\/56736","targetHints":{"allow":["GET"]}}],"collection":[{"href":"https:\/\/www.inoxforniture.it\/fr\/wp-json\/wp\/v2\/pages"}],"about":[{"href":"https:\/\/www.inoxforniture.it\/fr\/wp-json\/wp\/v2\/types\/page"}],"author":[{"embeddable":true,"href":"https:\/\/www.inoxforniture.it\/fr\/wp-json\/wp\/v2\/users\/1"}],"replies":[{"embeddable":true,"href":"https:\/\/www.inoxforniture.it\/fr\/wp-json\/wp\/v2\/comments?post=56736"}],"version-history":[{"count":1,"href":"https:\/\/www.inoxforniture.it\/fr\/wp-json\/wp\/v2\/pages\/56736\/revisions"}],"predecessor-version":[{"id":56763,"href":"https:\/\/www.inoxforniture.it\/fr\/wp-json\/wp\/v2\/pages\/56736\/revisions\/56763"}],"up":[{"embeddable":true,"href":"https:\/\/www.inoxforniture.it\/fr\/wp-json\/wp\/v2\/pages\/56762"}],"wp:attachment":[{"href":"https:\/\/www.inoxforniture.it\/fr\/wp-json\/wp\/v2\/media?parent=56736"}],"curies":[{"name":"wp","href":"https:\/\/api.w.org\/{rel}","templated":true}]}}