{"id":56732,"date":"2021-06-25T10:03:40","date_gmt":"2021-06-25T08:03:40","guid":{"rendered":"https:\/\/www.inoxforniture.it\/en-savoir-plus\/aciers-inoxydables-aisi-304-et-aisi-316\/"},"modified":"2025-12-19T12:09:41","modified_gmt":"2025-12-19T11:09:41","slug":"aciers-inoxydables-aisi-304-et-aisi-316","status":"publish","type":"page","link":"https:\/\/www.inoxforniture.it\/fr\/en-savoir-plus\/aciers-inoxydables-aisi-304-et-aisi-316\/","title":{"rendered":"Aciers inoxydables AISI 304 et AISI 316"},"content":{"rendered":"\t\t<div data-elementor-type=\"wp-page\" data-elementor-id=\"56732\" class=\"elementor elementor-56732 elementor-19192\">\n\t\t\t\t\t\t<section class=\"elementor-section elementor-top-section elementor-element elementor-element-135f0a6b elementor-section-boxed elementor-section-height-default elementor-section-height-default\" data-id=\"135f0a6b\" data-element_type=\"section\" data-e-type=\"section\">\r\n\t\t\r\n\t\t\t\t\t\t\t<div class=\"elementor-container elementor-column-gap-default\">\r\n\t\t\t\t\t\t\t\t\t\t\t<div class=\"elementor-column elementor-col-100 elementor-top-column elementor-element elementor-element-67b66485\" data-id=\"67b66485\" data-element_type=\"column\" data-e-type=\"column\">\r\n\t\t\t\t\t<div class=\"elementor-widget-wrap elementor-element-populated\">\r\n\t\t\t\t\t\t\t\t<div class=\"elementor-element elementor-element-db481da elementor-widget elementor-widget-heading\" data-id=\"db481da\" data-element_type=\"widget\" data-e-type=\"widget\" data-widget_type=\"heading.default\">\n\t\t\t\t<div class=\"elementor-widget-container\">\n\t\t\t\t\t<h1 class=\"elementor-heading-title elementor-size-default\">Aciers inoxydables AISI 304 et AISI 316<\/h1>\t\t\t\t<\/div>\n\t\t\t\t<\/div>\n\t\t\t\t<div class=\"elementor-element elementor-element-9c02a55 elementor-widget elementor-widget-heading\" data-id=\"9c02a55\" data-element_type=\"widget\" data-e-type=\"widget\" data-widget_type=\"heading.default\">\n\t\t\t\t<div class=\"elementor-widget-container\">\n\t\t\t\t\t<h3 class=\"elementor-heading-title elementor-size-default\">Des mat\u00e9riaux extraordinaires qui n\u00e9cessitent de l'attention<\/h3>\t\t\t\t<\/div>\n\t\t\t\t<\/div>\n\t\t\t\t<div class=\"elementor-element elementor-element-3d4abfa2 elementor-widget elementor-widget-text-editor\" data-id=\"3d4abfa2\" data-element_type=\"widget\" data-e-type=\"widget\" data-widget_type=\"text-editor.default\">\n\t\t\t\t<div class=\"elementor-widget-container\">\n\t\t\t\t\t\t\t\t\t<p><strong>Les aciers inoxydables (ou aciers inox) sont<\/strong> <strong>des alliages m\u00e9talliques naturellement r\u00e9sistants \u00e0 la corrosion<\/strong>: en effet, les \u00e9l\u00e9ments qui les composent forment \u00e0 la surface une fine couche transparente de quelques atomes qui, si elle est endommag\u00e9e, est capable de s&rsquo;auto-r\u00e9g\u00e9n\u00e9rer imm\u00e9diatement en pr\u00e9sence de l&rsquo;oxyg\u00e8ne contenu dans l&rsquo;eau ou l&rsquo;air, continuant ainsi \u00e0 les prot\u00e9ger de la corrosion. Cela explique pourquoi les aciers inoxydables sont capables de conserver leur aspect brillant pendant de nombreuses ann\u00e9es, sans n\u00e9cessiter de rev\u00eatement ou de traitement protecteur. Malgr\u00e9 cette capacit\u00e9 extraordinaire, comme d&rsquo;autres mat\u00e9riaux de construction ayant des caract\u00e9ristiques similaires de durabilit\u00e9 de leur aspect superficiel (comme, par exemple, le verre), ils ne sont pas exempts de simples op\u00e9rations de nettoyage et d&rsquo;entretien p\u00e9riodique, qui permettent de maintenir leur brillance caract\u00e9ristique.<\/p><p>Nos composants pour la r\u00e9alisation de rampes et de balustrades, y compris les tubes et les barres, sont fabriqu\u00e9s avec deux types d&rsquo;acier inoxydable: <strong>l&rsquo;acier inoxydable AISI 304 et l&rsquo;acier inoxydable AISI 316<\/strong>. Esth\u00e9tiquement identiques, ils diff\u00e8rent dans leur composition chimique: <strong>l&rsquo;acier inoxydable AISI 316<\/strong> contient en plus du molybd\u00e8ne et un pourcentage plus \u00e9lev\u00e9 de nickel par rapport \u00e0 l&rsquo;AISI 304, ce qui le rend <strong>particuli\u00e8rement r\u00e9sistant \u00e0 la corrosion dans<\/strong> <strong>des environnements agressifs (zones marines, centres des grandes villes ou zones \u00e0 forte pollution industrielle, atmosph\u00e8res riches en chlore, zones soumises \u00e0 l&rsquo;\u00e9pandage de sel de d\u00e9neigement).<\/strong><\/p><p>Si <strong>pour les installations int\u00e9rieures<\/strong>, il n&rsquo;y a pas de pr\u00e9cautions particuli\u00e8res \u00e0 prendre concernant l&rsquo;entretien ordinaire de nos \u00e9l\u00e9ments en acier inoxydable (nous recommandons n\u00e9anmoins l&rsquo;utilisation p\u00e9riodique du pratique produit en spray Inox protector de Wera, \u00e9galement en vente dans notre boutique en ligne, qui \u00e9limine les halos et les opacifications), pour l&rsquo;ext\u00e9rieur, il faut suivre quelques pr\u00e9cautions simples.<\/p><p>Tant l&rsquo;acier inoxydable AISI 304 que l&rsquo;AISI 316 sont des mat\u00e9riaux r\u00e9sistants aux intemp\u00e9ries, mais s&rsquo;ils sont appliqu\u00e9s <strong>\u00e0 l&rsquo;ext\u00e9rieur, ils n\u00e9cessitent un nettoyage p\u00e9riodique<\/strong>: en r\u00e8gle g\u00e9n\u00e9rale, il faut pr\u00e9voir un lavage \u00e0 l&rsquo;eau et au savon, un rin\u00e7age abondant et un s\u00e9chage soigneux avec du papier absorbant ou un chiffon (cette op\u00e9ration doit \u00eatre bien faite pour \u00e9viter les taches caus\u00e9es par le calcaire de l&rsquo;eau) avec la m\u00eame fr\u00e9quence que le nettoyage des vitres: cela suffit pour maintenir la brillance de l&rsquo;acier. Alternativement, comme nous le sugg\u00e9rions pr\u00e9c\u00e9demment pour les installations int\u00e9rieures, vous pouvez utiliser le pratique spray Inox protector Wera. <strong>Attention: il y a des produits de nettoyage qui NE doivent PAS \u00eatre utilis\u00e9s sur l&rsquo;acier inoxydable: ceux qui contiennent des chlorures, en particulier l&rsquo;acide chlorhydrique, les agents de blanchiment \u00e0 base d&rsquo;acide hypochloreux, ou les acides forts (comme ceux utilis\u00e9s pour enlever le mortier de ciment), les produits pour nettoyer l&rsquo;argent et les tampons abrasifs ou les grattoirs.<\/strong><\/p><p>Si cet entretien simple n&rsquo;est pas effectu\u00e9, on peut rencontrer du pitting, c&rsquo;est-\u00e0-dire des points de rouille inesth\u00e9tiques, qui peuvent cependant \u00eatre \u00e9limin\u00e9s avec des produits de d\u00e9graissage appropri\u00e9s que nous sommes en mesure de fournir. Pr\u00e9cis\u00e9ment parce qu&rsquo;une finition plus \u00ab\u00a0rugueuse\u00a0\u00bb peut retenir des impuret\u00e9s qui acc\u00e9l\u00e8rent ce ph\u00e9nom\u00e8ne, nous <strong>recommandons l&rsquo;utilisation de l&rsquo;acier inoxydable AISI 304 avec une finition satin\u00e9e uniquement pour les montages int\u00e9rieurs<\/strong>. Dans des atmosph\u00e8res fortement agressives, m\u00eame l&rsquo;utilisation de l&rsquo;acier inoxydable AISI 316 peut ne pas \u00eatre suffisante pour \u00e9viter ces points de rouille: dans ces cas, il serait pr\u00e9f\u00e9rable d&rsquo;opter pour l&rsquo;acier inoxydable AISI 316 avec une finition brillante.<\/p><p><strong>Une grande attention doit \u00eatre port\u00e9e lors du montage<\/strong>: il faut utiliser des outils appropri\u00e9s qui ne laissent pas de r\u00e9sidus ferreux qui pourraient par la suite s&rsquo;oxyder, et il faut faire tr\u00e8s attention \u00e0 ne pas effectuer de soudures ou de meulages sur le fer \u00e0 proximit\u00e9 de l&rsquo;acier inoxydable: les \u00e9tincelles pourraient rayer la surface des composants inox et donc provoquer des points de rouille. Il est important d&rsquo;effectuer un nettoyage soigneux \u00e0 la fin des op\u00e9rations de montage.<\/p>\t\t\t\t\t\t\t\t<\/div>\n\t\t\t\t<\/div>\n\t\t\t\t\t<\/div>\r\n\t\t\t\t<\/div>\r\n\t\t\t\t\t<\/div>\r\n\t\t\t\t<\/section>\r\n\t\t\t\t<\/div>\n\t\t","protected":false},"excerpt":{"rendered":"<p>Processus d&rsquo;achat<\/p>\n","protected":false},"author":5225,"featured_media":0,"parent":56728,"menu_order":0,"comment_status":"closed","ping_status":"closed","template":"","meta":{"_acf_changed":false,"footnotes":""},"class_list":["post-56732","page","type-page","status-publish","hentry"],"acf":[],"yoast_head":"<!-- This site is optimized with the Yoast SEO plugin v27.3 - https:\/\/yoast.com\/product\/yoast-seo-wordpress\/ -->\n<title>Aciers inoxydables AISI 304 et AISI 316 - Inox Forniture<\/title>\n<meta name=\"robots\" content=\"index, follow, max-snippet:-1, max-image-preview:large, max-video-preview:-1\" \/>\n<link rel=\"canonical\" href=\"https:\/\/www.inoxforniture.it\/fr\/en-savoir-plus\/aciers-inoxydables-aisi-304-et-aisi-316\/\" \/>\n<meta property=\"og:locale\" content=\"fr_FR\" \/>\n<meta property=\"og:type\" content=\"article\" \/>\n<meta property=\"og:title\" content=\"Aciers inoxydables AISI 304 et AISI 316 - Inox Forniture\" \/>\n<meta property=\"og:description\" content=\"Processus d&#039;achat\" \/>\n<meta property=\"og:url\" content=\"https:\/\/www.inoxforniture.it\/fr\/en-savoir-plus\/aciers-inoxydables-aisi-304-et-aisi-316\/\" \/>\n<meta property=\"og:site_name\" content=\"Inox Forniture\" \/>\n<meta property=\"article:publisher\" content=\"https:\/\/www.facebook.com\/Inox.Forniture\" \/>\n<meta property=\"article:modified_time\" content=\"2025-12-19T11:09:41+00:00\" \/>\n<meta property=\"og:image\" content=\"https:\/\/www.inoxforniture.it\/wp-content\/uploads\/2024\/11\/Logo-Google-display-600x600-1.jpg\" \/>\n\t<meta property=\"og:image:width\" content=\"1200\" \/>\n\t<meta property=\"og:image:height\" content=\"1200\" \/>\n\t<meta property=\"og:image:type\" content=\"image\/jpeg\" \/>\n<meta name=\"twitter:card\" content=\"summary_large_image\" \/>\n<meta name=\"twitter:site\" content=\"@InoxForniture\" \/>\n<meta name=\"twitter:label1\" content=\"Dur\u00e9e de lecture estim\u00e9e\" \/>\n\t<meta name=\"twitter:data1\" content=\"4 minutes\" \/>\n<script type=\"application\/ld+json\" class=\"yoast-schema-graph\">{\"@context\":\"https:\\\/\\\/schema.org\",\"@graph\":[{\"@type\":\"WebPage\",\"@id\":\"https:\\\/\\\/www.inoxforniture.it\\\/fr\\\/en-savoir-plus\\\/aciers-inoxydables-aisi-304-et-aisi-316\\\/\",\"url\":\"https:\\\/\\\/www.inoxforniture.it\\\/fr\\\/en-savoir-plus\\\/aciers-inoxydables-aisi-304-et-aisi-316\\\/\",\"name\":\"Aciers inoxydables AISI 304 et AISI 316 - Inox Forniture\",\"isPartOf\":{\"@id\":\"https:\\\/\\\/www.inoxforniture.it\\\/#website\"},\"datePublished\":\"2021-06-25T08:03:40+00:00\",\"dateModified\":\"2025-12-19T11:09:41+00:00\",\"breadcrumb\":{\"@id\":\"https:\\\/\\\/www.inoxforniture.it\\\/fr\\\/en-savoir-plus\\\/aciers-inoxydables-aisi-304-et-aisi-316\\\/#breadcrumb\"},\"inLanguage\":\"fr-FR\",\"potentialAction\":[{\"@type\":\"ReadAction\",\"target\":[\"https:\\\/\\\/www.inoxforniture.it\\\/fr\\\/en-savoir-plus\\\/aciers-inoxydables-aisi-304-et-aisi-316\\\/\"]}]},{\"@type\":\"BreadcrumbList\",\"@id\":\"https:\\\/\\\/www.inoxforniture.it\\\/fr\\\/en-savoir-plus\\\/aciers-inoxydables-aisi-304-et-aisi-316\\\/#breadcrumb\",\"itemListElement\":[{\"@type\":\"ListItem\",\"position\":1,\"name\":\"Accueil\",\"item\":\"https:\\\/\\\/www.inoxforniture.it\\\/\"},{\"@type\":\"ListItem\",\"position\":2,\"name\":\"En savoir plus\",\"item\":\"https:\\\/\\\/www.inoxforniture.it\\\/fr\\\/en-savoir-plus\\\/\"},{\"@type\":\"ListItem\",\"position\":3,\"name\":\"Aciers inoxydables AISI 304 et AISI 316\"}]},{\"@type\":\"WebSite\",\"@id\":\"https:\\\/\\\/www.inoxforniture.it\\\/#website\",\"url\":\"https:\\\/\\\/www.inoxforniture.it\\\/\",\"name\":\"Inox Forniture\",\"description\":\"\",\"publisher\":{\"@id\":\"https:\\\/\\\/www.inoxforniture.it\\\/#organization\"},\"potentialAction\":[{\"@type\":\"SearchAction\",\"target\":{\"@type\":\"EntryPoint\",\"urlTemplate\":\"https:\\\/\\\/www.inoxforniture.it\\\/?s={search_term_string}\"},\"query-input\":{\"@type\":\"PropertyValueSpecification\",\"valueRequired\":true,\"valueName\":\"search_term_string\"}}],\"inLanguage\":\"fr-FR\"},{\"@type\":\"Organization\",\"@id\":\"https:\\\/\\\/www.inoxforniture.it\\\/#organization\",\"name\":\"Inox Forniture srl\",\"url\":\"https:\\\/\\\/www.inoxforniture.it\\\/\",\"logo\":{\"@type\":\"ImageObject\",\"inLanguage\":\"fr-FR\",\"@id\":\"https:\\\/\\\/www.inoxforniture.it\\\/#\\\/schema\\\/logo\\\/image\\\/\",\"url\":\"https:\\\/\\\/www.inoxforniture.it\\\/wp-content\\\/uploads\\\/2021\\\/01\\\/logo_inox.png\",\"contentUrl\":\"https:\\\/\\\/www.inoxforniture.it\\\/wp-content\\\/uploads\\\/2021\\\/01\\\/logo_inox.png\",\"width\":230,\"height\":44,\"caption\":\"Inox Forniture srl\"},\"image\":{\"@id\":\"https:\\\/\\\/www.inoxforniture.it\\\/#\\\/schema\\\/logo\\\/image\\\/\"},\"sameAs\":[\"https:\\\/\\\/www.facebook.com\\\/Inox.Forniture\",\"https:\\\/\\\/x.com\\\/InoxForniture\"]}]}<\/script>\n<!-- \/ Yoast SEO plugin. -->","yoast_head_json":{"title":"Aciers inoxydables AISI 304 et AISI 316 - Inox Forniture","robots":{"index":"index","follow":"follow","max-snippet":"max-snippet:-1","max-image-preview":"max-image-preview:large","max-video-preview":"max-video-preview:-1"},"canonical":"https:\/\/www.inoxforniture.it\/fr\/en-savoir-plus\/aciers-inoxydables-aisi-304-et-aisi-316\/","og_locale":"fr_FR","og_type":"article","og_title":"Aciers inoxydables AISI 304 et AISI 316 - Inox Forniture","og_description":"Processus d'achat","og_url":"https:\/\/www.inoxforniture.it\/fr\/en-savoir-plus\/aciers-inoxydables-aisi-304-et-aisi-316\/","og_site_name":"Inox Forniture","article_publisher":"https:\/\/www.facebook.com\/Inox.Forniture","article_modified_time":"2025-12-19T11:09:41+00:00","og_image":[{"width":1200,"height":1200,"url":"https:\/\/www.inoxforniture.it\/wp-content\/uploads\/2024\/11\/Logo-Google-display-600x600-1.jpg","type":"image\/jpeg"}],"twitter_card":"summary_large_image","twitter_site":"@InoxForniture","twitter_misc":{"Dur\u00e9e de lecture estim\u00e9e":"4 minutes"},"schema":{"@context":"https:\/\/schema.org","@graph":[{"@type":"WebPage","@id":"https:\/\/www.inoxforniture.it\/fr\/en-savoir-plus\/aciers-inoxydables-aisi-304-et-aisi-316\/","url":"https:\/\/www.inoxforniture.it\/fr\/en-savoir-plus\/aciers-inoxydables-aisi-304-et-aisi-316\/","name":"Aciers inoxydables AISI 304 et AISI 316 - Inox Forniture","isPartOf":{"@id":"https:\/\/www.inoxforniture.it\/#website"},"datePublished":"2021-06-25T08:03:40+00:00","dateModified":"2025-12-19T11:09:41+00:00","breadcrumb":{"@id":"https:\/\/www.inoxforniture.it\/fr\/en-savoir-plus\/aciers-inoxydables-aisi-304-et-aisi-316\/#breadcrumb"},"inLanguage":"fr-FR","potentialAction":[{"@type":"ReadAction","target":["https:\/\/www.inoxforniture.it\/fr\/en-savoir-plus\/aciers-inoxydables-aisi-304-et-aisi-316\/"]}]},{"@type":"BreadcrumbList","@id":"https:\/\/www.inoxforniture.it\/fr\/en-savoir-plus\/aciers-inoxydables-aisi-304-et-aisi-316\/#breadcrumb","itemListElement":[{"@type":"ListItem","position":1,"name":"Accueil","item":"https:\/\/www.inoxforniture.it\/"},{"@type":"ListItem","position":2,"name":"En savoir plus","item":"https:\/\/www.inoxforniture.it\/fr\/en-savoir-plus\/"},{"@type":"ListItem","position":3,"name":"Aciers inoxydables AISI 304 et AISI 316"}]},{"@type":"WebSite","@id":"https:\/\/www.inoxforniture.it\/#website","url":"https:\/\/www.inoxforniture.it\/","name":"Inox Forniture","description":"","publisher":{"@id":"https:\/\/www.inoxforniture.it\/#organization"},"potentialAction":[{"@type":"SearchAction","target":{"@type":"EntryPoint","urlTemplate":"https:\/\/www.inoxforniture.it\/?s={search_term_string}"},"query-input":{"@type":"PropertyValueSpecification","valueRequired":true,"valueName":"search_term_string"}}],"inLanguage":"fr-FR"},{"@type":"Organization","@id":"https:\/\/www.inoxforniture.it\/#organization","name":"Inox Forniture srl","url":"https:\/\/www.inoxforniture.it\/","logo":{"@type":"ImageObject","inLanguage":"fr-FR","@id":"https:\/\/www.inoxforniture.it\/#\/schema\/logo\/image\/","url":"https:\/\/www.inoxforniture.it\/wp-content\/uploads\/2021\/01\/logo_inox.png","contentUrl":"https:\/\/www.inoxforniture.it\/wp-content\/uploads\/2021\/01\/logo_inox.png","width":230,"height":44,"caption":"Inox Forniture srl"},"image":{"@id":"https:\/\/www.inoxforniture.it\/#\/schema\/logo\/image\/"},"sameAs":["https:\/\/www.facebook.com\/Inox.Forniture","https:\/\/x.com\/InoxForniture"]}]}},"_links":{"self":[{"href":"https:\/\/www.inoxforniture.it\/fr\/wp-json\/wp\/v2\/pages\/56732","targetHints":{"allow":["GET"]}}],"collection":[{"href":"https:\/\/www.inoxforniture.it\/fr\/wp-json\/wp\/v2\/pages"}],"about":[{"href":"https:\/\/www.inoxforniture.it\/fr\/wp-json\/wp\/v2\/types\/page"}],"author":[{"embeddable":true,"href":"https:\/\/www.inoxforniture.it\/fr\/wp-json\/wp\/v2\/users\/5225"}],"replies":[{"embeddable":true,"href":"https:\/\/www.inoxforniture.it\/fr\/wp-json\/wp\/v2\/comments?post=56732"}],"version-history":[{"count":7,"href":"https:\/\/www.inoxforniture.it\/fr\/wp-json\/wp\/v2\/pages\/56732\/revisions"}],"predecessor-version":[{"id":56813,"href":"https:\/\/www.inoxforniture.it\/fr\/wp-json\/wp\/v2\/pages\/56732\/revisions\/56813"}],"up":[{"embeddable":true,"href":"https:\/\/www.inoxforniture.it\/fr\/wp-json\/wp\/v2\/pages\/56728"}],"wp:attachment":[{"href":"https:\/\/www.inoxforniture.it\/fr\/wp-json\/wp\/v2\/media?parent=56732"}],"curies":[{"name":"wp","href":"https:\/\/api.w.org\/{rel}","templated":true}]}}