{"id":56730,"date":"2014-11-10T12:45:18","date_gmt":"2014-11-10T11:45:18","guid":{"rendered":"https:\/\/www.inoxforniture.it\/en-savoir-plus\/processus-dachat\/"},"modified":"2025-12-19T12:11:31","modified_gmt":"2025-12-19T11:11:31","slug":"processus-dachat","status":"publish","type":"page","link":"https:\/\/www.inoxforniture.it\/fr\/en-savoir-plus\/processus-dachat\/","title":{"rendered":"Processus d&rsquo;achat"},"content":{"rendered":"\t\t<div data-elementor-type=\"wp-page\" data-elementor-id=\"56730\" class=\"elementor elementor-56730 elementor-31\">\n\t\t\t\t\t\t<section class=\"elementor-section elementor-top-section elementor-element elementor-element-135f0a6b elementor-section-boxed elementor-section-height-default elementor-section-height-default\" data-id=\"135f0a6b\" data-element_type=\"section\" data-e-type=\"section\">\r\n\t\t\r\n\t\t\t\t\t\t\t<div class=\"elementor-container elementor-column-gap-default\">\r\n\t\t\t\t\t\t\t\t\t\t\t<div class=\"elementor-column elementor-col-100 elementor-top-column elementor-element elementor-element-67b66485\" data-id=\"67b66485\" data-element_type=\"column\" data-e-type=\"column\">\r\n\t\t\t\t\t<div class=\"elementor-widget-wrap elementor-element-populated\">\r\n\t\t\t\t\t\t\t\t<div class=\"elementor-element elementor-element-db481da elementor-widget elementor-widget-heading\" data-id=\"db481da\" data-element_type=\"widget\" data-e-type=\"widget\" data-widget_type=\"heading.default\">\n\t\t\t\t<div class=\"elementor-widget-container\">\n\t\t\t\t\t<h1 class=\"elementor-heading-title elementor-size-default\">Processus d'achat<\/h1>\t\t\t\t<\/div>\n\t\t\t\t<\/div>\n\t\t\t\t<div class=\"elementor-element elementor-element-3d4abfa2 elementor-widget elementor-widget-text-editor\" data-id=\"3d4abfa2\" data-element_type=\"widget\" data-e-type=\"widget\" data-widget_type=\"text-editor.default\">\n\t\t\t\t<div class=\"elementor-widget-container\">\n\t\t\t\t\t\t\t\t\t<h3><strong>1. Choisissez le mod\u00e8le:<\/strong><\/h3><p>Vous trouverez au lien suivant les mod\u00e8les de garde-corps parmi lesquels choisir pour formuler votre demande de devis. Rappelez-vous que tous les mod\u00e8les peuvent \u00eatre r\u00e9alis\u00e9s avec une fixation au sol ou lat\u00e9rale, en acier inoxydable satin\u00e9 AISI 304 ou AISI 316 (pour en savoir plus sur la diff\u00e9rence entre les deux alliages d&rsquo;acier, cliquez ici). Ces caract\u00e9ristiques doivent donc \u00eatre sp\u00e9cifi\u00e9es dans la demande de devis (par exemple: Mod\u00e8le Rita avec fixation au sol en acier inoxydable AISI 304). Pour nos r\u00e9alisations, nous n&rsquo;utilisons pas de montants standard ou de mains courantes pr\u00eates \u00e0 l&#8217;emploi, mais nous partons du tube (que nous satinons d&rsquo;ailleurs nous-m\u00eames pour avoir un meilleur contr\u00f4le sur la qualit\u00e9 de la finition et un parfait accord avec celle des raccords). Ainsi, en vous inspirant de nos propositions, vous pouvez tranquillement nous demander des modifications pour obtenir un produit qui s&rsquo;adapte davantage \u00e0 vos besoins, comme pour la hauteur de la balustrade et le nombre de rang\u00e9es de barres rondes (par exemple: Mod\u00e8le Rita avec fixation au sol en acier inoxydable AISI 304 avec une hauteur finie de 0,85 m et 5 rang\u00e9es de barres rondes).<\/p><h3><strong>2. Envoyez-nous des croquis ou des dessins complets avec les mesures:<\/strong><\/h3><p>Pour nous permettre de d\u00e9velopper votre devis personnalis\u00e9, nous avons besoin d&rsquo;un croquis ou d&rsquo;un dessin avec les mesures de l&rsquo;endroit o\u00f9 votre garde-corps sera install\u00e9, en pr\u00e9cisant s&rsquo;il est possible de l&rsquo;ancrer au mur au d\u00e9but et\/ou \u00e0 la fin, afin d&rsquo;augmenter la rigidit\u00e9 de la structure. Dans le cas d&rsquo;un garde-corps qui se d\u00e9veloppe totalement ou partiellement sur un plan inclin\u00e9, par exemple dans le cas d&rsquo;un escalier, nous avons besoin de la mesure en pente (ou, alternativement, la mesure au sol avec le nombre de marches et leurs mesures de contremarche et de giron). La transmission de ces informations est pour vous la garantie d&rsquo;obtenir un devis \u00ab\u00a0vrai\u00a0\u00bb, sans surprises, transformable en commande tel quel et comprenant \u00e9galement les frais de transport (si possible) et tout ce qui est n\u00e9cessaire pour installer le garde-corps (\u00e0 l&rsquo;exception du produit chimique et du verre): un devis approximatif, obtenu avec des informations sommaires, pourrait se r\u00e9v\u00e9ler vraiment peu fiable au moment de la commande, obligeant \u00e0 des ajouts accessoires qui peuvent faire augmenter le prix final.<\/p><h3><strong>3. Nous vous enverrons un devis personnalis\u00e9:<\/strong><\/h3><p>Ces informations simples et pr\u00e9cises sont suffisantes pour obtenir un devis personnalis\u00e9 de votre garde-corps, avec le prix d\u00e9taill\u00e9 du mat\u00e9riel et des frais de transport (si possible). En peu de temps, vous saurez exactement combien vous allez d\u00e9penser, sans craindre la n\u00e9cessit\u00e9 de frais suppl\u00e9mentaires.<\/p><h3><strong>4. Votre confirmation de commande:<\/strong><\/h3><p>Pour confirmer la commande, il suffit de r\u00e9pondre \u00e0 notre e-mail en indiquant que vous souhaitez proc\u00e9der \u00e0 l&rsquo;achat, ou en envoyant un fax au 071.291697 ou en appelant le 071.2916441.<\/p><h3><strong>5. Nous vous enverrons un dessin 3D dans lequel vous verrez reproduit le garde-corps que vous avez command\u00e9:<\/strong><\/h3><p>Pour vous assurer que le mat\u00e9riel que nous produirons r\u00e9pond \u00e0 vos attentes, notre bureau technique \u00e9laborera rapidement un dessin 3D dans lequel vous verrez votre garde-corps reproduit.<\/p><h3><strong>6. Votre v\u00e9rification et confirmation des mesures:<\/strong><\/h3><p>Un examen attentif de notre dessin et des mesures indiqu\u00e9es vous permettra de nous confirmer ce que nous allons r\u00e9aliser.<\/p><h3><strong>7. Envoi du mat\u00e9riel sur le chantier pr\u00eat pour l&rsquo;installation:<\/strong><\/h3><p>Le mat\u00e9riel sera exp\u00e9di\u00e9 sur le chantier pr\u00eat \u00e0 \u00eatre install\u00e9. Selon le mod\u00e8le choisi, le mat\u00e9riel sera fourni en panneaux produits sp\u00e9cialement selon les mesures que vous nous avez fournies ou en montants pr\u00eats + main courante et traverses coup\u00e9es sur mesure + raccords, ainsi que la visserie et tout le n\u00e9cessaire pour le montage (\u00e0 l&rsquo;exception du produit chimique et du verre). Le mat\u00e9riel est accompagn\u00e9 d&rsquo;un sch\u00e9ma de montage.<\/p><h3><strong>8. Installation:<\/strong><\/h3><p>Vous pourrez nous contacter pour obtenir des \u00e9claircissements et des indications: Si lors du montage vous avez des doutes ou des incertitudes ou si vous avez besoin de suggestions suppl\u00e9mentaires, n&rsquo;h\u00e9sitez pas \u00e0 nous contacter au 071.2916441: nous serons heureux de vous fournir toutes les informations dont vous avez besoin.<\/p>\t\t\t\t\t\t\t\t<\/div>\n\t\t\t\t<\/div>\n\t\t\t\t\t<\/div>\r\n\t\t\t\t<\/div>\r\n\t\t\t\t\t<\/div>\r\n\t\t\t\t<\/section>\r\n\t\t\t\t<\/div>\n\t\t","protected":false},"excerpt":{"rendered":"<p>Processus d&rsquo;achat<\/p>\n","protected":false},"author":1,"featured_media":0,"parent":56728,"menu_order":0,"comment_status":"closed","ping_status":"closed","template":"","meta":{"_acf_changed":false,"footnotes":""},"class_list":["post-56730","page","type-page","status-publish","hentry"],"acf":[],"yoast_head":"<!-- This site is optimized with the Yoast SEO plugin v27.3 - https:\/\/yoast.com\/product\/yoast-seo-wordpress\/ -->\n<title>Processus d&#039;achat - Inox Forniture<\/title>\n<meta name=\"robots\" content=\"index, follow, max-snippet:-1, max-image-preview:large, max-video-preview:-1\" \/>\n<link rel=\"canonical\" href=\"https:\/\/www.inoxforniture.it\/fr\/en-savoir-plus\/processus-dachat\/\" \/>\n<meta property=\"og:locale\" content=\"fr_FR\" \/>\n<meta property=\"og:type\" content=\"article\" \/>\n<meta property=\"og:title\" content=\"Processus d&#039;achat - Inox Forniture\" \/>\n<meta property=\"og:description\" content=\"Processus d&#039;achat\" \/>\n<meta property=\"og:url\" content=\"https:\/\/www.inoxforniture.it\/fr\/en-savoir-plus\/processus-dachat\/\" \/>\n<meta property=\"og:site_name\" content=\"Inox Forniture\" \/>\n<meta property=\"article:publisher\" content=\"https:\/\/www.facebook.com\/Inox.Forniture\" \/>\n<meta property=\"article:modified_time\" content=\"2025-12-19T11:11:31+00:00\" \/>\n<meta property=\"og:image\" content=\"https:\/\/www.inoxforniture.it\/wp-content\/uploads\/2024\/11\/Logo-Google-display-600x600-1.jpg\" \/>\n\t<meta property=\"og:image:width\" content=\"1200\" \/>\n\t<meta property=\"og:image:height\" content=\"1200\" \/>\n\t<meta property=\"og:image:type\" content=\"image\/jpeg\" \/>\n<meta name=\"twitter:card\" content=\"summary_large_image\" \/>\n<meta name=\"twitter:site\" content=\"@InoxForniture\" \/>\n<meta name=\"twitter:label1\" content=\"Dur\u00e9e de lecture estim\u00e9e\" \/>\n\t<meta name=\"twitter:data1\" content=\"4 minutes\" \/>\n<script type=\"application\/ld+json\" class=\"yoast-schema-graph\">{\"@context\":\"https:\\\/\\\/schema.org\",\"@graph\":[{\"@type\":\"WebPage\",\"@id\":\"https:\\\/\\\/www.inoxforniture.it\\\/fr\\\/en-savoir-plus\\\/processus-dachat\\\/\",\"url\":\"https:\\\/\\\/www.inoxforniture.it\\\/fr\\\/en-savoir-plus\\\/processus-dachat\\\/\",\"name\":\"Processus d'achat - Inox Forniture\",\"isPartOf\":{\"@id\":\"https:\\\/\\\/www.inoxforniture.it\\\/#website\"},\"datePublished\":\"2014-11-10T11:45:18+00:00\",\"dateModified\":\"2025-12-19T11:11:31+00:00\",\"breadcrumb\":{\"@id\":\"https:\\\/\\\/www.inoxforniture.it\\\/fr\\\/en-savoir-plus\\\/processus-dachat\\\/#breadcrumb\"},\"inLanguage\":\"fr-FR\",\"potentialAction\":[{\"@type\":\"ReadAction\",\"target\":[\"https:\\\/\\\/www.inoxforniture.it\\\/fr\\\/en-savoir-plus\\\/processus-dachat\\\/\"]}]},{\"@type\":\"BreadcrumbList\",\"@id\":\"https:\\\/\\\/www.inoxforniture.it\\\/fr\\\/en-savoir-plus\\\/processus-dachat\\\/#breadcrumb\",\"itemListElement\":[{\"@type\":\"ListItem\",\"position\":1,\"name\":\"Accueil\",\"item\":\"https:\\\/\\\/www.inoxforniture.it\\\/\"},{\"@type\":\"ListItem\",\"position\":2,\"name\":\"En savoir plus\",\"item\":\"https:\\\/\\\/www.inoxforniture.it\\\/fr\\\/en-savoir-plus\\\/\"},{\"@type\":\"ListItem\",\"position\":3,\"name\":\"Processus d&#8217;achat\"}]},{\"@type\":\"WebSite\",\"@id\":\"https:\\\/\\\/www.inoxforniture.it\\\/#website\",\"url\":\"https:\\\/\\\/www.inoxforniture.it\\\/\",\"name\":\"Inox Forniture\",\"description\":\"\",\"publisher\":{\"@id\":\"https:\\\/\\\/www.inoxforniture.it\\\/#organization\"},\"potentialAction\":[{\"@type\":\"SearchAction\",\"target\":{\"@type\":\"EntryPoint\",\"urlTemplate\":\"https:\\\/\\\/www.inoxforniture.it\\\/?s={search_term_string}\"},\"query-input\":{\"@type\":\"PropertyValueSpecification\",\"valueRequired\":true,\"valueName\":\"search_term_string\"}}],\"inLanguage\":\"fr-FR\"},{\"@type\":\"Organization\",\"@id\":\"https:\\\/\\\/www.inoxforniture.it\\\/#organization\",\"name\":\"Inox Forniture srl\",\"url\":\"https:\\\/\\\/www.inoxforniture.it\\\/\",\"logo\":{\"@type\":\"ImageObject\",\"inLanguage\":\"fr-FR\",\"@id\":\"https:\\\/\\\/www.inoxforniture.it\\\/#\\\/schema\\\/logo\\\/image\\\/\",\"url\":\"https:\\\/\\\/www.inoxforniture.it\\\/wp-content\\\/uploads\\\/2021\\\/01\\\/logo_inox.png\",\"contentUrl\":\"https:\\\/\\\/www.inoxforniture.it\\\/wp-content\\\/uploads\\\/2021\\\/01\\\/logo_inox.png\",\"width\":230,\"height\":44,\"caption\":\"Inox Forniture srl\"},\"image\":{\"@id\":\"https:\\\/\\\/www.inoxforniture.it\\\/#\\\/schema\\\/logo\\\/image\\\/\"},\"sameAs\":[\"https:\\\/\\\/www.facebook.com\\\/Inox.Forniture\",\"https:\\\/\\\/x.com\\\/InoxForniture\"]}]}<\/script>\n<!-- \/ Yoast SEO plugin. -->","yoast_head_json":{"title":"Processus d'achat - Inox Forniture","robots":{"index":"index","follow":"follow","max-snippet":"max-snippet:-1","max-image-preview":"max-image-preview:large","max-video-preview":"max-video-preview:-1"},"canonical":"https:\/\/www.inoxforniture.it\/fr\/en-savoir-plus\/processus-dachat\/","og_locale":"fr_FR","og_type":"article","og_title":"Processus d'achat - Inox Forniture","og_description":"Processus d'achat","og_url":"https:\/\/www.inoxforniture.it\/fr\/en-savoir-plus\/processus-dachat\/","og_site_name":"Inox Forniture","article_publisher":"https:\/\/www.facebook.com\/Inox.Forniture","article_modified_time":"2025-12-19T11:11:31+00:00","og_image":[{"width":1200,"height":1200,"url":"https:\/\/www.inoxforniture.it\/wp-content\/uploads\/2024\/11\/Logo-Google-display-600x600-1.jpg","type":"image\/jpeg"}],"twitter_card":"summary_large_image","twitter_site":"@InoxForniture","twitter_misc":{"Dur\u00e9e de lecture estim\u00e9e":"4 minutes"},"schema":{"@context":"https:\/\/schema.org","@graph":[{"@type":"WebPage","@id":"https:\/\/www.inoxforniture.it\/fr\/en-savoir-plus\/processus-dachat\/","url":"https:\/\/www.inoxforniture.it\/fr\/en-savoir-plus\/processus-dachat\/","name":"Processus d'achat - Inox Forniture","isPartOf":{"@id":"https:\/\/www.inoxforniture.it\/#website"},"datePublished":"2014-11-10T11:45:18+00:00","dateModified":"2025-12-19T11:11:31+00:00","breadcrumb":{"@id":"https:\/\/www.inoxforniture.it\/fr\/en-savoir-plus\/processus-dachat\/#breadcrumb"},"inLanguage":"fr-FR","potentialAction":[{"@type":"ReadAction","target":["https:\/\/www.inoxforniture.it\/fr\/en-savoir-plus\/processus-dachat\/"]}]},{"@type":"BreadcrumbList","@id":"https:\/\/www.inoxforniture.it\/fr\/en-savoir-plus\/processus-dachat\/#breadcrumb","itemListElement":[{"@type":"ListItem","position":1,"name":"Accueil","item":"https:\/\/www.inoxforniture.it\/"},{"@type":"ListItem","position":2,"name":"En savoir plus","item":"https:\/\/www.inoxforniture.it\/fr\/en-savoir-plus\/"},{"@type":"ListItem","position":3,"name":"Processus d&#8217;achat"}]},{"@type":"WebSite","@id":"https:\/\/www.inoxforniture.it\/#website","url":"https:\/\/www.inoxforniture.it\/","name":"Inox Forniture","description":"","publisher":{"@id":"https:\/\/www.inoxforniture.it\/#organization"},"potentialAction":[{"@type":"SearchAction","target":{"@type":"EntryPoint","urlTemplate":"https:\/\/www.inoxforniture.it\/?s={search_term_string}"},"query-input":{"@type":"PropertyValueSpecification","valueRequired":true,"valueName":"search_term_string"}}],"inLanguage":"fr-FR"},{"@type":"Organization","@id":"https:\/\/www.inoxforniture.it\/#organization","name":"Inox Forniture srl","url":"https:\/\/www.inoxforniture.it\/","logo":{"@type":"ImageObject","inLanguage":"fr-FR","@id":"https:\/\/www.inoxforniture.it\/#\/schema\/logo\/image\/","url":"https:\/\/www.inoxforniture.it\/wp-content\/uploads\/2021\/01\/logo_inox.png","contentUrl":"https:\/\/www.inoxforniture.it\/wp-content\/uploads\/2021\/01\/logo_inox.png","width":230,"height":44,"caption":"Inox Forniture srl"},"image":{"@id":"https:\/\/www.inoxforniture.it\/#\/schema\/logo\/image\/"},"sameAs":["https:\/\/www.facebook.com\/Inox.Forniture","https:\/\/x.com\/InoxForniture"]}]}},"_links":{"self":[{"href":"https:\/\/www.inoxforniture.it\/fr\/wp-json\/wp\/v2\/pages\/56730","targetHints":{"allow":["GET"]}}],"collection":[{"href":"https:\/\/www.inoxforniture.it\/fr\/wp-json\/wp\/v2\/pages"}],"about":[{"href":"https:\/\/www.inoxforniture.it\/fr\/wp-json\/wp\/v2\/types\/page"}],"author":[{"embeddable":true,"href":"https:\/\/www.inoxforniture.it\/fr\/wp-json\/wp\/v2\/users\/1"}],"replies":[{"embeddable":true,"href":"https:\/\/www.inoxforniture.it\/fr\/wp-json\/wp\/v2\/comments?post=56730"}],"version-history":[{"count":4,"href":"https:\/\/www.inoxforniture.it\/fr\/wp-json\/wp\/v2\/pages\/56730\/revisions"}],"predecessor-version":[{"id":56816,"href":"https:\/\/www.inoxforniture.it\/fr\/wp-json\/wp\/v2\/pages\/56730\/revisions\/56816"}],"up":[{"embeddable":true,"href":"https:\/\/www.inoxforniture.it\/fr\/wp-json\/wp\/v2\/pages\/56728"}],"wp:attachment":[{"href":"https:\/\/www.inoxforniture.it\/fr\/wp-json\/wp\/v2\/media?parent=56730"}],"curies":[{"name":"wp","href":"https:\/\/api.w.org\/{rel}","templated":true}]}}