{"id":56705,"date":"2021-01-28T09:56:03","date_gmt":"2021-01-28T08:56:03","guid":{"rendered":"https:\/\/www.inoxforniture.it\/expeditions\/"},"modified":"2025-12-19T11:21:54","modified_gmt":"2025-12-19T10:21:54","slug":"expeditions","status":"publish","type":"page","link":"https:\/\/www.inoxforniture.it\/fr\/services\/expeditions\/","title":{"rendered":"Exp\u00e9ditions"},"content":{"rendered":"\t\t<div data-elementor-type=\"wp-page\" data-elementor-id=\"56705\" class=\"elementor elementor-56705 elementor-2357\">\n\t\t\t\t\t\t<section class=\"elementor-section elementor-top-section elementor-element elementor-element-c8d2122 elementor-section-boxed elementor-section-height-default elementor-section-height-default\" data-id=\"c8d2122\" data-element_type=\"section\" data-e-type=\"section\">\r\n\t\t\r\n\t\t\t\t\t\t\t<div class=\"elementor-container elementor-column-gap-default\">\r\n\t\t\t\t\t\t\t\t\t\t\t<div class=\"elementor-column elementor-col-100 elementor-top-column elementor-element elementor-element-319e8aa\" data-id=\"319e8aa\" data-element_type=\"column\" data-e-type=\"column\">\r\n\t\t\t\t\t<div class=\"elementor-widget-wrap elementor-element-populated\">\r\n\t\t\t\t\t\t\t\t<div class=\"elementor-element elementor-element-d29a585 elementor-widget elementor-widget-heading\" data-id=\"d29a585\" data-element_type=\"widget\" data-e-type=\"widget\" data-widget_type=\"heading.default\">\n\t\t\t\t<div class=\"elementor-widget-container\">\n\t\t\t\t\t<h1 class=\"elementor-heading-title elementor-size-default\">Exp\u00e9ditions<\/h1>\t\t\t\t<\/div>\n\t\t\t\t<\/div>\n\t\t\t\t<div class=\"elementor-element elementor-element-4ececeb elementor-widget elementor-widget-text-editor\" data-id=\"4ececeb\" data-element_type=\"widget\" data-e-type=\"widget\" data-widget_type=\"text-editor.default\">\n\t\t\t\t<div class=\"elementor-widget-container\">\n\t\t\t\t\t\t\t\t\t<p><b>D\u00c9LAIS DE LIVRAISON<br \/><\/b>Le mat\u00e9riel disponible en stock sera remis au transporteur dans les 24 heures suivant la commande, dans un d\u00e9lai d&rsquo;une semaine si le mat\u00e9riel n&rsquo;est pas disponible ou s&rsquo;il s&rsquo;agit de produits pr\u00e9assembl\u00e9s (mains courantes, poteaux pr\u00eats \u00e0 l&#8217;emploi, garde-corps). Si nous ne sommes pas en mesure de respecter ces d\u00e9lais de livraison, nous communiquerons rapidement les nouveaux d\u00e9lais: s&rsquo;ils ne sont pas accept\u00e9s par le client, nous rembourserons sous 24 heures tout paiement effectu\u00e9 \u00e0 l&rsquo;avance.<\/p><p><b>MODES D&rsquo;EXP\u00c9DITION<br \/><\/b>Le mat\u00e9riel sera exp\u00e9di\u00e9 par transporteur express ou transporteur conventionnel selon le choix du client, \u00e0 pr\u00e9ciser lors de la commande. Pour le mat\u00e9riel d\u00e9passant 3 m\u00e8tres, l&rsquo;exp\u00e9dition par transporteur express n&rsquo;est pas possible.<\/p><p><b>DOMMAGES OU PERTE PENDANT LE TRANSPORT<br \/><\/b>Selon la loi italienne, la marchandise voyage aux risques et \u00e0 la charge de l&rsquo;acheteur. En cas de dommages ou de perte pendant le transport, notre Service Client reste enti\u00e8rement \u00e0 la disposition de l&rsquo;acheteur pour l&rsquo;aider \u00e0 communiquer avec le transporteur et tenter de r\u00e9soudre positivement le probl\u00e8me. Nous vous invitons \u00e0 toujours v\u00e9rifier attentivement, au moment de la livraison, l&rsquo;\u00e9tat d&rsquo;int\u00e9grit\u00e9 de l&#8217;emballage; si vous constatez un colis visiblement alt\u00e9r\u00e9 ou endommag\u00e9, il est conseill\u00e9 d&rsquo;accepter la marchandise avec r\u00e9serve en mentionnant \u00ab\u00a0Accept\u00e9 sous r\u00e9serve de contr\u00f4le pour emballage alt\u00e9r\u00e9\/endommag\u00e9\u00a0\u00bb sur le Bon de Transport.<\/p>\t\t\t\t\t\t\t\t<\/div>\n\t\t\t\t<\/div>\n\t\t\t\t\t<\/div>\r\n\t\t\t\t<\/div>\r\n\t\t\t\t\t<\/div>\r\n\t\t\t\t<\/section>\r\n\t\t\t\t<\/div>\n\t\t","protected":false},"excerpt":{"rendered":"<p>Exp\u00e9ditions D\u00c9LAIS DE LIVRAISONLe mat\u00e9riel disponible en stock sera remis au transporteur dans les 24 heures suivant la commande, dans un d\u00e9lai d&rsquo;une semaine si le mat\u00e9riel n&rsquo;est pas disponible ou s&rsquo;il s&rsquo;agit de produits pr\u00e9assembl\u00e9s (mains courantes, poteaux pr\u00eats \u00e0 l&#8217;emploi, garde-corps). Si nous ne sommes pas en mesure de respecter ces d\u00e9lais de [&hellip;]<\/p>\n","protected":false},"author":1,"featured_media":0,"parent":56756,"menu_order":0,"comment_status":"closed","ping_status":"closed","template":"","meta":{"_acf_changed":false,"footnotes":""},"class_list":["post-56705","page","type-page","status-publish","hentry"],"acf":[],"yoast_head":"<!-- This site is optimized with the Yoast SEO plugin v27.3 - https:\/\/yoast.com\/product\/yoast-seo-wordpress\/ -->\n<title>Exp\u00e9ditions - Inox Forniture<\/title>\n<meta name=\"robots\" content=\"index, follow, max-snippet:-1, max-image-preview:large, max-video-preview:-1\" \/>\n<link rel=\"canonical\" href=\"https:\/\/www.inoxforniture.it\/fr\/services\/expeditions\/\" \/>\n<meta property=\"og:locale\" content=\"fr_FR\" \/>\n<meta property=\"og:type\" content=\"article\" \/>\n<meta property=\"og:title\" content=\"Exp\u00e9ditions - Inox Forniture\" \/>\n<meta property=\"og:description\" content=\"Exp\u00e9ditions D\u00c9LAIS DE LIVRAISONLe mat\u00e9riel disponible en stock sera remis au transporteur dans les 24 heures suivant la commande, dans un d\u00e9lai d&rsquo;une semaine si le mat\u00e9riel n&rsquo;est pas disponible ou s&rsquo;il s&rsquo;agit de produits pr\u00e9assembl\u00e9s (mains courantes, poteaux pr\u00eats \u00e0 l&#8217;emploi, garde-corps). Si nous ne sommes pas en mesure de respecter ces d\u00e9lais de [&hellip;]\" \/>\n<meta property=\"og:url\" content=\"https:\/\/www.inoxforniture.it\/fr\/services\/expeditions\/\" \/>\n<meta property=\"og:site_name\" content=\"Inox Forniture\" \/>\n<meta property=\"article:publisher\" content=\"https:\/\/www.facebook.com\/Inox.Forniture\" \/>\n<meta property=\"article:modified_time\" content=\"2025-12-19T10:21:54+00:00\" \/>\n<meta property=\"og:image\" content=\"https:\/\/www.inoxforniture.it\/wp-content\/uploads\/2024\/11\/Logo-Google-display-600x600-1.jpg\" \/>\n\t<meta property=\"og:image:width\" content=\"1200\" \/>\n\t<meta property=\"og:image:height\" content=\"1200\" \/>\n\t<meta property=\"og:image:type\" content=\"image\/jpeg\" \/>\n<meta name=\"twitter:card\" content=\"summary_large_image\" \/>\n<meta name=\"twitter:site\" content=\"@InoxForniture\" \/>\n<meta name=\"twitter:label1\" content=\"Dur\u00e9e de lecture estim\u00e9e\" \/>\n\t<meta name=\"twitter:data1\" content=\"2 minutes\" \/>\n<script type=\"application\/ld+json\" class=\"yoast-schema-graph\">{\"@context\":\"https:\\\/\\\/schema.org\",\"@graph\":[{\"@type\":\"WebPage\",\"@id\":\"https:\\\/\\\/www.inoxforniture.it\\\/fr\\\/services\\\/expeditions\\\/\",\"url\":\"https:\\\/\\\/www.inoxforniture.it\\\/fr\\\/services\\\/expeditions\\\/\",\"name\":\"Exp\u00e9ditions - Inox Forniture\",\"isPartOf\":{\"@id\":\"https:\\\/\\\/www.inoxforniture.it\\\/#website\"},\"datePublished\":\"2021-01-28T08:56:03+00:00\",\"dateModified\":\"2025-12-19T10:21:54+00:00\",\"breadcrumb\":{\"@id\":\"https:\\\/\\\/www.inoxforniture.it\\\/fr\\\/services\\\/expeditions\\\/#breadcrumb\"},\"inLanguage\":\"fr-FR\",\"potentialAction\":[{\"@type\":\"ReadAction\",\"target\":[\"https:\\\/\\\/www.inoxforniture.it\\\/fr\\\/services\\\/expeditions\\\/\"]}]},{\"@type\":\"BreadcrumbList\",\"@id\":\"https:\\\/\\\/www.inoxforniture.it\\\/fr\\\/services\\\/expeditions\\\/#breadcrumb\",\"itemListElement\":[{\"@type\":\"ListItem\",\"position\":1,\"name\":\"Accueil\",\"item\":\"https:\\\/\\\/www.inoxforniture.it\\\/\"},{\"@type\":\"ListItem\",\"position\":2,\"name\":\"Services\",\"item\":\"https:\\\/\\\/www.inoxforniture.it\\\/fr\\\/services\\\/\"},{\"@type\":\"ListItem\",\"position\":3,\"name\":\"Exp\u00e9ditions\"}]},{\"@type\":\"WebSite\",\"@id\":\"https:\\\/\\\/www.inoxforniture.it\\\/#website\",\"url\":\"https:\\\/\\\/www.inoxforniture.it\\\/\",\"name\":\"Inox Forniture\",\"description\":\"\",\"publisher\":{\"@id\":\"https:\\\/\\\/www.inoxforniture.it\\\/#organization\"},\"potentialAction\":[{\"@type\":\"SearchAction\",\"target\":{\"@type\":\"EntryPoint\",\"urlTemplate\":\"https:\\\/\\\/www.inoxforniture.it\\\/?s={search_term_string}\"},\"query-input\":{\"@type\":\"PropertyValueSpecification\",\"valueRequired\":true,\"valueName\":\"search_term_string\"}}],\"inLanguage\":\"fr-FR\"},{\"@type\":\"Organization\",\"@id\":\"https:\\\/\\\/www.inoxforniture.it\\\/#organization\",\"name\":\"Inox Forniture srl\",\"url\":\"https:\\\/\\\/www.inoxforniture.it\\\/\",\"logo\":{\"@type\":\"ImageObject\",\"inLanguage\":\"fr-FR\",\"@id\":\"https:\\\/\\\/www.inoxforniture.it\\\/#\\\/schema\\\/logo\\\/image\\\/\",\"url\":\"https:\\\/\\\/www.inoxforniture.it\\\/wp-content\\\/uploads\\\/2021\\\/01\\\/logo_inox.png\",\"contentUrl\":\"https:\\\/\\\/www.inoxforniture.it\\\/wp-content\\\/uploads\\\/2021\\\/01\\\/logo_inox.png\",\"width\":230,\"height\":44,\"caption\":\"Inox Forniture srl\"},\"image\":{\"@id\":\"https:\\\/\\\/www.inoxforniture.it\\\/#\\\/schema\\\/logo\\\/image\\\/\"},\"sameAs\":[\"https:\\\/\\\/www.facebook.com\\\/Inox.Forniture\",\"https:\\\/\\\/x.com\\\/InoxForniture\"]}]}<\/script>\n<!-- \/ Yoast SEO plugin. -->","yoast_head_json":{"title":"Exp\u00e9ditions - Inox Forniture","robots":{"index":"index","follow":"follow","max-snippet":"max-snippet:-1","max-image-preview":"max-image-preview:large","max-video-preview":"max-video-preview:-1"},"canonical":"https:\/\/www.inoxforniture.it\/fr\/services\/expeditions\/","og_locale":"fr_FR","og_type":"article","og_title":"Exp\u00e9ditions - Inox Forniture","og_description":"Exp\u00e9ditions D\u00c9LAIS DE LIVRAISONLe mat\u00e9riel disponible en stock sera remis au transporteur dans les 24 heures suivant la commande, dans un d\u00e9lai d&rsquo;une semaine si le mat\u00e9riel n&rsquo;est pas disponible ou s&rsquo;il s&rsquo;agit de produits pr\u00e9assembl\u00e9s (mains courantes, poteaux pr\u00eats \u00e0 l&#8217;emploi, garde-corps). Si nous ne sommes pas en mesure de respecter ces d\u00e9lais de [&hellip;]","og_url":"https:\/\/www.inoxforniture.it\/fr\/services\/expeditions\/","og_site_name":"Inox Forniture","article_publisher":"https:\/\/www.facebook.com\/Inox.Forniture","article_modified_time":"2025-12-19T10:21:54+00:00","og_image":[{"width":1200,"height":1200,"url":"https:\/\/www.inoxforniture.it\/wp-content\/uploads\/2024\/11\/Logo-Google-display-600x600-1.jpg","type":"image\/jpeg"}],"twitter_card":"summary_large_image","twitter_site":"@InoxForniture","twitter_misc":{"Dur\u00e9e de lecture estim\u00e9e":"2 minutes"},"schema":{"@context":"https:\/\/schema.org","@graph":[{"@type":"WebPage","@id":"https:\/\/www.inoxforniture.it\/fr\/services\/expeditions\/","url":"https:\/\/www.inoxforniture.it\/fr\/services\/expeditions\/","name":"Exp\u00e9ditions - Inox Forniture","isPartOf":{"@id":"https:\/\/www.inoxforniture.it\/#website"},"datePublished":"2021-01-28T08:56:03+00:00","dateModified":"2025-12-19T10:21:54+00:00","breadcrumb":{"@id":"https:\/\/www.inoxforniture.it\/fr\/services\/expeditions\/#breadcrumb"},"inLanguage":"fr-FR","potentialAction":[{"@type":"ReadAction","target":["https:\/\/www.inoxforniture.it\/fr\/services\/expeditions\/"]}]},{"@type":"BreadcrumbList","@id":"https:\/\/www.inoxforniture.it\/fr\/services\/expeditions\/#breadcrumb","itemListElement":[{"@type":"ListItem","position":1,"name":"Accueil","item":"https:\/\/www.inoxforniture.it\/"},{"@type":"ListItem","position":2,"name":"Services","item":"https:\/\/www.inoxforniture.it\/fr\/services\/"},{"@type":"ListItem","position":3,"name":"Exp\u00e9ditions"}]},{"@type":"WebSite","@id":"https:\/\/www.inoxforniture.it\/#website","url":"https:\/\/www.inoxforniture.it\/","name":"Inox Forniture","description":"","publisher":{"@id":"https:\/\/www.inoxforniture.it\/#organization"},"potentialAction":[{"@type":"SearchAction","target":{"@type":"EntryPoint","urlTemplate":"https:\/\/www.inoxforniture.it\/?s={search_term_string}"},"query-input":{"@type":"PropertyValueSpecification","valueRequired":true,"valueName":"search_term_string"}}],"inLanguage":"fr-FR"},{"@type":"Organization","@id":"https:\/\/www.inoxforniture.it\/#organization","name":"Inox Forniture srl","url":"https:\/\/www.inoxforniture.it\/","logo":{"@type":"ImageObject","inLanguage":"fr-FR","@id":"https:\/\/www.inoxforniture.it\/#\/schema\/logo\/image\/","url":"https:\/\/www.inoxforniture.it\/wp-content\/uploads\/2021\/01\/logo_inox.png","contentUrl":"https:\/\/www.inoxforniture.it\/wp-content\/uploads\/2021\/01\/logo_inox.png","width":230,"height":44,"caption":"Inox Forniture srl"},"image":{"@id":"https:\/\/www.inoxforniture.it\/#\/schema\/logo\/image\/"},"sameAs":["https:\/\/www.facebook.com\/Inox.Forniture","https:\/\/x.com\/InoxForniture"]}]}},"_links":{"self":[{"href":"https:\/\/www.inoxforniture.it\/fr\/wp-json\/wp\/v2\/pages\/56705","targetHints":{"allow":["GET"]}}],"collection":[{"href":"https:\/\/www.inoxforniture.it\/fr\/wp-json\/wp\/v2\/pages"}],"about":[{"href":"https:\/\/www.inoxforniture.it\/fr\/wp-json\/wp\/v2\/types\/page"}],"author":[{"embeddable":true,"href":"https:\/\/www.inoxforniture.it\/fr\/wp-json\/wp\/v2\/users\/1"}],"replies":[{"embeddable":true,"href":"https:\/\/www.inoxforniture.it\/fr\/wp-json\/wp\/v2\/comments?post=56705"}],"version-history":[{"count":7,"href":"https:\/\/www.inoxforniture.it\/fr\/wp-json\/wp\/v2\/pages\/56705\/revisions"}],"predecessor-version":[{"id":56713,"href":"https:\/\/www.inoxforniture.it\/fr\/wp-json\/wp\/v2\/pages\/56705\/revisions\/56713"}],"up":[{"embeddable":true,"href":"https:\/\/www.inoxforniture.it\/fr\/wp-json\/wp\/v2\/pages\/56756"}],"wp:attachment":[{"href":"https:\/\/www.inoxforniture.it\/fr\/wp-json\/wp\/v2\/media?parent=56705"}],"curies":[{"name":"wp","href":"https:\/\/api.w.org\/{rel}","templated":true}]}}